{"id":1246,"date":"2018-05-24T20:53:15","date_gmt":"2018-05-24T20:53:15","guid":{"rendered":"http:\/\/momentosdenatureza.web.ua.pt\/?page_id=1246"},"modified":"2018-06-09T10:59:34","modified_gmt":"2018-06-09T10:59:34","slug":"2018-gafanhoto","status":"publish","type":"page","link":"https:\/\/momentosdenatureza.web.ua.pt\/index.php\/2018-gafanhoto\/","title":{"rendered":"Gafanhoto"},"content":{"rendered":"<blockquote><p>Este inseto \u00e9 caracterizado por possuir os f\u00e9mures das <a href=\"https:\/\/pt.wikipedia.org\/wiki\/Perna\" target=\"_blank\">patas<\/a> posteriores mais desenvolvidos, o que lhe permite deslocar-se aos saltos. Algumas esp\u00e9cies utilizam a estrat\u00e9gia da camuflagem (que \u00e9 o conjunto de t\u00e9cnicas e m\u00e9todos que permitem a um dado <a href=\"https:\/\/pt.wikipedia.org\/wiki\/Organismo\" target=\"_blank\">organismo<\/a> ou objeto permanecer indistinto do ambiente que o cerca) como forma de se protegerem dos seus predadores e nesta imagem isso \u00e9 bem evidente pois o inseto possui as carater\u00edsticas do meio envolvente para passar despercebido. Contudo, neste caso, o fot\u00f3grafo n\u00e3o se deixou enganar!<\/p><\/blockquote>\n<p>Aldiro Pereira<br \/>\n<a href=\"#\" data-featherlight=\"http:\/\/momentosdenatureza.web.ua.pt\/wp-content\/uploads\/2018\/05\/gafanhoto1.ok_.30x45.jpg\"><br \/>\n<figure id=\"attachment_1129\" aria-describedby=\"caption-attachment-1129\" style=\"width: 300px\" class=\"wp-caption alignleft\"><img loading=\"lazy\" decoding=\"async\" src=\"http:\/\/momentosdenatureza.web.ua.pt\/wp-content\/uploads\/2018\/05\/gafanhoto1.ok_.30x45-300x200.jpg\" alt=\"\" width=\"300\" height=\"200\" class=\"alignnone size-medium wp-image-1228\" srcset=\"https:\/\/momentosdenatureza.web.ua.pt\/wp-content\/uploads\/2018\/05\/gafanhoto1.ok_.30x45-300x200.jpg 300w, https:\/\/momentosdenatureza.web.ua.pt\/wp-content\/uploads\/2018\/05\/gafanhoto1.ok_.30x45-768x512.jpg 768w, https:\/\/momentosdenatureza.web.ua.pt\/wp-content\/uploads\/2018\/05\/gafanhoto1.ok_.30x45-1024x683.jpg 1024w, https:\/\/momentosdenatureza.web.ua.pt\/wp-content\/uploads\/2018\/05\/gafanhoto1.ok_.30x45-405x270.jpg 405w, https:\/\/momentosdenatureza.web.ua.pt\/wp-content\/uploads\/2018\/05\/gafanhoto1.ok_.30x45.jpg 1347w\" sizes=\"auto, (max-width: 300px) 100vw, 300px\" \/><figcaption id=\"caption-attachment-1129\" class=\"wp-caption-text\"><br \/>\nS. Marcos, Albergaria-a-Velha<br \/>1\/160 seg. a f22 \u2013 ISO 200<br \/>Pentax *ist DL<br \/>Pentax 100 mm<br \/>c\/flash<br \/>JUN 2003<\/figcaption><\/figure><br \/>\n<\/a><\/p>\n","protected":false},"excerpt":{"rendered":"<p>Este inseto \u00e9 caracterizado por possuir os f\u00e9mures das patas posteriores mais desenvolvidos, o que lhe permite deslocar-se aos saltos. Algumas esp\u00e9cies utilizam a estrat\u00e9gia [&#8230;]<\/p>\n","protected":false},"author":3,"featured_media":0,"parent":0,"menu_order":0,"comment_status":"closed","ping_status":"closed","template":"","meta":{"footnotes":""},"class_list":["post-1246","page","type-page","status-publish","hentry"],"post_mailing_queue_ids":[],"_links":{"self":[{"href":"https:\/\/momentosdenatureza.web.ua.pt\/index.php\/wp-json\/wp\/v2\/pages\/1246","targetHints":{"allow":["GET"]}}],"collection":[{"href":"https:\/\/momentosdenatureza.web.ua.pt\/index.php\/wp-json\/wp\/v2\/pages"}],"about":[{"href":"https:\/\/momentosdenatureza.web.ua.pt\/index.php\/wp-json\/wp\/v2\/types\/page"}],"author":[{"embeddable":true,"href":"https:\/\/momentosdenatureza.web.ua.pt\/index.php\/wp-json\/wp\/v2\/users\/3"}],"replies":[{"embeddable":true,"href":"https:\/\/momentosdenatureza.web.ua.pt\/index.php\/wp-json\/wp\/v2\/comments?post=1246"}],"version-history":[{"count":9,"href":"https:\/\/momentosdenatureza.web.ua.pt\/index.php\/wp-json\/wp\/v2\/pages\/1246\/revisions"}],"predecessor-version":[{"id":1537,"href":"https:\/\/momentosdenatureza.web.ua.pt\/index.php\/wp-json\/wp\/v2\/pages\/1246\/revisions\/1537"}],"wp:attachment":[{"href":"https:\/\/momentosdenatureza.web.ua.pt\/index.php\/wp-json\/wp\/v2\/media?parent=1246"}],"curies":[{"name":"wp","href":"https:\/\/api.w.org\/{rel}","templated":true}]}}