{"id":1258,"date":"2018-05-24T21:04:23","date_gmt":"2018-05-24T21:04:23","guid":{"rendered":"http:\/\/momentosdenatureza.web.ua.pt\/?page_id=1258"},"modified":"2018-06-09T11:01:00","modified_gmt":"2018-06-09T11:01:00","slug":"2018-formiga-leao","status":"publish","type":"page","link":"https:\/\/momentosdenatureza.web.ua.pt\/index.php\/2018-formiga-leao\/","title":{"rendered":"Formiga-le\u00e3o"},"content":{"rendered":"<blockquote><p>O nome deste inseto deve-se ao facto das suas larvas serem predadores tem\u00edveis, providas de longas mand\u00edbulas, que se enterram no solo e onde constroem galerias onde fazem emboscadas \u00e0s suas presas, maioritariamente formigas. J\u00e1 como adulto, como nesta imagem, este inseto n\u00e3o se assemelha nem um bocadinho com os animais que determinaram o seu nome, muito pelo contr\u00e1rio, mais parece ser uma lib\u00e9lula. Possui antenas filiformes e dois pares de asas, que em repouso, cobrem o corpo. Voa apenas ao anoitecer ou \u00e0 noite.<\/p><\/blockquote>\n<p>Aldiro Pereira<br \/>\n<a href=\"#\" data-featherlight=\"http:\/\/momentosdenatureza.web.ua.pt\/wp-content\/uploads\/2018\/05\/Imgp2640.-30x45.jpg\"><br \/>\n<figure id=\"attachment_1129\" aria-describedby=\"caption-attachment-1129\" style=\"width: 300px\" class=\"wp-caption alignleft\"><img loading=\"lazy\" decoding=\"async\" src=\"http:\/\/momentosdenatureza.web.ua.pt\/wp-content\/uploads\/2018\/05\/Imgp2640.-30x45-300x200.jpg\" alt=\"\" width=\"300\" height=\"200\" class=\"alignnone size-medium wp-image-1240\" srcset=\"https:\/\/momentosdenatureza.web.ua.pt\/wp-content\/uploads\/2018\/05\/Imgp2640.-30x45-300x200.jpg 300w, https:\/\/momentosdenatureza.web.ua.pt\/wp-content\/uploads\/2018\/05\/Imgp2640.-30x45-768x512.jpg 768w, https:\/\/momentosdenatureza.web.ua.pt\/wp-content\/uploads\/2018\/05\/Imgp2640.-30x45-1024x683.jpg 1024w, https:\/\/momentosdenatureza.web.ua.pt\/wp-content\/uploads\/2018\/05\/Imgp2640.-30x45-405x270.jpg 405w\" sizes=\"auto, (max-width: 300px) 100vw, 300px\" \/><figcaption id=\"caption-attachment-1129\" class=\"wp-caption-text\"><br \/>\nQuinta Boavista, \u00cdlhavo <br \/>1\/180 seg. a f22 \u2013 ISO 200<br \/>Pentax *ist DL<br \/>Pentax 100 mm<br \/>c\/flash<br \/>JUN 2006<\/figcaption><\/figure><br \/>\n<\/a><\/p>\n","protected":false},"excerpt":{"rendered":"<p>O nome deste inseto deve-se ao facto das suas larvas serem predadores tem\u00edveis, providas de longas mand\u00edbulas, que se enterram no solo e onde constroem [&#8230;]<\/p>\n","protected":false},"author":3,"featured_media":0,"parent":0,"menu_order":0,"comment_status":"closed","ping_status":"closed","template":"","meta":{"footnotes":""},"class_list":["post-1258","page","type-page","status-publish","hentry"],"post_mailing_queue_ids":[],"_links":{"self":[{"href":"https:\/\/momentosdenatureza.web.ua.pt\/index.php\/wp-json\/wp\/v2\/pages\/1258","targetHints":{"allow":["GET"]}}],"collection":[{"href":"https:\/\/momentosdenatureza.web.ua.pt\/index.php\/wp-json\/wp\/v2\/pages"}],"about":[{"href":"https:\/\/momentosdenatureza.web.ua.pt\/index.php\/wp-json\/wp\/v2\/types\/page"}],"author":[{"embeddable":true,"href":"https:\/\/momentosdenatureza.web.ua.pt\/index.php\/wp-json\/wp\/v2\/users\/3"}],"replies":[{"embeddable":true,"href":"https:\/\/momentosdenatureza.web.ua.pt\/index.php\/wp-json\/wp\/v2\/comments?post=1258"}],"version-history":[{"count":9,"href":"https:\/\/momentosdenatureza.web.ua.pt\/index.php\/wp-json\/wp\/v2\/pages\/1258\/revisions"}],"predecessor-version":[{"id":1543,"href":"https:\/\/momentosdenatureza.web.ua.pt\/index.php\/wp-json\/wp\/v2\/pages\/1258\/revisions\/1543"}],"wp:attachment":[{"href":"https:\/\/momentosdenatureza.web.ua.pt\/index.php\/wp-json\/wp\/v2\/media?parent=1258"}],"curies":[{"name":"wp","href":"https:\/\/api.w.org\/{rel}","templated":true}]}}