{"id":1270,"date":"2018-05-24T21:12:27","date_gmt":"2018-05-24T21:12:27","guid":{"rendered":"http:\/\/momentosdenatureza.web.ua.pt\/?page_id=1270"},"modified":"2018-06-09T11:03:22","modified_gmt":"2018-06-09T11:03:22","slug":"2018-barqueiro-da-agua","status":"publish","type":"page","link":"https:\/\/momentosdenatureza.web.ua.pt\/index.php\/2018-barqueiro-da-agua\/","title":{"rendered":"BARQUEIRO DA \u00c1GUA"},"content":{"rendered":"<blockquote><p>\u00c9 um inseto aqu\u00e1tico (g\u00e9nero notonecta) que evolu\u00ed sob a superf\u00edcie da \u00e1gua e cuja caracter\u00edstica peculiar \u00e9 nadar e descansar de costas sendo esta a posi\u00e7\u00e3o habitual quando os observamos. Outra das carater\u00edsticas desta esp\u00e9cie \u00e9 possuir uma armadura bucal do tipo picador-sugador e em geral s\u00e3o predadores muito agressivos. T\u00eam o \u00faltimo par de patas mais alongado e cheio de pelos, que propulsiona a sua desloca\u00e7\u00e3o, funcionando como remos. O ar que precisam para respirar \u00e9 acumulado junto ao abd\u00f3men e por isso sempre que mergulham necessitam vir \u00e0 superf\u00edcie para recolher mais ar. <\/p><\/blockquote>\n<p>Aldiro Pereira<br \/>\n<a href=\"#\" data-featherlight=\"http:\/\/momentosdenatureza.web.ua.pt\/wp-content\/uploads\/2018\/05\/Imgp0534.30x45.jpg\"><br \/>\n<figure id=\"attachment_1129\" aria-describedby=\"caption-attachment-1129\" style=\"width: 300px\" class=\"wp-caption alignleft\"><img loading=\"lazy\" decoding=\"async\" src=\"http:\/\/momentosdenatureza.web.ua.pt\/wp-content\/uploads\/2018\/05\/Imgp0534.30x45-300x200.jpg\" alt=\"\" width=\"300\" height=\"200\" class=\"alignnone size-medium wp-image-1231\" srcset=\"https:\/\/momentosdenatureza.web.ua.pt\/wp-content\/uploads\/2018\/05\/Imgp0534.30x45-300x200.jpg 300w, https:\/\/momentosdenatureza.web.ua.pt\/wp-content\/uploads\/2018\/05\/Imgp0534.30x45-768x512.jpg 768w, https:\/\/momentosdenatureza.web.ua.pt\/wp-content\/uploads\/2018\/05\/Imgp0534.30x45-1024x683.jpg 1024w, https:\/\/momentosdenatureza.web.ua.pt\/wp-content\/uploads\/2018\/05\/Imgp0534.30x45-405x270.jpg 405w\" sizes=\"auto, (max-width: 300px) 100vw, 300px\" \/><figcaption id=\"caption-attachment-1129\" class=\"wp-caption-text\"><br \/>\nS. Marcos, Albergaria-a-Velha <br \/>1\/90 seg. a f16 \u2013 ISO 200<br \/>Pentax *ist DL<br \/>Pentax 100 mm<br \/>c\/flash<br \/>AGO 2007<\/figcaption><\/figure><br \/>\n<\/a><\/p>\n","protected":false},"excerpt":{"rendered":"<p>\u00c9 um inseto aqu\u00e1tico (g\u00e9nero notonecta) que evolu\u00ed sob a superf\u00edcie da \u00e1gua e cuja caracter\u00edstica peculiar \u00e9 nadar e descansar de costas sendo esta [&#8230;]<\/p>\n","protected":false},"author":3,"featured_media":0,"parent":0,"menu_order":0,"comment_status":"closed","ping_status":"closed","template":"","meta":{"footnotes":""},"class_list":["post-1270","page","type-page","status-publish","hentry"],"post_mailing_queue_ids":[],"_links":{"self":[{"href":"https:\/\/momentosdenatureza.web.ua.pt\/index.php\/wp-json\/wp\/v2\/pages\/1270","targetHints":{"allow":["GET"]}}],"collection":[{"href":"https:\/\/momentosdenatureza.web.ua.pt\/index.php\/wp-json\/wp\/v2\/pages"}],"about":[{"href":"https:\/\/momentosdenatureza.web.ua.pt\/index.php\/wp-json\/wp\/v2\/types\/page"}],"author":[{"embeddable":true,"href":"https:\/\/momentosdenatureza.web.ua.pt\/index.php\/wp-json\/wp\/v2\/users\/3"}],"replies":[{"embeddable":true,"href":"https:\/\/momentosdenatureza.web.ua.pt\/index.php\/wp-json\/wp\/v2\/comments?post=1270"}],"version-history":[{"count":6,"href":"https:\/\/momentosdenatureza.web.ua.pt\/index.php\/wp-json\/wp\/v2\/pages\/1270\/revisions"}],"predecessor-version":[{"id":1546,"href":"https:\/\/momentosdenatureza.web.ua.pt\/index.php\/wp-json\/wp\/v2\/pages\/1270\/revisions\/1546"}],"wp:attachment":[{"href":"https:\/\/momentosdenatureza.web.ua.pt\/index.php\/wp-json\/wp\/v2\/media?parent=1270"}],"curies":[{"name":"wp","href":"https:\/\/api.w.org\/{rel}","templated":true}]}}