{"id":1297,"date":"2018-05-24T21:27:05","date_gmt":"2018-05-24T21:27:05","guid":{"rendered":"http:\/\/momentosdenatureza.web.ua.pt\/?page_id=1297"},"modified":"2018-06-09T11:04:44","modified_gmt":"2018-06-09T11:04:44","slug":"borboleta","status":"publish","type":"page","link":"https:\/\/momentosdenatureza.web.ua.pt\/index.php\/borboleta\/","title":{"rendered":"BORBOLETA"},"content":{"rendered":"<blockquote><p> Na classe dos insetos, a ordem das borboletas constitui um dos grupos mais evolu\u00eddos e ricos em esp\u00e9cies, com cerca de 165 000 esp\u00e9cies identificadas em todo o mundo (cerca de 5 000 na Europa).<\/p>\n<p>Est\u00e3o presentes na grande maioria dos habitats naturais, existindo esp\u00e9cies com adapta\u00e7\u00f5es pr\u00f3prias \u00e0s caracter\u00edsticas de cada habitat, sendo o clima o principal fator que determina a \u00e1rea da sua distribui\u00e7\u00e3o a n\u00edvel global. Uma das caracter\u00edstica comum aos lepid\u00f3pteros \u00e9 o seu aparelho bucal estar modificado numa espirotromba que utilizam para sugar o n\u00e9ctar das plantas, algumas delas, como a desta imagem, poder atingir grandes dimens\u00f5es.<\/p><\/blockquote>\n<p>Aldiro Pereira<\/p>\n<p><a href=\"#\" data-featherlight=\"http:\/\/momentosdenatureza.web.ua.pt\/wp-content\/uploads\/2018\/05\/Imgp2115.30x45.jpg\"><br \/>\n<figure id=\"attachment_1129\" aria-describedby=\"caption-attachment-1129\" style=\"width: 300px\" class=\"wp-caption alignleft\"><img loading=\"lazy\" decoding=\"async\" src=\"http:\/\/momentosdenatureza.web.ua.pt\/wp-content\/uploads\/2018\/05\/Imgp2115.30x45-300x200.jpg\" alt=\"\" width=\"300\" height=\"200\" class=\"alignnone size-medium wp-image-1237\" srcset=\"https:\/\/momentosdenatureza.web.ua.pt\/wp-content\/uploads\/2018\/05\/Imgp2115.30x45-300x200.jpg 300w, https:\/\/momentosdenatureza.web.ua.pt\/wp-content\/uploads\/2018\/05\/Imgp2115.30x45-768x512.jpg 768w, https:\/\/momentosdenatureza.web.ua.pt\/wp-content\/uploads\/2018\/05\/Imgp2115.30x45-1024x683.jpg 1024w, https:\/\/momentosdenatureza.web.ua.pt\/wp-content\/uploads\/2018\/05\/Imgp2115.30x45-405x270.jpg 405w\" sizes=\"auto, (max-width: 300px) 100vw, 300px\" \/><figcaption id=\"caption-attachment-1129\" class=\"wp-caption-text\"><br \/>\nFermentelos, \u00c1gueda<br \/>1\/180 seg. a f19 \u2013 ISO 200<br \/>Pentax *ist DL<br \/>Pentax 100 mm<br \/>c\/flash<br \/>JUN 2006<\/figcaption><\/figure><br \/>\n<\/a><\/p>\n","protected":false},"excerpt":{"rendered":"<p>Na classe dos insetos, a ordem das borboletas constitui um dos grupos mais evolu\u00eddos e ricos em esp\u00e9cies, com cerca de 165 000 esp\u00e9cies identificadas [&#8230;]<\/p>\n","protected":false},"author":3,"featured_media":0,"parent":0,"menu_order":0,"comment_status":"closed","ping_status":"closed","template":"","meta":{"footnotes":""},"class_list":["post-1297","page","type-page","status-publish","hentry"],"post_mailing_queue_ids":[],"_links":{"self":[{"href":"https:\/\/momentosdenatureza.web.ua.pt\/index.php\/wp-json\/wp\/v2\/pages\/1297","targetHints":{"allow":["GET"]}}],"collection":[{"href":"https:\/\/momentosdenatureza.web.ua.pt\/index.php\/wp-json\/wp\/v2\/pages"}],"about":[{"href":"https:\/\/momentosdenatureza.web.ua.pt\/index.php\/wp-json\/wp\/v2\/types\/page"}],"author":[{"embeddable":true,"href":"https:\/\/momentosdenatureza.web.ua.pt\/index.php\/wp-json\/wp\/v2\/users\/3"}],"replies":[{"embeddable":true,"href":"https:\/\/momentosdenatureza.web.ua.pt\/index.php\/wp-json\/wp\/v2\/comments?post=1297"}],"version-history":[{"count":6,"href":"https:\/\/momentosdenatureza.web.ua.pt\/index.php\/wp-json\/wp\/v2\/pages\/1297\/revisions"}],"predecessor-version":[{"id":1552,"href":"https:\/\/momentosdenatureza.web.ua.pt\/index.php\/wp-json\/wp\/v2\/pages\/1297\/revisions\/1552"}],"wp:attachment":[{"href":"https:\/\/momentosdenatureza.web.ua.pt\/index.php\/wp-json\/wp\/v2\/media?parent=1297"}],"curies":[{"name":"wp","href":"https:\/\/api.w.org\/{rel}","templated":true}]}}