{"id":1303,"date":"2018-05-24T21:31:26","date_gmt":"2018-05-24T21:31:26","guid":{"rendered":"http:\/\/momentosdenatureza.web.ua.pt\/?page_id=1303"},"modified":"2018-06-09T11:07:45","modified_gmt":"2018-06-09T11:07:45","slug":"2018-lagarta","status":"publish","type":"page","link":"https:\/\/momentosdenatureza.web.ua.pt\/index.php\/2018-lagarta\/","title":{"rendered":"LAGARTA"},"content":{"rendered":"<blockquote><p>\nQuando crian\u00e7as, muitos de n\u00f3s aprendemos o processo maravilhoso pelo qual passa uma lagarta at\u00e9 se transformar numa borboleta. Normalmente, a hist\u00f3ria come\u00e7a com uma lagarta muito faminta que eclode de um ovo. Nesta fase, a larva (lagarta) alimenta-se intensamente de folhas e vai ficando fica cada vez mais gorda e comprida. Um dia, deixa de comer, fica pendurada num pequeno galho e se transforma numa cris\u00e1lida brilhante. Dentro dessa c\u00e1psula protetora, a lagarta transforma radicalmente o seu corpo e depois de algum tempo emerge um organismo totalmente diferente.<br \/>\nContudo, n\u00e3o \u00e9 isso que vai acontecer com esta lagarta. Esta vai-se transformar naquilo a que chamamos vulgarmente de mosca-serra, se bem que n\u00e3o se trate de uma verdadeira mosca mas sim de uma vespa. Quem diria?\u00b4\n<\/p><\/blockquote>\n<p>Aldiro Pereira<br \/>\n<a href=\"#\" data-featherlight=\"http:\/\/momentosdenatureza.web.ua.pt\/wp-content\/uploads\/2018\/05\/Imgp9461.-30x45.jpg\"><br \/>\n<figure id=\"attachment_1129\" aria-describedby=\"caption-attachment-1129\" style=\"width: 300px\" class=\"wp-caption alignleft\"><img loading=\"lazy\" decoding=\"async\" src=\"http:\/\/momentosdenatureza.web.ua.pt\/wp-content\/uploads\/2018\/05\/Imgp9461.-30x45-300x200.jpg\" alt=\"\" width=\"300\" height=\"200\" class=\"alignnone size-medium wp-image-1243\" srcset=\"https:\/\/momentosdenatureza.web.ua.pt\/wp-content\/uploads\/2018\/05\/Imgp9461.-30x45-300x200.jpg 300w, https:\/\/momentosdenatureza.web.ua.pt\/wp-content\/uploads\/2018\/05\/Imgp9461.-30x45-768x512.jpg 768w, https:\/\/momentosdenatureza.web.ua.pt\/wp-content\/uploads\/2018\/05\/Imgp9461.-30x45-1024x683.jpg 1024w, https:\/\/momentosdenatureza.web.ua.pt\/wp-content\/uploads\/2018\/05\/Imgp9461.-30x45-405x270.jpg 405w\" sizes=\"auto, (max-width: 300px) 100vw, 300px\" \/><figcaption id=\"caption-attachment-1129\" class=\"wp-caption-text\"><br \/>\nSalreu, Estarreja <br \/>1\/180 seg. a f32 \u2013 ISO 200<br \/>Pentax *ist DL<br \/>Pentax 100 mm<br \/>c\/flash<br \/>ABR 2007<\/figcaption><\/figure><br \/>\n<\/a><\/p>\n","protected":false},"excerpt":{"rendered":"<p>Quando crian\u00e7as, muitos de n\u00f3s aprendemos o processo maravilhoso pelo qual passa uma lagarta at\u00e9 se transformar numa borboleta. Normalmente, a hist\u00f3ria come\u00e7a com uma [&#8230;]<\/p>\n","protected":false},"author":3,"featured_media":0,"parent":0,"menu_order":0,"comment_status":"closed","ping_status":"closed","template":"","meta":{"footnotes":""},"class_list":["post-1303","page","type-page","status-publish","hentry"],"post_mailing_queue_ids":[],"_links":{"self":[{"href":"https:\/\/momentosdenatureza.web.ua.pt\/index.php\/wp-json\/wp\/v2\/pages\/1303","targetHints":{"allow":["GET"]}}],"collection":[{"href":"https:\/\/momentosdenatureza.web.ua.pt\/index.php\/wp-json\/wp\/v2\/pages"}],"about":[{"href":"https:\/\/momentosdenatureza.web.ua.pt\/index.php\/wp-json\/wp\/v2\/types\/page"}],"author":[{"embeddable":true,"href":"https:\/\/momentosdenatureza.web.ua.pt\/index.php\/wp-json\/wp\/v2\/users\/3"}],"replies":[{"embeddable":true,"href":"https:\/\/momentosdenatureza.web.ua.pt\/index.php\/wp-json\/wp\/v2\/comments?post=1303"}],"version-history":[{"count":8,"href":"https:\/\/momentosdenatureza.web.ua.pt\/index.php\/wp-json\/wp\/v2\/pages\/1303\/revisions"}],"predecessor-version":[{"id":1567,"href":"https:\/\/momentosdenatureza.web.ua.pt\/index.php\/wp-json\/wp\/v2\/pages\/1303\/revisions\/1567"}],"wp:attachment":[{"href":"https:\/\/momentosdenatureza.web.ua.pt\/index.php\/wp-json\/wp\/v2\/media?parent=1303"}],"curies":[{"name":"wp","href":"https:\/\/api.w.org\/{rel}","templated":true}]}}