{"id":1504,"date":"2018-05-29T22:01:29","date_gmt":"2018-05-29T22:01:29","guid":{"rendered":"http:\/\/momentosdenatureza.web.ua.pt\/?page_id=1504"},"modified":"2018-05-29T22:06:20","modified_gmt":"2018-05-29T22:06:20","slug":"joao-quintela-2018","status":"publish","type":"page","link":"https:\/\/momentosdenatureza.web.ua.pt\/index.php\/joao-quintela-2018\/","title":{"rendered":"Jo\u00e3o Quintela &#8211; 2018"},"content":{"rendered":"<p><b>Jo\u00e3o Quintela<\/b> <br \/>\nNasci em Lisboa em mar\u00e7o de 1969. <br \/>\nDesde muito novo me interessei pela fotografia, com especial incid\u00eancia na Fotografia de Natureza. <br \/>\nFrequentei a escola AR. CO em 1994\/5 onde frequentei o Curso de Fotografia \u2013 apenas terminei a fase de inicia\u00e7\u00e3o. <br \/>\nDesde h\u00e1 bastante tempo que me tenho dedicado em exclusivo \u00e0 fotografia de paisagem, quer na sua vertente \u201ctradicional\u201d, ampla, quer numa vis\u00e3o mais minimalista, intimista. <\/p>\n<p><a href=\"http:\/\/www.facebook.com\/joaoquintelafotografia\" target=\"_blanc\">www.facebook.com\/joaoquintelafotografia <\/a><br \/>\n<br \/>\n<a href=\"https:\/\/joaoquintela.wixsite.com\/fotografia\" target=\"_blanc\">https:\/\/joaoquintela.wixsite.com\/fotografia <\/a>\n<\/p>\n<hr\\>\n<div style=\"width:40%;padding:0 10px 0 0;float:left;\">\n<a href=\"http:\/\/momentosdenatureza.web.ua.pt\/index.php\/pateira-de-requeixo5\/\" target=\"_blank\"><br \/>\n<img loading=\"lazy\" decoding=\"async\" src=\"http:\/\/momentosdenatureza.web.ua.pt\/wp-content\/uploads\/2018\/05\/Pateira-de-Requeixo5-225x300.jpg\" alt=\"\" width=\"225\" height=\"300\" class=\"alignnone size-medium wp-image-1435\" srcset=\"https:\/\/momentosdenatureza.web.ua.pt\/wp-content\/uploads\/2018\/05\/Pateira-de-Requeixo5-225x300.jpg 225w, https:\/\/momentosdenatureza.web.ua.pt\/wp-content\/uploads\/2018\/05\/Pateira-de-Requeixo5-768x1024.jpg 768w, https:\/\/momentosdenatureza.web.ua.pt\/wp-content\/uploads\/2018\/05\/Pateira-de-Requeixo5-203x270.jpg 203w, https:\/\/momentosdenatureza.web.ua.pt\/wp-content\/uploads\/2018\/05\/Pateira-de-Requeixo5.jpg 1350w\" sizes=\"auto, (max-width: 225px) 100vw, 225px\" \/><\/a>\n<\/div>\n<div style=\"width:40%;padding:0 10px 0 0;float:right;\">\n<a href=\"http:\/\/momentosdenatureza.web.ua.pt\/index.php\/aproximacao-da-tempestade\/\" target=\"_blank\"><br \/>\n<img loading=\"lazy\" decoding=\"async\" src=\"http:\/\/momentosdenatureza.web.ua.pt\/wp-content\/uploads\/2018\/05\/Aproxima\u00e7\u00e3o-da-Tempestade-226x300.jpg\" alt=\"\" width=\"226\" height=\"300\" class=\"alignnone size-medium wp-image-1423\" srcset=\"https:\/\/momentosdenatureza.web.ua.pt\/wp-content\/uploads\/2018\/05\/Aproxima\u00e7\u00e3o-da-Tempestade-226x300.jpg 226w, https:\/\/momentosdenatureza.web.ua.pt\/wp-content\/uploads\/2018\/05\/Aproxima\u00e7\u00e3o-da-Tempestade-768x1019.jpg 768w, https:\/\/momentosdenatureza.web.ua.pt\/wp-content\/uploads\/2018\/05\/Aproxima\u00e7\u00e3o-da-Tempestade-771x1024.jpg 771w, https:\/\/momentosdenatureza.web.ua.pt\/wp-content\/uploads\/2018\/05\/Aproxima\u00e7\u00e3o-da-Tempestade-203x270.jpg 203w, https:\/\/momentosdenatureza.web.ua.pt\/wp-content\/uploads\/2018\/05\/Aproxima\u00e7\u00e3o-da-Tempestade.jpg 1356w\" sizes=\"auto, (max-width: 226px) 100vw, 226px\" \/><\/a>\n<\/div>\n<div style=\"clear:both;\"><\/div>\n<div style=\"width:40%;padding:0 10px 0 0;float:left;\">\n<a href=\"http:\/\/momentosdenatureza.web.ua.pt\/index.php\/de-simetrias\/\" target=\"_blank\"><br \/>\n<img loading=\"lazy\" decoding=\"async\" src=\"http:\/\/momentosdenatureza.web.ua.pt\/wp-content\/uploads\/2018\/05\/de...simetrias-225x300.jpg\" alt=\"\" width=\"225\" height=\"300\" class=\"alignnone size-medium wp-image-1432\" srcset=\"https:\/\/momentosdenatureza.web.ua.pt\/wp-content\/uploads\/2018\/05\/de...simetrias-225x300.jpg 225w, https:\/\/momentosdenatureza.web.ua.pt\/wp-content\/uploads\/2018\/05\/de...simetrias-768x1024.jpg 768w, https:\/\/momentosdenatureza.web.ua.pt\/wp-content\/uploads\/2018\/05\/de...simetrias-203x270.jpg 203w, https:\/\/momentosdenatureza.web.ua.pt\/wp-content\/uploads\/2018\/05\/de...simetrias.jpg 1350w\" sizes=\"auto, (max-width: 225px) 100vw, 225px\" \/><br \/>\n<\/a>\n<\/div>\n<div style=\"width:40%;padding:0 10px 0 0;float:right;\">\n<a href=\"http:\/\/momentosdenatureza.web.ua.pt\/index.php\/ponto-de-fuga\/\" target=\"_blank\"><br \/>\n<img loading=\"lazy\" decoding=\"async\" src=\"http:\/\/momentosdenatureza.web.ua.pt\/wp-content\/uploads\/2018\/05\/Ponto-de-Fuga-225x300.jpg\" alt=\"\" width=\"225\" height=\"300\" class=\"alignnone size-medium wp-image-1438\" srcset=\"https:\/\/momentosdenatureza.web.ua.pt\/wp-content\/uploads\/2018\/05\/Ponto-de-Fuga-225x300.jpg 225w, https:\/\/momentosdenatureza.web.ua.pt\/wp-content\/uploads\/2018\/05\/Ponto-de-Fuga-768x1024.jpg 768w, https:\/\/momentosdenatureza.web.ua.pt\/wp-content\/uploads\/2018\/05\/Ponto-de-Fuga-203x270.jpg 203w, https:\/\/momentosdenatureza.web.ua.pt\/wp-content\/uploads\/2018\/05\/Ponto-de-Fuga.jpg 1350w\" sizes=\"auto, (max-width: 225px) 100vw, 225px\" \/><\/a>\n<\/div>\n<div style=\"clear:both;\"><\/div>\n<div style=\"width:40%;padding:0 10px 0 0;float:left;\">\n<a href=\"http:\/\/momentosdenatureza.web.ua.pt\/index.php\/corvo-marinho-ao-amanhecer\/\" target=\"_blank\"><br \/>\n<img loading=\"lazy\" decoding=\"async\" src=\"http:\/\/momentosdenatureza.web.ua.pt\/wp-content\/uploads\/2018\/05\/Corvo-marinho-ao-amanhecer-300x225.jpg\" alt=\"\" width=\"300\" height=\"225\" class=\"alignnone size-medium wp-image-1429\" srcset=\"https:\/\/momentosdenatureza.web.ua.pt\/wp-content\/uploads\/2018\/05\/Corvo-marinho-ao-amanhecer-300x225.jpg 300w, https:\/\/momentosdenatureza.web.ua.pt\/wp-content\/uploads\/2018\/05\/Corvo-marinho-ao-amanhecer-768x576.jpg 768w, https:\/\/momentosdenatureza.web.ua.pt\/wp-content\/uploads\/2018\/05\/Corvo-marinho-ao-amanhecer-1024x768.jpg 1024w, https:\/\/momentosdenatureza.web.ua.pt\/wp-content\/uploads\/2018\/05\/Corvo-marinho-ao-amanhecer-360x270.jpg 360w, https:\/\/momentosdenatureza.web.ua.pt\/wp-content\/uploads\/2018\/05\/Corvo-marinho-ao-amanhecer.jpg 1800w\" sizes=\"auto, (max-width: 300px) 100vw, 300px\" \/><\/a>\n<\/div>\n<div style=\"width:40%;padding:0 10px 0 0;float:right;\">\n<a href=\"http:\/\/momentosdenatureza.web.ua.pt\/index.php\/carvalho-e-betulas-na-nevoa\/\" target=\"_blank\"><br \/>\n<img loading=\"lazy\" decoding=\"async\" src=\"http:\/\/momentosdenatureza.web.ua.pt\/wp-content\/uploads\/2018\/05\/Carvalho-e-Betulas-na-n\u00e9voa-300x225.jpg\" alt=\"\" width=\"300\" height=\"225\" class=\"alignnone size-medium wp-image-1426\" srcset=\"https:\/\/momentosdenatureza.web.ua.pt\/wp-content\/uploads\/2018\/05\/Carvalho-e-Betulas-na-n\u00e9voa-300x225.jpg 300w, https:\/\/momentosdenatureza.web.ua.pt\/wp-content\/uploads\/2018\/05\/Carvalho-e-Betulas-na-n\u00e9voa-768x576.jpg 768w, https:\/\/momentosdenatureza.web.ua.pt\/wp-content\/uploads\/2018\/05\/Carvalho-e-Betulas-na-n\u00e9voa-1024x768.jpg 1024w, https:\/\/momentosdenatureza.web.ua.pt\/wp-content\/uploads\/2018\/05\/Carvalho-e-Betulas-na-n\u00e9voa-360x270.jpg 360w, https:\/\/momentosdenatureza.web.ua.pt\/wp-content\/uploads\/2018\/05\/Carvalho-e-Betulas-na-n\u00e9voa.jpg 1800w\" sizes=\"auto, (max-width: 300px) 100vw, 300px\" \/><\/a>\n<\/div>\n<div style=\"clear:both;\"><\/div>\n","protected":false},"excerpt":{"rendered":"<p>Jo\u00e3o Quintela Nasci em Lisboa em mar\u00e7o de 1969. Desde muito novo me interessei pela fotografia, com especial incid\u00eancia na Fotografia de Natureza. Frequentei a [&#8230;]<\/p>\n","protected":false},"author":3,"featured_media":0,"parent":0,"menu_order":0,"comment_status":"closed","ping_status":"closed","template":"","meta":{"footnotes":""},"class_list":["post-1504","page","type-page","status-publish","hentry"],"post_mailing_queue_ids":[],"_links":{"self":[{"href":"https:\/\/momentosdenatureza.web.ua.pt\/index.php\/wp-json\/wp\/v2\/pages\/1504","targetHints":{"allow":["GET"]}}],"collection":[{"href":"https:\/\/momentosdenatureza.web.ua.pt\/index.php\/wp-json\/wp\/v2\/pages"}],"about":[{"href":"https:\/\/momentosdenatureza.web.ua.pt\/index.php\/wp-json\/wp\/v2\/types\/page"}],"author":[{"embeddable":true,"href":"https:\/\/momentosdenatureza.web.ua.pt\/index.php\/wp-json\/wp\/v2\/users\/3"}],"replies":[{"embeddable":true,"href":"https:\/\/momentosdenatureza.web.ua.pt\/index.php\/wp-json\/wp\/v2\/comments?post=1504"}],"version-history":[{"count":4,"href":"https:\/\/momentosdenatureza.web.ua.pt\/index.php\/wp-json\/wp\/v2\/pages\/1504\/revisions"}],"predecessor-version":[{"id":1519,"href":"https:\/\/momentosdenatureza.web.ua.pt\/index.php\/wp-json\/wp\/v2\/pages\/1504\/revisions\/1519"}],"wp:attachment":[{"href":"https:\/\/momentosdenatureza.web.ua.pt\/index.php\/wp-json\/wp\/v2\/media?parent=1504"}],"curies":[{"name":"wp","href":"https:\/\/api.w.org\/{rel}","templated":true}]}}