{"id":153,"date":"2018-03-12T11:47:04","date_gmt":"2018-03-12T11:47:04","guid":{"rendered":"http:\/\/momentosdenatureza.web.ua.pt\/?page_id=153"},"modified":"2025-06-28T23:06:32","modified_gmt":"2025-06-28T23:06:32","slug":"perfil-biografico","status":"publish","type":"page","link":"https:\/\/momentosdenatureza.web.ua.pt\/index.php\/momentos-de-natureza\/perfil-biografico\/","title":{"rendered":"biografias"},"content":{"rendered":"<hr \/>\n<p><span style=\"margin: 0px; line-height: 107%; font-size: 12pt; font-family: 'Gill Sans', 'Gill Sans MT', Calibri, 'Trebuchet MS', sans-serif; font-weight: 500; ;text-transform: uppercase;\"><strong>Jo\u00e3o Quintela<\/strong><\/span><\/p>\n<p><span style=\"margin: 0px; line-height: 107%; font-size: 12pt;\">Nasci em Lisboa em mar\u00e7o de 1969.<br \/>\nDesde muito novo me interessei pela fotografia, com especial incid\u00eancia na Fotografia de Natureza.<br \/>\nFrequentei a escola AR. CO em 1994\/5 onde frequentei o Curso de Fotografia \u2013 apenas terminei a fase de inicia\u00e7\u00e3o.<br \/>\nDesde h\u00e1 bastante tempo que me tenho dedicado em exclusivo \u00e0 fotografia de paisagem, quer na sua vertente \u201ctradicional\u201d, ampla, quer numa vis\u00e3o mais minimalista, intimista.<br \/>\n<a href=\"https:\/\/www.facebook.com\/joaoquintelafotografia\" target=\"_blank\" rel=\"noopener\">www.facebook.com\/joaoquintelafotografia<\/a><br \/>\n<a href=\"https:\/\/joaoquintela.wixsite.com\/fotografia\" target=\"_blank\" rel=\"noopener\">https:\/\/joaoquintela.wixsite.com\/fotografia<\/a><br \/>\n<\/span><\/p>\n<hr \/>\n<p><span style=\"margin: 0px; line-height: 107%; font-size: 12pt; font-family: 'Gill Sans', 'Gill Sans MT', Calibri, 'Trebuchet MS', sans-serif; font-weight: 500; ;text-transform: uppercase;\"><strong>H\u00e9lder Bernardo<\/strong><\/span><\/p>\n<p><span style=\"margin: 0px; line-height: 107%; font-size: 12pt;\">Desde cedo usei todas as vertentes gr\u00e1ficas para a constru\u00e7\u00e3o de imagens, para a constru\u00e7\u00e3o de hist\u00f3rias em imagens. Mas s\u00f3 com o advento da fotografia digital me envolvi na experimenta\u00e7\u00e3o de fotografar pan\u00f3plias abrangentes de cen\u00e1rios, contando hist\u00f3rias nas suas imagens, t\u00e3o vivas quanto paradas.<br \/>\nFotografar aquilo que n\u00e3o se v\u00ea, mas que no fim do processo transparece claramente como a ess\u00eancia do momento, a alma da cena, uma energia que prende \u00e0 imagem. Em cada foto uma hist\u00f3ria, em cada observador uma vis\u00e3o diferente, um enredo que se desenrola na observa\u00e7\u00e3o de cada detalhe da imagem. \u00c9 dif\u00edcil, mas o impacto da foto \u00e9 tanto maior quanto a hist\u00f3ria que ela encerra para cada um.<br \/>\nNesta busca emocional e de energia, criei o meu pr\u00f3prio est\u00fadio de fotografia onde exploro muitas vertentes fotogr\u00e1ficas, focando essencialmente no universo feminino. \u00c9 essa energia que capto em todas os tipos de fotografia que fa\u00e7o profissionalmente.<br \/>\nFormei-me na UA em Eng. Electr\u00f3nica e Telecomunica\u00e7\u00f5es e levo agora, o hobbie da fotografia muito a s\u00e9rio, fazendo daquilo que mais gosto um meio de contar aos outros hist\u00f3rias ilustradas, que se vivem, que se sentem.<br \/>\nA fotografia \u00e9 antes de tudo, um testemunho. Quando se aponta a c\u00e2mara a para algum objecto ou sujeito, contr\u00f3i-se um significado, faz-se uma escolha, seleciona-se um tema e conta-se uma hist\u00f3ria. Deixo agora aos espectadores o imenso desafio de l\u00ea-las.<br \/>\n<a href=\"http:\/\/www.helderbernardo.com\" target=\"_blank\" rel=\"noopener\">www.helderbernardo.com<\/a><br \/>\n<\/span><\/p>\n<hr \/>\n<p><span style=\"margin: 0px; line-height: 107%; font-size: 12pt; font-family: 'Gill Sans', 'Gill Sans MT', Calibri, 'Trebuchet MS', sans-serif; font-weight: 500; ;text-transform: uppercase;\"><strong>Pedro G. Prata<\/strong><\/span><\/p>\n<p><span style=\"margin: 0px; line-height: 107%; font-size: 12pt;\">Cresci em Seia, e desde bem jovem, v\u00e1rias paisagens serranas ficaram gravadas na minha mente. Algumas delas alegravam-me o olhar quando as avistava apenas da janela de tr\u00e1s do carro dos meus pais.<br \/>\nCom o passar dos anos, o apre\u00e7o e fasc\u00ednio pela beleza da cria\u00e7\u00e3o foi aumentando. J\u00e1 como funcion\u00e1rio da Universidade de Aveiro, a minha primeira m\u00e1quina fotogr\u00e1fica permitiu-me registar em filme o que anteriormente ficava apenas na minha mente.<br \/>\nQuer os pequenos detalhes da natureza, quer as paisagens mais arrebatadoras, ajudam-me a entender a sabedoria e o poder que est\u00e3o \u00e0 frente dos meus olhos. No fundo, eu apenas registo estes breves momentos.<br \/>\n<\/span><\/p>\n<hr \/>\n<p><span style=\"margin: 0px; line-height: 107%; font-size: 12pt; font-family: 'Gill Sans', 'Gill Sans MT', Calibri, 'Trebuchet MS', sans-serif; font-weight: 500; ;text-transform: uppercase;\"><strong>T\u00f3 Vieira<\/strong><\/span><\/p>\n<p><span style=\"margin: 0px; line-height: 107%; font-size: 12pt;\">Nasci em abril de 1957, em Oliveirinha, Aveiro. Licenciei-me em Engenharia Electr\u00f3nica e Telecomunica\u00e7\u00f5es pela Universidade de Aveiro, mas foi na fotografia que encontrei uma das minhas maiores paix\u00f5es.<br \/>\nDesde 2009, tenho-me dedicado com mais intensidade a esta arte, embora sempre como uma ocupa\u00e7\u00e3o de tempos livres. A fotografia acompanha-me diariamente \u2014 a m\u00e1quina est\u00e1 quase sempre por perto, pronta a captar momentos \u00fanicos e imagens que contam hist\u00f3rias.<br \/>\nA minha abordagem fotogr\u00e1fica \u00e9 ampla, mas a natureza \u00e9 o fio condutor do meu trabalho. As minhas imagens refletem o meu olhar sobre as paisagens que percorro, os pequenos animais e plantas no seu habitat natural, e os detalhes que muitas vezes passam despercebidos.<br \/>\nAo longo dos anos, recebi cerca de uma dezena de distin\u00e7\u00f5es em concursos de fotografia de natureza. No entanto, continuo a trilhar este caminho com esp\u00edrito de descoberta, explorando novas t\u00e9cnicas e formas de ver o mundo.<\/span><\/p>\n<p><a href=\"http:\/\/www.tovieira.com\" target=\"_blank\" rel=\"noopener\">http:\/\/www.tovieira.com<\/a><\/p>\n<hr \/>\n<p><span style=\"margin: 0px; line-height: 107%; font-size: 12pt; font-family: 'Gill Sans', 'Gill Sans MT', Calibri, 'Trebuchet MS', sans-serif; font-weight: 500; ;text-transform: uppercase;\"><strong>Aldiro Pereira<\/strong><\/span><\/p>\n<p><span style=\"margin: 0px; line-height: 107%; font-size: 12pt;\">Comecei desde muito jovem, tal como muitos de n\u00f3s, a fotografar de\u00a0 tudo um pouco. Naturalmente que as fotos de cenas familiares e paisagem eram as mais privilegiadas. As cr\u00edticas j\u00e1 nessa altura eram encorajadoras do tipo, afinal n\u00e3o cortastes nada, afinal tens algum jeito. \u00c9 claro que esses coment\u00e1rios ao longo dos tempos contribu\u00edram, de algum modo, para me influenciar a investir um pouco mais em termos de equipamento e acabaram tamb\u00e9m por me incutir ainda mais o gosto pela fotografia.<br \/>\nDesde ent\u00e3o nunca mais parei de tentar aprender e a aperfei\u00e7oar a arte de carregar no bot\u00e3o.<br \/>\nActualmente, os motivos que procuro para as minhas fotografias, est\u00e3o bem definidos, e admito que foram influenciados pela \u00e1rea profissional que exer\u00e7o no Departamento de Biologia da Universidade de Aveiro.<br \/>\nDe facto, foi aqui neste Departamento que fiquei, por assim dizer, cativado pelos motivos que a natureza nos oferece, especialmente fotografia de pormenor (macro) que nunca mais parei de fazer at\u00e9 hoje. Fa\u00e7o-o essencialmente como hobby porque \u00e9 um tipo de fotografia que me fascina e que me consegue fazer andar por esses campos horas a fio&#8230; a p\u00e9 (o que normalmente n\u00e3o \u00e9 f\u00e1cil), e n\u00e3o raras vezes me faz perder a no\u00e7\u00e3o do tempo a passar (a minha fam\u00edlia \u00e9 disso testemunha). Todo este &#8220;sacrif\u00edcio&#8221;, sempre na esperan\u00e7a de poder retratar os motivos mais variados e as situa\u00e7\u00f5es mais desconcertantes.<br \/>\nMuitos deles s\u00e3o daqueles que quase ningu\u00e9m d\u00e1 conta.<br \/>\nE \u00e9 esse um dos meus grandes objectivos, ou seja, mostrar aquilo que poucos de n\u00f3s consegue ver e tentar explicar de uma forma que todos percebam.<br \/>\nNaturalmente que n\u00e3o tenho a m\u00ednima inten\u00e7\u00e3o de querer \u201cimpor\u201d imagens de grandes atributos cient\u00edficos e muito menos art\u00edsticos, a op\u00e7\u00e3o \u00e9 mostrar algumas imagens que podem ser agrad\u00e1veis aos\u00a0nossos olhos, tendo apenas como pretens\u00e3o tentar uma sensibiliza\u00e7\u00e3o colectiva para &#8220;um olhar mais atento&#8221; ao meio ambiente que nos rodeia, talvez, com uma outra atitude. Quem sabe, talvez com a\u00a0 pretens\u00e3o de poder contribuir para alterar a nossa posi\u00e7\u00e3o face ao delicado equil\u00edbrio que nos rodeia, e sobretudo, para que palavras como protec\u00e7\u00e3o e preserva\u00e7\u00e3o n\u00e3o continuem a ser apenas palavras.<br \/>\nQuem sabe&#8230;<\/span><\/p>\n<p><em>Equipamento<\/em><br \/>\nPentax, objectivas fixas 100mm macro, tubos de extens\u00e3o, flash e, naturalmente, muita paci\u00eancia.<\/p>\n<p><em>Exposi\u00e7\u00f4es (todas individuais)<\/em>:<\/p>\n<ul>\n<li>Viseu (PIAGET)<\/li>\n<li>Aveiro (Departamento de Biologia da Univ. Aveiro)<\/li>\n<li>Aveiro (Escola Secund\u00e1ria de Aveiro, no 1)<\/li>\n<li>Pombal (Sala de Exposi\u00e7\u00f5es da C\u00e2mara Municipal de Pombal<\/li>\n<li>Aveiro (Biblioteca da Universidade de Aveiro)<\/li>\n<li>\u00c9vora (Universidade de \u00c9vora)<\/li>\n<li>Exposi\u00e7\u00e3o fotogr\u00e1fica itinerante que percorreu diversas Escolas do Pa\u00eds a t\u00edtulo de &#8220;empr\u00e9stimo&#8221; por interm\u00e9dio de professores.<\/li>\n<\/ul>\n<p>&nbsp;<\/p>\n","protected":false},"excerpt":{"rendered":"<p>Jo\u00e3o Quintela Nasci em Lisboa em mar\u00e7o de 1969. Desde muito novo me interessei pela fotografia, com especial incid\u00eancia na Fotografia de Natureza. Frequentei a [&#8230;]<\/p>\n","protected":false},"author":3,"featured_media":0,"parent":261,"menu_order":2,"comment_status":"closed","ping_status":"closed","template":"","meta":{"footnotes":""},"class_list":["post-153","page","type-page","status-publish","hentry"],"post_mailing_queue_ids":[],"_links":{"self":[{"href":"https:\/\/momentosdenatureza.web.ua.pt\/index.php\/wp-json\/wp\/v2\/pages\/153","targetHints":{"allow":["GET"]}}],"collection":[{"href":"https:\/\/momentosdenatureza.web.ua.pt\/index.php\/wp-json\/wp\/v2\/pages"}],"about":[{"href":"https:\/\/momentosdenatureza.web.ua.pt\/index.php\/wp-json\/wp\/v2\/types\/page"}],"author":[{"embeddable":true,"href":"https:\/\/momentosdenatureza.web.ua.pt\/index.php\/wp-json\/wp\/v2\/users\/3"}],"replies":[{"embeddable":true,"href":"https:\/\/momentosdenatureza.web.ua.pt\/index.php\/wp-json\/wp\/v2\/comments?post=153"}],"version-history":[{"count":36,"href":"https:\/\/momentosdenatureza.web.ua.pt\/index.php\/wp-json\/wp\/v2\/pages\/153\/revisions"}],"predecessor-version":[{"id":6097,"href":"https:\/\/momentosdenatureza.web.ua.pt\/index.php\/wp-json\/wp\/v2\/pages\/153\/revisions\/6097"}],"up":[{"embeddable":true,"href":"https:\/\/momentosdenatureza.web.ua.pt\/index.php\/wp-json\/wp\/v2\/pages\/261"}],"wp:attachment":[{"href":"https:\/\/momentosdenatureza.web.ua.pt\/index.php\/wp-json\/wp\/v2\/media?parent=153"}],"curies":[{"name":"wp","href":"https:\/\/api.w.org\/{rel}","templated":true}]}}