{"id":1609,"date":"2018-06-09T11:35:10","date_gmt":"2018-06-09T11:35:10","guid":{"rendered":"http:\/\/momentosdenatureza.web.ua.pt\/?page_id=1609"},"modified":"2018-06-09T12:18:13","modified_gmt":"2018-06-09T12:18:13","slug":"2018-equinacea","status":"publish","type":"page","link":"https:\/\/momentosdenatureza.web.ua.pt\/index.php\/2018-equinacea\/","title":{"rendered":"equin\u00e1cea"},"content":{"rendered":"<blockquote><p><b>Echinacea purp\u00farea<\/b>, planta origin\u00e1ria da Am\u00e9rica do Norte, \u00e9 atualmente muito cultivada e utilizada pelas suas propriedades medicinais.<br \/>\nO nome cient\u00edfico Echinacea \u00e9 de origem grega e significa \u2018ouri\u00e7o\u2019, alusivo \u00e0 disposi\u00e7\u00e3o das flores centrais.<\/p><\/blockquote>\n<p>L\u00edsia Lopes<br \/>\n<a href=\"#\" data-featherlight=\"http:\/\/momentosdenatureza.web.ua.pt\/wp-content\/uploads\/2018\/06\/equin\u00e1cea.jpg\"><br \/>\n<figure id=\"attachment_1129\" aria-describedby=\"caption-attachment-1129\" style=\"width: 300px\" class=\"wp-caption alignleft\"><img loading=\"lazy\" decoding=\"async\" src=\"http:\/\/momentosdenatureza.web.ua.pt\/wp-content\/uploads\/2018\/06\/equin\u00e1cea-300x200.jpg\" alt=\"\" width=\"300\" height=\"200\" class=\"alignnone size-medium wp-image-1579\" srcset=\"https:\/\/momentosdenatureza.web.ua.pt\/wp-content\/uploads\/2018\/06\/equin\u00e1cea-300x200.jpg 300w, https:\/\/momentosdenatureza.web.ua.pt\/wp-content\/uploads\/2018\/06\/equin\u00e1cea-768x512.jpg 768w, https:\/\/momentosdenatureza.web.ua.pt\/wp-content\/uploads\/2018\/06\/equin\u00e1cea-1024x682.jpg 1024w, https:\/\/momentosdenatureza.web.ua.pt\/wp-content\/uploads\/2018\/06\/equin\u00e1cea-405x270.jpg 405w\" sizes=\"auto, (max-width: 300px) 100vw, 300px\" \/><figcaption id=\"caption-attachment-1129\" class=\"wp-caption-text\">Quinta Vale Arom\u00e1tico.<br \/>1\/320 seg. a f\/4<br \/>Canon EOS 600D<br \/>Objetiva 100mm<br \/>sem flash<br \/>Agosto 2015<\/figcaption><\/figure><br \/>\n<\/a\n\n<\/p>\n","protected":false},"excerpt":{"rendered":"<p>Echinacea purp\u00farea, planta origin\u00e1ria da Am\u00e9rica do Norte, \u00e9 atualmente muito cultivada e utilizada pelas suas propriedades medicinais. O nome cient\u00edfico Echinacea \u00e9 de origem [&#8230;]<\/p>\n","protected":false},"author":3,"featured_media":0,"parent":0,"menu_order":0,"comment_status":"closed","ping_status":"closed","template":"","meta":{"footnotes":""},"class_list":["post-1609","page","type-page","status-publish","hentry"],"post_mailing_queue_ids":[],"_links":{"self":[{"href":"https:\/\/momentosdenatureza.web.ua.pt\/index.php\/wp-json\/wp\/v2\/pages\/1609","targetHints":{"allow":["GET"]}}],"collection":[{"href":"https:\/\/momentosdenatureza.web.ua.pt\/index.php\/wp-json\/wp\/v2\/pages"}],"about":[{"href":"https:\/\/momentosdenatureza.web.ua.pt\/index.php\/wp-json\/wp\/v2\/types\/page"}],"author":[{"embeddable":true,"href":"https:\/\/momentosdenatureza.web.ua.pt\/index.php\/wp-json\/wp\/v2\/users\/3"}],"replies":[{"embeddable":true,"href":"https:\/\/momentosdenatureza.web.ua.pt\/index.php\/wp-json\/wp\/v2\/comments?post=1609"}],"version-history":[{"count":7,"href":"https:\/\/momentosdenatureza.web.ua.pt\/index.php\/wp-json\/wp\/v2\/pages\/1609\/revisions"}],"predecessor-version":[{"id":1711,"href":"https:\/\/momentosdenatureza.web.ua.pt\/index.php\/wp-json\/wp\/v2\/pages\/1609\/revisions\/1711"}],"wp:attachment":[{"href":"https:\/\/momentosdenatureza.web.ua.pt\/index.php\/wp-json\/wp\/v2\/media?parent=1609"}],"curies":[{"name":"wp","href":"https:\/\/api.w.org\/{rel}","templated":true}]}}