{"id":1690,"date":"2018-06-09T12:10:10","date_gmt":"2018-06-09T12:10:10","guid":{"rendered":"http:\/\/momentosdenatureza.web.ua.pt\/?page_id=1690"},"modified":"2018-06-09T12:14:05","modified_gmt":"2018-06-09T12:14:05","slug":"2018-musgo","status":"publish","type":"page","link":"https:\/\/momentosdenatureza.web.ua.pt\/index.php\/2018-musgo\/","title":{"rendered":"musgo"},"content":{"rendered":"<blockquote><p>A <b>Funaria sp.<\/b> \u00e9 um musgo comum de zonas h\u00famidas e sombrias, com 1-2 cm. A estrutura onde se forma os esporos, a c\u00e1psula, \u00e9 elevada por uma haste alongada para garantir uma melhor dispers\u00e3o dos esporos pelo vento.<\/p><\/blockquote>\n<p>L\u00edsia Lopes<br \/>\n<a href=\"#\" data-featherlight=\"http:\/\/momentosdenatureza.web.ua.pt\/wp-content\/uploads\/2018\/06\/musgo.jpg\"><br \/>\n<figure id=\"attachment_1129\" aria-describedby=\"caption-attachment-1129\" style=\"width: 300px\" class=\"wp-caption alignleft\"><img loading=\"lazy\" decoding=\"async\" src=\"http:\/\/momentosdenatureza.web.ua.pt\/wp-content\/uploads\/2018\/06\/musgo-300x200.jpg\" alt=\"\" width=\"300\" height=\"200\" class=\"alignnone size-medium wp-image-1585\" srcset=\"https:\/\/momentosdenatureza.web.ua.pt\/wp-content\/uploads\/2018\/06\/musgo-300x200.jpg 300w, https:\/\/momentosdenatureza.web.ua.pt\/wp-content\/uploads\/2018\/06\/musgo-768x512.jpg 768w, https:\/\/momentosdenatureza.web.ua.pt\/wp-content\/uploads\/2018\/06\/musgo-1024x683.jpg 1024w, https:\/\/momentosdenatureza.web.ua.pt\/wp-content\/uploads\/2018\/06\/musgo-405x270.jpg 405w\" sizes=\"auto, (max-width: 300px) 100vw, 300px\" \/><figcaption id=\"caption-attachment-1129\" class=\"wp-caption-text\">Serra de Montemuro.<br \/>1\/100 seg. a f\/11<br \/>Canon EOS 600D<br \/>Objetiva 100mm<br \/>com flash<br \/>Fevereiro 2015<\/figcaption><\/figure><br \/>\n<\/a><\/p>\n","protected":false},"excerpt":{"rendered":"<p>A Funaria sp. \u00e9 um musgo comum de zonas h\u00famidas e sombrias, com 1-2 cm. A estrutura onde se forma os esporos, a c\u00e1psula, \u00e9 [&#8230;]<\/p>\n","protected":false},"author":3,"featured_media":0,"parent":0,"menu_order":0,"comment_status":"closed","ping_status":"closed","template":"","meta":{"footnotes":""},"class_list":["post-1690","page","type-page","status-publish","hentry"],"post_mailing_queue_ids":[],"_links":{"self":[{"href":"https:\/\/momentosdenatureza.web.ua.pt\/index.php\/wp-json\/wp\/v2\/pages\/1690","targetHints":{"allow":["GET"]}}],"collection":[{"href":"https:\/\/momentosdenatureza.web.ua.pt\/index.php\/wp-json\/wp\/v2\/pages"}],"about":[{"href":"https:\/\/momentosdenatureza.web.ua.pt\/index.php\/wp-json\/wp\/v2\/types\/page"}],"author":[{"embeddable":true,"href":"https:\/\/momentosdenatureza.web.ua.pt\/index.php\/wp-json\/wp\/v2\/users\/3"}],"replies":[{"embeddable":true,"href":"https:\/\/momentosdenatureza.web.ua.pt\/index.php\/wp-json\/wp\/v2\/comments?post=1690"}],"version-history":[{"count":4,"href":"https:\/\/momentosdenatureza.web.ua.pt\/index.php\/wp-json\/wp\/v2\/pages\/1690\/revisions"}],"predecessor-version":[{"id":1696,"href":"https:\/\/momentosdenatureza.web.ua.pt\/index.php\/wp-json\/wp\/v2\/pages\/1690\/revisions\/1696"}],"wp:attachment":[{"href":"https:\/\/momentosdenatureza.web.ua.pt\/index.php\/wp-json\/wp\/v2\/media?parent=1690"}],"curies":[{"name":"wp","href":"https:\/\/api.w.org\/{rel}","templated":true}]}}