{"id":2206,"date":"2019-10-20T08:58:48","date_gmt":"2019-10-20T08:58:48","guid":{"rendered":"http:\/\/momentosdenatureza.web.ua.pt\/?page_id=2206"},"modified":"2019-10-20T09:08:57","modified_gmt":"2019-10-20T09:08:57","slug":"normas-de-participacao","status":"publish","type":"page","link":"https:\/\/momentosdenatureza.web.ua.pt\/index.php\/normas-de-participacao\/","title":{"rendered":"2019"},"content":{"rendered":"<p><strong>II Mostra Fotogr\u00e1fica da Universidade de Aveiro <\/strong><\/p>\n<p><strong>\u201cBiodiversidade e natureza\u201d <\/strong><\/p>\n<p><strong>Normas de Participa\u00e7\u00e3o <\/strong><\/p>\n<p><strong>1 \u2013 \u201c<\/strong><strong>Biodiversidade e natureza<\/strong><strong>\u201d <\/strong>\u00e9 a denomina\u00e7\u00e3o atribu\u00edda \u00e0 <strong>II Mostra Fotogr\u00e1fica da Universidade de Aveiro <\/strong>promovida pelo grupo <strong>Momentos de Natureza <\/strong>e insere-se no \u00e2mbito da sua exposi\u00e7\u00e3o fotogr\u00e1fica anual.<\/p>\n<p><strong>2 \u2013 <\/strong>Esta mostra fotogr\u00e1fica destina-se a todos os fot\u00f3grafos profissionais e amadores, nacionais e estrangeiros que tenham qualquer v\u00ednculo \u00e0 Universidade de Aveiro.<\/p>\n<p><strong>3 \u2013 <\/strong>A participa\u00e7\u00e3o na mostra fotogr\u00e1fica \u00e9 gratuita devendo a entrega dos trabalhos fotogr\u00e1ficos ser efetuada <strong>at\u00e9 22 de novembro de 2019<\/strong>.<\/p>\n<p><strong>4 \u2013 <\/strong>As fotografias apresentadas a concurso dever\u00e3o obedecer ao tema natureza e biodiversidade. Os seus autores, sob compromisso de honra, comprometem-se ao abrigo das presentes Normas de Participa\u00e7\u00e3o a concorrer com fotografias originais. Em caso de d\u00favida, os elementos respons\u00e1veis pela sele\u00e7\u00e3o podem requerer aos proponentes que fa\u00e7am prova inequ\u00edvoca da autoria dos trabalhos entregues.<\/p>\n<p><strong>5 \u2013 <\/strong>Esta mostra \u00e9 alusiva \u00e0 <strong>Biodiversidade<\/strong>, devendo as fotografias adequar-se ao respetivo tema. As composi\u00e7\u00f5es fotogr\u00e1ficas s\u00e3o livres, deixando em aberto o motivo a representar por parte dos seus autores, devem, contudo, compreender aspetos relativos \u00e0 criatividade e \u00e0 inova\u00e7\u00e3o no registo fotogr\u00e1fico, tendo sempre como enfoque o tema da <strong>Biodiversidade<\/strong>.<\/p>\n<p><strong>6 \u2013 <\/strong>Cada participante pode apresentar entre 1 a 3 trabalhos fotogr\u00e1ficos.<\/p>\n<p><strong>7 \u2013 <\/strong>As fotografias apresentadas a concurso dever\u00e3o ter a dimens\u00e3o de 20x30cm.<\/p>\n<p><strong>8 \u2013 <\/strong>As fotografias n\u00e3o podem ser apresentadas em cartolina, cart\u00e3o ou qualquer outro material que n\u00e3o seja papel de fotografia.<\/p>\n<p><strong>9 \u2013 <\/strong>Nas fotografias enviadas dever\u00e1 ser inscrito em letra de imprensa no verso o t\u00edtulo, o local de capta\u00e7\u00e3o e o nome e utilizador universal (email da UA) do fot\u00f3grafo.<\/p>\n<p><strong>10 \u2013 <\/strong>Os trabalhos devem ser entregues no balc\u00e3o do piso Geral da Biblioteca da UA em envelope fechado, indicando, no exterior do mesmo, \u201cI<strong>I Mostra Fotogr\u00e1fica da Universidade de Aveiro\u201d<\/strong>, at\u00e9<strong> 22 de novembro de 2019.<\/strong><\/p>\n<p><strong>11 \u2013 <\/strong>Os trabalhos poder\u00e3o tamb\u00e9m ser enviados por correio, em envelope fechado, <strong>at\u00e9 22 de novembro de 2019,<\/strong> para:<\/p>\n<p><strong>II Mostra Fotogr\u00e1fica da Universidade de Aveiro<\/strong><\/p>\n<p><strong>Servi\u00e7os de Biblioteca, Informa\u00e7\u00e3o Documental e Museologia<\/strong><strong><br \/>\n<\/strong>Universidade de Aveiro<br \/>\nCampus Universit\u00e1rio de Santiago<br \/>\n3810-193 Aveiro<br \/>\nPortugal<\/p>\n<p>&nbsp;<\/p>\n<p><strong>12 \u2013 <\/strong>As melhores fotografias estar\u00e3o em exposi\u00e7\u00e3o no decorrer da exposi\u00e7\u00e3o <strong>Momentos de Natureza<\/strong> e ser\u00e3o atribu\u00eddos certificados de participa\u00e7\u00e3o a todos os autores contemplados com a referida mostra fotogr\u00e1fica.<\/p>\n<p><strong>13 \u2013 <\/strong>A mostra fotogr\u00e1fica decorrer\u00e1 entre <strong>28 de novembro e 3 de janeiro de 2020<\/strong>, podendo, no entanto, esta data sofrer algum ajuste.<\/p>\n<p><strong>14 \u2013 <\/strong>Os participantes interessados em reaver os seus trabalhos, n\u00e3o selecionados para a mostra fotogr\u00e1fica, poder\u00e3o proceder ao seu levantamento, mediante requisi\u00e7\u00e3o por email para momentosdenatureza@gmail.com e apresenta\u00e7\u00e3o de documento de identifica\u00e7\u00e3o, em data e local a combinar ap\u00f3s 3 de janeiro de 2020.<\/p>\n<p><strong>15 \u2013<\/strong> Os trabalhos n\u00e3o levantados poder\u00e3o ser eliminados decorrido um ano ap\u00f3s a sua rece\u00e7\u00e3o.<\/p>\n<p><strong>16 \u2013 <\/strong>Um j\u00fari composto por 3 elementos selecionar\u00e1 at\u00e9 ao dia 27 de novembro os melhores trabalhos fotogr\u00e1ficos. N\u00e3o poder\u00e3o concorrer os membros do J\u00fari e seus c\u00f4njuges e familiares em 1\u00ba grau. A decis\u00e3o relativa \u00e0 sele\u00e7\u00e3o dos trabalhos cabe exclusivamente ao j\u00fari, e n\u00e3o \u00e9 pass\u00edvel de recurso, cabendo-lhe a resolu\u00e7\u00e3o de casos omissos.<\/p>\n<p><strong>17 \u2013 <\/strong>Os trabalhos selecionados para a mostra poder\u00e3o ser usados pela organiza\u00e7\u00e3o na divulga\u00e7\u00e3o das suas atividades. Esta, reserva o direito de impress\u00e3o, reprodu\u00e7\u00e3o e\/ou publica\u00e7\u00e3o, sem que fique obrigada a conceder, a que t\u00edtulo for, qualquer compensa\u00e7\u00e3o, obrigando-se, no entanto, a fazer sempre refer\u00eancia ao seu autor.<\/p>\n<p><strong>18 \u2013<\/strong> Em caso algum a utiliza\u00e7\u00e3o das imagens, para os fins supracitados, poder\u00e1 envolver qualquer altera\u00e7\u00e3o das mesmas sem a expressa autoriza\u00e7\u00e3o dos seus autores.<\/p>\n<p><strong>19 \u2013<\/strong>A organiza\u00e7\u00e3o n\u00e3o se responsabilizar\u00e1 por danos ou extravios de fotografias, provocados antes ou depois da sua rece\u00e7\u00e3o.<\/p>\n<p><strong>20 \u2013 <\/strong>Os resultados ser\u00e3o comunicados a cada fot\u00f3grafo at\u00e9 ao dia 27 de novembro via e-mail.<\/p>\n<p><strong>21 \u2013 <\/strong>Com a entrega dos trabalhos para a mostra fotogr\u00e1fica o participante declara que concorda com as presentes normas.<\/p>\n<p><strong>22 \u2013 <\/strong>N\u00e3o ser\u00e3o aceites fotografias entregues fora do prazo determinado nas presentes Normas de Participa\u00e7\u00e3o.<\/p>\n<p><strong>23 \u2013 <\/strong>Sugere-se que os trabalhos fotogr\u00e1ficos n\u00e3o sejam manipulados digitalmente. S\u00f3 \u00e9 permitida manipula\u00e7\u00e3o digital, das fotografias a concurso, que reproduza os procedimentos t\u00edpicos da c\u00e2mara-escura, como sejam os ajustes de enquadramento, cor, luminosidade e contraste.<\/p>\n","protected":false},"excerpt":{"rendered":"<p>II Mostra Fotogr\u00e1fica da Universidade de Aveiro \u201cBiodiversidade e natureza\u201d Normas de Participa\u00e7\u00e3o 1 \u2013 \u201cBiodiversidade e natureza\u201d \u00e9 a denomina\u00e7\u00e3o atribu\u00edda \u00e0 II Mostra [&#8230;]<\/p>\n","protected":false},"author":3,"featured_media":0,"parent":0,"menu_order":0,"comment_status":"closed","ping_status":"closed","template":"","meta":{"footnotes":""},"class_list":["post-2206","page","type-page","status-publish","hentry"],"post_mailing_queue_ids":[],"_links":{"self":[{"href":"https:\/\/momentosdenatureza.web.ua.pt\/index.php\/wp-json\/wp\/v2\/pages\/2206","targetHints":{"allow":["GET"]}}],"collection":[{"href":"https:\/\/momentosdenatureza.web.ua.pt\/index.php\/wp-json\/wp\/v2\/pages"}],"about":[{"href":"https:\/\/momentosdenatureza.web.ua.pt\/index.php\/wp-json\/wp\/v2\/types\/page"}],"author":[{"embeddable":true,"href":"https:\/\/momentosdenatureza.web.ua.pt\/index.php\/wp-json\/wp\/v2\/users\/3"}],"replies":[{"embeddable":true,"href":"https:\/\/momentosdenatureza.web.ua.pt\/index.php\/wp-json\/wp\/v2\/comments?post=2206"}],"version-history":[{"count":3,"href":"https:\/\/momentosdenatureza.web.ua.pt\/index.php\/wp-json\/wp\/v2\/pages\/2206\/revisions"}],"predecessor-version":[{"id":2227,"href":"https:\/\/momentosdenatureza.web.ua.pt\/index.php\/wp-json\/wp\/v2\/pages\/2206\/revisions\/2227"}],"wp:attachment":[{"href":"https:\/\/momentosdenatureza.web.ua.pt\/index.php\/wp-json\/wp\/v2\/media?parent=2206"}],"curies":[{"name":"wp","href":"https:\/\/api.w.org\/{rel}","templated":true}]}}