{"id":2301,"date":"2019-11-05T22:29:17","date_gmt":"2019-11-05T22:29:17","guid":{"rendered":"http:\/\/momentosdenatureza.web.ua.pt\/?page_id=2301"},"modified":"2019-11-15T17:46:13","modified_gmt":"2019-11-15T17:46:13","slug":"conversas-com-to-vieira","status":"publish","type":"page","link":"https:\/\/momentosdenatureza.web.ua.pt\/index.php\/conversas-com-to-vieira\/","title":{"rendered":"Conversas com &#8230; T\u00f3 Vieira"},"content":{"rendered":"<div>\n<h3>Os encantos escondidos do VOUGA<\/h3>\n<h2>rios de montanha<\/h2>\n<p>\nO rio Vouga, que nasce na serra da Lapa, mais propriamente no s\u00edtio do Chafariz da Lapa que se localiza na freguesia da Quintela, concelho viseense de Sernancelhe a cerca de 930 metros de altitude. Possui uma bacia hidrogr\u00e1fica, incluindo as pequenas bacias afluentes directas na Ria de Aveiro, que perfaz cerca de 3 635 quil\u00f3metros quadrados. Estende-se ao longo de 147,9 quil\u00f3metros de leste para oeste.<br \/>\nEspecialmente na sua margem norte tem um conjunto de afluentes que nascem no maci\u00e7o da gralheira e que descem de altitudes de cerca de 800 metros por num percurso sinuoso de poucos quil\u00f3metros atrav\u00e9s de diversas cascatas, a\u00e7udes e r\u00e1pidos.<\/p>\n<div style=\"font-size: 80%\">\nDura\u00e7\u00e3o prevista de 1 hora. <br\\><br \/>\nPor uma quest\u00e3o log\u00edstica agradec\u00edamos que confirmasse a sua presen\u00e7a <a href=\"https:\/\/questionarios.ua.pt\/index.php\/391353\/lang-pt\">aqui<\/a>.\n<\/div>\n<p><img decoding=\"async\" class=\"alignnone size-medium wp-image-174\" src=\"http:\/\/momentosdenatureza.web.ua.pt\/wp-content\/uploads\/2019\/11\/cartaz-conversas-com-v2.jpg\" alt=\"\" width=\"450\" \/><\/p>\n<p><em>Nota: Se tiver alguma d\u00favida contacte-nos por <a href=\"mailto:momentosdenatureza@gmail.com?Subject=Mostra Fotogr\u00e1fica\" target=\"_top\">email<\/a><\/em><\/p>\n\r\n    <style>\r\n        #weblizar_2347 .wrgf-header-label {\r\n            color: #FFFFFF !important;\r\n        }\r\n\r\n        #weblizar_2347 .wrgf-footer-label {\r\n            color: #000000 !important;\r\n            font-size: 16px;\r\n            margin-bottom: 5px;\r\n            margin-top: 5px;\r\n            text-align: center;\r\n            font-weight: normal;\r\n        }\r\n\r\n        #weblizar_2347 .b-link-stroke .b-top-line {\r\n            background: rgba(10, 194, 210, 0.5);\r\n        }\r\n\r\n        #weblizar_2347 .b-link-stroke .b-bottom-line {\r\n            background: rgba(10, 194, 210, 0.5);\r\n        }\r\n\r\n        #weblizar_2347 .b-wrapper {\r\n            font-family: Arial;\r\n        \/ \/ real name pass here\r\n        }\r\n\r\n        #weblizar_2347 .wrgf-header-label {\r\n            font-family: Arial !important;\r\n        \/ \/ real name pass here\r\n        }\r\n\r\n        #weblizar_2347 .wrgf-footer-label {\r\n            font-family: Arial !important;\r\n        \/ \/ real name pass here\r\n        }\r\n\r\n        @media (min-width: 992px) {\r\n            .col-md-6 {\r\n                width: 48% !important;\r\n                padding-right: 5px;\r\n                padding-left: 5px;\r\n                float: left;\r\n            }\r\n\r\n            .col-md-4 {\r\n                width: 33.30% !important;\r\n                padding-right: 10px;\r\n                padding-left: 10px;\r\n            }\r\n\r\n            .col-md-3 {\r\n                width: 24.90% !important;\r\n                padding-right: 10px;\r\n                padding-left: 10px;\r\n            }\r\n        }\r\n\r\n                @media (max-width: 992px) {\r\n            #weblizar_2347 .wrgf-header-label {\r\n                display: none;\r\n            }\r\n        }\r\n\r\n        @media (min-width: 993px) {\r\n            #weblizar_2347 .wrgf-footer-label {\r\n                display: none;\r\n            }\r\n        }\r\n\r\n                #weblizar_2347 a {\r\n            border-bottom: none;\r\n            overflow: hidden;\r\n            float: left;\r\n            margin-right: 0px;\r\n            padding-left: 0px;\r\n        }        \r\n\r\n            <\/style>\r\n\r\n\t    <div class=\"gal-container\">\r\n\t\t            <!--get the post id-->\r\n\t\t\t\r\n\t\t\t                <!-- gallery title -->\r\n                <div style=\"font-weight: bolder; padding-bottom:10px; border-bottom:2px solid #cccccc; margin-bottom:20px; font-size:24px; font-family: Arial\">\r\n\t\t\t\t\tConversas com &#8230; T\u00f3 Vieira                <\/div>\r\n\t\t\t\r\n            <div class=\"gallery1\" id=\"weblizar_2347\">\r\n\t\t\t\t                    <div class=\"col-md-6 col-sm-6 wl-gallery\">\r\n                        <div class=\"b-link-stroke b-animate-go\">\r\n\r\n\t\t\t\t\t\t\t                            <a alt=\"\" class=\"swipebox\" href=\"http:\/\/momentosdenatureza.web.ua.pt\/wp-content\/uploads\/2019\/11\/TVZ1178.jpg\"\r\n                               title=\"\">\r\n                                <img decoding=\"async\" src=\"http:\/\/momentosdenatureza.web.ua.pt\/wp-content\/uploads\/2019\/11\/TVZ1178-500x500.jpg\" class=\"gall-img-responsive\"\r\n                                     alt=\"Conversas com ... T\u00f3 Vieira  :: 04\">\r\n                                <div class=\"b-wrapper\">\r\n\t\t\t\t\t\t\t\t\t\t\t\t\t\t\t\t\t\t\t                                            <h2 class=\"b-from-left b-animate b-delay03 wrgf-header-label\"> <\/h2>\r\n\t\t\t\t\t\t\t\t\t\t\t\t\t\t\t\t\t\t\t                                <\/div>\r\n                            <\/a>\r\n\t\t\t\t\t\t\t                        <\/div>\r\n\t\t\t\t\t\t                            <h4 class=\"wrgf-footer-label\"><\/h4>\r\n\t\t\t\t\t\t                    <\/div>\r\n\t\t\t\t\t                    <div class=\"col-md-6 col-sm-6 wl-gallery\">\r\n                        <div class=\"b-link-stroke b-animate-go\">\r\n\r\n\t\t\t\t\t\t\t                            <a alt=\"\" class=\"swipebox\" href=\"http:\/\/momentosdenatureza.web.ua.pt\/wp-content\/uploads\/2019\/11\/TVZ1182.jpg\"\r\n                               title=\"\">\r\n                                <img decoding=\"async\" src=\"http:\/\/momentosdenatureza.web.ua.pt\/wp-content\/uploads\/2019\/11\/TVZ1182-500x500.jpg\" class=\"gall-img-responsive\"\r\n                                     alt=\"Conversas com ... T\u00f3 Vieira  :: 06\">\r\n                                <div class=\"b-wrapper\">\r\n\t\t\t\t\t\t\t\t\t\t\t\t\t\t\t\t\t\t\t                                            <h2 class=\"b-from-left b-animate b-delay03 wrgf-header-label\"> <\/h2>\r\n\t\t\t\t\t\t\t\t\t\t\t\t\t\t\t\t\t\t\t                                <\/div>\r\n                            <\/a>\r\n\t\t\t\t\t\t\t                        <\/div>\r\n\t\t\t\t\t\t                            <h4 class=\"wrgf-footer-label\"><\/h4>\r\n\t\t\t\t\t\t                    <\/div>\r\n\t\t\t\t\t                    <div class=\"col-md-6 col-sm-6 wl-gallery\">\r\n                        <div class=\"b-link-stroke b-animate-go\">\r\n\r\n\t\t\t\t\t\t\t                            <a alt=\"\" class=\"swipebox\" href=\"http:\/\/momentosdenatureza.web.ua.pt\/wp-content\/uploads\/2019\/11\/TVZ1184.jpg\"\r\n                               title=\"\">\r\n                                <img decoding=\"async\" src=\"http:\/\/momentosdenatureza.web.ua.pt\/wp-content\/uploads\/2019\/11\/TVZ1184-500x500.jpg\" class=\"gall-img-responsive\"\r\n                                     alt=\"Conversas com ... T\u00f3 Vieira  :: 07\">\r\n                                <div class=\"b-wrapper\">\r\n\t\t\t\t\t\t\t\t\t\t\t\t\t\t\t\t\t\t\t                                            <h2 class=\"b-from-left b-animate b-delay03 wrgf-header-label\"> <\/h2>\r\n\t\t\t\t\t\t\t\t\t\t\t\t\t\t\t\t\t\t\t                                <\/div>\r\n                            <\/a>\r\n\t\t\t\t\t\t\t                        <\/div>\r\n\t\t\t\t\t\t                            <h4 class=\"wrgf-footer-label\"><\/h4>\r\n\t\t\t\t\t\t                    <\/div>\r\n\t\t\t\t\t                    <div class=\"col-md-6 col-sm-6 wl-gallery\">\r\n                        <div class=\"b-link-stroke b-animate-go\">\r\n\r\n\t\t\t\t\t\t\t                            <a alt=\"\" class=\"swipebox\" href=\"http:\/\/momentosdenatureza.web.ua.pt\/wp-content\/uploads\/2019\/11\/TVZ1179.jpg\"\r\n                               title=\"\">\r\n                                <img decoding=\"async\" src=\"http:\/\/momentosdenatureza.web.ua.pt\/wp-content\/uploads\/2019\/11\/TVZ1179-500x500.jpg\" class=\"gall-img-responsive\"\r\n                                     alt=\"Conversas com ... T\u00f3 Vieira  :: 05\">\r\n                                <div class=\"b-wrapper\">\r\n\t\t\t\t\t\t\t\t\t\t\t\t\t\t\t\t\t\t\t                                            <h2 class=\"b-from-left b-animate b-delay03 wrgf-header-label\"> <\/h2>\r\n\t\t\t\t\t\t\t\t\t\t\t\t\t\t\t\t\t\t\t                                <\/div>\r\n                            <\/a>\r\n\t\t\t\t\t\t\t                        <\/div>\r\n\t\t\t\t\t\t                            <h4 class=\"wrgf-footer-label\"><\/h4>\r\n\t\t\t\t\t\t                    <\/div>\r\n\t\t\t\t\t                    <div class=\"col-md-6 col-sm-6 wl-gallery\">\r\n                        <div class=\"b-link-stroke b-animate-go\">\r\n\r\n\t\t\t\t\t\t\t                            <a alt=\"\" class=\"swipebox\" href=\"http:\/\/momentosdenatureza.web.ua.pt\/wp-content\/uploads\/2019\/11\/TVZ1183.jpg\"\r\n                               title=\"\">\r\n                                <img decoding=\"async\" src=\"http:\/\/momentosdenatureza.web.ua.pt\/wp-content\/uploads\/2019\/11\/TVZ1183-500x500.jpg\" class=\"gall-img-responsive\"\r\n                                     alt=\"Conversas com ... T\u00f3 Vieira  :: 08\">\r\n                                <div class=\"b-wrapper\">\r\n\t\t\t\t\t\t\t\t\t\t\t\t\t\t\t\t\t\t\t                                            <h2 class=\"b-from-left b-animate b-delay03 wrgf-header-label\"> <\/h2>\r\n\t\t\t\t\t\t\t\t\t\t\t\t\t\t\t\t\t\t\t                                <\/div>\r\n                            <\/a>\r\n\t\t\t\t\t\t\t                        <\/div>\r\n\t\t\t\t\t\t                            <h4 class=\"wrgf-footer-label\"><\/h4>\r\n\t\t\t\t\t\t                    <\/div>\r\n\t\t\t\t\t                    <div class=\"col-md-6 col-sm-6 wl-gallery\">\r\n                        <div class=\"b-link-stroke b-animate-go\">\r\n\r\n\t\t\t\t\t\t\t                            <a alt=\"\" class=\"swipebox\" href=\"http:\/\/momentosdenatureza.web.ua.pt\/wp-content\/uploads\/2019\/11\/TVZ1177.jpg\"\r\n                               title=\"\">\r\n                                <img decoding=\"async\" src=\"http:\/\/momentosdenatureza.web.ua.pt\/wp-content\/uploads\/2019\/11\/TVZ1177-500x500.jpg\" class=\"gall-img-responsive\"\r\n                                     alt=\"Conversas com ... T\u00f3 Vieira  :: 02\">\r\n                                <div class=\"b-wrapper\">\r\n\t\t\t\t\t\t\t\t\t\t\t\t\t\t\t\t\t\t\t                                            <h2 class=\"b-from-left b-animate b-delay03 wrgf-header-label\"> <\/h2>\r\n\t\t\t\t\t\t\t\t\t\t\t\t\t\t\t\t\t\t\t                                <\/div>\r\n                            <\/a>\r\n\t\t\t\t\t\t\t                        <\/div>\r\n\t\t\t\t\t\t                            <h4 class=\"wrgf-footer-label\"><\/h4>\r\n\t\t\t\t\t\t                    <\/div>\r\n\t\t\t\t\t                    <div class=\"col-md-6 col-sm-6 wl-gallery\">\r\n                        <div class=\"b-link-stroke b-animate-go\">\r\n\r\n\t\t\t\t\t\t\t                            <a alt=\"\" class=\"swipebox\" href=\"http:\/\/momentosdenatureza.web.ua.pt\/wp-content\/uploads\/2019\/11\/TVZ1173.jpg\"\r\n                               title=\"\">\r\n                                <img decoding=\"async\" src=\"http:\/\/momentosdenatureza.web.ua.pt\/wp-content\/uploads\/2019\/11\/TVZ1173-500x500.jpg\" class=\"gall-img-responsive\"\r\n                                     alt=\"Conversas com ... T\u00f3 Vieira  :: 01\">\r\n                                <div class=\"b-wrapper\">\r\n\t\t\t\t\t\t\t\t\t\t\t\t\t\t\t\t\t\t\t                                            <h2 class=\"b-from-left b-animate b-delay03 wrgf-header-label\"> <\/h2>\r\n\t\t\t\t\t\t\t\t\t\t\t\t\t\t\t\t\t\t\t                                <\/div>\r\n                            <\/a>\r\n\t\t\t\t\t\t\t                        <\/div>\r\n\t\t\t\t\t\t                            <h4 class=\"wrgf-footer-label\"><\/h4>\r\n\t\t\t\t\t\t                    <\/div>\r\n\t\t\t\t\t                    <div class=\"col-md-6 col-sm-6 wl-gallery\">\r\n                        <div class=\"b-link-stroke b-animate-go\">\r\n\r\n\t\t\t\t\t\t\t                            <a alt=\"\" class=\"swipebox\" href=\"http:\/\/momentosdenatureza.web.ua.pt\/wp-content\/uploads\/2019\/11\/TVZ1174.jpg\"\r\n                               title=\"\">\r\n                                <img decoding=\"async\" src=\"http:\/\/momentosdenatureza.web.ua.pt\/wp-content\/uploads\/2019\/11\/TVZ1174-500x500.jpg\" class=\"gall-img-responsive\"\r\n                                     alt=\"Conversas com ... T\u00f3 Vieira  :: 03\">\r\n                                <div class=\"b-wrapper\">\r\n\t\t\t\t\t\t\t\t\t\t\t\t\t\t\t\t\t\t\t                                            <h2 class=\"b-from-left b-animate b-delay03 wrgf-header-label\"> <\/h2>\r\n\t\t\t\t\t\t\t\t\t\t\t\t\t\t\t\t\t\t\t                                <\/div>\r\n                            <\/a>\r\n\t\t\t\t\t\t\t                        <\/div>\r\n\t\t\t\t\t\t                            <h4 class=\"wrgf-footer-label\"><\/h4>\r\n\t\t\t\t\t\t                    <\/div>\r\n\t\t\t\t\t            <\/div>\r\n\t\t    <\/div>\r\n\r\n    <!-- swipe box-->\r\n    <script type=\"text\/javascript\">\r\n      (function (jQuery) {\r\n\t\t\tjQuery(window).imagesLoaded(function () {\r\n\t\t\tjQuery( window ).load(function() {\r\n   \t\t\tjQuery('.gallery1').masonry({\r\n                itemSelector: '.wl-gallery',\r\n                isAnimated: true,\r\n                isFitWidth: true\r\n            });\r\n\t\t}); });\r\n\t\t\t\/\/ jQuery('.gallery1').imagesLoaded(function () {\r\n   \/\/          jQuery('.gallery1').masonry({\r\n   \/\/              itemSelector: '.wl-gallery',\r\n   \/\/              isAnimated: true,\r\n   \/\/              isFitWidth: true\r\n   \/\/          });\r\n   \/\/      });\r\n        \tjQuery('.swipebox').imagesLoaded(function () {\r\n            jQuery('.swipebox').swipebox({\r\n                hideBarsDelay: 0,\r\n                hideCloseButtonOnMobile: false,\r\n            });\r\n             });\r\n\/\/         \t     jQuery('.gallery1').imagesLoaded(function () {\r\n\/\/             jQuery('.gallery1').masonry({\r\n\/\/                 itemSelector: '.wl-gallery',\r\n\/\/                 isAnimated: true,\r\n\/\/                 isFitWidth: true\r\n\/\/             });\r\n\/\/         });\r\n        })(jQuery);\r\n\r\n        \/\/ jQuery('.gallery1').imagesLoaded(function () {\r\n        \/\/     jQuery('.gallery1').masonry({\r\n        \/\/         itemSelector: '.wl-gallery',\r\n        \/\/         isAnimated: true,\r\n        \/\/         isFitWidth: true\r\n        \/\/     });\r\n        \/\/ });\r\n    <\/script> \r\n   <!--  <script type=\"text\/javascript\">\r\n        ;(function (jQuery) {\r\n            jQuery('.swipebox').swipebox({\r\n                hideBarsDelay: 0,\r\n                hideCloseButtonOnMobile: false,\r\n            });\r\n        })(jQuery);\r\n\r\n        jQuery('.gallery1').imagesLoaded(function () {\r\n            jQuery('.gallery1').masonry({\r\n                itemSelector: '.wl-gallery',\r\n                isAnimated: true,\r\n                isFitWidth: true\r\n            });\r\n        });\r\n    <\/script> -->\r\n\r\n\t<\/div>\n<\/div>\n","protected":false},"excerpt":{"rendered":"<p>Os encantos escondidos do VOUGA rios de montanha O rio Vouga, que nasce na serra da Lapa, mais propriamente no s\u00edtio do Chafariz da Lapa [&#8230;]<\/p>\n","protected":false},"author":3,"featured_media":0,"parent":0,"menu_order":0,"comment_status":"closed","ping_status":"closed","template":"","meta":{"footnotes":""},"class_list":["post-2301","page","type-page","status-publish","hentry"],"post_mailing_queue_ids":[],"_links":{"self":[{"href":"https:\/\/momentosdenatureza.web.ua.pt\/index.php\/wp-json\/wp\/v2\/pages\/2301","targetHints":{"allow":["GET"]}}],"collection":[{"href":"https:\/\/momentosdenatureza.web.ua.pt\/index.php\/wp-json\/wp\/v2\/pages"}],"about":[{"href":"https:\/\/momentosdenatureza.web.ua.pt\/index.php\/wp-json\/wp\/v2\/types\/page"}],"author":[{"embeddable":true,"href":"https:\/\/momentosdenatureza.web.ua.pt\/index.php\/wp-json\/wp\/v2\/users\/3"}],"replies":[{"embeddable":true,"href":"https:\/\/momentosdenatureza.web.ua.pt\/index.php\/wp-json\/wp\/v2\/comments?post=2301"}],"version-history":[{"count":4,"href":"https:\/\/momentosdenatureza.web.ua.pt\/index.php\/wp-json\/wp\/v2\/pages\/2301\/revisions"}],"predecessor-version":[{"id":2357,"href":"https:\/\/momentosdenatureza.web.ua.pt\/index.php\/wp-json\/wp\/v2\/pages\/2301\/revisions\/2357"}],"wp:attachment":[{"href":"https:\/\/momentosdenatureza.web.ua.pt\/index.php\/wp-json\/wp\/v2\/media?parent=2301"}],"curies":[{"name":"wp","href":"https:\/\/api.w.org\/{rel}","templated":true}]}}