{"id":2469,"date":"2019-11-19T22:00:59","date_gmt":"2019-11-19T22:00:59","guid":{"rendered":"http:\/\/momentosdenatureza.web.ua.pt\/?page_id=2469"},"modified":"2019-11-28T21:37:08","modified_gmt":"2019-11-28T21:37:08","slug":"to-vieira-2019","status":"publish","type":"page","link":"https:\/\/momentosdenatureza.web.ua.pt\/index.php\/to-vieira-2019\/","title":{"rendered":"T\u00f3 Vieira 2019"},"content":{"rendered":"<figure id=\"attachment_1771\" aria-describedby=\"caption-attachment-1771\" style=\"width: 200px\" class=\"wp-caption alignnone\"><img loading=\"lazy\" decoding=\"async\" src=\"http:\/\/momentosdenatureza.web.ua.pt\/wp-content\/uploads\/2018\/04\/DSC4484-200x300.jpg\" alt=\"\" width=\"200\" height=\"300\" class=\"size-medium wp-image-1771\" srcset=\"https:\/\/momentosdenatureza.web.ua.pt\/wp-content\/uploads\/2018\/04\/DSC4484-200x300.jpg 200w, https:\/\/momentosdenatureza.web.ua.pt\/wp-content\/uploads\/2018\/04\/DSC4484-180x270.jpg 180w, https:\/\/momentosdenatureza.web.ua.pt\/wp-content\/uploads\/2018\/04\/DSC4484.jpg 668w\" sizes=\"auto, (max-width: 200px) 100vw, 200px\" \/><figcaption id=\"caption-attachment-1771\" class=\"wp-caption-text\">@tovieira2016<\/figcaption><\/figure>\n<p>Nasci em abril de 1957 na vila de Oliveirinha da cidade de Aveiro.<br \/>\nAs minhas fotografias representam o meu olhar pelas paisagens que visito, os animais e plantas que observo no seu ambiente natural,  assim como momentos e pormenores \u00fanicos aos quais tento dar a minha vis\u00e3o art\u00edstica.<\/p>\n<p><a href=\"http:\/\/www.tovieira.com\" taget=\"_blank\">www.tovieira.com<\/a><\/p>\n<p><i>Tema da exposi\u00e7\u00e3o<\/i>: <b>Os encantos escondidos do VOUGA<\/b><\/p>\n<p>O rio Vouga nasce na serra da Lapa, mais propriamente, no s\u00edtio do Chafariz da Lapa que se localiza na freguesia da Quintela, concelho viseense de Sernancelhe a cerca de 930 metros de altitude. Possui uma bacia hidrogr\u00e1fica, incluindo as pequenas bacias afluentes directas na Ria de Aveiro, que perfaz cerca de 3 635 quil\u00f3metros quadrados. Estende-se ao longo de 147,9 quil\u00f3metros de leste para oeste.<br \/>\nEspecialmente na sua margem norte tem um conjunto de afluentes que nascem no maci\u00e7o da gralheira e que descem de altitudes de cerca de 800 metros por num percurso sinuoso de poucos quil\u00f3metros atrav\u00e9s de diversas cascatas, a\u00e7udes e r\u00e1pidos.<\/p>\n<hr>\n\r\n    <style>\r\n        #weblizar_2375 .wrgf-header-label {\r\n            color: #FFFFFF !important;\r\n        }\r\n\r\n        #weblizar_2375 .wrgf-footer-label {\r\n            color: #000000 !important;\r\n            font-size: 16px;\r\n            margin-bottom: 5px;\r\n            margin-top: 5px;\r\n            text-align: center;\r\n            font-weight: normal;\r\n        }\r\n\r\n        #weblizar_2375 .b-link-stroke .b-top-line {\r\n            background: rgba(10, 194, 210, 0.5);\r\n        }\r\n\r\n        #weblizar_2375 .b-link-stroke .b-bottom-line {\r\n            background: rgba(10, 194, 210, 0.5);\r\n        }\r\n\r\n        #weblizar_2375 .b-wrapper {\r\n            font-family: Arial;\r\n        \/ \/ real name pass here\r\n        }\r\n\r\n        #weblizar_2375 .wrgf-header-label {\r\n            font-family: Arial !important;\r\n        \/ \/ real name pass here\r\n        }\r\n\r\n        #weblizar_2375 .wrgf-footer-label {\r\n            font-family: Arial !important;\r\n        \/ \/ real name pass here\r\n        }\r\n\r\n        @media (min-width: 992px) {\r\n            .col-md-6 {\r\n                width: 48% !important;\r\n                padding-right: 5px;\r\n                padding-left: 5px;\r\n                float: left;\r\n            }\r\n\r\n            .col-md-4 {\r\n                width: 33.30% !important;\r\n                padding-right: 10px;\r\n                padding-left: 10px;\r\n            }\r\n\r\n            .col-md-3 {\r\n                width: 24.90% !important;\r\n                padding-right: 10px;\r\n                padding-left: 10px;\r\n            }\r\n        }\r\n\r\n                #weblizar_2375 .wrgf-header-label {\r\n            display: none;\r\n        }\r\n\r\n                #weblizar_2375 a {\r\n            border-bottom: none;\r\n            overflow: hidden;\r\n            float: left;\r\n            margin-right: 0px;\r\n            padding-left: 0px;\r\n        }        \r\n\r\n            <\/style>\r\n\r\n\t    <div class=\"gal-container\">\r\n\t\t            <!--get the post id-->\r\n\t\t\t\r\n\t\t\t                <!-- gallery title -->\r\n                <div style=\"font-weight: bolder; padding-bottom:10px; border-bottom:2px solid #cccccc; margin-bottom:20px; font-size:24px; font-family: Arial\">\r\n\t\t\t\t\t2019 &#8211; T\u00f3 Vieira                <\/div>\r\n\t\t\t\r\n            <div class=\"gallery1\" id=\"weblizar_2375\">\r\n\t\t\t\t                    <div class=\"col-md-6 col-sm-6 wl-gallery\">\r\n                        <div class=\"b-link-stroke b-animate-go\">\r\n\r\n\t\t\t\t\t\t\t                            <a alt=\"Levada de Carrazedo\" class=\"swipebox\" href=\"http:\/\/momentosdenatureza.web.ua.pt\/wp-content\/uploads\/2019\/11\/6006299-Edit.jpg\"\r\n                               title=\"Levada de Carrazedo\">\r\n                                <img decoding=\"async\" src=\"http:\/\/momentosdenatureza.web.ua.pt\/wp-content\/uploads\/2019\/11\/6006299-Edit-500x500.jpg\" class=\"gall-img-responsive\"\r\n                                     alt=\"Levada de Carrazedo\">\r\n                                <div class=\"b-wrapper\">\r\n\t\t\t\t\t\t\t\t\t\t\t\t\t\t\t\t\t\t\t                                            <h2 class=\"b-from-left b-animate b-delay03 wrgf-header-label\">Levada de Carrazedo <\/h2>\r\n\t\t\t\t\t\t\t\t\t\t\t\t\t\t\t\t\t\t\t                                <\/div>\r\n                            <\/a>\r\n\t\t\t\t\t\t\t                        <\/div>\r\n\t\t\t\t\t\t                            <h4 class=\"wrgf-footer-label\">Levada de Carrazedo<\/h4>\r\n\t\t\t\t\t\t                    <\/div>\r\n\t\t\t\t\t                    <div class=\"col-md-6 col-sm-6 wl-gallery\">\r\n                        <div class=\"b-link-stroke b-animate-go\">\r\n\r\n\t\t\t\t\t\t\t                            <a alt=\"rio Couto\" class=\"swipebox\" href=\"http:\/\/momentosdenatureza.web.ua.pt\/wp-content\/uploads\/2019\/11\/600_2537.jpg\"\r\n                               title=\"rio Couto\">\r\n                                <img decoding=\"async\" src=\"http:\/\/momentosdenatureza.web.ua.pt\/wp-content\/uploads\/2019\/11\/600_2537-500x500.jpg\" class=\"gall-img-responsive\"\r\n                                     alt=\"rio Couto\">\r\n                                <div class=\"b-wrapper\">\r\n\t\t\t\t\t\t\t\t\t\t\t\t\t\t\t\t\t\t\t                                            <h2 class=\"b-from-left b-animate b-delay03 wrgf-header-label\">rio Couto <\/h2>\r\n\t\t\t\t\t\t\t\t\t\t\t\t\t\t\t\t\t\t\t                                <\/div>\r\n                            <\/a>\r\n\t\t\t\t\t\t\t                        <\/div>\r\n\t\t\t\t\t\t                            <h4 class=\"wrgf-footer-label\">rio Couto<\/h4>\r\n\t\t\t\t\t\t                    <\/div>\r\n\t\t\t\t\t                    <div class=\"col-md-6 col-sm-6 wl-gallery\">\r\n                        <div class=\"b-link-stroke b-animate-go\">\r\n\r\n\t\t\t\t\t\t\t                            <a alt=\"rio Filveda\" class=\"swipebox\" href=\"http:\/\/momentosdenatureza.web.ua.pt\/wp-content\/uploads\/2019\/11\/600_3556-Edit.jpg\"\r\n                               title=\"rio Filveda\">\r\n                                <img decoding=\"async\" src=\"http:\/\/momentosdenatureza.web.ua.pt\/wp-content\/uploads\/2019\/11\/600_3556-Edit-500x500.jpg\" class=\"gall-img-responsive\"\r\n                                     alt=\"rio Filveda\">\r\n                                <div class=\"b-wrapper\">\r\n\t\t\t\t\t\t\t\t\t\t\t\t\t\t\t\t\t\t\t                                            <h2 class=\"b-from-left b-animate b-delay03 wrgf-header-label\">rio Filveda <\/h2>\r\n\t\t\t\t\t\t\t\t\t\t\t\t\t\t\t\t\t\t\t                                <\/div>\r\n                            <\/a>\r\n\t\t\t\t\t\t\t                        <\/div>\r\n\t\t\t\t\t\t                            <h4 class=\"wrgf-footer-label\">rio Filveda<\/h4>\r\n\t\t\t\t\t\t                    <\/div>\r\n\t\t\t\t\t                    <div class=\"col-md-6 col-sm-6 wl-gallery\">\r\n                        <div class=\"b-link-stroke b-animate-go\">\r\n\r\n\t\t\t\t\t\t\t                            <a alt=\"ribeira da Landeira\" class=\"swipebox\" href=\"http:\/\/momentosdenatureza.web.ua.pt\/wp-content\/uploads\/2019\/11\/6003327.jpg\"\r\n                               title=\"ribeira da Landeira\">\r\n                                <img decoding=\"async\" src=\"http:\/\/momentosdenatureza.web.ua.pt\/wp-content\/uploads\/2019\/11\/6003327-500x500.jpg\" class=\"gall-img-responsive\"\r\n                                     alt=\"ribeira da Landeira\">\r\n                                <div class=\"b-wrapper\">\r\n\t\t\t\t\t\t\t\t\t\t\t\t\t\t\t\t\t\t\t                                            <h2 class=\"b-from-left b-animate b-delay03 wrgf-header-label\">ribeira da Landeira <\/h2>\r\n\t\t\t\t\t\t\t\t\t\t\t\t\t\t\t\t\t\t\t                                <\/div>\r\n                            <\/a>\r\n\t\t\t\t\t\t\t                        <\/div>\r\n\t\t\t\t\t\t                            <h4 class=\"wrgf-footer-label\">ribeira da Landeira<\/h4>\r\n\t\t\t\t\t\t                    <\/div>\r\n\t\t\t\t\t                    <div class=\"col-md-6 col-sm-6 wl-gallery\">\r\n                        <div class=\"b-link-stroke b-animate-go\">\r\n\r\n\t\t\t\t\t\t\t                            <a alt=\"rio Mau\" class=\"swipebox\" href=\"http:\/\/momentosdenatureza.web.ua.pt\/wp-content\/uploads\/2019\/11\/DSC1785.jpg\"\r\n                               title=\"rio Mau\">\r\n                                <img decoding=\"async\" src=\"http:\/\/momentosdenatureza.web.ua.pt\/wp-content\/uploads\/2019\/11\/DSC1785-500x500.jpg\" class=\"gall-img-responsive\"\r\n                                     alt=\"rio Mau\">\r\n                                <div class=\"b-wrapper\">\r\n\t\t\t\t\t\t\t\t\t\t\t\t\t\t\t\t\t\t\t                                            <h2 class=\"b-from-left b-animate b-delay03 wrgf-header-label\">rio Mau <\/h2>\r\n\t\t\t\t\t\t\t\t\t\t\t\t\t\t\t\t\t\t\t                                <\/div>\r\n                            <\/a>\r\n\t\t\t\t\t\t\t                        <\/div>\r\n\t\t\t\t\t\t                            <h4 class=\"wrgf-footer-label\">rio Mau<\/h4>\r\n\t\t\t\t\t\t                    <\/div>\r\n\t\t\t\t\t                    <div class=\"col-md-6 col-sm-6 wl-gallery\">\r\n                        <div class=\"b-link-stroke b-animate-go\">\r\n\r\n\t\t\t\t\t\t\t                            <a alt=\"rio Gresso\" class=\"swipebox\" href=\"http:\/\/momentosdenatureza.web.ua.pt\/wp-content\/uploads\/2019\/11\/6005252-Edit.jpg\"\r\n                               title=\"rio Gresso\">\r\n                                <img decoding=\"async\" src=\"http:\/\/momentosdenatureza.web.ua.pt\/wp-content\/uploads\/2019\/11\/6005252-Edit-500x500.jpg\" class=\"gall-img-responsive\"\r\n                                     alt=\"rio Gresso\">\r\n                                <div class=\"b-wrapper\">\r\n\t\t\t\t\t\t\t\t\t\t\t\t\t\t\t\t\t\t\t                                            <h2 class=\"b-from-left b-animate b-delay03 wrgf-header-label\">rio Gresso <\/h2>\r\n\t\t\t\t\t\t\t\t\t\t\t\t\t\t\t\t\t\t\t                                <\/div>\r\n                            <\/a>\r\n\t\t\t\t\t\t\t                        <\/div>\r\n\t\t\t\t\t\t                            <h4 class=\"wrgf-footer-label\">rio Gresso<\/h4>\r\n\t\t\t\t\t\t                    <\/div>\r\n\t\t\t\t\t            <\/div>\r\n\t\t    <\/div>\r\n\r\n    <!-- swipe box-->\r\n    <script type=\"text\/javascript\">\r\n      (function (jQuery) {\r\n\t\t\tjQuery(window).imagesLoaded(function () {\r\n\t\t\tjQuery( window ).load(function() {\r\n   \t\t\tjQuery('.gallery1').masonry({\r\n                itemSelector: '.wl-gallery',\r\n                isAnimated: true,\r\n                isFitWidth: true\r\n            });\r\n\t\t}); });\r\n\t\t\t\/\/ jQuery('.gallery1').imagesLoaded(function () {\r\n   \/\/          jQuery('.gallery1').masonry({\r\n   \/\/              itemSelector: '.wl-gallery',\r\n   \/\/              isAnimated: true,\r\n   \/\/              isFitWidth: true\r\n   \/\/          });\r\n   \/\/      });\r\n        \tjQuery('.swipebox').imagesLoaded(function () {\r\n            jQuery('.swipebox').swipebox({\r\n                hideBarsDelay: 0,\r\n                hideCloseButtonOnMobile: false,\r\n            });\r\n             });\r\n\/\/         \t     jQuery('.gallery1').imagesLoaded(function () {\r\n\/\/             jQuery('.gallery1').masonry({\r\n\/\/                 itemSelector: '.wl-gallery',\r\n\/\/                 isAnimated: true,\r\n\/\/                 isFitWidth: true\r\n\/\/             });\r\n\/\/         });\r\n        })(jQuery);\r\n\r\n        \/\/ jQuery('.gallery1').imagesLoaded(function () {\r\n        \/\/     jQuery('.gallery1').masonry({\r\n        \/\/         itemSelector: '.wl-gallery',\r\n        \/\/         isAnimated: true,\r\n        \/\/         isFitWidth: true\r\n        \/\/     });\r\n        \/\/ });\r\n    <\/script> \r\n   <!--  <script type=\"text\/javascript\">\r\n        ;(function (jQuery) {\r\n            jQuery('.swipebox').swipebox({\r\n                hideBarsDelay: 0,\r\n                hideCloseButtonOnMobile: false,\r\n            });\r\n        })(jQuery);\r\n\r\n        jQuery('.gallery1').imagesLoaded(function () {\r\n            jQuery('.gallery1').masonry({\r\n                itemSelector: '.wl-gallery',\r\n                isAnimated: true,\r\n                isFitWidth: true\r\n            });\r\n        });\r\n    <\/script> -->\r\n\r\n\t\n","protected":false},"excerpt":{"rendered":"<p>Nasci em abril de 1957 na vila de Oliveirinha da cidade de Aveiro. As minhas fotografias representam o meu olhar pelas paisagens que visito, os [&#8230;]<\/p>\n","protected":false},"author":3,"featured_media":0,"parent":0,"menu_order":0,"comment_status":"closed","ping_status":"closed","template":"","meta":{"footnotes":""},"class_list":["post-2469","page","type-page","status-publish","hentry"],"post_mailing_queue_ids":[],"_links":{"self":[{"href":"https:\/\/momentosdenatureza.web.ua.pt\/index.php\/wp-json\/wp\/v2\/pages\/2469","targetHints":{"allow":["GET"]}}],"collection":[{"href":"https:\/\/momentosdenatureza.web.ua.pt\/index.php\/wp-json\/wp\/v2\/pages"}],"about":[{"href":"https:\/\/momentosdenatureza.web.ua.pt\/index.php\/wp-json\/wp\/v2\/types\/page"}],"author":[{"embeddable":true,"href":"https:\/\/momentosdenatureza.web.ua.pt\/index.php\/wp-json\/wp\/v2\/users\/3"}],"replies":[{"embeddable":true,"href":"https:\/\/momentosdenatureza.web.ua.pt\/index.php\/wp-json\/wp\/v2\/comments?post=2469"}],"version-history":[{"count":3,"href":"https:\/\/momentosdenatureza.web.ua.pt\/index.php\/wp-json\/wp\/v2\/pages\/2469\/revisions"}],"predecessor-version":[{"id":2813,"href":"https:\/\/momentosdenatureza.web.ua.pt\/index.php\/wp-json\/wp\/v2\/pages\/2469\/revisions\/2813"}],"wp:attachment":[{"href":"https:\/\/momentosdenatureza.web.ua.pt\/index.php\/wp-json\/wp\/v2\/media?parent=2469"}],"curies":[{"name":"wp","href":"https:\/\/api.w.org\/{rel}","templated":true}]}}