{"id":2577,"date":"2019-11-23T08:34:21","date_gmt":"2019-11-23T08:34:21","guid":{"rendered":"http:\/\/momentosdenatureza.web.ua.pt\/?page_id=2577"},"modified":"2019-11-28T21:52:31","modified_gmt":"2019-11-28T21:52:31","slug":"joao-quintela-2019","status":"publish","type":"page","link":"https:\/\/momentosdenatureza.web.ua.pt\/index.php\/joao-quintela-2019\/","title":{"rendered":"Jo\u00e3o Quintela &#8211; 2019"},"content":{"rendered":"<p><b>Jo\u00e3o Quintela<\/b> <br \/>\nNasci em Lisboa em mar\u00e7o de 1969. <br \/>\nDesde muito novo me interessei pela fotografia, com especial incid\u00eancia na Fotografia de Natureza. <br \/>\nFrequentei a escola AR. CO em 1994\/5 onde frequentei o Curso de Fotografia \u2013 apenas terminei a fase de inicia\u00e7\u00e3o. <br \/>\nDesde h\u00e1 bastante tempo que me tenho dedicado em exclusivo \u00e0 fotografia de paisagem, quer na sua vertente \u201ctradicional\u201d, ampla, quer numa vis\u00e3o mais minimalista, intimista. <\/p>\n<p><a href=\"http:\/\/www.facebook.com\/joaoquintelafotografia\" target=\"_blanc\">www.facebook.com\/joaoquintelafotografia <\/a><br \/>\n<br \/>\n<a href=\"https:\/\/joaoquintela.wixsite.com\/fotografia\" target=\"_blanc\">https:\/\/joaoquintela.wixsite.com\/fotografia <\/a>\n<\/p>\n<hr>\n\r\n    <style>\r\n        #weblizar_2819 .wrgf-header-label {\r\n            color: #FFFFFF !important;\r\n        }\r\n\r\n        #weblizar_2819 .wrgf-footer-label {\r\n            color: #000000 !important;\r\n            font-size: 16px;\r\n            margin-bottom: 5px;\r\n            margin-top: 5px;\r\n            text-align: center;\r\n            font-weight: normal;\r\n        }\r\n\r\n        #weblizar_2819 .b-link-stroke .b-top-line {\r\n            background: rgba(10, 194, 210, 0.5);\r\n        }\r\n\r\n        #weblizar_2819 .b-link-stroke .b-bottom-line {\r\n            background: rgba(10, 194, 210, 0.5);\r\n        }\r\n\r\n        #weblizar_2819 .b-wrapper {\r\n            font-family: Arial;\r\n        \/ \/ real name pass here\r\n        }\r\n\r\n        #weblizar_2819 .wrgf-header-label {\r\n            font-family: Arial !important;\r\n        \/ \/ real name pass here\r\n        }\r\n\r\n        #weblizar_2819 .wrgf-footer-label {\r\n            font-family: Arial !important;\r\n        \/ \/ real name pass here\r\n        }\r\n\r\n        @media (min-width: 992px) {\r\n            .col-md-6 {\r\n                width: 48% !important;\r\n                padding-right: 5px;\r\n                padding-left: 5px;\r\n                float: left;\r\n            }\r\n\r\n            .col-md-4 {\r\n                width: 33.30% !important;\r\n                padding-right: 10px;\r\n                padding-left: 10px;\r\n            }\r\n\r\n            .col-md-3 {\r\n                width: 24.90% !important;\r\n                padding-right: 10px;\r\n                padding-left: 10px;\r\n            }\r\n        }\r\n\r\n                #weblizar_2819 .wrgf-header-label {\r\n            display: none;\r\n        }\r\n\r\n                #weblizar_2819 a {\r\n            border-bottom: none;\r\n            overflow: hidden;\r\n            float: left;\r\n            margin-right: 0px;\r\n            padding-left: 0px;\r\n        }        \r\n\r\n            <\/style>\r\n\r\n\t    <div class=\"gal-container\">\r\n\t\t            <!--get the post id-->\r\n\t\t\t\r\n\t\t\t                <!-- gallery title -->\r\n                <div style=\"font-weight: bolder; padding-bottom:10px; border-bottom:2px solid #cccccc; margin-bottom:20px; font-size:24px; font-family: Arial\">\r\n\t\t\t\t\t                <\/div>\r\n\t\t\t\r\n            <div class=\"gallery1\" id=\"weblizar_2819\">\r\n\t\t\t\t                    <div class=\"col-md-6 col-sm-6 wl-gallery\">\r\n                        <div class=\"b-link-stroke b-animate-go\">\r\n\r\n\t\t\t\t\t\t\t                            <a alt=\"\u00c1gua Corrente\" class=\"swipebox\" href=\"http:\/\/momentosdenatureza.web.ua.pt\/wp-content\/uploads\/2019\/11\/19.jpg\"\r\n                               title=\"\u00c1gua Corrente\">\r\n                                <img decoding=\"async\" src=\"http:\/\/momentosdenatureza.web.ua.pt\/wp-content\/uploads\/2019\/11\/19-500x500.jpg\" class=\"gall-img-responsive\"\r\n                                     alt=\"\u00c1gua Corrente\">\r\n                                <div class=\"b-wrapper\">\r\n\t\t\t\t\t\t\t\t\t\t\t\t\t\t\t\t\t\t\t                                            <h2 class=\"b-from-left b-animate b-delay03 wrgf-header-label\">\u00c1gua Corrente <\/h2>\r\n\t\t\t\t\t\t\t\t\t\t\t\t\t\t\t\t\t\t\t                                <\/div>\r\n                            <\/a>\r\n\t\t\t\t\t\t\t                        <\/div>\r\n\t\t\t\t\t\t                            <h4 class=\"wrgf-footer-label\">\u00c1gua Corrente<\/h4>\r\n\t\t\t\t\t\t                    <\/div>\r\n\t\t\t\t\t                    <div class=\"col-md-6 col-sm-6 wl-gallery\">\r\n                        <div class=\"b-link-stroke b-animate-go\">\r\n\r\n\t\t\t\t\t\t\t                            <a alt=\"B\u00e9tulas na Laguna\" class=\"swipebox\" href=\"http:\/\/momentosdenatureza.web.ua.pt\/wp-content\/uploads\/2019\/11\/5.jpg\"\r\n                               title=\"B\u00e9tulas na Laguna\">\r\n                                <img decoding=\"async\" src=\"http:\/\/momentosdenatureza.web.ua.pt\/wp-content\/uploads\/2019\/11\/5-500x500.jpg\" class=\"gall-img-responsive\"\r\n                                     alt=\"B\u00e9tulas na Laguna\">\r\n                                <div class=\"b-wrapper\">\r\n\t\t\t\t\t\t\t\t\t\t\t\t\t\t\t\t\t\t\t                                            <h2 class=\"b-from-left b-animate b-delay03 wrgf-header-label\">B\u00e9tulas na Laguna <\/h2>\r\n\t\t\t\t\t\t\t\t\t\t\t\t\t\t\t\t\t\t\t                                <\/div>\r\n                            <\/a>\r\n\t\t\t\t\t\t\t                        <\/div>\r\n\t\t\t\t\t\t                            <h4 class=\"wrgf-footer-label\">B\u00e9tulas na Laguna<\/h4>\r\n\t\t\t\t\t\t                    <\/div>\r\n\t\t\t\t\t                    <div class=\"col-md-6 col-sm-6 wl-gallery\">\r\n                        <div class=\"b-link-stroke b-animate-go\">\r\n\r\n\t\t\t\t\t\t\t                            <a alt=\"A calma depois da tempestade\" class=\"swipebox\" href=\"http:\/\/momentosdenatureza.web.ua.pt\/wp-content\/uploads\/2019\/11\/14.jpg\"\r\n                               title=\"A calma depois da tempestade\">\r\n                                <img decoding=\"async\" src=\"http:\/\/momentosdenatureza.web.ua.pt\/wp-content\/uploads\/2019\/11\/14-500x500.jpg\" class=\"gall-img-responsive\"\r\n                                     alt=\"A calma depois da tempestade\">\r\n                                <div class=\"b-wrapper\">\r\n\t\t\t\t\t\t\t\t\t\t\t\t\t\t\t\t\t\t\t                                            <h2 class=\"b-from-left b-animate b-delay03 wrgf-header-label\">A calma depois da tempestade <\/h2>\r\n\t\t\t\t\t\t\t\t\t\t\t\t\t\t\t\t\t\t\t                                <\/div>\r\n                            <\/a>\r\n\t\t\t\t\t\t\t                        <\/div>\r\n\t\t\t\t\t\t                            <h4 class=\"wrgf-footer-label\">A calma depois da tempestade<\/h4>\r\n\t\t\t\t\t\t                    <\/div>\r\n\t\t\t\t\t                    <div class=\"col-md-6 col-sm-6 wl-gallery\">\r\n                        <div class=\"b-link-stroke b-animate-go\">\r\n\r\n\t\t\t\t\t\t\t                            <a alt=\"Ondula\u00e7\u00e3o ao crep\u00fasculo #2\" class=\"swipebox\" href=\"http:\/\/momentosdenatureza.web.ua.pt\/wp-content\/uploads\/2019\/11\/18.jpg\"\r\n                               title=\"Ondula\u00e7\u00e3o ao crep\u00fasculo #2\">\r\n                                <img decoding=\"async\" src=\"http:\/\/momentosdenatureza.web.ua.pt\/wp-content\/uploads\/2019\/11\/18-500x500.jpg\" class=\"gall-img-responsive\"\r\n                                     alt=\"Ondula\u00e7\u00e3o ao crep\u00fasculo #2\">\r\n                                <div class=\"b-wrapper\">\r\n\t\t\t\t\t\t\t\t\t\t\t\t\t\t\t\t\t\t\t                                            <h2 class=\"b-from-left b-animate b-delay03 wrgf-header-label\">Ondula\u00e7\u00e3o ao crep\u00fasculo #2 <\/h2>\r\n\t\t\t\t\t\t\t\t\t\t\t\t\t\t\t\t\t\t\t                                <\/div>\r\n                            <\/a>\r\n\t\t\t\t\t\t\t                        <\/div>\r\n\t\t\t\t\t\t                            <h4 class=\"wrgf-footer-label\">Ondula\u00e7\u00e3o ao crep\u00fasculo #2<\/h4>\r\n\t\t\t\t\t\t                    <\/div>\r\n\t\t\t\t\t                    <div class=\"col-md-6 col-sm-6 wl-gallery\">\r\n                        <div class=\"b-link-stroke b-animate-go\">\r\n\r\n\t\t\t\t\t\t\t                            <a alt=\"Outono na Lagoa\" class=\"swipebox\" href=\"http:\/\/momentosdenatureza.web.ua.pt\/wp-content\/uploads\/2019\/11\/16.jpg\"\r\n                               title=\"Outono na Lagoa\">\r\n                                <img decoding=\"async\" src=\"http:\/\/momentosdenatureza.web.ua.pt\/wp-content\/uploads\/2019\/11\/16-500x500.jpg\" class=\"gall-img-responsive\"\r\n                                     alt=\"Outono na Lagoa\">\r\n                                <div class=\"b-wrapper\">\r\n\t\t\t\t\t\t\t\t\t\t\t\t\t\t\t\t\t\t\t                                            <h2 class=\"b-from-left b-animate b-delay03 wrgf-header-label\">Outono na Lagoa <\/h2>\r\n\t\t\t\t\t\t\t\t\t\t\t\t\t\t\t\t\t\t\t                                <\/div>\r\n                            <\/a>\r\n\t\t\t\t\t\t\t                        <\/div>\r\n\t\t\t\t\t\t                            <h4 class=\"wrgf-footer-label\">Outono na Lagoa<\/h4>\r\n\t\t\t\t\t\t                    <\/div>\r\n\t\t\t\t\t                    <div class=\"col-md-6 col-sm-6 wl-gallery\">\r\n                        <div class=\"b-link-stroke b-animate-go\">\r\n\r\n\t\t\t\t\t\t\t                            <a alt=\"O covil do Drag\u00e3o\" class=\"swipebox\" href=\"http:\/\/momentosdenatureza.web.ua.pt\/wp-content\/uploads\/2019\/11\/11.jpg\"\r\n                               title=\"O covil do Drag\u00e3o\">\r\n                                <img decoding=\"async\" src=\"http:\/\/momentosdenatureza.web.ua.pt\/wp-content\/uploads\/2019\/11\/11-500x500.jpg\" class=\"gall-img-responsive\"\r\n                                     alt=\"O covil do Drag\u00e3o\">\r\n                                <div class=\"b-wrapper\">\r\n\t\t\t\t\t\t\t\t\t\t\t\t\t\t\t\t\t\t\t                                            <h2 class=\"b-from-left b-animate b-delay03 wrgf-header-label\">O covil do Drag\u00e3o <\/h2>\r\n\t\t\t\t\t\t\t\t\t\t\t\t\t\t\t\t\t\t\t                                <\/div>\r\n                            <\/a>\r\n\t\t\t\t\t\t\t                        <\/div>\r\n\t\t\t\t\t\t                            <h4 class=\"wrgf-footer-label\">O covil do Drag\u00e3o<\/h4>\r\n\t\t\t\t\t\t                    <\/div>\r\n\t\t\t\t\t            <\/div>\r\n\t\t    <\/div>\r\n\r\n    <!-- swipe box-->\r\n    <script type=\"text\/javascript\">\r\n      (function (jQuery) {\r\n\t\t\tjQuery(window).imagesLoaded(function () {\r\n\t\t\tjQuery( window ).load(function() {\r\n   \t\t\tjQuery('.gallery1').masonry({\r\n                itemSelector: '.wl-gallery',\r\n                isAnimated: true,\r\n                isFitWidth: true\r\n            });\r\n\t\t}); });\r\n\t\t\t\/\/ jQuery('.gallery1').imagesLoaded(function () {\r\n   \/\/          jQuery('.gallery1').masonry({\r\n   \/\/              itemSelector: '.wl-gallery',\r\n   \/\/              isAnimated: true,\r\n   \/\/              isFitWidth: true\r\n   \/\/          });\r\n   \/\/      });\r\n        \tjQuery('.swipebox').imagesLoaded(function () {\r\n            jQuery('.swipebox').swipebox({\r\n                hideBarsDelay: 0,\r\n                hideCloseButtonOnMobile: false,\r\n            });\r\n             });\r\n\/\/         \t     jQuery('.gallery1').imagesLoaded(function () {\r\n\/\/             jQuery('.gallery1').masonry({\r\n\/\/                 itemSelector: '.wl-gallery',\r\n\/\/                 isAnimated: true,\r\n\/\/                 isFitWidth: true\r\n\/\/             });\r\n\/\/         });\r\n        })(jQuery);\r\n\r\n        \/\/ jQuery('.gallery1').imagesLoaded(function () {\r\n        \/\/     jQuery('.gallery1').masonry({\r\n        \/\/         itemSelector: '.wl-gallery',\r\n        \/\/         isAnimated: true,\r\n        \/\/         isFitWidth: true\r\n        \/\/     });\r\n        \/\/ });\r\n    <\/script> \r\n   <!--  <script type=\"text\/javascript\">\r\n        ;(function (jQuery) {\r\n            jQuery('.swipebox').swipebox({\r\n                hideBarsDelay: 0,\r\n                hideCloseButtonOnMobile: false,\r\n            });\r\n        })(jQuery);\r\n\r\n        jQuery('.gallery1').imagesLoaded(function () {\r\n            jQuery('.gallery1').masonry({\r\n                itemSelector: '.wl-gallery',\r\n                isAnimated: true,\r\n                isFitWidth: true\r\n            });\r\n        });\r\n    <\/script> -->\r\n\r\n\t\n","protected":false},"excerpt":{"rendered":"<p>Jo\u00e3o Quintela Nasci em Lisboa em mar\u00e7o de 1969. Desde muito novo me interessei pela fotografia, com especial incid\u00eancia na Fotografia de Natureza. Frequentei a [&#8230;]<\/p>\n","protected":false},"author":3,"featured_media":0,"parent":0,"menu_order":0,"comment_status":"closed","ping_status":"closed","template":"","meta":{"footnotes":""},"class_list":["post-2577","page","type-page","status-publish","hentry"],"post_mailing_queue_ids":[],"_links":{"self":[{"href":"https:\/\/momentosdenatureza.web.ua.pt\/index.php\/wp-json\/wp\/v2\/pages\/2577","targetHints":{"allow":["GET"]}}],"collection":[{"href":"https:\/\/momentosdenatureza.web.ua.pt\/index.php\/wp-json\/wp\/v2\/pages"}],"about":[{"href":"https:\/\/momentosdenatureza.web.ua.pt\/index.php\/wp-json\/wp\/v2\/types\/page"}],"author":[{"embeddable":true,"href":"https:\/\/momentosdenatureza.web.ua.pt\/index.php\/wp-json\/wp\/v2\/users\/3"}],"replies":[{"embeddable":true,"href":"https:\/\/momentosdenatureza.web.ua.pt\/index.php\/wp-json\/wp\/v2\/comments?post=2577"}],"version-history":[{"count":2,"href":"https:\/\/momentosdenatureza.web.ua.pt\/index.php\/wp-json\/wp\/v2\/pages\/2577\/revisions"}],"predecessor-version":[{"id":2821,"href":"https:\/\/momentosdenatureza.web.ua.pt\/index.php\/wp-json\/wp\/v2\/pages\/2577\/revisions\/2821"}],"wp:attachment":[{"href":"https:\/\/momentosdenatureza.web.ua.pt\/index.php\/wp-json\/wp\/v2\/media?parent=2577"}],"curies":[{"name":"wp","href":"https:\/\/api.w.org\/{rel}","templated":true}]}}