{"id":2645,"date":"2019-11-25T16:16:38","date_gmt":"2019-11-25T16:16:38","guid":{"rendered":"http:\/\/momentosdenatureza.web.ua.pt\/?page_id=2645"},"modified":"2019-11-28T21:44:37","modified_gmt":"2019-11-28T21:44:37","slug":"aldiro-pereira-2019","status":"publish","type":"page","link":"https:\/\/momentosdenatureza.web.ua.pt\/index.php\/aldiro-pereira-2019\/","title":{"rendered":"Aldiro Pereira &#8211; 2019"},"content":{"rendered":"<table>\n<tr>\n<td>\n<b>QUEM SOU:<\/b><br \/>\n<b>Nome<\/b>: Aldiro Bastos Pereira<br \/>\n<b>Morada<\/b>: S. Marcos &#8211; Albergaria-a-Velha<br \/>\n<b>Data de Nascimento:<\/b> 18 de Setembro de 1956<br \/>\n<b>Profiss\u00e3o:<\/b> Funcion\u00e1rio no Departamento de Biologia da Universidade de Aveiro<br \/>\n<b>Contacto e-mail:<\/b> <a href=\"mailto:aldiro@ua.pt\">aldiro@ua.pt<\/a>\n<\/td>\n<td>\n<img loading=\"lazy\" decoding=\"async\" src=\"http:\/\/momentosdenatureza.web.ua.pt\/wp-content\/uploads\/2018\/04\/Imgp2345-199x300.jpg\" alt=\"\" width=\"199\" height=\"300\" class=\"alignnone size-medium wp-image-1067\" srcset=\"https:\/\/momentosdenatureza.web.ua.pt\/wp-content\/uploads\/2018\/04\/Imgp2345-199x300.jpg 199w, https:\/\/momentosdenatureza.web.ua.pt\/wp-content\/uploads\/2018\/04\/Imgp2345-768x1155.jpg 768w, https:\/\/momentosdenatureza.web.ua.pt\/wp-content\/uploads\/2018\/04\/Imgp2345-681x1024.jpg 681w, https:\/\/momentosdenatureza.web.ua.pt\/wp-content\/uploads\/2018\/04\/Imgp2345-180x270.jpg 180w, https:\/\/momentosdenatureza.web.ua.pt\/wp-content\/uploads\/2018\/04\/Imgp2345.jpg 2000w\" sizes=\"auto, (max-width: 199px) 100vw, 199px\" \/>\n<\/td>\n<\/tr>\n<\/table>\n<p><b>Apresenta\u00e7\u00e3o: <\/b><br \/>\nComecei desde muito jovem, tal como muitos de n\u00f3s, a fotografar de tudo um pouco. Naturalmente que as fotos de cenas familiares e paisagem eram as mais privilegiadas. As cr\u00edticas j\u00e1 nessa altura eram encorajadoras do tipo, afinal n\u00e3o cortastes nada, afinal tens algum jeito. \u00c9 claro que esses coment\u00e1rios ao longo dos tempos contribu\u00edram, de algum modo, para me influenciar a investir um pouco mais em termos de equipamento e acabaram tamb\u00e9m por me incutir ainda mais o gosto pela fotografia.<br \/>\nAtualmente, os motivos que procuro para as minhas fotografias, est\u00e3o bem definidos, e admito que foram influenciados pela \u00e1rea profissional que exer\u00e7o no Departamento de Biologia da Universidade de Aveiro. De facto, foi aqui neste Departamento que fiquei, por assim dizer, cativado pelos motivos que a natureza nos oferece, especialmente fotografia de pormenor (macro) que nunca mais parei de fazer at\u00e9 hoje.<br \/>\nUm dos meus grandes objetivos \u00e9 mostrar aquilo que poucos de n\u00f3s consegue ver e tentar explicar de uma forma que todos percebam.<br \/>\nNaturalmente que n\u00e3o tenho a m\u00ednima inten\u00e7\u00e3o de querer \u201cimpor\u201d imagens de grandes atributos cient\u00edficos e muito menos art\u00edsticos, a op\u00e7\u00e3o \u00e9 mostrar algumas imagens que podem ser agrad\u00e1veis aos nossos olhos, tendo apenas como pretens\u00e3o tentar uma sensibiliza\u00e7\u00e3o coletiva para &#8220;um olhar mais atento&#8221; ao meio ambiente que nos rodeia, talvez, com uma outra atitude. Quem sabe, talvez com a pretens\u00e3o de poder contribuir para alterar a nossa posi\u00e7\u00e3o face ao delicado equil\u00edbrio que nos rodeia, e sobretudo, para que palavras como protec\u00e7\u00e3o e preserva\u00e7\u00e3o n\u00e3o continuem a ser apenas palavras. <br \/>\nQuem sabe&#8230;\n<\/p>\n<hr>\n\r\n    <style>\r\n        #weblizar_2815 .wrgf-header-label {\r\n            color: #FFFFFF !important;\r\n        }\r\n\r\n        #weblizar_2815 .wrgf-footer-label {\r\n            color: #000000 !important;\r\n            font-size: 16px;\r\n            margin-bottom: 5px;\r\n            margin-top: 5px;\r\n            text-align: center;\r\n            font-weight: normal;\r\n        }\r\n\r\n        #weblizar_2815 .b-link-stroke .b-top-line {\r\n            background: rgba(10, 194, 210, 0.5);\r\n        }\r\n\r\n        #weblizar_2815 .b-link-stroke .b-bottom-line {\r\n            background: rgba(10, 194, 210, 0.5);\r\n        }\r\n\r\n        #weblizar_2815 .b-wrapper {\r\n            font-family: Arial;\r\n        \/ \/ real name pass here\r\n        }\r\n\r\n        #weblizar_2815 .wrgf-header-label {\r\n            font-family: Arial !important;\r\n        \/ \/ real name pass here\r\n        }\r\n\r\n        #weblizar_2815 .wrgf-footer-label {\r\n            font-family: Arial !important;\r\n        \/ \/ real name pass here\r\n        }\r\n\r\n        @media (min-width: 992px) {\r\n            .col-md-6 {\r\n                width: 48% !important;\r\n                padding-right: 5px;\r\n                padding-left: 5px;\r\n                float: left;\r\n            }\r\n\r\n            .col-md-4 {\r\n                width: 33.30% !important;\r\n                padding-right: 10px;\r\n                padding-left: 10px;\r\n            }\r\n\r\n            .col-md-3 {\r\n                width: 24.90% !important;\r\n                padding-right: 10px;\r\n                padding-left: 10px;\r\n            }\r\n        }\r\n\r\n                #weblizar_2815 .wrgf-header-label {\r\n            display: none;\r\n        }\r\n\r\n                #weblizar_2815 a {\r\n            border-bottom: none;\r\n            overflow: hidden;\r\n            float: left;\r\n            margin-right: 0px;\r\n            padding-left: 0px;\r\n        }        \r\n\r\n            <\/style>\r\n\r\n\t    <div class=\"gal-container\">\r\n\t\t            <!--get the post id-->\r\n\t\t\t\r\n\t\t\t                <!-- gallery title -->\r\n                <div style=\"font-weight: bolder; padding-bottom:10px; border-bottom:2px solid #cccccc; margin-bottom:20px; font-size:24px; font-family: Arial\">\r\n\t\t\t\t\t2019 &#8211; Aldiro                <\/div>\r\n\t\t\t\r\n            <div class=\"gallery1\" id=\"weblizar_2815\">\r\n\t\t\t\t                    <div class=\"col-md-6 col-sm-6 wl-gallery\">\r\n                        <div class=\"b-link-stroke b-animate-go\">\r\n\r\n\t\t\t\t\t\t\t                            <a alt=\"Tricoptero\" class=\"swipebox\" href=\"http:\/\/momentosdenatureza.web.ua.pt\/wp-content\/uploads\/2019\/11\/image006.jpg\"\r\n                               title=\"Tricoptero\">\r\n                                <img decoding=\"async\" src=\"http:\/\/momentosdenatureza.web.ua.pt\/wp-content\/uploads\/2019\/11\/image006-500x465.jpg\" class=\"gall-img-responsive\"\r\n                                     alt=\"Tricoptero\">\r\n                                <div class=\"b-wrapper\">\r\n\t\t\t\t\t\t\t\t\t\t\t\t\t\t\t\t\t\t\t                                            <h2 class=\"b-from-left b-animate b-delay03 wrgf-header-label\">Tricoptero <\/h2>\r\n\t\t\t\t\t\t\t\t\t\t\t\t\t\t\t\t\t\t\t                                <\/div>\r\n                            <\/a>\r\n\t\t\t\t\t\t\t                        <\/div>\r\n\t\t\t\t\t\t                            <h4 class=\"wrgf-footer-label\">Tricoptero<\/h4>\r\n\t\t\t\t\t\t                    <\/div>\r\n\t\t\t\t\t                    <div class=\"col-md-6 col-sm-6 wl-gallery\">\r\n                        <div class=\"b-link-stroke b-animate-go\">\r\n\r\n\t\t\t\t\t\t\t                            <a alt=\"Membrac\u00eddeo\" class=\"swipebox\" href=\"http:\/\/momentosdenatureza.web.ua.pt\/wp-content\/uploads\/2019\/11\/image001.jpg\"\r\n                               title=\"Membrac\u00eddeo\">\r\n                                <img decoding=\"async\" src=\"http:\/\/momentosdenatureza.web.ua.pt\/wp-content\/uploads\/2019\/11\/image001-500x465.jpg\" class=\"gall-img-responsive\"\r\n                                     alt=\"Membrac\u00eddeo\">\r\n                                <div class=\"b-wrapper\">\r\n\t\t\t\t\t\t\t\t\t\t\t\t\t\t\t\t\t\t\t                                            <h2 class=\"b-from-left b-animate b-delay03 wrgf-header-label\">Membrac\u00eddeo <\/h2>\r\n\t\t\t\t\t\t\t\t\t\t\t\t\t\t\t\t\t\t\t                                <\/div>\r\n                            <\/a>\r\n\t\t\t\t\t\t\t                        <\/div>\r\n\t\t\t\t\t\t                            <h4 class=\"wrgf-footer-label\">Membrac\u00eddeo<\/h4>\r\n\t\t\t\t\t\t                    <\/div>\r\n\t\t\t\t\t                    <div class=\"col-md-6 col-sm-6 wl-gallery\">\r\n                        <div class=\"b-link-stroke b-animate-go\">\r\n\r\n\t\t\t\t\t\t\t                            <a alt=\"Gafanhoto\" class=\"swipebox\" href=\"http:\/\/momentosdenatureza.web.ua.pt\/wp-content\/uploads\/2019\/11\/image002.jpg\"\r\n                               title=\"Gafanhoto\">\r\n                                <img decoding=\"async\" src=\"http:\/\/momentosdenatureza.web.ua.pt\/wp-content\/uploads\/2019\/11\/image002-500x465.jpg\" class=\"gall-img-responsive\"\r\n                                     alt=\"Gafanhoto\">\r\n                                <div class=\"b-wrapper\">\r\n\t\t\t\t\t\t\t\t\t\t\t\t\t\t\t\t\t\t\t                                            <h2 class=\"b-from-left b-animate b-delay03 wrgf-header-label\">Gafanhoto <\/h2>\r\n\t\t\t\t\t\t\t\t\t\t\t\t\t\t\t\t\t\t\t                                <\/div>\r\n                            <\/a>\r\n\t\t\t\t\t\t\t                        <\/div>\r\n\t\t\t\t\t\t                            <h4 class=\"wrgf-footer-label\">Gafanhoto<\/h4>\r\n\t\t\t\t\t\t                    <\/div>\r\n\t\t\t\t\t                    <div class=\"col-md-6 col-sm-6 wl-gallery\">\r\n                        <div class=\"b-link-stroke b-animate-go\">\r\n\r\n\t\t\t\t\t\t\t                            <a alt=\"BORBOLETA\" class=\"swipebox\" href=\"http:\/\/momentosdenatureza.web.ua.pt\/wp-content\/uploads\/2019\/11\/image005.jpg\"\r\n                               title=\"BORBOLETA\">\r\n                                <img decoding=\"async\" src=\"http:\/\/momentosdenatureza.web.ua.pt\/wp-content\/uploads\/2019\/11\/image005-500x465.jpg\" class=\"gall-img-responsive\"\r\n                                     alt=\"BORBOLETA\">\r\n                                <div class=\"b-wrapper\">\r\n\t\t\t\t\t\t\t\t\t\t\t\t\t\t\t\t\t\t\t                                            <h2 class=\"b-from-left b-animate b-delay03 wrgf-header-label\">BORBOLETA <\/h2>\r\n\t\t\t\t\t\t\t\t\t\t\t\t\t\t\t\t\t\t\t                                <\/div>\r\n                            <\/a>\r\n\t\t\t\t\t\t\t                        <\/div>\r\n\t\t\t\t\t\t                            <h4 class=\"wrgf-footer-label\">BORBOLETA<\/h4>\r\n\t\t\t\t\t\t                    <\/div>\r\n\t\t\t\t\t                    <div class=\"col-md-6 col-sm-6 wl-gallery\">\r\n                        <div class=\"b-link-stroke b-animate-go\">\r\n\r\n\t\t\t\t\t\t\t                            <a alt=\"Mosca\" class=\"swipebox\" href=\"http:\/\/momentosdenatureza.web.ua.pt\/wp-content\/uploads\/2019\/11\/image003.jpg\"\r\n                               title=\"Mosca\">\r\n                                <img decoding=\"async\" src=\"http:\/\/momentosdenatureza.web.ua.pt\/wp-content\/uploads\/2019\/11\/image003-500x456.jpg\" class=\"gall-img-responsive\"\r\n                                     alt=\"Mosca\">\r\n                                <div class=\"b-wrapper\">\r\n\t\t\t\t\t\t\t\t\t\t\t\t\t\t\t\t\t\t\t                                            <h2 class=\"b-from-left b-animate b-delay03 wrgf-header-label\">Mosca <\/h2>\r\n\t\t\t\t\t\t\t\t\t\t\t\t\t\t\t\t\t\t\t                                <\/div>\r\n                            <\/a>\r\n\t\t\t\t\t\t\t                        <\/div>\r\n\t\t\t\t\t\t                            <h4 class=\"wrgf-footer-label\">Mosca<\/h4>\r\n\t\t\t\t\t\t                    <\/div>\r\n\t\t\t\t\t                    <div class=\"col-md-6 col-sm-6 wl-gallery\">\r\n                        <div class=\"b-link-stroke b-animate-go\">\r\n\r\n\t\t\t\t\t\t\t                            <a alt=\"Cole\u00f3ptero\" class=\"swipebox\" href=\"http:\/\/momentosdenatureza.web.ua.pt\/wp-content\/uploads\/2019\/11\/image004.jpg\"\r\n                               title=\"Cole\u00f3ptero\">\r\n                                <img decoding=\"async\" src=\"http:\/\/momentosdenatureza.web.ua.pt\/wp-content\/uploads\/2019\/11\/image004-500x465.jpg\" class=\"gall-img-responsive\"\r\n                                     alt=\"Cole\u00f3ptero\">\r\n                                <div class=\"b-wrapper\">\r\n\t\t\t\t\t\t\t\t\t\t\t\t\t\t\t\t\t\t\t                                            <h2 class=\"b-from-left b-animate b-delay03 wrgf-header-label\">Cole\u00f3ptero <\/h2>\r\n\t\t\t\t\t\t\t\t\t\t\t\t\t\t\t\t\t\t\t                                <\/div>\r\n                            <\/a>\r\n\t\t\t\t\t\t\t                        <\/div>\r\n\t\t\t\t\t\t                            <h4 class=\"wrgf-footer-label\">Cole\u00f3ptero<\/h4>\r\n\t\t\t\t\t\t                    <\/div>\r\n\t\t\t\t\t            <\/div>\r\n\t\t    <\/div>\r\n\r\n    <!-- swipe box-->\r\n    <script type=\"text\/javascript\">\r\n      (function (jQuery) {\r\n\t\t\tjQuery(window).imagesLoaded(function () {\r\n\t\t\tjQuery( window ).load(function() {\r\n   \t\t\tjQuery('.gallery1').masonry({\r\n                itemSelector: '.wl-gallery',\r\n                isAnimated: true,\r\n                isFitWidth: true\r\n            });\r\n\t\t}); });\r\n\t\t\t\/\/ jQuery('.gallery1').imagesLoaded(function () {\r\n   \/\/          jQuery('.gallery1').masonry({\r\n   \/\/              itemSelector: '.wl-gallery',\r\n   \/\/              isAnimated: true,\r\n   \/\/              isFitWidth: true\r\n   \/\/          });\r\n   \/\/      });\r\n        \tjQuery('.swipebox').imagesLoaded(function () {\r\n            jQuery('.swipebox').swipebox({\r\n                hideBarsDelay: 0,\r\n                hideCloseButtonOnMobile: false,\r\n            });\r\n             });\r\n\/\/         \t     jQuery('.gallery1').imagesLoaded(function () {\r\n\/\/             jQuery('.gallery1').masonry({\r\n\/\/                 itemSelector: '.wl-gallery',\r\n\/\/                 isAnimated: true,\r\n\/\/                 isFitWidth: true\r\n\/\/             });\r\n\/\/         });\r\n        })(jQuery);\r\n\r\n        \/\/ jQuery('.gallery1').imagesLoaded(function () {\r\n        \/\/     jQuery('.gallery1').masonry({\r\n        \/\/         itemSelector: '.wl-gallery',\r\n        \/\/         isAnimated: true,\r\n        \/\/         isFitWidth: true\r\n        \/\/     });\r\n        \/\/ });\r\n    <\/script> \r\n   <!--  <script type=\"text\/javascript\">\r\n        ;(function (jQuery) {\r\n            jQuery('.swipebox').swipebox({\r\n                hideBarsDelay: 0,\r\n                hideCloseButtonOnMobile: false,\r\n            });\r\n        })(jQuery);\r\n\r\n        jQuery('.gallery1').imagesLoaded(function () {\r\n            jQuery('.gallery1').masonry({\r\n                itemSelector: '.wl-gallery',\r\n                isAnimated: true,\r\n                isFitWidth: true\r\n            });\r\n        });\r\n    <\/script> -->\r\n\r\n\t\n","protected":false},"excerpt":{"rendered":"<p>QUEM SOU: Nome: Aldiro Bastos Pereira Morada: S. Marcos &#8211; Albergaria-a-Velha Data de Nascimento: 18 de Setembro de 1956 Profiss\u00e3o: Funcion\u00e1rio no Departamento de Biologia [&#8230;]<\/p>\n","protected":false},"author":3,"featured_media":0,"parent":0,"menu_order":0,"comment_status":"closed","ping_status":"closed","template":"","meta":{"footnotes":""},"class_list":["post-2645","page","type-page","status-publish","hentry"],"post_mailing_queue_ids":[],"_links":{"self":[{"href":"https:\/\/momentosdenatureza.web.ua.pt\/index.php\/wp-json\/wp\/v2\/pages\/2645","targetHints":{"allow":["GET"]}}],"collection":[{"href":"https:\/\/momentosdenatureza.web.ua.pt\/index.php\/wp-json\/wp\/v2\/pages"}],"about":[{"href":"https:\/\/momentosdenatureza.web.ua.pt\/index.php\/wp-json\/wp\/v2\/types\/page"}],"author":[{"embeddable":true,"href":"https:\/\/momentosdenatureza.web.ua.pt\/index.php\/wp-json\/wp\/v2\/users\/3"}],"replies":[{"embeddable":true,"href":"https:\/\/momentosdenatureza.web.ua.pt\/index.php\/wp-json\/wp\/v2\/comments?post=2645"}],"version-history":[{"count":3,"href":"https:\/\/momentosdenatureza.web.ua.pt\/index.php\/wp-json\/wp\/v2\/pages\/2645\/revisions"}],"predecessor-version":[{"id":2817,"href":"https:\/\/momentosdenatureza.web.ua.pt\/index.php\/wp-json\/wp\/v2\/pages\/2645\/revisions\/2817"}],"wp:attachment":[{"href":"https:\/\/momentosdenatureza.web.ua.pt\/index.php\/wp-json\/wp\/v2\/media?parent=2645"}],"curies":[{"name":"wp","href":"https:\/\/api.w.org\/{rel}","templated":true}]}}