{"id":303,"date":"2018-03-12T17:20:23","date_gmt":"2018-03-12T17:20:23","guid":{"rendered":"http:\/\/momentosdenatureza.web.ua.pt\/?page_id=303"},"modified":"2018-04-13T12:40:01","modified_gmt":"2018-04-13T12:40:01","slug":"momentos-de-natureza-2017","status":"publish","type":"page","link":"https:\/\/momentosdenatureza.web.ua.pt\/index.php\/exposicoes\/momentos-de-natureza-2017\/","title":{"rendered":"Momentos de Natureza 2017"},"content":{"rendered":"<p>Exposi\u00e7\u00e3o coletiva<br \/>\ndata: de 5 a 30 junho de 2017<br \/>\nlocal: Sala H\u00e9l\u00e8ne de Beauvoir &#8211; Biblioteca da Universidade de Aveiro<br \/>\nFot\u00f3grafos:<br \/>\n<a href=\"http:\/\/momentosdenatureza.web.ua.pt\/index.php\/aldiro-pereira\/\">Aldiro Pereira<\/a><br \/>\nHelder Bernardo<br \/>\n<a href=\"http:\/\/momentosdenatureza.web.ua.pt\/index.php\/joao-quintela\/\">Jo\u00e3o Quintela<\/a><br \/>\n<a href=\"http:\/\/momentosdenatureza.web.ua.pt\/index.php\/pedro-g-prata\/\">Pedro G. Prata<\/a><br \/>\n<a href=\"http:\/\/momentosdenatureza.web.ua.pt\/index.php\/tovieira-a-poesia-da-cor\/\">T\u00f3 Vieira<\/a><\/p>\n","protected":false},"excerpt":{"rendered":"<p>Exposi\u00e7\u00e3o coletiva data: de 5 a 30 junho de 2017 local: Sala H\u00e9l\u00e8ne de Beauvoir &#8211; Biblioteca da Universidade de Aveiro Fot\u00f3grafos: Aldiro Pereira Helder [&#8230;]<\/p>\n","protected":false},"author":3,"featured_media":0,"parent":321,"menu_order":2,"comment_status":"closed","ping_status":"closed","template":"","meta":{"footnotes":""},"class_list":["post-303","page","type-page","status-publish","hentry"],"post_mailing_queue_ids":[],"_links":{"self":[{"href":"https:\/\/momentosdenatureza.web.ua.pt\/index.php\/wp-json\/wp\/v2\/pages\/303","targetHints":{"allow":["GET"]}}],"collection":[{"href":"https:\/\/momentosdenatureza.web.ua.pt\/index.php\/wp-json\/wp\/v2\/pages"}],"about":[{"href":"https:\/\/momentosdenatureza.web.ua.pt\/index.php\/wp-json\/wp\/v2\/types\/page"}],"author":[{"embeddable":true,"href":"https:\/\/momentosdenatureza.web.ua.pt\/index.php\/wp-json\/wp\/v2\/users\/3"}],"replies":[{"embeddable":true,"href":"https:\/\/momentosdenatureza.web.ua.pt\/index.php\/wp-json\/wp\/v2\/comments?post=303"}],"version-history":[{"count":7,"href":"https:\/\/momentosdenatureza.web.ua.pt\/index.php\/wp-json\/wp\/v2\/pages\/303\/revisions"}],"predecessor-version":[{"id":1064,"href":"https:\/\/momentosdenatureza.web.ua.pt\/index.php\/wp-json\/wp\/v2\/pages\/303\/revisions\/1064"}],"up":[{"embeddable":true,"href":"https:\/\/momentosdenatureza.web.ua.pt\/index.php\/wp-json\/wp\/v2\/pages\/321"}],"wp:attachment":[{"href":"https:\/\/momentosdenatureza.web.ua.pt\/index.php\/wp-json\/wp\/v2\/media?parent=303"}],"curies":[{"name":"wp","href":"https:\/\/api.w.org\/{rel}","templated":true}]}}