{"id":3479,"date":"2020-01-16T23:32:36","date_gmt":"2020-01-16T23:32:36","guid":{"rendered":"http:\/\/momentosdenatureza.web.ua.pt\/?page_id=3479"},"modified":"2020-01-16T23:33:04","modified_gmt":"2020-01-16T23:33:04","slug":"bio-momentos-2020","status":"publish","type":"page","link":"https:\/\/momentosdenatureza.web.ua.pt\/index.php\/bio-momentos-2020\/","title":{"rendered":"BIO momentos 2020"},"content":{"rendered":"<p><em><strong>Exposi\u00e7\u00e3o coletiva<\/strong><\/em><\/p>\n<p><em>data<\/em>: <strong>de 15 de janeiro 2020 a 11\u00a0de mar\u00e7o de 2020<\/strong><br \/>\n<em>local<\/em>: <strong>Nicho Expositivo DBIO<\/strong><\/p>\n<p><em><strong>Fot\u00f3grafos:<\/strong><\/em><\/p>\n<p><a href=\"http:\/\/momentosdenatureza.web.ua.pt\/index.php\/aldiro-pereira-2019\/\">Aldiro Pereira<\/a><br \/>\nHelder Bernardo<br \/>\n<a href=\"http:\/\/momentosdenatureza.web.ua.pt\/index.php\/joao-quintela-2019\/\">Jo\u00e3o Quintela<\/a><br \/>\n<a href=\" http:\/\/momentosdenatureza.web.ua.pt\/index.php\/to-vieira-bio-momentos-2020\/ \">T\u00f3 Vieira<\/a><br \/>\nPedro G. Prata<br \/>\n<a href=\"http:\/\/momentosdenatureza.web.ua.pt\/index.php\/lisia-lopes\/\">L\u00edsia Lopes (fotografo convidado)<\/a><br \/>\n<a href=\"http:\/\/momentosdenatureza.web.ua.pt\/index.php\/paulojorge\/\">Paulo Jorge Ferreira<\/a> (fotografo convidado)<\/p>\n","protected":false},"excerpt":{"rendered":"<p>Exposi\u00e7\u00e3o coletiva data: de 15 de janeiro 2020 a 11\u00a0de mar\u00e7o de 2020 local: Nicho Expositivo DBIO Fot\u00f3grafos: Aldiro Pereira Helder Bernardo Jo\u00e3o Quintela T\u00f3 [&#8230;]<\/p>\n","protected":false},"author":3,"featured_media":0,"parent":0,"menu_order":0,"comment_status":"closed","ping_status":"closed","template":"","meta":{"footnotes":""},"class_list":["post-3479","page","type-page","status-publish","hentry"],"post_mailing_queue_ids":[],"_links":{"self":[{"href":"https:\/\/momentosdenatureza.web.ua.pt\/index.php\/wp-json\/wp\/v2\/pages\/3479","targetHints":{"allow":["GET"]}}],"collection":[{"href":"https:\/\/momentosdenatureza.web.ua.pt\/index.php\/wp-json\/wp\/v2\/pages"}],"about":[{"href":"https:\/\/momentosdenatureza.web.ua.pt\/index.php\/wp-json\/wp\/v2\/types\/page"}],"author":[{"embeddable":true,"href":"https:\/\/momentosdenatureza.web.ua.pt\/index.php\/wp-json\/wp\/v2\/users\/3"}],"replies":[{"embeddable":true,"href":"https:\/\/momentosdenatureza.web.ua.pt\/index.php\/wp-json\/wp\/v2\/comments?post=3479"}],"version-history":[{"count":5,"href":"https:\/\/momentosdenatureza.web.ua.pt\/index.php\/wp-json\/wp\/v2\/pages\/3479\/revisions"}],"predecessor-version":[{"id":3497,"href":"https:\/\/momentosdenatureza.web.ua.pt\/index.php\/wp-json\/wp\/v2\/pages\/3479\/revisions\/3497"}],"wp:attachment":[{"href":"https:\/\/momentosdenatureza.web.ua.pt\/index.php\/wp-json\/wp\/v2\/media?parent=3479"}],"curies":[{"name":"wp","href":"https:\/\/api.w.org\/{rel}","templated":true}]}}