{"id":3610,"date":"2020-12-10T12:13:19","date_gmt":"2020-12-10T12:13:19","guid":{"rendered":"http:\/\/momentosdenatureza.web.ua.pt\/?page_id=3610"},"modified":"2020-12-26T18:57:43","modified_gmt":"2020-12-26T18:57:43","slug":"to-vieira-2020","status":"publish","type":"page","link":"https:\/\/momentosdenatureza.web.ua.pt\/index.php\/to-vieira-2020\/","title":{"rendered":"T\u00f3 Vieira 2020"},"content":{"rendered":"<figure id=\"attachment_1771\" aria-describedby=\"caption-attachment-1771\" style=\"width: 200px\" class=\"wp-caption alignnone\"><img loading=\"lazy\" decoding=\"async\" src=\"http:\/\/momentosdenatureza.web.ua.pt\/wp-content\/uploads\/2018\/04\/DSC4484-200x300.jpg\" alt=\"\" width=\"200\" height=\"300\" class=\"size-medium wp-image-1771\" srcset=\"https:\/\/momentosdenatureza.web.ua.pt\/wp-content\/uploads\/2018\/04\/DSC4484-200x300.jpg 200w, https:\/\/momentosdenatureza.web.ua.pt\/wp-content\/uploads\/2018\/04\/DSC4484-180x270.jpg 180w, https:\/\/momentosdenatureza.web.ua.pt\/wp-content\/uploads\/2018\/04\/DSC4484.jpg 668w\" sizes=\"auto, (max-width: 200px) 100vw, 200px\" \/><figcaption id=\"caption-attachment-1771\" class=\"wp-caption-text\">@tovieira2016<\/figcaption><\/figure>\n<p>Nasci em abril de 1957 na vila de Oliveirinha da cidade de Aveiro.<br \/>\nAs minhas fotografias representam o meu olhar pelas paisagens que visito, os animais e plantas que observo no seu ambiente natural,  assim como momentos e pormenores \u00fanicos aos quais tento dar a minha vis\u00e3o art\u00edstica.<\/p>\n<p><a href=\"http:\/\/www.tovieira.com\" taget=\"_blank\">www.tovieira.com<\/a><\/p>\n<hr>\n<style type=\"text\/css\">\n#foogallery-gallery-3667 .fg-image { width: 150px; }\n#foogallery-gallery-3667 { --fg-gutter: 10px; }<\/style>\n\t\t\t<div class=\"foogallery foogallery-container foogallery-default foogallery-lightbox-foobox fg-center fg-default fg-ready fg-light fg-border-medium fg-round-small fg-shadow-outline fg-shadow-inset-small fg-loading-default fg-loaded-fade-in fg-hover-grayscale fg-hover-scale fg-caption-hover fg-hover-fade fg-hover-zoom fg-light-overlays\" id=\"foogallery-gallery-3667\" data-foogallery=\"{&quot;item&quot;:{&quot;showCaptionTitle&quot;:true,&quot;showCaptionDescription&quot;:true},&quot;lazy&quot;:true}\" style=\"--fg-title-line-clamp: 0; --fg-description-line-clamp: 0;\" >\n\t<div class=\"fg-item fg-type-image fg-idle\"><figure class=\"fg-item-inner\"><a href=\"https:\/\/momentosdenatureza.web.ua.pt\/wp-content\/uploads\/2020\/12\/TVZ2059.jpg\" data-caption-title=\"Lib\u00e9lula\n|Vouzela\" data-caption-desc=\"|1\/100s,f\/14, ISO 400\n|JULHO 2020\n|2020 \u00a9T\u00f3Vieira\" data-attachment-id=\"3658\" data-type=\"image\" class=\"fg-thumb\"><span class=\"fg-image-wrap\"><img decoding=\"async\" title=\"Lib\u00e9lula\n|Vouzela\" width=\"150\" height=\"150\" class=\"skip-lazy fg-image\" data-src-fg=\"https:\/\/momentosdenatureza.web.ua.pt\/wp-content\/uploads\/cache\/2020\/12\/TVZ2059\/835531875.jpg\" src=\"data:image\/svg+xml,%3Csvg%20xmlns%3D%22http%3A%2F%2Fwww.w3.org%2F2000%2Fsvg%22%20width%3D%22150%22%20height%3D%22150%22%20viewBox%3D%220%200%20150%20150%22%3E%3C%2Fsvg%3E\" loading=\"eager\"><\/span><span class=\"fg-image-overlay\"><\/span><\/a><figcaption class=\"fg-caption\"><div class=\"fg-caption-inner\"><div class=\"fg-caption-title\">Lib\u00e9lula\n|Vouzela<\/div><div class=\"fg-caption-desc\">|1\/100s,f\/14, ISO 400\n|JULHO 2020\n|2020 \u00a9T\u00f3Vieira<\/div><\/div><\/figcaption><\/figure><div class=\"fg-loader\"><\/div><\/div><div class=\"fg-item fg-type-image fg-idle\"><figure class=\"fg-item-inner\"><a href=\"https:\/\/momentosdenatureza.web.ua.pt\/wp-content\/uploads\/2020\/12\/TVZ2022.jpg\" data-caption-title=\"Borboleta - Melitaea athalia\n|Vouzela\" data-caption-desc=\"|1\/10s,f\/10, ISO 250, com trip\u00e9\n|JULHO 2020\n|2020 \u00a9T\u00f3Vieira\" data-attachment-id=\"3655\" data-type=\"image\" class=\"fg-thumb\"><span class=\"fg-image-wrap\"><img decoding=\"async\" title=\"Borboleta - Melitaea athalia\n|Vouzela\" width=\"150\" height=\"150\" class=\"skip-lazy fg-image\" data-src-fg=\"https:\/\/momentosdenatureza.web.ua.pt\/wp-content\/uploads\/cache\/2020\/12\/TVZ2022\/449047111.jpg\" src=\"data:image\/svg+xml,%3Csvg%20xmlns%3D%22http%3A%2F%2Fwww.w3.org%2F2000%2Fsvg%22%20width%3D%22150%22%20height%3D%22150%22%20viewBox%3D%220%200%20150%20150%22%3E%3C%2Fsvg%3E\" loading=\"eager\"><\/span><span class=\"fg-image-overlay\"><\/span><\/a><figcaption class=\"fg-caption\"><div class=\"fg-caption-inner\"><div class=\"fg-caption-title\">Borboleta - Melitaea athalia\n|Vouzela<\/div><div class=\"fg-caption-desc\">|1\/10s,f\/10, ISO 250, com trip\u00e9\n|JULHO 2020\n|2020 \u00a9T\u00f3Vieira<\/div><\/div><\/figcaption><\/figure><div class=\"fg-loader\"><\/div><\/div><div class=\"fg-item fg-type-image fg-idle\"><figure class=\"fg-item-inner\"><a href=\"https:\/\/momentosdenatureza.web.ua.pt\/wp-content\/uploads\/2020\/12\/TVZ1075.jpg\" data-caption-title=\"Borboleta - pieris napi\n|Rio Antu\u00e3 - Estarreja\" data-caption-desc=\"|1\/160s,f\/13, ISO 640\n|MAIO 2020\n|2020 \u00a9T\u00f3Vieira\" data-attachment-id=\"3652\" data-type=\"image\" class=\"fg-thumb\"><span class=\"fg-image-wrap\"><img decoding=\"async\" title=\"Borboleta - pieris napi\n|Rio Antu\u00e3 - Estarreja\" width=\"150\" height=\"150\" class=\"skip-lazy fg-image\" data-src-fg=\"https:\/\/momentosdenatureza.web.ua.pt\/wp-content\/uploads\/cache\/2020\/12\/TVZ1075\/2676814999.jpg\" src=\"data:image\/svg+xml,%3Csvg%20xmlns%3D%22http%3A%2F%2Fwww.w3.org%2F2000%2Fsvg%22%20width%3D%22150%22%20height%3D%22150%22%20viewBox%3D%220%200%20150%20150%22%3E%3C%2Fsvg%3E\" loading=\"eager\"><\/span><span class=\"fg-image-overlay\"><\/span><\/a><figcaption class=\"fg-caption\"><div class=\"fg-caption-inner\"><div class=\"fg-caption-title\">Borboleta - pieris napi\n|Rio Antu\u00e3 - Estarreja<\/div><div class=\"fg-caption-desc\">|1\/160s,f\/13, ISO 640\n|MAIO 2020\n|2020 \u00a9T\u00f3Vieira<\/div><\/div><\/figcaption><\/figure><div class=\"fg-loader\"><\/div><\/div><div class=\"fg-item fg-type-image fg-idle\"><figure class=\"fg-item-inner\"><a href=\"https:\/\/momentosdenatureza.web.ua.pt\/wp-content\/uploads\/2020\/12\/TVZ0877.jpg\" data-caption-title=\"Libelinha\n|Rio Antu\u00e3 - Estarreja\" data-caption-desc=\"|1\/200s,f\/18, ISO 400\n|MAIO 2020\n|2020 \u00a9T\u00f3Vieira\" data-attachment-id=\"3646\" data-type=\"image\" class=\"fg-thumb\"><span class=\"fg-image-wrap\"><img decoding=\"async\" title=\"Libelinha\n|Rio Antu\u00e3 - Estarreja\" width=\"150\" height=\"150\" class=\"skip-lazy fg-image\" data-src-fg=\"https:\/\/momentosdenatureza.web.ua.pt\/wp-content\/uploads\/cache\/2020\/12\/TVZ0877\/658770064.jpg\" src=\"data:image\/svg+xml,%3Csvg%20xmlns%3D%22http%3A%2F%2Fwww.w3.org%2F2000%2Fsvg%22%20width%3D%22150%22%20height%3D%22150%22%20viewBox%3D%220%200%20150%20150%22%3E%3C%2Fsvg%3E\" loading=\"eager\"><\/span><span class=\"fg-image-overlay\"><\/span><\/a><figcaption class=\"fg-caption\"><div class=\"fg-caption-inner\"><div class=\"fg-caption-title\">Libelinha\n|Rio Antu\u00e3 - Estarreja<\/div><div class=\"fg-caption-desc\">|1\/200s,f\/18, ISO 400\n|MAIO 2020\n|2020 \u00a9T\u00f3Vieira<\/div><\/div><\/figcaption><\/figure><div class=\"fg-loader\"><\/div><\/div><div class=\"fg-item fg-type-image fg-idle\"><figure class=\"fg-item-inner\"><a href=\"https:\/\/momentosdenatureza.web.ua.pt\/wp-content\/uploads\/2020\/12\/TVZ1006.jpg\" data-caption-title=\"redemoinho\n|Oliveira do Bairro\" data-caption-desc=\"|1\/125s,f\/6.3, ISO 400, Exposi\u00e7\u00e3o Multipla, ICM\n|NOVEMBRO 2020\n|2020 \u00a9T\u00f3Vieira\" data-attachment-id=\"3649\" data-type=\"image\" class=\"fg-thumb\"><span class=\"fg-image-wrap\"><img decoding=\"async\" title=\"redemoinho\n|Oliveira do Bairro\" width=\"150\" height=\"150\" class=\"skip-lazy fg-image\" data-src-fg=\"https:\/\/momentosdenatureza.web.ua.pt\/wp-content\/uploads\/cache\/2020\/12\/TVZ1006\/877734993.jpg\" src=\"data:image\/svg+xml,%3Csvg%20xmlns%3D%22http%3A%2F%2Fwww.w3.org%2F2000%2Fsvg%22%20width%3D%22150%22%20height%3D%22150%22%20viewBox%3D%220%200%20150%20150%22%3E%3C%2Fsvg%3E\" loading=\"eager\"><\/span><span class=\"fg-image-overlay\"><\/span><\/a><figcaption class=\"fg-caption\"><div class=\"fg-caption-inner\"><div class=\"fg-caption-title\">redemoinho\n|Oliveira do Bairro<\/div><div class=\"fg-caption-desc\">|1\/125s,f\/6.3, ISO 400, Exposi\u00e7\u00e3o Multipla, ICM\n|NOVEMBRO 2020\n|2020 \u00a9T\u00f3Vieira<\/div><\/div><\/figcaption><\/figure><div class=\"fg-loader\"><\/div><\/div><div class=\"fg-item fg-type-image fg-idle\"><figure class=\"fg-item-inner\"><a href=\"https:\/\/momentosdenatureza.web.ua.pt\/wp-content\/uploads\/2020\/12\/TVZ0495.jpg\" data-caption-title=\"caminho rural\n|Oliveirinha\" data-caption-desc=\"|1\/40s,f\/5.6, ISO 250, Exposi\u00e7\u00e3o M\u00faltipla, ICM\n|NOVEMBRO 2020\n|2020 \u00a9T\u00f3Vieira\" data-attachment-id=\"3643\" data-type=\"image\" class=\"fg-thumb\"><span class=\"fg-image-wrap\"><img decoding=\"async\" title=\"caminho rural\n|Oliveirinha\" width=\"150\" height=\"150\" class=\"skip-lazy fg-image\" data-src-fg=\"https:\/\/momentosdenatureza.web.ua.pt\/wp-content\/uploads\/cache\/2020\/12\/TVZ0495\/2430761327.jpg\" src=\"data:image\/svg+xml,%3Csvg%20xmlns%3D%22http%3A%2F%2Fwww.w3.org%2F2000%2Fsvg%22%20width%3D%22150%22%20height%3D%22150%22%20viewBox%3D%220%200%20150%20150%22%3E%3C%2Fsvg%3E\" loading=\"eager\"><\/span><span class=\"fg-image-overlay\"><\/span><\/a><figcaption class=\"fg-caption\"><div class=\"fg-caption-inner\"><div class=\"fg-caption-title\">caminho rural\n|Oliveirinha<\/div><div class=\"fg-caption-desc\">|1\/40s,f\/5.6, ISO 250, Exposi\u00e7\u00e3o M\u00faltipla, ICM\n|NOVEMBRO 2020\n|2020 \u00a9T\u00f3Vieira<\/div><\/div><\/figcaption><\/figure><div class=\"fg-loader\"><\/div><\/div><div class=\"fg-item fg-type-image fg-idle\"><figure class=\"fg-item-inner\"><a href=\"https:\/\/momentosdenatureza.web.ua.pt\/wp-content\/uploads\/2020\/12\/TVZ0389-Edit.jpg\" data-caption-title=\"Folhas\n|S. Jo\u00e3o de Loure\" data-caption-desc=\"|1\/100s,f\/4.5, ISO 250, Exposi\u00e7\u00e3o M\u00faltipla\n|NOVEMBRO 2020\n|2020 \u00a9T\u00f3Vieira\" data-attachment-id=\"3640\" data-type=\"image\" class=\"fg-thumb\"><span class=\"fg-image-wrap\"><img decoding=\"async\" title=\"Folhas\n|S. Jo\u00e3o de Loure\" width=\"150\" height=\"150\" class=\"skip-lazy fg-image\" data-src-fg=\"https:\/\/momentosdenatureza.web.ua.pt\/wp-content\/uploads\/cache\/2020\/12\/TVZ0389-Edit\/3469167711.jpg\" src=\"data:image\/svg+xml,%3Csvg%20xmlns%3D%22http%3A%2F%2Fwww.w3.org%2F2000%2Fsvg%22%20width%3D%22150%22%20height%3D%22150%22%20viewBox%3D%220%200%20150%20150%22%3E%3C%2Fsvg%3E\" loading=\"eager\"><\/span><span class=\"fg-image-overlay\"><\/span><\/a><figcaption class=\"fg-caption\"><div class=\"fg-caption-inner\"><div class=\"fg-caption-title\">Folhas\n|S. Jo\u00e3o de Loure<\/div><div class=\"fg-caption-desc\">|1\/100s,f\/4.5, ISO 250, Exposi\u00e7\u00e3o M\u00faltipla\n|NOVEMBRO 2020\n|2020 \u00a9T\u00f3Vieira<\/div><\/div><\/figcaption><\/figure><div class=\"fg-loader\"><\/div><\/div><div class=\"fg-item fg-type-image fg-idle\"><figure class=\"fg-item-inner\"><a href=\"https:\/\/momentosdenatureza.web.ua.pt\/wp-content\/uploads\/2020\/12\/TVZ0198-Edit.jpg\" data-caption-title=\"movimento\n|Rio \u00c1gueda - Requeixo\" data-caption-desc=\"|1\/13s,f\/5.0, ISO 64\n|OUTUBRO 2020\n|2020 \u00a9T\u00f3Vieira\" data-attachment-id=\"3637\" data-type=\"image\" class=\"fg-thumb\"><span class=\"fg-image-wrap\"><img decoding=\"async\" title=\"movimento\n|Rio \u00c1gueda - Requeixo\" width=\"150\" height=\"150\" class=\"skip-lazy fg-image\" data-src-fg=\"https:\/\/momentosdenatureza.web.ua.pt\/wp-content\/uploads\/cache\/2020\/12\/TVZ0198-Edit\/511052799.jpg\" src=\"data:image\/svg+xml,%3Csvg%20xmlns%3D%22http%3A%2F%2Fwww.w3.org%2F2000%2Fsvg%22%20width%3D%22150%22%20height%3D%22150%22%20viewBox%3D%220%200%20150%20150%22%3E%3C%2Fsvg%3E\" loading=\"eager\"><\/span><span class=\"fg-image-overlay\"><\/span><\/a><figcaption class=\"fg-caption\"><div class=\"fg-caption-inner\"><div class=\"fg-caption-title\">movimento\n|Rio \u00c1gueda - Requeixo<\/div><div class=\"fg-caption-desc\">|1\/13s,f\/5.0, ISO 64\n|OUTUBRO 2020\n|2020 \u00a9T\u00f3Vieira<\/div><\/div><\/figcaption><\/figure><div class=\"fg-loader\"><\/div><\/div><div class=\"fg-item fg-type-image fg-idle\"><figure class=\"fg-item-inner\"><a href=\"https:\/\/momentosdenatureza.web.ua.pt\/wp-content\/uploads\/2020\/12\/TVZ0001-Edit.jpg\" data-caption-title=\"Cascatas da Gola\n|Arouca\" data-caption-desc=\"|1.0s,F10, ISO 64\n|FEVEREIRO 2020\n|2020 \u00a9T\u00f3Vieira\" data-attachment-id=\"3634\" data-type=\"image\" class=\"fg-thumb\"><span class=\"fg-image-wrap\"><img decoding=\"async\" title=\"Cascatas da Gola\n|Arouca\" width=\"150\" height=\"150\" class=\"skip-lazy fg-image\" data-src-fg=\"https:\/\/momentosdenatureza.web.ua.pt\/wp-content\/uploads\/cache\/2020\/12\/TVZ0001-Edit\/4046318098.jpg\" src=\"data:image\/svg+xml,%3Csvg%20xmlns%3D%22http%3A%2F%2Fwww.w3.org%2F2000%2Fsvg%22%20width%3D%22150%22%20height%3D%22150%22%20viewBox%3D%220%200%20150%20150%22%3E%3C%2Fsvg%3E\" loading=\"eager\"><\/span><span class=\"fg-image-overlay\"><\/span><\/a><figcaption class=\"fg-caption\"><div class=\"fg-caption-inner\"><div class=\"fg-caption-title\">Cascatas da Gola\n|Arouca<\/div><div class=\"fg-caption-desc\">|1.0s,F10, ISO 64\n|FEVEREIRO 2020\n|2020 \u00a9T\u00f3Vieira<\/div><\/div><\/figcaption><\/figure><div class=\"fg-loader\"><\/div><\/div><\/div>\n\n","protected":false},"excerpt":{"rendered":"<p>Nasci em abril de 1957 na vila de Oliveirinha da cidade de Aveiro. As minhas fotografias representam o meu olhar pelas paisagens que visito, os [&#8230;]<\/p>\n","protected":false},"author":3,"featured_media":3640,"parent":0,"menu_order":0,"comment_status":"closed","ping_status":"closed","template":"templates\/template-fullwidth.php","meta":{"footnotes":""},"class_list":["post-3610","page","type-page","status-publish","has-post-thumbnail","hentry"],"post_mailing_queue_ids":[],"_links":{"self":[{"href":"https:\/\/momentosdenatureza.web.ua.pt\/index.php\/wp-json\/wp\/v2\/pages\/3610","targetHints":{"allow":["GET"]}}],"collection":[{"href":"https:\/\/momentosdenatureza.web.ua.pt\/index.php\/wp-json\/wp\/v2\/pages"}],"about":[{"href":"https:\/\/momentosdenatureza.web.ua.pt\/index.php\/wp-json\/wp\/v2\/types\/page"}],"author":[{"embeddable":true,"href":"https:\/\/momentosdenatureza.web.ua.pt\/index.php\/wp-json\/wp\/v2\/users\/3"}],"replies":[{"embeddable":true,"href":"https:\/\/momentosdenatureza.web.ua.pt\/index.php\/wp-json\/wp\/v2\/comments?post=3610"}],"version-history":[{"count":3,"href":"https:\/\/momentosdenatureza.web.ua.pt\/index.php\/wp-json\/wp\/v2\/pages\/3610\/revisions"}],"predecessor-version":[{"id":3670,"href":"https:\/\/momentosdenatureza.web.ua.pt\/index.php\/wp-json\/wp\/v2\/pages\/3610\/revisions\/3670"}],"wp:featuredmedia":[{"embeddable":true,"href":"https:\/\/momentosdenatureza.web.ua.pt\/index.php\/wp-json\/wp\/v2\/media\/3640"}],"wp:attachment":[{"href":"https:\/\/momentosdenatureza.web.ua.pt\/index.php\/wp-json\/wp\/v2\/media?parent=3610"}],"curies":[{"name":"wp","href":"https:\/\/api.w.org\/{rel}","templated":true}]}}