{"id":3715,"date":"2020-12-11T09:42:01","date_gmt":"2020-12-11T09:42:01","guid":{"rendered":"http:\/\/momentosdenatureza.web.ua.pt\/?page_id=3715"},"modified":"2020-12-26T18:58:22","modified_gmt":"2020-12-26T18:58:22","slug":"aldiro-pereira-2020","status":"publish","type":"page","link":"https:\/\/momentosdenatureza.web.ua.pt\/index.php\/aldiro-pereira-2020\/","title":{"rendered":"Aldiro Pereira 2020"},"content":{"rendered":"<table>\n<tr>\n<td>\n<b>QUEM SOU:<\/b><br \/>\n<b>Nome<\/b>: Aldiro Bastos Pereira<br \/>\n<b>Morada<\/b>: S. Marcos &#8211; Albergaria-a-Velha<br \/>\n<b>Data de Nascimento:<\/b> 18 de Setembro de 1956<br \/>\n<b>Profiss\u00e3o:<\/b> Funcion\u00e1rio no Departamento de Biologia da Universidade de Aveiro<br \/>\n<b>Contacto e-mail:<\/b> <a href=\"mailto:aldiro@ua.pt\">aldiro@ua.pt<\/a>\n<\/td>\n<td>\n<img loading=\"lazy\" decoding=\"async\" src=\"http:\/\/momentosdenatureza.web.ua.pt\/wp-content\/uploads\/2018\/04\/Imgp2345-199x300.jpg\" alt=\"\" width=\"199\" height=\"300\" class=\"alignnone size-medium wp-image-1067\" srcset=\"https:\/\/momentosdenatureza.web.ua.pt\/wp-content\/uploads\/2018\/04\/Imgp2345-199x300.jpg 199w, https:\/\/momentosdenatureza.web.ua.pt\/wp-content\/uploads\/2018\/04\/Imgp2345-768x1155.jpg 768w, https:\/\/momentosdenatureza.web.ua.pt\/wp-content\/uploads\/2018\/04\/Imgp2345-681x1024.jpg 681w, https:\/\/momentosdenatureza.web.ua.pt\/wp-content\/uploads\/2018\/04\/Imgp2345-180x270.jpg 180w, https:\/\/momentosdenatureza.web.ua.pt\/wp-content\/uploads\/2018\/04\/Imgp2345.jpg 2000w\" sizes=\"auto, (max-width: 199px) 100vw, 199px\" \/>\n<\/td>\n<\/tr>\n<\/table>\n<p><b>Apresenta\u00e7\u00e3o: <\/b><br \/>\nComecei desde muito jovem, tal como muitos de n\u00f3s, a fotografar de tudo um pouco. Naturalmente que as fotos de cenas familiares e paisagem eram as mais privilegiadas. As cr\u00edticas j\u00e1 nessa altura eram encorajadoras do tipo, afinal n\u00e3o cortastes nada, afinal tens algum jeito. \u00c9 claro que esses coment\u00e1rios ao longo dos tempos contribu\u00edram, de algum modo, para me influenciar a investir um pouco mais em termos de equipamento e acabaram tamb\u00e9m por me incutir ainda mais o gosto pela fotografia.<br \/>\nAtualmente, os motivos que procuro para as minhas fotografias, est\u00e3o bem definidos, e admito que foram influenciados pela \u00e1rea profissional que exer\u00e7o no Departamento de Biologia da Universidade de Aveiro. De facto, foi aqui neste Departamento que fiquei, por assim dizer, cativado pelos motivos que a natureza nos oferece, especialmente fotografia de pormenor (macro) que nunca mais parei de fazer at\u00e9 hoje.<br \/>\nUm dos meus grandes objetivos \u00e9 mostrar aquilo que poucos de n\u00f3s consegue ver e tentar explicar de uma forma que todos percebam.<br \/>\nNaturalmente que n\u00e3o tenho a m\u00ednima inten\u00e7\u00e3o de querer \u201cimpor\u201d imagens de grandes atributos cient\u00edficos e muito menos art\u00edsticos, a op\u00e7\u00e3o \u00e9 mostrar algumas imagens que podem ser agrad\u00e1veis aos nossos olhos, tendo apenas como pretens\u00e3o tentar uma sensibiliza\u00e7\u00e3o coletiva para &#8220;um olhar mais atento&#8221; ao meio ambiente que nos rodeia, talvez, com uma outra atitude. Quem sabe, talvez com a pretens\u00e3o de poder contribuir para alterar a nossa posi\u00e7\u00e3o face ao delicado equil\u00edbrio que nos rodeia, e sobretudo, para que palavras como protec\u00e7\u00e3o e preserva\u00e7\u00e3o n\u00e3o continuem a ser apenas palavras. <br \/>\nQuem sabe&#8230;\n<\/p>\n<hr>\n<style type=\"text\/css\">\n#foogallery-gallery-3685 .fg-image { width: 150px; }\n#foogallery-gallery-3685 { --fg-gutter: 10px; }<\/style>\n\t\t\t<div class=\"foogallery foogallery-container foogallery-default foogallery-lightbox-foobox fg-center fg-default fg-ready fg-light fg-border-thin fg-shadow-outline fg-loading-default fg-loaded-fade-in fg-caption-hover fg-hover-fade fg-hover-zoom\" id=\"foogallery-gallery-3685\" data-foogallery=\"{&quot;item&quot;:{&quot;showCaptionTitle&quot;:true,&quot;showCaptionDescription&quot;:true},&quot;lazy&quot;:true}\" style=\"--fg-title-line-clamp: 0; --fg-description-line-clamp: 0;\" >\n\t<div class=\"fg-item fg-type-image fg-idle\"><figure class=\"fg-item-inner\"><a href=\"https:\/\/momentosdenatureza.web.ua.pt\/wp-content\/uploads\/2020\/12\/Louvadeus.png\" data-caption-title=\"Louva-a-Deus\" data-caption-desc=\"Estima-se que existam 3.500 esp\u00e9cies distribu\u00eddas em todo o mundo. Uma das caracter\u00edsticas destes insetos \u00e9 a grande variedade de formas que toma associadas \u00e0 camuflagem e ao mimetismo tanto para ca\u00e7ar como para se protegerem. S\u00e3o predadores vorazes de emboscada e a sua alimenta\u00e7\u00e3o consiste em outros insetos como moscas, mariposas, borboletas, grilos e gafanhotos, al\u00e9m de lagartos, pequenos p\u00e1ssaros e at\u00e9 pequenos mam\u00edferos. Como n\u00e3o possuem veneno, contam com as suas pernas anteriores muito poderosas e que s\u00e3o raptoriais, ou seja, modificadas em garras, para segurar a presa enquanto ela \u00e9 consumida. \r\nO canibalismo sexual \u00e9 uma pr\u00e1tica comummente observada na maioria das esp\u00e9cies e muitos estudos revelam que pode ser por muitas raz\u00f5es.\r\n|2020 \u00a9Aldiro Pereira\" data-attachment-id=\"3706\" data-type=\"image\" class=\"fg-thumb\"><span class=\"fg-image-wrap\"><img decoding=\"async\" title=\"Louva-a-Deus\" width=\"150\" height=\"150\" class=\"skip-lazy fg-image\" data-src-fg=\"https:\/\/momentosdenatureza.web.ua.pt\/wp-content\/uploads\/cache\/2020\/12\/Louvadeus\/2897292579.png\" src=\"data:image\/svg+xml,%3Csvg%20xmlns%3D%22http%3A%2F%2Fwww.w3.org%2F2000%2Fsvg%22%20width%3D%22150%22%20height%3D%22150%22%20viewBox%3D%220%200%20150%20150%22%3E%3C%2Fsvg%3E\" loading=\"eager\"><\/span><span class=\"fg-image-overlay\"><\/span><\/a><figcaption class=\"fg-caption\"><div class=\"fg-caption-inner\"><div class=\"fg-caption-title\">Louva-a-Deus<\/div><div class=\"fg-caption-desc\">Estima-se que existam 3.500 esp\u00e9cies distribu\u00eddas em todo o mundo. Uma das caracter\u00edsticas destes insetos \u00e9 a grande variedade de formas que toma associadas \u00e0 camuflagem e ao mimetismo tanto para ca\u00e7ar como para se protegerem. S\u00e3o predadores vorazes de emboscada e a sua alimenta\u00e7\u00e3o consiste em outros insetos como moscas, mariposas, borboletas, grilos e gafanhotos, al\u00e9m de lagartos, pequenos p\u00e1ssaros e at\u00e9 pequenos mam\u00edferos. Como n\u00e3o possuem veneno, contam com as suas pernas anteriores muito poderosas e que s\u00e3o raptoriais, ou seja, modificadas em garras, para segurar a presa enquanto ela \u00e9 consumida. \r\nO canibalismo sexual \u00e9 uma pr\u00e1tica comummente observada na maioria das esp\u00e9cies e muitos estudos revelam que pode ser por muitas raz\u00f5es.\r\n|2020 \u00a9Aldiro Pereira<\/div><\/div><\/figcaption><\/figure><div class=\"fg-loader\"><\/div><\/div><div class=\"fg-item fg-type-image fg-idle\"><figure class=\"fg-item-inner\"><a href=\"https:\/\/momentosdenatureza.web.ua.pt\/wp-content\/uploads\/2020\/12\/Gaivota.jpg\" data-caption-title=\"Gaivota\" data-caption-desc=\"\u00c9 a esp\u00e9cie de ave mais comum na maioria dos locais, ocorrendo na faixa litoral, dando prefer\u00eancia a \u00e1reas estuarinas e lagunares, salinas, aquaculturas e praias junto \u00e0 foz dos rios. No interior surge em barragens, a\u00e7udes, pastagens, terrenos agr\u00edcolas e aterros sanit\u00e1rios.\r\nQuem visita a cidade de Aveiro, dificilmente n\u00e3o vai deixar de reparar nestas aves, seja pelos seus gritos, seja pelos seus voos rasantes. H\u00e1 quem se lembre delas muito pelo seu atrevimento. Tentem atirar p\u00e3o aos patos que habitam os canais desta cidade e logo ser\u00e3o surpreendidos pela destreza e oportunismo destas aves. \r\nEsta imagem foi o resultado duma situa\u00e7\u00e3o destas! \r\n|2020 \u00a9Aldiro Pereira\" data-attachment-id=\"3700\" data-type=\"image\" class=\"fg-thumb\"><span class=\"fg-image-wrap\"><img decoding=\"async\" title=\"Gaivota\" width=\"150\" height=\"150\" class=\"skip-lazy fg-image\" data-src-fg=\"https:\/\/momentosdenatureza.web.ua.pt\/wp-content\/uploads\/cache\/2020\/12\/Gaivota\/4027353880.jpg\" src=\"data:image\/svg+xml,%3Csvg%20xmlns%3D%22http%3A%2F%2Fwww.w3.org%2F2000%2Fsvg%22%20width%3D%22150%22%20height%3D%22150%22%20viewBox%3D%220%200%20150%20150%22%3E%3C%2Fsvg%3E\" loading=\"eager\"><\/span><span class=\"fg-image-overlay\"><\/span><\/a><figcaption class=\"fg-caption\"><div class=\"fg-caption-inner\"><div class=\"fg-caption-title\">Gaivota<\/div><div class=\"fg-caption-desc\">\u00c9 a esp\u00e9cie de ave mais comum na maioria dos locais, ocorrendo na faixa litoral, dando prefer\u00eancia a \u00e1reas estuarinas e lagunares, salinas, aquaculturas e praias junto \u00e0 foz dos rios. No interior surge em barragens, a\u00e7udes, pastagens, terrenos agr\u00edcolas e aterros sanit\u00e1rios.\r\nQuem visita a cidade de Aveiro, dificilmente n\u00e3o vai deixar de reparar nestas aves, seja pelos seus gritos, seja pelos seus voos rasantes. H\u00e1 quem se lembre delas muito pelo seu atrevimento. Tentem atirar p\u00e3o aos patos que habitam os canais desta cidade e logo ser\u00e3o surpreendidos pela destreza e oportunismo destas aves. \r\nEsta imagem foi o resultado duma situa\u00e7\u00e3o destas! \r\n|2020 \u00a9Aldiro Pereira<\/div><\/div><\/figcaption><\/figure><div class=\"fg-loader\"><\/div><\/div><div class=\"fg-item fg-type-image fg-idle\"><figure class=\"fg-item-inner\"><a href=\"https:\/\/momentosdenatureza.web.ua.pt\/wp-content\/uploads\/2020\/12\/Mosca.jpg\" data-caption-title=\"Mosca (moscardo)\" data-caption-desc=\"De corpo robusto e de tamanho m\u00e9dio a grande, s\u00e3o um inc\u00f4modo ao gado e ao homem devido a inser\u00e7\u00e3o do estilete frontal sobre a epiderme da pele. Os machos alimentam-se preferencialmente de seiva, n\u00e9ctar e fezes. As f\u00eameas s\u00e3o sugadoras de sangue, alimentando-se de sangue de mam\u00edferos, principalmente de gado bovino e cavalos, mas tamb\u00e9m podem picar humanos. S\u00e3o particularmente agressivos durante todo o ver\u00e3o e as picadas causam grandes incha\u00e7os que podem ser particularmente dolorosos.\r\n|2020 \u00a9Aldiro Pereira\" data-attachment-id=\"3709\" data-type=\"image\" class=\"fg-thumb\"><span class=\"fg-image-wrap\"><img decoding=\"async\" title=\"Mosca (moscardo)\" width=\"150\" height=\"150\" class=\"skip-lazy fg-image\" data-src-fg=\"https:\/\/momentosdenatureza.web.ua.pt\/wp-content\/uploads\/cache\/2020\/12\/Mosca\/314438527.jpg\" src=\"data:image\/svg+xml,%3Csvg%20xmlns%3D%22http%3A%2F%2Fwww.w3.org%2F2000%2Fsvg%22%20width%3D%22150%22%20height%3D%22150%22%20viewBox%3D%220%200%20150%20150%22%3E%3C%2Fsvg%3E\" loading=\"eager\"><\/span><span class=\"fg-image-overlay\"><\/span><\/a><figcaption class=\"fg-caption\"><div class=\"fg-caption-inner\"><div class=\"fg-caption-title\">Mosca (moscardo)<\/div><div class=\"fg-caption-desc\">De corpo robusto e de tamanho m\u00e9dio a grande, s\u00e3o um inc\u00f4modo ao gado e ao homem devido a inser\u00e7\u00e3o do estilete frontal sobre a epiderme da pele. Os machos alimentam-se preferencialmente de seiva, n\u00e9ctar e fezes. As f\u00eameas s\u00e3o sugadoras de sangue, alimentando-se de sangue de mam\u00edferos, principalmente de gado bovino e cavalos, mas tamb\u00e9m podem picar humanos. S\u00e3o particularmente agressivos durante todo o ver\u00e3o e as picadas causam grandes incha\u00e7os que podem ser particularmente dolorosos.\r\n|2020 \u00a9Aldiro Pereira<\/div><\/div><\/figcaption><\/figure><div class=\"fg-loader\"><\/div><\/div><div class=\"fg-item fg-type-image fg-idle\"><figure class=\"fg-item-inner\"><a href=\"https:\/\/momentosdenatureza.web.ua.pt\/wp-content\/uploads\/2020\/12\/Cigarrinha.jpg\" data-caption-title=\"Cigarrinha\" data-caption-desc=\"\u00c9 um inseto muito atraente e muito comum nos nossos jardins ou em qualquer terreno que possua vegeta\u00e7\u00e3o. \u00c9 f\u00e1cil identifica-lo pois quando salta \u00e0 nossa frente quando caminhamos nesses espa\u00e7os apercebemo-nos dele por causa da sua colora\u00e7\u00e3o. A cabe\u00e7a possui uma cor amarelada com duas manchas pretas perto dos olhos compostos. As asas anteriores nas f\u00eameas s\u00e3o verde-turquesa, e nos machos s\u00e3o azuis escuras e azuladas. \u00c9 um inseto saltador que j\u00e1 provou ter a capacidade de desenvolver acelera\u00e7\u00f5es que podem exceder a acelera\u00e7\u00e3o gravitacional. \r\n|2020 \u00a9Aldiro Pereira\" data-attachment-id=\"3694\" data-type=\"image\" class=\"fg-thumb\"><span class=\"fg-image-wrap\"><img decoding=\"async\" title=\"Cigarrinha\" width=\"150\" height=\"150\" class=\"skip-lazy fg-image\" data-src-fg=\"https:\/\/momentosdenatureza.web.ua.pt\/wp-content\/uploads\/cache\/2020\/12\/Cigarrinha\/1784488297.jpg\" src=\"data:image\/svg+xml,%3Csvg%20xmlns%3D%22http%3A%2F%2Fwww.w3.org%2F2000%2Fsvg%22%20width%3D%22150%22%20height%3D%22150%22%20viewBox%3D%220%200%20150%20150%22%3E%3C%2Fsvg%3E\" loading=\"eager\"><\/span><span class=\"fg-image-overlay\"><\/span><\/a><figcaption class=\"fg-caption\"><div class=\"fg-caption-inner\"><div class=\"fg-caption-title\">Cigarrinha<\/div><div class=\"fg-caption-desc\">\u00c9 um inseto muito atraente e muito comum nos nossos jardins ou em qualquer terreno que possua vegeta\u00e7\u00e3o. \u00c9 f\u00e1cil identifica-lo pois quando salta \u00e0 nossa frente quando caminhamos nesses espa\u00e7os apercebemo-nos dele por causa da sua colora\u00e7\u00e3o. A cabe\u00e7a possui uma cor amarelada com duas manchas pretas perto dos olhos compostos. As asas anteriores nas f\u00eameas s\u00e3o verde-turquesa, e nos machos s\u00e3o azuis escuras e azuladas. \u00c9 um inseto saltador que j\u00e1 provou ter a capacidade de desenvolver acelera\u00e7\u00f5es que podem exceder a acelera\u00e7\u00e3o gravitacional. \r\n|2020 \u00a9Aldiro Pereira<\/div><\/div><\/figcaption><\/figure><div class=\"fg-loader\"><\/div><\/div><div class=\"fg-item fg-type-image fg-idle\"><figure class=\"fg-item-inner\"><a href=\"https:\/\/momentosdenatureza.web.ua.pt\/wp-content\/uploads\/2020\/12\/Donzelinha.jpg\" data-caption-title=\"Donzelinha\" data-caption-desc=\"S\u00e3o insetos da ordem Odonata e s\u00e3o conhecidos como \u201cdonzelinhas\u201d e no seu desenvolvimento passam por tr\u00eas fases (ovo, ninfa e adulto). As ninfas s\u00e3o aqu\u00e1ticas e os adultos s\u00e3o terrestres. As \u201cdonzelinhas\u201d s\u00e3o animais heterotr\u00f3ficos e exclusivamente predadores. Quando pousados mant\u00eam as asas juntas e paralelas ao comprimento do corpo, diferente das lib\u00e9lulas, que as mant\u00eam perpendiculares ao corpo. As donzelinhas t\u00eam os dois pares de asas bastante semelhantes, ambos com a base estreitada e os olhos s\u00e3o separados. \n|2020 \u00a9Aldiro Pereira\" data-attachment-id=\"3697\" data-type=\"image\" class=\"fg-thumb\"><span class=\"fg-image-wrap\"><img decoding=\"async\" title=\"Donzelinha\" width=\"150\" height=\"150\" class=\"skip-lazy fg-image\" data-src-fg=\"https:\/\/momentosdenatureza.web.ua.pt\/wp-content\/uploads\/cache\/2020\/12\/Donzelinha\/513924420.jpg\" src=\"data:image\/svg+xml,%3Csvg%20xmlns%3D%22http%3A%2F%2Fwww.w3.org%2F2000%2Fsvg%22%20width%3D%22150%22%20height%3D%22150%22%20viewBox%3D%220%200%20150%20150%22%3E%3C%2Fsvg%3E\" loading=\"eager\"><\/span><span class=\"fg-image-overlay\"><\/span><\/a><figcaption class=\"fg-caption\"><div class=\"fg-caption-inner\"><div class=\"fg-caption-title\">Donzelinha<\/div><div class=\"fg-caption-desc\">S\u00e3o insetos da ordem Odonata e s\u00e3o conhecidos como \u201cdonzelinhas\u201d e no seu desenvolvimento passam por tr\u00eas fases (ovo, ninfa e adulto). As ninfas s\u00e3o aqu\u00e1ticas e os adultos s\u00e3o terrestres. As \u201cdonzelinhas\u201d s\u00e3o animais heterotr\u00f3ficos e exclusivamente predadores. Quando pousados mant\u00eam as asas juntas e paralelas ao comprimento do corpo, diferente das lib\u00e9lulas, que as mant\u00eam perpendiculares ao corpo. As donzelinhas t\u00eam os dois pares de asas bastante semelhantes, ambos com a base estreitada e os olhos s\u00e3o separados. \n|2020 \u00a9Aldiro Pereira<\/div><\/div><\/figcaption><\/figure><div class=\"fg-loader\"><\/div><\/div><div class=\"fg-item fg-type-image fg-idle\"><figure class=\"fg-item-inner\"><a href=\"https:\/\/momentosdenatureza.web.ua.pt\/wp-content\/uploads\/2020\/12\/Borboleta-pav\u00e3o.png\" data-caption-title=\"Borboleta pav\u00e3o\" data-caption-desc=\"Sem d\u00favidas que se trata duma das borboletas mais bonitas que conhe\u00e7o. O ciclo de vida desta borboleta inclui uma metamorfose completa, em que as larvas eclodem dos ovos e se transformam em borboleta, que eclode da cris\u00e1lida em julho e voa at\u00e9 maio. No inverno hiberna em moinhos, est\u00e1bulos e outras constru\u00e7\u00f5es r\u00fasticas, voando nos dias de sol. A sua distribui\u00e7\u00e3o est\u00e1 mais centrada a norte do pa\u00eds devido \u00e0 transforma\u00e7\u00e3o dos habitats, sendo importante para a sua conserva\u00e7\u00e3o manter os tufos de urtigas, onde s\u00e3o postos os ovos, nos lugares incultos e h\u00famidos e praticar uma agricultura ecol\u00f3gica.\" data-attachment-id=\"3691\" data-type=\"image\" class=\"fg-thumb\"><span class=\"fg-image-wrap\"><img decoding=\"async\" title=\"Borboleta pav\u00e3o\" width=\"150\" height=\"150\" class=\"skip-lazy fg-image\" data-src-fg=\"https:\/\/momentosdenatureza.web.ua.pt\/wp-content\/uploads\/cache\/2020\/12\/Borboleta-pav\u00e3o\/3634288829.png\" src=\"data:image\/svg+xml,%3Csvg%20xmlns%3D%22http%3A%2F%2Fwww.w3.org%2F2000%2Fsvg%22%20width%3D%22150%22%20height%3D%22150%22%20viewBox%3D%220%200%20150%20150%22%3E%3C%2Fsvg%3E\" loading=\"eager\"><\/span><span class=\"fg-image-overlay\"><\/span><\/a><figcaption class=\"fg-caption\"><div class=\"fg-caption-inner\"><div class=\"fg-caption-title\">Borboleta pav\u00e3o<\/div><div class=\"fg-caption-desc\">Sem d\u00favidas que se trata duma das borboletas mais bonitas que conhe\u00e7o. O ciclo de vida desta borboleta inclui uma metamorfose completa, em que as larvas eclodem dos ovos e se transformam em borboleta, que eclode da cris\u00e1lida em julho e voa at\u00e9 maio. No inverno hiberna em moinhos, est\u00e1bulos e outras constru\u00e7\u00f5es r\u00fasticas, voando nos dias de sol. A sua distribui\u00e7\u00e3o est\u00e1 mais centrada a norte do pa\u00eds devido \u00e0 transforma\u00e7\u00e3o dos habitats, sendo importante para a sua conserva\u00e7\u00e3o manter os tufos de urtigas, onde s\u00e3o postos os ovos, nos lugares incultos e h\u00famidos e praticar uma agricultura ecol\u00f3gica.<\/div><\/div><\/figcaption><\/figure><div class=\"fg-loader\"><\/div><\/div><div class=\"fg-item fg-type-image fg-idle\"><figure class=\"fg-item-inner\"><a href=\"https:\/\/momentosdenatureza.web.ua.pt\/wp-content\/uploads\/2020\/12\/Gorgulho.png\" data-caption-title=\"Gorgulho\" data-caption-desc=\"Estes animais, vulgarmente conhecidos por gorgulhos, tem no seu rostro comprido (bico encurvado ou tromba) a sua principal caracter\u00edstica. A principal dificuldade para quem pretende fotograf\u00e1-los \u00e9 eles logo que se sentem amea\u00e7ados ou perturbados deixarem-se cair do local aonde est\u00e3o instalados e fingirem-se de mortos.\nMuitas destas esp\u00e9cies de besouros s\u00e3o altamente daninhas para a agricultura, podendo inclusive muitas delas ser consideradas pragas muito perigosas em certo tipo de planta\u00e7\u00f5es (milho, cana do a\u00e7\u00facar, algod\u00e3o, palmeiras, etc.).\nPenso que n\u00e3o seja o caso deste!\n|2020 \u00a9Aldiro Pereira\" data-attachment-id=\"3703\" data-type=\"image\" class=\"fg-thumb\"><span class=\"fg-image-wrap\"><img decoding=\"async\" title=\"Gorgulho\" width=\"150\" height=\"150\" class=\"skip-lazy fg-image\" data-src-fg=\"https:\/\/momentosdenatureza.web.ua.pt\/wp-content\/uploads\/cache\/2020\/12\/Gorgulho\/2835276993.png\" src=\"data:image\/svg+xml,%3Csvg%20xmlns%3D%22http%3A%2F%2Fwww.w3.org%2F2000%2Fsvg%22%20width%3D%22150%22%20height%3D%22150%22%20viewBox%3D%220%200%20150%20150%22%3E%3C%2Fsvg%3E\" loading=\"eager\"><\/span><span class=\"fg-image-overlay\"><\/span><\/a><figcaption class=\"fg-caption\"><div class=\"fg-caption-inner\"><div class=\"fg-caption-title\">Gorgulho<\/div><div class=\"fg-caption-desc\">Estes animais, vulgarmente conhecidos por gorgulhos, tem no seu rostro comprido (bico encurvado ou tromba) a sua principal caracter\u00edstica. A principal dificuldade para quem pretende fotograf\u00e1-los \u00e9 eles logo que se sentem amea\u00e7ados ou perturbados deixarem-se cair do local aonde est\u00e3o instalados e fingirem-se de mortos.\nMuitas destas esp\u00e9cies de besouros s\u00e3o altamente daninhas para a agricultura, podendo inclusive muitas delas ser consideradas pragas muito perigosas em certo tipo de planta\u00e7\u00f5es (milho, cana do a\u00e7\u00facar, algod\u00e3o, palmeiras, etc.).\nPenso que n\u00e3o seja o caso deste!\n|2020 \u00a9Aldiro Pereira<\/div><\/div><\/figcaption><\/figure><div class=\"fg-loader\"><\/div><\/div><div class=\"fg-item fg-type-image fg-idle\"><figure class=\"fg-item-inner\"><a href=\"https:\/\/momentosdenatureza.web.ua.pt\/wp-content\/uploads\/2020\/12\/Aranha.jpg\" data-caption-title=\"Aranha\" data-caption-desc=\"As aranhas s\u00e3o refer\u00eancia frequente na arte e mitologia, simbolizando paci\u00eancia, crueldade e criatividade. A seda e os compostos qu\u00edmicos presentes no veneno das aranhas s\u00e3o considerados como potenciais fontes de mat\u00e9ria prima para muitas aplica\u00e7\u00f5es. Os animais desta classe s\u00e3o geralmente carn\u00edvoros, sendo todos predadores.\nPara quem tem terror a aranhas, esta at\u00e9 tem um ar colorido e  inocente!\" data-attachment-id=\"3688\" data-type=\"image\" class=\"fg-thumb\"><span class=\"fg-image-wrap\"><img decoding=\"async\" title=\"Aranha\" width=\"150\" height=\"150\" class=\"skip-lazy fg-image\" data-src-fg=\"https:\/\/momentosdenatureza.web.ua.pt\/wp-content\/uploads\/cache\/2020\/12\/Aranha\/269557960.jpg\" src=\"data:image\/svg+xml,%3Csvg%20xmlns%3D%22http%3A%2F%2Fwww.w3.org%2F2000%2Fsvg%22%20width%3D%22150%22%20height%3D%22150%22%20viewBox%3D%220%200%20150%20150%22%3E%3C%2Fsvg%3E\" loading=\"eager\"><\/span><span class=\"fg-image-overlay\"><\/span><\/a><figcaption class=\"fg-caption\"><div class=\"fg-caption-inner\"><div class=\"fg-caption-title\">Aranha<\/div><div class=\"fg-caption-desc\">As aranhas s\u00e3o refer\u00eancia frequente na arte e mitologia, simbolizando paci\u00eancia, crueldade e criatividade. A seda e os compostos qu\u00edmicos presentes no veneno das aranhas s\u00e3o considerados como potenciais fontes de mat\u00e9ria prima para muitas aplica\u00e7\u00f5es. Os animais desta classe s\u00e3o geralmente carn\u00edvoros, sendo todos predadores.\nPara quem tem terror a aranhas, esta at\u00e9 tem um ar colorido e  inocente!<\/div><\/div><\/figcaption><\/figure><div class=\"fg-loader\"><\/div><\/div><div class=\"fg-item fg-type-image fg-idle\"><figure class=\"fg-item-inner\"><a href=\"https:\/\/momentosdenatureza.web.ua.pt\/wp-content\/uploads\/2020\/12\/Tra\u00e7a.jpg\" data-caption-title=\"Tra\u00e7a\" data-caption-desc=\"S\u00e3o assim denominadas por serem mais ativas \u00e0 noite e ao crep\u00fasculo podendo no entanto tamb\u00e9m serem ativas durante o dia e por isso h\u00e1 quem lhes chame de mariposas por causa deste h\u00e1bito. Este tipo de tra\u00e7as ao contr\u00e1rio das suas parentes, as borboletas diurnas, tem uma postura em repouso bem diferentes o que facilita e muito a sua identifica\u00e7\u00e3o porque ao pousarem disp\u00f5em as suas asas distendidas para os lados, no mesmo plano do seu corpo.\nPor norma as tra\u00e7as s\u00e3o seres com pouca cor mas h\u00e1 exce\u00e7\u00f5es, como \u00e9 o caso desta, que tem cores fortes e bem definidas.\n|2020 \u00a9Aldiro Pereira\" data-attachment-id=\"3712\" data-type=\"image\" class=\"fg-thumb\"><span class=\"fg-image-wrap\"><img decoding=\"async\" title=\"Tra\u00e7a\" width=\"150\" height=\"150\" class=\"skip-lazy fg-image\" data-src-fg=\"https:\/\/momentosdenatureza.web.ua.pt\/wp-content\/uploads\/cache\/2020\/12\/Tra\u00e7a\/1179180014.jpg\" src=\"data:image\/svg+xml,%3Csvg%20xmlns%3D%22http%3A%2F%2Fwww.w3.org%2F2000%2Fsvg%22%20width%3D%22150%22%20height%3D%22150%22%20viewBox%3D%220%200%20150%20150%22%3E%3C%2Fsvg%3E\" loading=\"eager\"><\/span><span class=\"fg-image-overlay\"><\/span><\/a><figcaption class=\"fg-caption\"><div class=\"fg-caption-inner\"><div class=\"fg-caption-title\">Tra\u00e7a<\/div><div class=\"fg-caption-desc\">S\u00e3o assim denominadas por serem mais ativas \u00e0 noite e ao crep\u00fasculo podendo no entanto tamb\u00e9m serem ativas durante o dia e por isso h\u00e1 quem lhes chame de mariposas por causa deste h\u00e1bito. Este tipo de tra\u00e7as ao contr\u00e1rio das suas parentes, as borboletas diurnas, tem uma postura em repouso bem diferentes o que facilita e muito a sua identifica\u00e7\u00e3o porque ao pousarem disp\u00f5em as suas asas distendidas para os lados, no mesmo plano do seu corpo.\nPor norma as tra\u00e7as s\u00e3o seres com pouca cor mas h\u00e1 exce\u00e7\u00f5es, como \u00e9 o caso desta, que tem cores fortes e bem definidas.\n|2020 \u00a9Aldiro Pereira<\/div><\/div><\/figcaption><\/figure><div class=\"fg-loader\"><\/div><\/div><\/div>\n\n","protected":false},"excerpt":{"rendered":"<p>QUEM SOU: Nome: Aldiro Bastos Pereira Morada: S. Marcos &#8211; Albergaria-a-Velha Data de Nascimento: 18 de Setembro de 1956 Profiss\u00e3o: Funcion\u00e1rio no Departamento de Biologia [&#8230;]<\/p>\n","protected":false},"author":3,"featured_media":0,"parent":0,"menu_order":0,"comment_status":"closed","ping_status":"closed","template":"templates\/template-fullwidth.php","meta":{"footnotes":""},"class_list":["post-3715","page","type-page","status-publish","hentry"],"post_mailing_queue_ids":[],"_links":{"self":[{"href":"https:\/\/momentosdenatureza.web.ua.pt\/index.php\/wp-json\/wp\/v2\/pages\/3715","targetHints":{"allow":["GET"]}}],"collection":[{"href":"https:\/\/momentosdenatureza.web.ua.pt\/index.php\/wp-json\/wp\/v2\/pages"}],"about":[{"href":"https:\/\/momentosdenatureza.web.ua.pt\/index.php\/wp-json\/wp\/v2\/types\/page"}],"author":[{"embeddable":true,"href":"https:\/\/momentosdenatureza.web.ua.pt\/index.php\/wp-json\/wp\/v2\/users\/3"}],"replies":[{"embeddable":true,"href":"https:\/\/momentosdenatureza.web.ua.pt\/index.php\/wp-json\/wp\/v2\/comments?post=3715"}],"version-history":[{"count":1,"href":"https:\/\/momentosdenatureza.web.ua.pt\/index.php\/wp-json\/wp\/v2\/pages\/3715\/revisions"}],"predecessor-version":[{"id":3718,"href":"https:\/\/momentosdenatureza.web.ua.pt\/index.php\/wp-json\/wp\/v2\/pages\/3715\/revisions\/3718"}],"wp:attachment":[{"href":"https:\/\/momentosdenatureza.web.ua.pt\/index.php\/wp-json\/wp\/v2\/media?parent=3715"}],"curies":[{"name":"wp","href":"https:\/\/api.w.org\/{rel}","templated":true}]}}