{"id":4207,"date":"2021-03-19T12:37:52","date_gmt":"2021-03-19T12:37:52","guid":{"rendered":"https:\/\/momentosdenatureza.web.ua.pt\/?page_id=4207"},"modified":"2021-03-20T07:23:10","modified_gmt":"2021-03-20T07:23:10","slug":"fotografia-de-natureza-conceitos-basicos-sobre-tecnicas-e-estilos","status":"publish","type":"page","link":"https:\/\/momentosdenatureza.web.ua.pt\/index.php\/fotografia-de-natureza-conceitos-basicos-sobre-tecnicas-e-estilos\/","title":{"rendered":"Fotografia de Natureza \u2013 conceitos b\u00e1sicos sobre t\u00e9cnicas e estilos"},"content":{"rendered":"<header class=\"entry-header\">\n<div class=\"entry-meta\"><\/div>\n<\/header>\n<div class=\"entry-content\">\n<p>Jo\u00e3o Quintela e Ant\u00f3nio Vieira partilharam conceitos b\u00e1sicos sobre t\u00e9cnicas e estilos de captura de imagem da natureza, no Workshop Fotografia de Natureza proposto e organizado pelo American Corner da UA.<\/p>\n<p>O workshop decorreu no dia <strong>18 de mar\u00e7o<\/strong>, entre as <strong>17h00<\/strong> e as <strong>18h50<\/strong>, na plataforma Zoom e contou com a presen\u00e7a de mais de 300 participantes.<\/p>\n<\/div>\n<p>as apresenta\u00e7\u00f5es:<br \/>\n<a href=\"http:\/\/momentosdenatureza.web.ua.pt\/wp-content\/uploads\/2021\/03\/Como conseguir uma fotografia correta.pdf\">Como conseguir uma fotografia correta por Jo\u00e3o Quintela<\/a><br \/>\n<a href=\"https:\/\/youtu.be\/jWYkIqLwnWE\" target=\"_blank\" rel=\"noopener\">Slideshow com fotografias de Jo\u00e3o Quintela<\/a><br \/>\n<a href=\"http:\/\/momentosdenatureza.web.ua.pt\/wp-content\/uploads\/2021\/03\/Fotografia de Natureza \u2013 impressionismo.pdf\">Fotografia impressionista por T\u00f3 Vieira<\/a><br \/>\n<a href=\"http:\/\/momentosdenatureza.web.ua.pt\/wp-content\/uploads\/2021\/03\/Fotografia de Natureza \u2013 historia das fotos.pdf\">As hist\u00f3rias por tr\u00e1s das fotos por T\u00f3 Vieira<\/a><\/p>\n<style type=\"text\/css\">\n#foogallery-gallery-4258 .fg-image { width: 150px; }\n#foogallery-gallery-4258 { --fg-gutter: 10px; }<\/style>\n\t\t\t<div class=\"foogallery foogallery-container foogallery-default foogallery-lightbox-foobox fg-center fg-default fg-ready fg-light fg-border-thin fg-shadow-outline fg-loading-default fg-loaded-fade-in fg-caption-hover fg-hover-fade fg-hover-zoom\" id=\"foogallery-gallery-4258\" data-foogallery=\"{&quot;item&quot;:{&quot;showCaptionTitle&quot;:true,&quot;showCaptionDescription&quot;:true},&quot;lazy&quot;:true}\" style=\"--fg-title-line-clamp: 0; --fg-description-line-clamp: 0;\" >\n\t<div class=\"fg-item fg-type-image fg-idle\"><figure class=\"fg-item-inner\"><a href=\"https:\/\/momentosdenatureza.web.ua.pt\/wp-content\/uploads\/2021\/03\/20210318_165858-scaled.jpg\" data-attachment-id=\"4279\" data-type=\"image\" class=\"fg-thumb\"><span class=\"fg-image-wrap\"><img decoding=\"async\" width=\"150\" height=\"150\" class=\"skip-lazy fg-image\" data-src-fg=\"https:\/\/momentosdenatureza.web.ua.pt\/wp-content\/uploads\/cache\/2021\/03\/20210318_165858-scaled\/2292052521.jpg\" src=\"data:image\/svg+xml,%3Csvg%20xmlns%3D%22http%3A%2F%2Fwww.w3.org%2F2000%2Fsvg%22%20width%3D%22150%22%20height%3D%22150%22%20viewBox%3D%220%200%20150%20150%22%3E%3C%2Fsvg%3E\" loading=\"eager\"><\/span><span class=\"fg-image-overlay\"><\/span><\/a><\/figure><div class=\"fg-loader\"><\/div><\/div><div class=\"fg-item fg-type-image fg-idle\"><figure class=\"fg-item-inner\"><a href=\"https:\/\/momentosdenatureza.web.ua.pt\/wp-content\/uploads\/2021\/03\/20210318_165840-Edit-scaled.jpg\" data-attachment-id=\"4276\" data-type=\"image\" class=\"fg-thumb\"><span class=\"fg-image-wrap\"><img decoding=\"async\" width=\"150\" height=\"150\" class=\"skip-lazy fg-image\" data-src-fg=\"https:\/\/momentosdenatureza.web.ua.pt\/wp-content\/uploads\/cache\/2021\/03\/20210318_165840-Edit-scaled\/1622082148.jpg\" src=\"data:image\/svg+xml,%3Csvg%20xmlns%3D%22http%3A%2F%2Fwww.w3.org%2F2000%2Fsvg%22%20width%3D%22150%22%20height%3D%22150%22%20viewBox%3D%220%200%20150%20150%22%3E%3C%2Fsvg%3E\" loading=\"eager\"><\/span><span class=\"fg-image-overlay\"><\/span><\/a><\/figure><div class=\"fg-loader\"><\/div><\/div><div class=\"fg-item fg-type-image fg-idle\"><figure class=\"fg-item-inner\"><a href=\"https:\/\/momentosdenatureza.web.ua.pt\/wp-content\/uploads\/2021\/03\/20210318_165840-scaled.jpg\" data-attachment-id=\"4273\" data-type=\"image\" class=\"fg-thumb\"><span class=\"fg-image-wrap\"><img decoding=\"async\" width=\"150\" height=\"150\" class=\"skip-lazy fg-image\" data-src-fg=\"https:\/\/momentosdenatureza.web.ua.pt\/wp-content\/uploads\/cache\/2021\/03\/20210318_165840-scaled\/2534927161.jpg\" src=\"data:image\/svg+xml,%3Csvg%20xmlns%3D%22http%3A%2F%2Fwww.w3.org%2F2000%2Fsvg%22%20width%3D%22150%22%20height%3D%22150%22%20viewBox%3D%220%200%20150%20150%22%3E%3C%2Fsvg%3E\" loading=\"eager\"><\/span><span class=\"fg-image-overlay\"><\/span><\/a><\/figure><div class=\"fg-loader\"><\/div><\/div><div class=\"fg-item fg-type-image fg-idle\"><figure class=\"fg-item-inner\"><a href=\"https:\/\/momentosdenatureza.web.ua.pt\/wp-content\/uploads\/2021\/03\/IMG_6557-scaled.jpg\" data-attachment-id=\"4270\" data-type=\"image\" class=\"fg-thumb\"><span class=\"fg-image-wrap\"><img decoding=\"async\" width=\"150\" height=\"150\" class=\"skip-lazy fg-image\" data-src-fg=\"https:\/\/momentosdenatureza.web.ua.pt\/wp-content\/uploads\/cache\/2021\/03\/IMG_6557-scaled\/3014160626.jpg\" src=\"data:image\/svg+xml,%3Csvg%20xmlns%3D%22http%3A%2F%2Fwww.w3.org%2F2000%2Fsvg%22%20width%3D%22150%22%20height%3D%22150%22%20viewBox%3D%220%200%20150%20150%22%3E%3C%2Fsvg%3E\" loading=\"eager\"><\/span><span class=\"fg-image-overlay\"><\/span><\/a><\/figure><div class=\"fg-loader\"><\/div><\/div><div class=\"fg-item fg-type-image fg-idle\"><figure class=\"fg-item-inner\"><a href=\"https:\/\/momentosdenatureza.web.ua.pt\/wp-content\/uploads\/2021\/03\/IMG_6556-scaled.jpg\" data-attachment-id=\"4267\" data-type=\"image\" class=\"fg-thumb\"><span class=\"fg-image-wrap\"><img decoding=\"async\" width=\"150\" height=\"150\" class=\"skip-lazy fg-image\" data-src-fg=\"https:\/\/momentosdenatureza.web.ua.pt\/wp-content\/uploads\/cache\/2021\/03\/IMG_6556-scaled\/1882067898.jpg\" src=\"data:image\/svg+xml,%3Csvg%20xmlns%3D%22http%3A%2F%2Fwww.w3.org%2F2000%2Fsvg%22%20width%3D%22150%22%20height%3D%22150%22%20viewBox%3D%220%200%20150%20150%22%3E%3C%2Fsvg%3E\" loading=\"eager\"><\/span><span class=\"fg-image-overlay\"><\/span><\/a><\/figure><div class=\"fg-loader\"><\/div><\/div><div class=\"fg-item fg-type-image fg-idle\"><figure class=\"fg-item-inner\"><a href=\"https:\/\/momentosdenatureza.web.ua.pt\/wp-content\/uploads\/2021\/03\/2021-03-18_17h47_42.png\" data-attachment-id=\"4264\" data-type=\"image\" class=\"fg-thumb\"><span class=\"fg-image-wrap\"><img decoding=\"async\" width=\"150\" height=\"150\" class=\"skip-lazy fg-image\" data-src-fg=\"https:\/\/momentosdenatureza.web.ua.pt\/wp-content\/uploads\/cache\/2021\/03\/2021-03-18_17h47_42\/4143015843.png\" src=\"data:image\/svg+xml,%3Csvg%20xmlns%3D%22http%3A%2F%2Fwww.w3.org%2F2000%2Fsvg%22%20width%3D%22150%22%20height%3D%22150%22%20viewBox%3D%220%200%20150%20150%22%3E%3C%2Fsvg%3E\" loading=\"eager\"><\/span><span class=\"fg-image-overlay\"><\/span><\/a><\/figure><div class=\"fg-loader\"><\/div><\/div><div class=\"fg-item fg-type-image fg-idle\"><figure class=\"fg-item-inner\"><a href=\"https:\/\/momentosdenatureza.web.ua.pt\/wp-content\/uploads\/2021\/03\/2021-03-18_17h46_04.png\" data-attachment-id=\"4261\" data-type=\"image\" class=\"fg-thumb\"><span class=\"fg-image-wrap\"><img decoding=\"async\" width=\"150\" height=\"150\" class=\"skip-lazy fg-image\" data-src-fg=\"https:\/\/momentosdenatureza.web.ua.pt\/wp-content\/uploads\/cache\/2021\/03\/2021-03-18_17h46_04\/1955389142.png\" src=\"data:image\/svg+xml,%3Csvg%20xmlns%3D%22http%3A%2F%2Fwww.w3.org%2F2000%2Fsvg%22%20width%3D%22150%22%20height%3D%22150%22%20viewBox%3D%220%200%20150%20150%22%3E%3C%2Fsvg%3E\" loading=\"eager\"><\/span><span class=\"fg-image-overlay\"><\/span><\/a><\/figure><div class=\"fg-loader\"><\/div><\/div><div class=\"fg-item fg-type-image fg-idle\"><figure class=\"fg-item-inner\"><a href=\"https:\/\/momentosdenatureza.web.ua.pt\/wp-content\/uploads\/2021\/03\/1_1_Cartaz_Workshop-fotog_png.png\" data-attachment-id=\"4144\" data-type=\"image\" class=\"fg-thumb\"><span class=\"fg-image-wrap\"><img decoding=\"async\" width=\"150\" height=\"150\" class=\"skip-lazy fg-image\" data-src-fg=\"https:\/\/momentosdenatureza.web.ua.pt\/wp-content\/uploads\/cache\/2021\/03\/1_1_Cartaz_Workshop-fotog_png\/1210122766.png\" src=\"data:image\/svg+xml,%3Csvg%20xmlns%3D%22http%3A%2F%2Fwww.w3.org%2F2000%2Fsvg%22%20width%3D%22150%22%20height%3D%22150%22%20viewBox%3D%220%200%20150%20150%22%3E%3C%2Fsvg%3E\" loading=\"eager\"><\/span><span class=\"fg-image-overlay\"><\/span><\/a><\/figure><div class=\"fg-loader\"><\/div><\/div><\/div>\n\n","protected":false},"excerpt":{"rendered":"<p>Jo\u00e3o Quintela e Ant\u00f3nio Vieira partilharam conceitos b\u00e1sicos sobre t\u00e9cnicas e estilos de captura de imagem da natureza, no Workshop Fotografia de Natureza proposto e [&#8230;]<\/p>\n","protected":false},"author":3,"featured_media":0,"parent":0,"menu_order":0,"comment_status":"closed","ping_status":"closed","template":"templates\/template-fullwidth.php","meta":{"footnotes":""},"class_list":["post-4207","page","type-page","status-publish","hentry"],"post_mailing_queue_ids":[],"_links":{"self":[{"href":"https:\/\/momentosdenatureza.web.ua.pt\/index.php\/wp-json\/wp\/v2\/pages\/4207","targetHints":{"allow":["GET"]}}],"collection":[{"href":"https:\/\/momentosdenatureza.web.ua.pt\/index.php\/wp-json\/wp\/v2\/pages"}],"about":[{"href":"https:\/\/momentosdenatureza.web.ua.pt\/index.php\/wp-json\/wp\/v2\/types\/page"}],"author":[{"embeddable":true,"href":"https:\/\/momentosdenatureza.web.ua.pt\/index.php\/wp-json\/wp\/v2\/users\/3"}],"replies":[{"embeddable":true,"href":"https:\/\/momentosdenatureza.web.ua.pt\/index.php\/wp-json\/wp\/v2\/comments?post=4207"}],"version-history":[{"count":10,"href":"https:\/\/momentosdenatureza.web.ua.pt\/index.php\/wp-json\/wp\/v2\/pages\/4207\/revisions"}],"predecessor-version":[{"id":4282,"href":"https:\/\/momentosdenatureza.web.ua.pt\/index.php\/wp-json\/wp\/v2\/pages\/4207\/revisions\/4282"}],"wp:attachment":[{"href":"https:\/\/momentosdenatureza.web.ua.pt\/index.php\/wp-json\/wp\/v2\/media?parent=4207"}],"curies":[{"name":"wp","href":"https:\/\/api.w.org\/{rel}","templated":true}]}}