{"id":4447,"date":"2022-02-19T11:57:12","date_gmt":"2022-02-19T11:57:12","guid":{"rendered":"https:\/\/momentosdenatureza.web.ua.pt\/?page_id=4447"},"modified":"2022-02-19T11:57:12","modified_gmt":"2022-02-19T11:57:12","slug":"helder-bernardo-2022","status":"publish","type":"page","link":"https:\/\/momentosdenatureza.web.ua.pt\/index.php\/helder-bernardo-2022\/","title":{"rendered":"H\u00e9lder Bernardo 2022"},"content":{"rendered":"<p><span style=\"margin: 0px; line-height: 107%; font-size: 12pt; font-family: 'Gill Sans', 'Gill Sans MT', Calibri, 'Trebuchet MS', sans-serif; font-weight: 500; ;text-transform: uppercase;\"><strong>H\u00e9lder Bernardo<\/strong><\/span><\/p>\n<p><span style=\"margin: 0px; line-height: 107%; font-size: 12pt;\">Desde cedo usei todas as vertentes gr\u00e1ficas para a constru\u00e7\u00e3o de imagens, para a constru\u00e7\u00e3o de hist\u00f3rias em imagens. Mas s\u00f3 com o advento da fotografia digital me envolvi na experimenta\u00e7\u00e3o de fotografar pan\u00f3plias abrangentes de cen\u00e1rios, contando hist\u00f3rias nas suas imagens, t\u00e3o vivas quanto paradas.<br \/>\nFotografar aquilo que n\u00e3o se v\u00ea, mas que no fim do processo transparece claramente como a ess\u00eancia do momento, a alma da cena, uma energia que prende \u00e0 imagem. Em cada foto uma hist\u00f3ria, em cada observador uma vis\u00e3o diferente, um enredo que se desenrola na observa\u00e7\u00e3o de cada detalhe da imagem. \u00c9 dif\u00edcil, mas o impacto da foto \u00e9 tanto maior quanto a hist\u00f3ria que ela encerra para cada um.<br \/>\nNesta busca emocional e de energia, criei o meu pr\u00f3prio est\u00fadio de fotografia onde exploro muitas vertentes fotogr\u00e1ficas, focando essencialmente no universo feminino. \u00c9 essa energia que capto em todas os tipos de fotografia que fa\u00e7o profissionalmente.<br \/>\nFormei-me na UA em Eng. Electr\u00f3nica e Telecomunica\u00e7\u00f5es e levo agora, o hobbie da fotografia muito a s\u00e9rio, fazendo daquilo que mais gosto um meio de contar aos outros hist\u00f3rias ilustradas, que se vivem, que se sentem.<br \/>\nA fotografia \u00e9 antes de tudo, um testemunho. Quando se aponta a c\u00e2mara a para algum objecto ou sujeito, contr\u00f3i-se um significado, faz-se uma escolha, seleciona-se um tema e conta-se uma hist\u00f3ria. Deixo agora aos espectadores o imenso desafio de l\u00ea-las.<br \/>\n<a href=\"http:\/\/www.helderbernardo.com\" target=\"_blank\" rel=\"noopener\">www.helderbernardo.com<\/a><br \/>\n<\/span><\/p>\n<hr>\n<style type=\"text\/css\">\n#foogallery-gallery-3887 .fg-image { width: 150px; }\n#foogallery-gallery-3887 { --fg-gutter: 10px; }<\/style>\n\t\t\t<div class=\"foogallery foogallery-container foogallery-default foogallery-lightbox-foobox fg-center fg-default fg-ready fg-light fg-border-thin fg-shadow-outline fg-loading-default fg-loaded-fade-in fg-caption-hover fg-hover-fade fg-hover-zoom\" id=\"foogallery-gallery-3887\" data-foogallery=\"{&quot;item&quot;:{&quot;showCaptionTitle&quot;:true,&quot;showCaptionDescription&quot;:true},&quot;lazy&quot;:true}\" style=\"--fg-title-line-clamp: 0; --fg-description-line-clamp: 0;\" >\n\t<div class=\"fg-item fg-type-image fg-idle\"><figure class=\"fg-item-inner\"><a href=\"https:\/\/momentosdenatureza.web.ua.pt\/wp-content\/uploads\/2020\/12\/D81_2758_2.jpg\" data-caption-title=\"|2020 \u00a9H\u00e9lder Bernardo\r\n|www.helderbernardo.com\" data-attachment-id=\"3907\" data-type=\"image\" class=\"fg-thumb\"><span class=\"fg-image-wrap\"><img decoding=\"async\" title=\"|2020 \u00a9H\u00e9lder Bernardo\r\n|www.helderbernardo.com\" width=\"150\" height=\"150\" class=\"skip-lazy fg-image\" data-src-fg=\"https:\/\/momentosdenatureza.web.ua.pt\/wp-content\/uploads\/cache\/2020\/12\/D81_2758_2\/2254246729.jpg\" src=\"data:image\/svg+xml,%3Csvg%20xmlns%3D%22http%3A%2F%2Fwww.w3.org%2F2000%2Fsvg%22%20width%3D%22150%22%20height%3D%22150%22%20viewBox%3D%220%200%20150%20150%22%3E%3C%2Fsvg%3E\" loading=\"eager\"><\/span><span class=\"fg-image-overlay\"><\/span><\/a><figcaption class=\"fg-caption\"><div class=\"fg-caption-inner\"><div class=\"fg-caption-title\">|2020 \u00a9H\u00e9lder Bernardo\r\n|www.helderbernardo.com<\/div><\/div><\/figcaption><\/figure><div class=\"fg-loader\"><\/div><\/div><div class=\"fg-item fg-type-image fg-idle\"><figure class=\"fg-item-inner\"><a href=\"https:\/\/momentosdenatureza.web.ua.pt\/wp-content\/uploads\/2020\/12\/D81_2754_2.jpg\" data-caption-title=\"|2020 \u00a9H\u00e9lder Bernardo\r\n|www.helderbernardo.com\" data-attachment-id=\"3905\" data-type=\"image\" class=\"fg-thumb\"><span class=\"fg-image-wrap\"><img decoding=\"async\" title=\"|2020 \u00a9H\u00e9lder Bernardo\r\n|www.helderbernardo.com\" width=\"150\" height=\"150\" class=\"skip-lazy fg-image\" data-src-fg=\"https:\/\/momentosdenatureza.web.ua.pt\/wp-content\/uploads\/cache\/2020\/12\/D81_2754_2\/1927105520.jpg\" src=\"data:image\/svg+xml,%3Csvg%20xmlns%3D%22http%3A%2F%2Fwww.w3.org%2F2000%2Fsvg%22%20width%3D%22150%22%20height%3D%22150%22%20viewBox%3D%220%200%20150%20150%22%3E%3C%2Fsvg%3E\" loading=\"eager\"><\/span><span class=\"fg-image-overlay\"><\/span><\/a><figcaption class=\"fg-caption\"><div class=\"fg-caption-inner\"><div class=\"fg-caption-title\">|2020 \u00a9H\u00e9lder Bernardo\r\n|www.helderbernardo.com<\/div><\/div><\/figcaption><\/figure><div class=\"fg-loader\"><\/div><\/div><div class=\"fg-item fg-type-image fg-idle\"><figure class=\"fg-item-inner\"><a href=\"https:\/\/momentosdenatureza.web.ua.pt\/wp-content\/uploads\/2020\/12\/D81_2750_2.jpg\" data-caption-title=\"|2020 \u00a9H\u00e9lder Bernardo\r\n|www.helderbernardo.com\" data-attachment-id=\"3903\" data-type=\"image\" class=\"fg-thumb\"><span class=\"fg-image-wrap\"><img decoding=\"async\" title=\"|2020 \u00a9H\u00e9lder Bernardo\r\n|www.helderbernardo.com\" width=\"150\" height=\"150\" class=\"skip-lazy fg-image\" data-src-fg=\"https:\/\/momentosdenatureza.web.ua.pt\/wp-content\/uploads\/cache\/2020\/12\/D81_2750_2\/2474780050.jpg\" src=\"data:image\/svg+xml,%3Csvg%20xmlns%3D%22http%3A%2F%2Fwww.w3.org%2F2000%2Fsvg%22%20width%3D%22150%22%20height%3D%22150%22%20viewBox%3D%220%200%20150%20150%22%3E%3C%2Fsvg%3E\" loading=\"eager\"><\/span><span class=\"fg-image-overlay\"><\/span><\/a><figcaption class=\"fg-caption\"><div class=\"fg-caption-inner\"><div class=\"fg-caption-title\">|2020 \u00a9H\u00e9lder Bernardo\r\n|www.helderbernardo.com<\/div><\/div><\/figcaption><\/figure><div class=\"fg-loader\"><\/div><\/div><div class=\"fg-item fg-type-image fg-idle\"><figure class=\"fg-item-inner\"><a href=\"https:\/\/momentosdenatureza.web.ua.pt\/wp-content\/uploads\/2020\/12\/D81_2744_2.jpg\" data-caption-title=\"|2020 \u00a9H\u00e9lder Bernardo\r\n|www.helderbernardo.com\" data-attachment-id=\"3901\" data-type=\"image\" class=\"fg-thumb\"><span class=\"fg-image-wrap\"><img decoding=\"async\" title=\"|2020 \u00a9H\u00e9lder Bernardo\r\n|www.helderbernardo.com\" width=\"150\" height=\"150\" class=\"skip-lazy fg-image\" data-src-fg=\"https:\/\/momentosdenatureza.web.ua.pt\/wp-content\/uploads\/cache\/2020\/12\/D81_2744_2\/3042697759.jpg\" src=\"data:image\/svg+xml,%3Csvg%20xmlns%3D%22http%3A%2F%2Fwww.w3.org%2F2000%2Fsvg%22%20width%3D%22150%22%20height%3D%22150%22%20viewBox%3D%220%200%20150%20150%22%3E%3C%2Fsvg%3E\" loading=\"eager\"><\/span><span class=\"fg-image-overlay\"><\/span><\/a><figcaption class=\"fg-caption\"><div class=\"fg-caption-inner\"><div class=\"fg-caption-title\">|2020 \u00a9H\u00e9lder Bernardo\r\n|www.helderbernardo.com<\/div><\/div><\/figcaption><\/figure><div class=\"fg-loader\"><\/div><\/div><div class=\"fg-item fg-type-image fg-idle\"><figure class=\"fg-item-inner\"><a href=\"https:\/\/momentosdenatureza.web.ua.pt\/wp-content\/uploads\/2020\/12\/D81_1688_2.jpg\" data-caption-title=\"|2020 \u00a9H\u00e9lder Bernardo\r\n|www.helderbernardo.com\" data-attachment-id=\"3899\" data-type=\"image\" class=\"fg-thumb\"><span class=\"fg-image-wrap\"><img decoding=\"async\" title=\"|2020 \u00a9H\u00e9lder Bernardo\r\n|www.helderbernardo.com\" width=\"150\" height=\"150\" class=\"skip-lazy fg-image\" data-src-fg=\"https:\/\/momentosdenatureza.web.ua.pt\/wp-content\/uploads\/cache\/2020\/12\/D81_1688_2\/2559739350.jpg\" src=\"data:image\/svg+xml,%3Csvg%20xmlns%3D%22http%3A%2F%2Fwww.w3.org%2F2000%2Fsvg%22%20width%3D%22150%22%20height%3D%22150%22%20viewBox%3D%220%200%20150%20150%22%3E%3C%2Fsvg%3E\" loading=\"eager\"><\/span><span class=\"fg-image-overlay\"><\/span><\/a><figcaption class=\"fg-caption\"><div class=\"fg-caption-inner\"><div class=\"fg-caption-title\">|2020 \u00a9H\u00e9lder Bernardo\r\n|www.helderbernardo.com<\/div><\/div><\/figcaption><\/figure><div class=\"fg-loader\"><\/div><\/div><div class=\"fg-item fg-type-image fg-idle\"><figure class=\"fg-item-inner\"><a href=\"https:\/\/momentosdenatureza.web.ua.pt\/wp-content\/uploads\/2020\/12\/D81_1670_2.jpg\" data-caption-title=\"|2020 \u00a9H\u00e9lder Bernardo\r\n|www.helderbernardo.com\" data-attachment-id=\"3897\" data-type=\"image\" class=\"fg-thumb\"><span class=\"fg-image-wrap\"><img decoding=\"async\" title=\"|2020 \u00a9H\u00e9lder Bernardo\r\n|www.helderbernardo.com\" width=\"150\" height=\"150\" class=\"skip-lazy fg-image\" data-src-fg=\"https:\/\/momentosdenatureza.web.ua.pt\/wp-content\/uploads\/cache\/2020\/12\/D81_1670_2\/4229501858.jpg\" src=\"data:image\/svg+xml,%3Csvg%20xmlns%3D%22http%3A%2F%2Fwww.w3.org%2F2000%2Fsvg%22%20width%3D%22150%22%20height%3D%22150%22%20viewBox%3D%220%200%20150%20150%22%3E%3C%2Fsvg%3E\" loading=\"eager\"><\/span><span class=\"fg-image-overlay\"><\/span><\/a><figcaption class=\"fg-caption\"><div class=\"fg-caption-inner\"><div class=\"fg-caption-title\">|2020 \u00a9H\u00e9lder Bernardo\r\n|www.helderbernardo.com<\/div><\/div><\/figcaption><\/figure><div class=\"fg-loader\"><\/div><\/div><div class=\"fg-item fg-type-image fg-idle\"><figure class=\"fg-item-inner\"><a href=\"https:\/\/momentosdenatureza.web.ua.pt\/wp-content\/uploads\/2020\/12\/D81_1642_2.jpg\" data-caption-title=\"|2020 \u00a9H\u00e9lder Bernardo\r\n|www.helderbernardo.com\" data-attachment-id=\"3895\" data-type=\"image\" class=\"fg-thumb\"><span class=\"fg-image-wrap\"><img decoding=\"async\" title=\"|2020 \u00a9H\u00e9lder Bernardo\r\n|www.helderbernardo.com\" width=\"150\" height=\"150\" class=\"skip-lazy fg-image\" data-src-fg=\"https:\/\/momentosdenatureza.web.ua.pt\/wp-content\/uploads\/cache\/2020\/12\/D81_1642_2\/2410814889.jpg\" src=\"data:image\/svg+xml,%3Csvg%20xmlns%3D%22http%3A%2F%2Fwww.w3.org%2F2000%2Fsvg%22%20width%3D%22150%22%20height%3D%22150%22%20viewBox%3D%220%200%20150%20150%22%3E%3C%2Fsvg%3E\" loading=\"eager\"><\/span><span class=\"fg-image-overlay\"><\/span><\/a><figcaption class=\"fg-caption\"><div class=\"fg-caption-inner\"><div class=\"fg-caption-title\">|2020 \u00a9H\u00e9lder Bernardo\r\n|www.helderbernardo.com<\/div><\/div><\/figcaption><\/figure><div class=\"fg-loader\"><\/div><\/div><div class=\"fg-item fg-type-image fg-idle\"><figure class=\"fg-item-inner\"><a href=\"https:\/\/momentosdenatureza.web.ua.pt\/wp-content\/uploads\/2020\/12\/DJI_0150_2.jpg\" data-caption-title=\"|2020 \u00a9H\u00e9lder Bernardo\r\n|www.helderbernardo.com\" data-attachment-id=\"3893\" data-type=\"image\" class=\"fg-thumb\"><span class=\"fg-image-wrap\"><img decoding=\"async\" title=\"|2020 \u00a9H\u00e9lder Bernardo\r\n|www.helderbernardo.com\" width=\"150\" height=\"150\" class=\"skip-lazy fg-image\" data-src-fg=\"https:\/\/momentosdenatureza.web.ua.pt\/wp-content\/uploads\/cache\/2020\/12\/DJI_0150_2\/2590010391.jpg\" src=\"data:image\/svg+xml,%3Csvg%20xmlns%3D%22http%3A%2F%2Fwww.w3.org%2F2000%2Fsvg%22%20width%3D%22150%22%20height%3D%22150%22%20viewBox%3D%220%200%20150%20150%22%3E%3C%2Fsvg%3E\" loading=\"eager\"><\/span><span class=\"fg-image-overlay\"><\/span><\/a><figcaption class=\"fg-caption\"><div class=\"fg-caption-inner\"><div class=\"fg-caption-title\">|2020 \u00a9H\u00e9lder Bernardo\r\n|www.helderbernardo.com<\/div><\/div><\/figcaption><\/figure><div class=\"fg-loader\"><\/div><\/div><div class=\"fg-item fg-type-image fg-idle\"><figure class=\"fg-item-inner\"><a href=\"https:\/\/momentosdenatureza.web.ua.pt\/wp-content\/uploads\/2020\/12\/D81_1618_2.jpg\" data-caption-title=\"|2020 \u00a9H\u00e9lder Bernardo\r\n|www.helderbernardo.com\" data-attachment-id=\"3891\" data-type=\"image\" class=\"fg-thumb\"><span class=\"fg-image-wrap\"><img decoding=\"async\" title=\"|2020 \u00a9H\u00e9lder Bernardo\r\n|www.helderbernardo.com\" width=\"150\" height=\"150\" class=\"skip-lazy fg-image\" data-src-fg=\"https:\/\/momentosdenatureza.web.ua.pt\/wp-content\/uploads\/cache\/2020\/12\/D81_1618_2\/4023342861.jpg\" src=\"data:image\/svg+xml,%3Csvg%20xmlns%3D%22http%3A%2F%2Fwww.w3.org%2F2000%2Fsvg%22%20width%3D%22150%22%20height%3D%22150%22%20viewBox%3D%220%200%20150%20150%22%3E%3C%2Fsvg%3E\" loading=\"eager\"><\/span><span class=\"fg-image-overlay\"><\/span><\/a><figcaption class=\"fg-caption\"><div class=\"fg-caption-inner\"><div class=\"fg-caption-title\">|2020 \u00a9H\u00e9lder Bernardo\r\n|www.helderbernardo.com<\/div><\/div><\/figcaption><\/figure><div class=\"fg-loader\"><\/div><\/div><\/div>\n\n","protected":false},"excerpt":{"rendered":"<p>H\u00e9lder Bernardo Desde cedo usei todas as vertentes gr\u00e1ficas para a constru\u00e7\u00e3o de imagens, para a constru\u00e7\u00e3o de hist\u00f3rias em imagens. Mas s\u00f3 com o [&#8230;]<\/p>\n","protected":false},"author":3,"featured_media":0,"parent":0,"menu_order":0,"comment_status":"closed","ping_status":"closed","template":"","meta":{"footnotes":""},"class_list":["post-4447","page","type-page","status-publish","hentry"],"post_mailing_queue_ids":[],"_links":{"self":[{"href":"https:\/\/momentosdenatureza.web.ua.pt\/index.php\/wp-json\/wp\/v2\/pages\/4447","targetHints":{"allow":["GET"]}}],"collection":[{"href":"https:\/\/momentosdenatureza.web.ua.pt\/index.php\/wp-json\/wp\/v2\/pages"}],"about":[{"href":"https:\/\/momentosdenatureza.web.ua.pt\/index.php\/wp-json\/wp\/v2\/types\/page"}],"author":[{"embeddable":true,"href":"https:\/\/momentosdenatureza.web.ua.pt\/index.php\/wp-json\/wp\/v2\/users\/3"}],"replies":[{"embeddable":true,"href":"https:\/\/momentosdenatureza.web.ua.pt\/index.php\/wp-json\/wp\/v2\/comments?post=4447"}],"version-history":[{"count":1,"href":"https:\/\/momentosdenatureza.web.ua.pt\/index.php\/wp-json\/wp\/v2\/pages\/4447\/revisions"}],"predecessor-version":[{"id":4450,"href":"https:\/\/momentosdenatureza.web.ua.pt\/index.php\/wp-json\/wp\/v2\/pages\/4447\/revisions\/4450"}],"wp:attachment":[{"href":"https:\/\/momentosdenatureza.web.ua.pt\/index.php\/wp-json\/wp\/v2\/media?parent=4447"}],"curies":[{"name":"wp","href":"https:\/\/api.w.org\/{rel}","templated":true}]}}