{"id":4453,"date":"2022-02-19T11:59:05","date_gmt":"2022-02-19T11:59:05","guid":{"rendered":"https:\/\/momentosdenatureza.web.ua.pt\/?page_id=4453"},"modified":"2022-02-28T01:09:54","modified_gmt":"2022-02-28T01:09:54","slug":"joao-quintela-2022","status":"publish","type":"page","link":"https:\/\/momentosdenatureza.web.ua.pt\/index.php\/joao-quintela-2022\/","title":{"rendered":"Jo\u00e3o Quintela 2022"},"content":{"rendered":"<p><b>Jo\u00e3o Quintela<\/b><br \/>\nNasci em Lisboa em mar\u00e7o de 1969.<br \/>\nDesde muito novo me interessei pela fotografia, com especial incid\u00eancia na Fotografia de Natureza.<br \/>\nFrequentei a escola AR. CO em 1994\/5 onde frequentei o Curso de Fotografia \u2013 apenas terminei a fase de inicia\u00e7\u00e3o.<br \/>\nDesde h\u00e1 bastante tempo que me tenho dedicado em exclusivo \u00e0 fotografia de paisagem, quer na sua vertente \u201ctradicional\u201d, ampla, quer numa vis\u00e3o mais minimalista, intimista.<\/p>\n<p><a href=\"http:\/\/www.facebook.com\/joaoquintelafotografia\" target=\"_blanc\" rel=\"noopener\">www.facebook.com\/joaoquintelafotografia <\/a><\/p>\n<p><a href=\"https:\/\/joaoquintela.wixsite.com\/fotografia\" target=\"_blanc\" rel=\"noopener\">https:\/\/joaoquintela.wixsite.com\/fotografia <\/a><\/p>\n<hr \/>\n<style type=\"text\/css\">\n#foogallery-gallery-4660.fg-masonry .fg-item { width: 250px; }\n#foogallery-gallery-4660.fg-masonry { --fg-gutter: 10px; }<\/style>\n\t\t\t<div class=\"foogallery foogallery-container foogallery-masonry foogallery-lightbox-foobox fg-center fg-masonry fg-ready fg-dark fg-border-thin fg-shadow-small fg-loading-default fg-loaded-fade-in fg-captions-bottom fg-hover-fade fg-hover-plus fg-fixed\" id=\"foogallery-gallery-4660\" data-foogallery=\"{&quot;item&quot;:{&quot;showCaptionTitle&quot;:true,&quot;showCaptionDescription&quot;:true},&quot;lazy&quot;:true,&quot;template&quot;:{&quot;columnWidth&quot;:250,&quot;gutter&quot;:10}}\" style=\"--fg-title-line-clamp: 0; --fg-description-line-clamp: 0;\" >\n\t\t<div class=\"fg-item fg-type-image fg-idle\"><figure class=\"fg-item-inner\"><a href=\"https:\/\/momentosdenatureza.web.ua.pt\/wp-content\/uploads\/2022\/02\/MDN_2022_01.jpg\" data-caption-title=\"&quot;Amanhecer com n\u00e9voa&quot;\" data-caption-desc=\"Ribeira da Palha &lt;br&gt;\njaneiro 2021 \u00a9 Jo\u00e3o Quintela\" data-attachment-id=\"4657\" data-type=\"image\" class=\"fg-thumb\"><span class=\"fg-image-wrap\"><img decoding=\"async\" title=\"&quot;Amanhecer com n\u00e9voa&quot;\" width=\"250\" height=\"167\" class=\"skip-lazy fg-image\" data-src-fg=\"https:\/\/momentosdenatureza.web.ua.pt\/wp-content\/uploads\/cache\/2022\/02\/MDN_2022_01\/2564503579.jpg\" src=\"data:image\/svg+xml,%3Csvg%20xmlns%3D%22http%3A%2F%2Fwww.w3.org%2F2000%2Fsvg%22%20width%3D%22250%22%20height%3D%22167%22%20viewBox%3D%220%200%20250%20167%22%3E%3C%2Fsvg%3E\" loading=\"eager\"><\/span><span class=\"fg-image-overlay\"><\/span><\/a><figcaption class=\"fg-caption\"><div class=\"fg-caption-inner\"><div class=\"fg-caption-title\">\"Amanhecer com n\u00e9voa\"<\/div><div class=\"fg-caption-desc\">Ribeira da Palha <br>\njaneiro 2021 \u00a9 Jo\u00e3o Quintela<\/div><\/div><\/figcaption><\/figure><div class=\"fg-loader\"><\/div><\/div><div class=\"fg-item fg-type-image fg-idle\"><figure class=\"fg-item-inner\"><a href=\"https:\/\/momentosdenatureza.web.ua.pt\/wp-content\/uploads\/2022\/02\/MDN_2022_10.jpg\" data-caption-title=\"&quot;Praia do Lizandro e Cabo da Roca&quot;\" data-caption-desc=\"Praia do Lizandro, Ericeira &lt;br&gt;\nagosto 2021 \u00a9 Jo\u00e3o Quintela\" data-attachment-id=\"4651\" data-type=\"image\" class=\"fg-thumb\"><span class=\"fg-image-wrap\"><img decoding=\"async\" title=\"&quot;Praia do Lizandro e Cabo da Roca&quot;\" width=\"250\" height=\"188\" class=\"skip-lazy fg-image\" data-src-fg=\"https:\/\/momentosdenatureza.web.ua.pt\/wp-content\/uploads\/cache\/2022\/02\/MDN_2022_10\/1351483486.jpg\" src=\"data:image\/svg+xml,%3Csvg%20xmlns%3D%22http%3A%2F%2Fwww.w3.org%2F2000%2Fsvg%22%20width%3D%22250%22%20height%3D%22188%22%20viewBox%3D%220%200%20250%20188%22%3E%3C%2Fsvg%3E\" loading=\"eager\"><\/span><span class=\"fg-image-overlay\"><\/span><\/a><figcaption class=\"fg-caption\"><div class=\"fg-caption-inner\"><div class=\"fg-caption-title\">\"Praia do Lizandro e Cabo da Roca\"<\/div><div class=\"fg-caption-desc\">Praia do Lizandro, Ericeira <br>\nagosto 2021 \u00a9 Jo\u00e3o Quintela<\/div><\/div><\/figcaption><\/figure><div class=\"fg-loader\"><\/div><\/div><div class=\"fg-item fg-type-image fg-idle\"><figure class=\"fg-item-inner\"><a href=\"https:\/\/momentosdenatureza.web.ua.pt\/wp-content\/uploads\/2022\/02\/MDN_2022_07.jpg\" data-caption-title=\"&quot;Choupos&quot;\" data-caption-desc=\"Rio C\u00e9rtima \/ Pateira de Espinhel &lt;br&gt;\nmaio 2021 \u00a9 Jo\u00e3o Quintela\" data-attachment-id=\"4642\" data-type=\"image\" class=\"fg-thumb\"><span class=\"fg-image-wrap\"><img decoding=\"async\" title=\"&quot;Choupos&quot;\" width=\"250\" height=\"167\" class=\"skip-lazy fg-image\" data-src-fg=\"https:\/\/momentosdenatureza.web.ua.pt\/wp-content\/uploads\/cache\/2022\/02\/MDN_2022_07\/1848422867.jpg\" src=\"data:image\/svg+xml,%3Csvg%20xmlns%3D%22http%3A%2F%2Fwww.w3.org%2F2000%2Fsvg%22%20width%3D%22250%22%20height%3D%22167%22%20viewBox%3D%220%200%20250%20167%22%3E%3C%2Fsvg%3E\" loading=\"eager\"><\/span><span class=\"fg-image-overlay\"><\/span><\/a><figcaption class=\"fg-caption\"><div class=\"fg-caption-inner\"><div class=\"fg-caption-title\">\"Choupos\"<\/div><div class=\"fg-caption-desc\">Rio C\u00e9rtima \/ Pateira de Espinhel <br>\nmaio 2021 \u00a9 Jo\u00e3o Quintela<\/div><\/div><\/figcaption><\/figure><div class=\"fg-loader\"><\/div><\/div><div class=\"fg-item fg-type-image fg-idle\"><figure class=\"fg-item-inner\"><a href=\"https:\/\/momentosdenatureza.web.ua.pt\/wp-content\/uploads\/2022\/02\/MDN_2022_06.jpg\" data-caption-title=\"&quot;Calhau na Costa nova&quot;\" data-caption-desc=\"Praia da Costa Nova &lt;br&gt;\nabril 2021 \u00a9 Jo\u00e3o Quintela\" data-attachment-id=\"4639\" data-type=\"image\" class=\"fg-thumb\"><span class=\"fg-image-wrap\"><img fetchpriority=\"high\" decoding=\"async\" title=\"&quot;Calhau na Costa nova&quot;\" width=\"250\" height=\"313\" class=\"skip-lazy fg-image\" data-src-fg=\"https:\/\/momentosdenatureza.web.ua.pt\/wp-content\/uploads\/cache\/2022\/02\/MDN_2022_06\/4085444319.jpg\" src=\"data:image\/svg+xml,%3Csvg%20xmlns%3D%22http%3A%2F%2Fwww.w3.org%2F2000%2Fsvg%22%20width%3D%22250%22%20height%3D%22313%22%20viewBox%3D%220%200%20250%20313%22%3E%3C%2Fsvg%3E\" loading=\"eager\"><\/span><span class=\"fg-image-overlay\"><\/span><\/a><figcaption class=\"fg-caption\"><div class=\"fg-caption-inner\"><div class=\"fg-caption-title\">\"Calhau na Costa nova\"<\/div><div class=\"fg-caption-desc\">Praia da Costa Nova <br>\nabril 2021 \u00a9 Jo\u00e3o Quintela<\/div><\/div><\/figcaption><\/figure><div class=\"fg-loader\"><\/div><\/div><div class=\"fg-item fg-type-image fg-idle\"><figure class=\"fg-item-inner\"><a href=\"https:\/\/momentosdenatureza.web.ua.pt\/wp-content\/uploads\/2022\/02\/MDN_2022_05.jpg\" data-caption-title=\"&quot;Mar\u00e9 Baixa na Costa Nova na hora Azul&quot;\" data-caption-desc=\"Praia da Costa Nova &lt;br&gt;\nabril 2021 \u00a9 Jo\u00e3o Quintela\" data-attachment-id=\"4636\" data-type=\"image\" class=\"fg-thumb\"><span class=\"fg-image-wrap\"><img decoding=\"async\" title=\"&quot;Mar\u00e9 Baixa na Costa Nova na hora Azul&quot;\" width=\"250\" height=\"333\" class=\"skip-lazy fg-image\" data-src-fg=\"https:\/\/momentosdenatureza.web.ua.pt\/wp-content\/uploads\/cache\/2022\/02\/MDN_2022_05\/1405593152.jpg\" src=\"data:image\/svg+xml,%3Csvg%20xmlns%3D%22http%3A%2F%2Fwww.w3.org%2F2000%2Fsvg%22%20width%3D%22250%22%20height%3D%22333%22%20viewBox%3D%220%200%20250%20333%22%3E%3C%2Fsvg%3E\" loading=\"eager\"><\/span><span class=\"fg-image-overlay\"><\/span><\/a><figcaption class=\"fg-caption\"><div class=\"fg-caption-inner\"><div class=\"fg-caption-title\">\"Mar\u00e9 Baixa na Costa Nova na hora Azul\"<\/div><div class=\"fg-caption-desc\">Praia da Costa Nova <br>\nabril 2021 \u00a9 Jo\u00e3o Quintela<\/div><\/div><\/figcaption><\/figure><div class=\"fg-loader\"><\/div><\/div><div class=\"fg-item fg-type-image fg-idle\"><figure class=\"fg-item-inner\"><a href=\"https:\/\/momentosdenatureza.web.ua.pt\/wp-content\/uploads\/2022\/02\/MDN_2022_04.jpg\" data-caption-title=\"&quot;Salgueiros em flor&quot;\" data-caption-desc=\"Pateira de Requeixo &lt;br&gt;\nmar\u00e7o 2021 \u00a9 Jo\u00e3o Quintela\" data-attachment-id=\"4633\" data-type=\"image\" class=\"fg-thumb\"><span class=\"fg-image-wrap\"><img decoding=\"async\" title=\"&quot;Salgueiros em flor&quot;\" width=\"250\" height=\"167\" class=\"skip-lazy fg-image\" data-src-fg=\"https:\/\/momentosdenatureza.web.ua.pt\/wp-content\/uploads\/cache\/2022\/02\/MDN_2022_04\/2234227722.jpg\" src=\"data:image\/svg+xml,%3Csvg%20xmlns%3D%22http%3A%2F%2Fwww.w3.org%2F2000%2Fsvg%22%20width%3D%22250%22%20height%3D%22167%22%20viewBox%3D%220%200%20250%20167%22%3E%3C%2Fsvg%3E\" loading=\"eager\"><\/span><span class=\"fg-image-overlay\"><\/span><\/a><figcaption class=\"fg-caption\"><div class=\"fg-caption-inner\"><div class=\"fg-caption-title\">\"Salgueiros em flor\"<\/div><div class=\"fg-caption-desc\">Pateira de Requeixo <br>\nmar\u00e7o 2021 \u00a9 Jo\u00e3o Quintela<\/div><\/div><\/figcaption><\/figure><div class=\"fg-loader\"><\/div><\/div><div class=\"fg-item fg-type-image fg-idle\"><figure class=\"fg-item-inner\"><a href=\"https:\/\/momentosdenatureza.web.ua.pt\/wp-content\/uploads\/2022\/02\/MDN_2022_03.jpg\" data-caption-title=\"&quot;Sunset&quot;\" data-caption-desc=\"Praia do Labrego, Vagos &lt;br&gt;\nmar\u00e7o 2021 \u00a9 Jo\u00e3o Quintela\" data-attachment-id=\"4630\" data-type=\"image\" class=\"fg-thumb\"><span class=\"fg-image-wrap\"><img decoding=\"async\" title=\"&quot;Sunset&quot;\" width=\"250\" height=\"333\" class=\"skip-lazy fg-image\" data-src-fg=\"https:\/\/momentosdenatureza.web.ua.pt\/wp-content\/uploads\/cache\/2022\/02\/MDN_2022_03\/2251064159.jpg\" src=\"data:image\/svg+xml,%3Csvg%20xmlns%3D%22http%3A%2F%2Fwww.w3.org%2F2000%2Fsvg%22%20width%3D%22250%22%20height%3D%22333%22%20viewBox%3D%220%200%20250%20333%22%3E%3C%2Fsvg%3E\" loading=\"eager\"><\/span><span class=\"fg-image-overlay\"><\/span><\/a><figcaption class=\"fg-caption\"><div class=\"fg-caption-inner\"><div class=\"fg-caption-title\">\"Sunset\"<\/div><div class=\"fg-caption-desc\">Praia do Labrego, Vagos <br>\nmar\u00e7o 2021 \u00a9 Jo\u00e3o Quintela<\/div><\/div><\/figcaption><\/figure><div class=\"fg-loader\"><\/div><\/div><div class=\"fg-item fg-type-image fg-idle\"><figure class=\"fg-item-inner\"><a href=\"https:\/\/momentosdenatureza.web.ua.pt\/wp-content\/uploads\/2022\/05\/JQ_20210610_030-Edit_MASTER-copy-web1638x2048U70.jpg\" data-caption-title=\"&quot;P\u00e9 de galo&quot;\" data-caption-desc=\"Fermentelos\r\njunho 2021 \u00a9 Jo\u00e3o Quintela\" data-attachment-id=\"5362\" data-type=\"image\" class=\"fg-thumb\"><span class=\"fg-image-wrap\"><img decoding=\"async\" title=\"&quot;P\u00e9 de galo&quot;\" width=\"250\" height=\"200\" class=\"skip-lazy fg-image\" data-src-fg=\"https:\/\/momentosdenatureza.web.ua.pt\/wp-content\/uploads\/cache\/2022\/05\/JQ_20210610_030-Edit_MASTER-copy-web1638x2048U70\/2006608225.jpg\" src=\"data:image\/svg+xml,%3Csvg%20xmlns%3D%22http%3A%2F%2Fwww.w3.org%2F2000%2Fsvg%22%20width%3D%22250%22%20height%3D%22200%22%20viewBox%3D%220%200%20250%20200%22%3E%3C%2Fsvg%3E\" loading=\"eager\"><\/span><span class=\"fg-image-overlay\"><\/span><\/a><figcaption class=\"fg-caption\"><div class=\"fg-caption-inner\"><div class=\"fg-caption-title\">\"P\u00e9 de galo\"<\/div><div class=\"fg-caption-desc\">Fermentelos\r\njunho 2021 \u00a9 Jo\u00e3o Quintela<\/div><\/div><\/figcaption><\/figure><div class=\"fg-loader\"><\/div><\/div><\/div>\n","protected":false},"excerpt":{"rendered":"<p>Jo\u00e3o Quintela Nasci em Lisboa em mar\u00e7o de 1969. Desde muito novo me interessei pela fotografia, com especial incid\u00eancia na Fotografia de Natureza. Frequentei a [&#8230;]<\/p>\n","protected":false},"author":3,"featured_media":0,"parent":0,"menu_order":0,"comment_status":"closed","ping_status":"closed","template":"","meta":{"footnotes":""},"class_list":["post-4453","page","type-page","status-publish","hentry"],"post_mailing_queue_ids":[],"_links":{"self":[{"href":"https:\/\/momentosdenatureza.web.ua.pt\/index.php\/wp-json\/wp\/v2\/pages\/4453","targetHints":{"allow":["GET"]}}],"collection":[{"href":"https:\/\/momentosdenatureza.web.ua.pt\/index.php\/wp-json\/wp\/v2\/pages"}],"about":[{"href":"https:\/\/momentosdenatureza.web.ua.pt\/index.php\/wp-json\/wp\/v2\/types\/page"}],"author":[{"embeddable":true,"href":"https:\/\/momentosdenatureza.web.ua.pt\/index.php\/wp-json\/wp\/v2\/users\/3"}],"replies":[{"embeddable":true,"href":"https:\/\/momentosdenatureza.web.ua.pt\/index.php\/wp-json\/wp\/v2\/comments?post=4453"}],"version-history":[{"count":2,"href":"https:\/\/momentosdenatureza.web.ua.pt\/index.php\/wp-json\/wp\/v2\/pages\/4453\/revisions"}],"predecessor-version":[{"id":4663,"href":"https:\/\/momentosdenatureza.web.ua.pt\/index.php\/wp-json\/wp\/v2\/pages\/4453\/revisions\/4663"}],"wp:attachment":[{"href":"https:\/\/momentosdenatureza.web.ua.pt\/index.php\/wp-json\/wp\/v2\/media?parent=4453"}],"curies":[{"name":"wp","href":"https:\/\/api.w.org\/{rel}","templated":true}]}}