{"id":4459,"date":"2022-02-19T12:00:54","date_gmt":"2022-02-19T12:00:54","guid":{"rendered":"https:\/\/momentosdenatureza.web.ua.pt\/?page_id=4459"},"modified":"2025-06-28T21:44:00","modified_gmt":"2025-06-28T21:44:00","slug":"to-vieira-2022","status":"publish","type":"page","link":"https:\/\/momentosdenatureza.web.ua.pt\/index.php\/to-vieira-2022\/","title":{"rendered":"T\u00f3 Vieira 2022"},"content":{"rendered":"<p><center> <img loading=\"lazy\" decoding=\"async\" src=\"https:\/\/momentosdenatureza.web.ua.pt\/wp-content\/uploads\/2022\/02\/tovieira_photo_logo.png\" alt=\"\" width=\"100\" height=\"150\" class=\"size-medium wp-image-1771\" \/> <\/center><\/p>\n<p>Nasci em abril de 1957 na vila de Oliveirinha da cidade de Aveiro.<br \/>\nAs minhas fotografias representam o meu olhar pelas paisagens que visito, os animais e plantas que observo no seu ambiente natural, assim como momentos e pormenores \u00fanicos aos quais tento dar a minha vis\u00e3o art\u00edstica.<br \/>\nUltimamente tenho-me dedicado tamb\u00e9m \u00e0 fotografia impressionista tentando, atrav\u00e9s do olhar diferenciado, captar as impress\u00f5es percetivas de luminosidade, cor e sombra das paisagens.<\/p>\n<p><a href=\"http:\/\/www.tovieira.com\" taget=\"_blank\">www.tovieira.com<\/a><\/p>\n<hr>\n<style type=\"text\/css\">\n#foogallery-gallery-4468.fg-masonry .fg-item { width: 250px; }\n#foogallery-gallery-4468.fg-masonry { --fg-gutter: 10px; }<\/style>\n\t\t\t<div class=\"foogallery foogallery-container foogallery-masonry foogallery-lightbox-foobox fg-center fg-masonry fg-ready fg-dark fg-border-thin fg-shadow-small fg-loading-default fg-loaded-fade-in fg-captions-bottom fg-hover-fade fg-hover-plus fg-fixed\" id=\"foogallery-gallery-4468\" data-foogallery=\"{&quot;item&quot;:{&quot;showCaptionTitle&quot;:true,&quot;showCaptionDescription&quot;:true},&quot;lazy&quot;:true,&quot;template&quot;:{&quot;columnWidth&quot;:250,&quot;gutter&quot;:10}}\" style=\"--fg-title-line-clamp: 0; --fg-description-line-clamp: 0;\" >\n\t\t<div class=\"fg-item fg-type-image fg-idle\"><figure class=\"fg-item-inner\"><a href=\"https:\/\/momentosdenatureza.web.ua.pt\/wp-content\/uploads\/2022\/02\/TVZ6704-Edit.jpg\" data-caption-title=\"Cegonha |  S. Jo\u00e3o de Loure\" data-caption-desc=\"NIKON Z7 \r\n| Lens: Sigma 150-600 mm f\/5.0-6.3 \r\n| ISO Speed Rating: 400 \r\n| Focal Lenght: 600 mm \r\n| Exposure: 1\/800 sec at f\/8.9  \r\n| \r\n|2021 \u00a9T\u00f3 Vieira\r\n|www.tovieira.com\" data-attachment-id=\"4429\" data-type=\"image\" class=\"fg-thumb\"><span class=\"fg-image-wrap\"><img fetchpriority=\"high\" decoding=\"async\" alt=\"Cegonha\" title=\"Cegonha |  S. Jo\u00e3o de Loure\" width=\"250\" height=\"328\" class=\"skip-lazy fg-image\" data-src-fg=\"https:\/\/momentosdenatureza.web.ua.pt\/wp-content\/uploads\/cache\/2022\/02\/TVZ6704-Edit\/307009477.jpg\" src=\"data:image\/svg+xml,%3Csvg%20xmlns%3D%22http%3A%2F%2Fwww.w3.org%2F2000%2Fsvg%22%20width%3D%22250%22%20height%3D%22328%22%20viewBox%3D%220%200%20250%20328%22%3E%3C%2Fsvg%3E\" loading=\"eager\"><\/span><span class=\"fg-image-overlay\"><\/span><\/a><figcaption class=\"fg-caption\"><div class=\"fg-caption-inner\"><div class=\"fg-caption-title\">Cegonha |  S. Jo\u00e3o de Loure<\/div><div class=\"fg-caption-desc\">NIKON Z7 \r\n| Lens: Sigma 150-600 mm f\/5.0-6.3 \r\n| ISO Speed Rating: 400 \r\n| Focal Lenght: 600 mm \r\n| Exposure: 1\/800 sec at f\/8.9  \r\n| \r\n|2021 \u00a9T\u00f3 Vieira\r\n|www.tovieira.com<\/div><\/div><\/figcaption><\/figure><div class=\"fg-loader\"><\/div><\/div><div class=\"fg-item fg-type-image fg-idle\"><figure class=\"fg-item-inner\"><a href=\"https:\/\/momentosdenatureza.web.ua.pt\/wp-content\/uploads\/2022\/02\/TVZ6592-Edit.jpg\" data-caption-title=\"mushroom fall | Oliveira do Bairro\" data-caption-desc=\"Nikon Z\r\n| Lens: NIKKOR Z 24-70 f\/4.5\r\n| ISO Speed Rating: 100\r\n| Focal Lenght: 24 mm\r\n| Exposure: 1\/8 sec at f\/5.0\r\n\r\n| 2021 \u00a9T\u00f3 Vieira\r\n| www.tovieira.com\" data-attachment-id=\"4426\" data-type=\"image\" class=\"fg-thumb\"><span class=\"fg-image-wrap\"><img decoding=\"async\" title=\"mushroom fall | Oliveira do Bairro\" width=\"250\" height=\"328\" class=\"skip-lazy fg-image\" data-src-fg=\"https:\/\/momentosdenatureza.web.ua.pt\/wp-content\/uploads\/cache\/2022\/02\/TVZ6592-Edit\/3991204241.jpg\" src=\"data:image\/svg+xml,%3Csvg%20xmlns%3D%22http%3A%2F%2Fwww.w3.org%2F2000%2Fsvg%22%20width%3D%22250%22%20height%3D%22328%22%20viewBox%3D%220%200%20250%20328%22%3E%3C%2Fsvg%3E\" loading=\"eager\"><\/span><span class=\"fg-image-overlay\"><\/span><\/a><figcaption class=\"fg-caption\"><div class=\"fg-caption-inner\"><div class=\"fg-caption-title\">mushroom fall | Oliveira do Bairro<\/div><div class=\"fg-caption-desc\">Nikon Z\r\n| Lens: NIKKOR Z 24-70 f\/4.5\r\n| ISO Speed Rating: 100\r\n| Focal Lenght: 24 mm\r\n| Exposure: 1\/8 sec at f\/5.0\r\n\r\n| 2021 \u00a9T\u00f3 Vieira\r\n| www.tovieira.com<\/div><\/div><\/figcaption><\/figure><div class=\"fg-loader\"><\/div><\/div><div class=\"fg-item fg-type-image fg-idle\"><figure class=\"fg-item-inner\"><a href=\"https:\/\/momentosdenatureza.web.ua.pt\/wp-content\/uploads\/2022\/02\/TVZ5599-Edit-2.jpg\" data-caption-title=\"Waterfall | Ribeira de Carrazedo\" data-caption-desc=\"Nikon Z\r\n| Lens: NIKKOR Z 24-70 f\/4.5\r\n| ISO Speed Rating: 64\r\n| Focal Lenght: 47 mm\r\n| Exposure: 8,0 sec at f\/16\r\n\r\n|2021 \u00a9T\u00f3 Vieira\r\n|www.tovieira.com\" data-attachment-id=\"4423\" data-type=\"image\" class=\"fg-thumb\"><span class=\"fg-image-wrap\"><img decoding=\"async\" title=\"Waterfall | Ribeira de Carrazedo\" width=\"250\" height=\"328\" class=\"skip-lazy fg-image\" data-src-fg=\"https:\/\/momentosdenatureza.web.ua.pt\/wp-content\/uploads\/cache\/2022\/02\/TVZ5599-Edit-2\/2974844027.jpg\" src=\"data:image\/svg+xml,%3Csvg%20xmlns%3D%22http%3A%2F%2Fwww.w3.org%2F2000%2Fsvg%22%20width%3D%22250%22%20height%3D%22328%22%20viewBox%3D%220%200%20250%20328%22%3E%3C%2Fsvg%3E\" loading=\"eager\"><\/span><span class=\"fg-image-overlay\"><\/span><\/a><figcaption class=\"fg-caption\"><div class=\"fg-caption-inner\"><div class=\"fg-caption-title\">Waterfall | Ribeira de Carrazedo<\/div><div class=\"fg-caption-desc\">Nikon Z\r\n| Lens: NIKKOR Z 24-70 f\/4.5\r\n| ISO Speed Rating: 64\r\n| Focal Lenght: 47 mm\r\n| Exposure: 8,0 sec at f\/16\r\n\r\n|2021 \u00a9T\u00f3 Vieira\r\n|www.tovieira.com<\/div><\/div><\/figcaption><\/figure><div class=\"fg-loader\"><\/div><\/div><div class=\"fg-item fg-type-image fg-idle\"><figure class=\"fg-item-inner\"><a href=\"https:\/\/momentosdenatureza.web.ua.pt\/wp-content\/uploads\/2022\/02\/TVZ5230-Edit-3.jpg\" data-caption-title=\"a\u00e7ude | | IMPRESSIONISMO | | ICM photo | Caldas de S. Jorge\" data-caption-desc=\"Nikon Z\r\n| Lens: NIKKOR Z 24-70 f\/4.5\r\n| ISO Speed Rating: 40\r\n| Focal Lenght: 38 mm\r\n| Exposure: 0,4 sec at f\/9.0\r\n\r\n| 2021 \u00a9T\u00f3 Vieira\r\n| www.tovieira.com\" data-attachment-id=\"4420\" data-type=\"image\" class=\"fg-thumb\"><span class=\"fg-image-wrap\"><img decoding=\"async\" title=\"a\u00e7ude | | IMPRESSIONISMO | | ICM photo | Caldas de S. Jorge\" width=\"250\" height=\"190\" class=\"skip-lazy fg-image\" data-src-fg=\"https:\/\/momentosdenatureza.web.ua.pt\/wp-content\/uploads\/cache\/2022\/02\/TVZ5230-Edit-3\/3487250187.jpg\" src=\"data:image\/svg+xml,%3Csvg%20xmlns%3D%22http%3A%2F%2Fwww.w3.org%2F2000%2Fsvg%22%20width%3D%22250%22%20height%3D%22190%22%20viewBox%3D%220%200%20250%20190%22%3E%3C%2Fsvg%3E\" loading=\"eager\"><\/span><span class=\"fg-image-overlay\"><\/span><\/a><figcaption class=\"fg-caption\"><div class=\"fg-caption-inner\"><div class=\"fg-caption-title\">a\u00e7ude | | IMPRESSIONISMO | | ICM photo | Caldas de S. Jorge<\/div><div class=\"fg-caption-desc\">Nikon Z\r\n| Lens: NIKKOR Z 24-70 f\/4.5\r\n| ISO Speed Rating: 40\r\n| Focal Lenght: 38 mm\r\n| Exposure: 0,4 sec at f\/9.0\r\n\r\n| 2021 \u00a9T\u00f3 Vieira\r\n| www.tovieira.com<\/div><\/div><\/figcaption><\/figure><div class=\"fg-loader\"><\/div><\/div><div class=\"fg-item fg-type-image fg-idle\"><figure class=\"fg-item-inner\"><a href=\"https:\/\/momentosdenatureza.web.ua.pt\/wp-content\/uploads\/2022\/02\/TVZ2320-Edit-2-Edit.jpg\" data-caption-title=\"Sunset in ria de Aveiro | 2 ICM blended photos | 10\/08\/2020\" data-caption-desc=\"NIKON Z7\r\n| Lens: NIKKOR Z 24-70 f\/4.5\r\n| ISO Speed Rating: 400\r\n| Focal Lenght: 70 mm\r\n|Exposure: 1\/1600 sec at f\/13\r\n|\r\n|2020 \u00a9T\u00f3 Vieira\r\n|www.tovieira.com\" data-attachment-id=\"4414\" data-type=\"image\" class=\"fg-thumb\"><span class=\"fg-image-wrap\"><img decoding=\"async\" alt=\"Sunset in ria de Aveiro | 2 ICM blended photos | 10\/08\/2020\" title=\"Sunset in ria de Aveiro | 2 ICM blended photos | 10\/08\/2020\" width=\"250\" height=\"328\" class=\"skip-lazy fg-image\" data-src-fg=\"https:\/\/momentosdenatureza.web.ua.pt\/wp-content\/uploads\/cache\/2022\/02\/TVZ2320-Edit-2-Edit\/3904314110.jpg\" src=\"data:image\/svg+xml,%3Csvg%20xmlns%3D%22http%3A%2F%2Fwww.w3.org%2F2000%2Fsvg%22%20width%3D%22250%22%20height%3D%22328%22%20viewBox%3D%220%200%20250%20328%22%3E%3C%2Fsvg%3E\" loading=\"eager\"><\/span><span class=\"fg-image-overlay\"><\/span><\/a><figcaption class=\"fg-caption\"><div class=\"fg-caption-inner\"><div class=\"fg-caption-title\">Sunset in ria de Aveiro | 2 ICM blended photos | 10\/08\/2020<\/div><div class=\"fg-caption-desc\">NIKON Z7\r\n| Lens: NIKKOR Z 24-70 f\/4.5\r\n| ISO Speed Rating: 400\r\n| Focal Lenght: 70 mm\r\n|Exposure: 1\/1600 sec at f\/13\r\n|\r\n|2020 \u00a9T\u00f3 Vieira\r\n|www.tovieira.com<\/div><\/div><\/figcaption><\/figure><div class=\"fg-loader\"><\/div><\/div><div class=\"fg-item fg-type-image fg-idle\"><figure class=\"fg-item-inner\"><a href=\"https:\/\/momentosdenatureza.web.ua.pt\/wp-content\/uploads\/2022\/02\/6009236-Edit-2.jpg\" data-caption-title=\"Aranha | Serra da Boa Viagem\" data-caption-desc=\"Nikon D600\r\n| Lens: 105 mm f\/2.8\r\n| ISO Speed Rating: 640\r\n| Focal Lenght: 105 mm\r\n| Exposure: 1\/125 sec at f\/8\r\n|\r\n|2021 \u00a9T\u00f3 Vieira\r\n|www.tovieira.com\" data-attachment-id=\"4411\" data-type=\"image\" class=\"fg-thumb\"><span class=\"fg-image-wrap\"><img decoding=\"async\" title=\"Aranha | Serra da Boa Viagem\" width=\"250\" height=\"190\" class=\"skip-lazy fg-image\" data-src-fg=\"https:\/\/momentosdenatureza.web.ua.pt\/wp-content\/uploads\/cache\/2022\/02\/6009236-Edit-2\/4149807371.jpg\" src=\"data:image\/svg+xml,%3Csvg%20xmlns%3D%22http%3A%2F%2Fwww.w3.org%2F2000%2Fsvg%22%20width%3D%22250%22%20height%3D%22190%22%20viewBox%3D%220%200%20250%20190%22%3E%3C%2Fsvg%3E\" loading=\"eager\"><\/span><span class=\"fg-image-overlay\"><\/span><\/a><figcaption class=\"fg-caption\"><div class=\"fg-caption-inner\"><div class=\"fg-caption-title\">Aranha | Serra da Boa Viagem<\/div><div class=\"fg-caption-desc\">Nikon D600\r\n| Lens: 105 mm f\/2.8\r\n| ISO Speed Rating: 640\r\n| Focal Lenght: 105 mm\r\n| Exposure: 1\/125 sec at f\/8\r\n|\r\n|2021 \u00a9T\u00f3 Vieira\r\n|www.tovieira.com<\/div><\/div><\/figcaption><\/figure><div class=\"fg-loader\"><\/div><\/div><div class=\"fg-item fg-type-image fg-idle\"><figure class=\"fg-item-inner\"><a href=\"https:\/\/momentosdenatureza.web.ua.pt\/wp-content\/uploads\/2022\/02\/6009086-Edit-2.jpg\" data-caption-title=\"Mosca | Serra da Boa Viagem\" data-caption-desc=\"Nikon D600\r\n| Lens: 105 mm f\/2.8\r\n| ISO Speed Rating: 640\r\n| Focal Lenght: 105 mm\r\n| Exposure: 1\/125 sec at f\/5\r\n|\r\n|2021 \u00a9T\u00f3 Vieira\r\n|www.tovieira.com\" data-attachment-id=\"4408\" data-type=\"image\" class=\"fg-thumb\"><span class=\"fg-image-wrap\"><img decoding=\"async\" title=\"Mosca | Serra da Boa Viagem\" width=\"250\" height=\"190\" class=\"skip-lazy fg-image\" data-src-fg=\"https:\/\/momentosdenatureza.web.ua.pt\/wp-content\/uploads\/cache\/2022\/02\/6009086-Edit-2\/2263248921.jpg\" src=\"data:image\/svg+xml,%3Csvg%20xmlns%3D%22http%3A%2F%2Fwww.w3.org%2F2000%2Fsvg%22%20width%3D%22250%22%20height%3D%22190%22%20viewBox%3D%220%200%20250%20190%22%3E%3C%2Fsvg%3E\" loading=\"eager\"><\/span><span class=\"fg-image-overlay\"><\/span><\/a><figcaption class=\"fg-caption\"><div class=\"fg-caption-inner\"><div class=\"fg-caption-title\">Mosca | Serra da Boa Viagem<\/div><div class=\"fg-caption-desc\">Nikon D600\r\n| Lens: 105 mm f\/2.8\r\n| ISO Speed Rating: 640\r\n| Focal Lenght: 105 mm\r\n| Exposure: 1\/125 sec at f\/5\r\n|\r\n|2021 \u00a9T\u00f3 Vieira\r\n|www.tovieira.com<\/div><\/div><\/figcaption><\/figure><div class=\"fg-loader\"><\/div><\/div><div class=\"fg-item fg-type-image fg-idle\"><figure class=\"fg-item-inner\"><a href=\"https:\/\/momentosdenatureza.web.ua.pt\/wp-content\/uploads\/2018\/05\/DSC_8415.jpg\" data-caption-desc=\"Vagueiam entre os muros das marinhas \/ \nno intervalo dos seus voos irrequietos \/ \ne calcorreiam as \u00e1guas lisinhas \/ \npavoneando-se nos os seus fatos seletos.\" data-attachment-id=\"1138\" data-type=\"image\" class=\"fg-thumb\"><span class=\"fg-image-wrap\"><img decoding=\"async\" width=\"250\" height=\"333\" class=\"skip-lazy fg-image\" data-src-fg=\"https:\/\/momentosdenatureza.web.ua.pt\/wp-content\/uploads\/cache\/2018\/05\/DSC_8415\/1565870475.jpg\" src=\"data:image\/svg+xml,%3Csvg%20xmlns%3D%22http%3A%2F%2Fwww.w3.org%2F2000%2Fsvg%22%20width%3D%22250%22%20height%3D%22333%22%20viewBox%3D%220%200%20250%20333%22%3E%3C%2Fsvg%3E\" loading=\"eager\"><\/span><span class=\"fg-image-overlay\"><\/span><\/a><figcaption class=\"fg-caption\"><div class=\"fg-caption-inner\"><div class=\"fg-caption-desc\">Vagueiam entre os muros das marinhas \/ \nno intervalo dos seus voos irrequietos \/ \ne calcorreiam as \u00e1guas lisinhas \/ \npavoneando-se nos os seus fatos seletos.<\/div><\/div><\/figcaption><\/figure><div class=\"fg-loader\"><\/div><\/div><\/div>\n","protected":false},"excerpt":{"rendered":"<p>Nasci em abril de 1957 na vila de Oliveirinha da cidade de Aveiro. As minhas fotografias representam o meu olhar pelas paisagens que visito, os [&#8230;]<\/p>\n","protected":false},"author":3,"featured_media":0,"parent":0,"menu_order":0,"comment_status":"closed","ping_status":"closed","template":"","meta":{"footnotes":""},"class_list":["post-4459","page","type-page","status-publish","hentry"],"post_mailing_queue_ids":[],"_links":{"self":[{"href":"https:\/\/momentosdenatureza.web.ua.pt\/index.php\/wp-json\/wp\/v2\/pages\/4459","targetHints":{"allow":["GET"]}}],"collection":[{"href":"https:\/\/momentosdenatureza.web.ua.pt\/index.php\/wp-json\/wp\/v2\/pages"}],"about":[{"href":"https:\/\/momentosdenatureza.web.ua.pt\/index.php\/wp-json\/wp\/v2\/types\/page"}],"author":[{"embeddable":true,"href":"https:\/\/momentosdenatureza.web.ua.pt\/index.php\/wp-json\/wp\/v2\/users\/3"}],"replies":[{"embeddable":true,"href":"https:\/\/momentosdenatureza.web.ua.pt\/index.php\/wp-json\/wp\/v2\/comments?post=4459"}],"version-history":[{"count":9,"href":"https:\/\/momentosdenatureza.web.ua.pt\/index.php\/wp-json\/wp\/v2\/pages\/4459\/revisions"}],"predecessor-version":[{"id":4564,"href":"https:\/\/momentosdenatureza.web.ua.pt\/index.php\/wp-json\/wp\/v2\/pages\/4459\/revisions\/4564"}],"wp:attachment":[{"href":"https:\/\/momentosdenatureza.web.ua.pt\/index.php\/wp-json\/wp\/v2\/media?parent=4459"}],"curies":[{"name":"wp","href":"https:\/\/api.w.org\/{rel}","templated":true}]}}