{"id":5290,"date":"2022-05-11T20:22:21","date_gmt":"2022-05-11T20:22:21","guid":{"rendered":"https:\/\/momentosdenatureza.web.ua.pt\/?page_id=5290"},"modified":"2022-05-11T20:32:20","modified_gmt":"2022-05-11T20:32:20","slug":"bio-cliques-2022","status":"publish","type":"page","link":"https:\/\/momentosdenatureza.web.ua.pt\/index.php\/bio-cliques-2022\/","title":{"rendered":"Bio Cliques 2022"},"content":{"rendered":"<p><em><strong>Exposi\u00e7\u00e3o coletiva<\/strong><\/em><\/p>\n<p><em>data<\/em>: <strong>de 16 de maio 2022 a 15\u00a0de junho de 2022<\/strong><br \/>\n<em>local<\/em>: <strong>Nicho Expositivo DBIO<\/strong><br \/>\n<img loading=\"lazy\" decoding=\"async\" src=\"https:\/\/momentosdenatureza.web.ua.pt\/wp-content\/uploads\/2022\/05\/placard-MN-Dbio-2023.ecran1_-1024x575.jpg\" alt=\"\" width=\"790\" height=\"444\" class=\"alignnone size-large wp-image-5278\" srcset=\"https:\/\/momentosdenatureza.web.ua.pt\/wp-content\/uploads\/2022\/05\/placard-MN-Dbio-2023.ecran1_-1024x575.jpg 1024w, https:\/\/momentosdenatureza.web.ua.pt\/wp-content\/uploads\/2022\/05\/placard-MN-Dbio-2023.ecran1_-300x168.jpg 300w, https:\/\/momentosdenatureza.web.ua.pt\/wp-content\/uploads\/2022\/05\/placard-MN-Dbio-2023.ecran1_-768x431.jpg 768w, https:\/\/momentosdenatureza.web.ua.pt\/wp-content\/uploads\/2022\/05\/placard-MN-Dbio-2023.ecran1_-1536x862.jpg 1536w, https:\/\/momentosdenatureza.web.ua.pt\/wp-content\/uploads\/2022\/05\/placard-MN-Dbio-2023.ecran1_.jpg 1920w\" sizes=\"auto, (max-width: 790px) 100vw, 790px\" \/><\/p>\n<hr>\n<p><em><strong>Fot\u00f3grafos:<\/strong><\/em><br \/>\n<a href=\"https:\/\/momentosdenatureza.web.ua.pt\/index.php\/bio-cliques-aldiro-pereira-2022\/\">Aldiro Pereira<\/a><br \/>\n<a href=\"http:\/\/momentosdenatureza.web.ua.pt\/index.php\/bio-cliques-joao-quintela-2022\/\">Jo\u00e3o Quintela<\/a><br \/>\n<a href=\" http:\/\/momentosdenatureza.web.ua.pt\/index.php\/bio-cliques-to-vieira-2022\/ \">T\u00f3 Vieira<\/a><br \/>\n<a href=\" http:\/\/momentosdenatureza.web.ua.pt\/index.php\/bio-cliques-pedro-g-prata-2022\/ \">Pedro G. Prata<\/a><br \/>\n<a href=\"http:\/\/momentosdenatureza.web.ua.pt\/index.php\/bio-cliques-helder-caixinha-2022\/\">H\u00e9lder Caixinha<\/a> (fot\u00f3grafo convidado)<\/p>\n","protected":false},"excerpt":{"rendered":"<p>Exposi\u00e7\u00e3o coletiva data: de 16 de maio 2022 a 15\u00a0de junho de 2022 local: Nicho Expositivo DBIO Fot\u00f3grafos: Aldiro Pereira Jo\u00e3o Quintela T\u00f3 Vieira Pedro [&#8230;]<\/p>\n","protected":false},"author":3,"featured_media":0,"parent":0,"menu_order":0,"comment_status":"closed","ping_status":"closed","template":"","meta":{"footnotes":""},"class_list":["post-5290","page","type-page","status-publish","hentry"],"post_mailing_queue_ids":[],"_links":{"self":[{"href":"https:\/\/momentosdenatureza.web.ua.pt\/index.php\/wp-json\/wp\/v2\/pages\/5290","targetHints":{"allow":["GET"]}}],"collection":[{"href":"https:\/\/momentosdenatureza.web.ua.pt\/index.php\/wp-json\/wp\/v2\/pages"}],"about":[{"href":"https:\/\/momentosdenatureza.web.ua.pt\/index.php\/wp-json\/wp\/v2\/types\/page"}],"author":[{"embeddable":true,"href":"https:\/\/momentosdenatureza.web.ua.pt\/index.php\/wp-json\/wp\/v2\/users\/3"}],"replies":[{"embeddable":true,"href":"https:\/\/momentosdenatureza.web.ua.pt\/index.php\/wp-json\/wp\/v2\/comments?post=5290"}],"version-history":[{"count":7,"href":"https:\/\/momentosdenatureza.web.ua.pt\/index.php\/wp-json\/wp\/v2\/pages\/5290\/revisions"}],"predecessor-version":[{"id":5353,"href":"https:\/\/momentosdenatureza.web.ua.pt\/index.php\/wp-json\/wp\/v2\/pages\/5290\/revisions\/5353"}],"wp:attachment":[{"href":"https:\/\/momentosdenatureza.web.ua.pt\/index.php\/wp-json\/wp\/v2\/media?parent=5290"}],"curies":[{"name":"wp","href":"https:\/\/api.w.org\/{rel}","templated":true}]}}