{"id":5299,"date":"2022-05-11T20:08:25","date_gmt":"2022-05-11T20:08:25","guid":{"rendered":"https:\/\/momentosdenatureza.web.ua.pt\/?page_id=5299"},"modified":"2022-05-11T20:08:25","modified_gmt":"2022-05-11T20:08:25","slug":"bio-cliques-aldiro-pereira-2022","status":"publish","type":"page","link":"https:\/\/momentosdenatureza.web.ua.pt\/index.php\/bio-cliques-aldiro-pereira-2022\/","title":{"rendered":"bio cliques :: Aldiro Pereira :: 2022"},"content":{"rendered":"<style type=\"text\/css\">\n#foogallery-gallery-4585.fg-justified .fg-item { margin-right: 2px; margin-bottom: 2px; }\n#foogallery-gallery-4585.fg-justified .fg-image { height: 200px; }<\/style>\n\t\t\t<div class=\"foogallery foogallery-container foogallery-justified foogallery-lightbox-foobox fg-justified fg-ready fg-light fg-shadow-outline fg-loading-default fg-loaded-fade-in fg-caption-always fg-hover-fade fg-hover-zoom2\" id=\"foogallery-gallery-4585\" data-foogallery=\"{&quot;item&quot;:{&quot;showCaptionTitle&quot;:true,&quot;showCaptionDescription&quot;:false},&quot;lazy&quot;:true,&quot;template&quot;:{&quot;rowHeight&quot;:200,&quot;maxRowHeight&quot;:300,&quot;margins&quot;:2,&quot;align&quot;:&quot;left&quot;,&quot;lastRow&quot;:&quot;smart&quot;}}\" style=\"--fg-title-line-clamp: 0; --fg-description-line-clamp: 0;\" >\n\t<div class=\"fg-item fg-type-image fg-idle\"><figure class=\"fg-item-inner\"><a href=\"https:\/\/momentosdenatureza.web.ua.pt\/wp-content\/uploads\/2022\/02\/vespa.jpg\" data-caption-title=\"VESPA\" data-caption-desc=\"\u00c9 a maior vespa eusocial, que \u00e9 o mais alto grau de organiza\u00e7\u00e3o social dos animais presente nas sociedades mais complexas, e \u00e9 nativa da Europa.&lt;br&gt;\n\nTrata-se de uma esp\u00e9cie aut\u00f3ctone do territ\u00f3rio portugu\u00eas, ou seja, pertencente \u00e0 fauna de Portugal e desempenha um papel important\u00edssimo no controlo de outras esp\u00e9cies. Esta esp\u00e9cie pica em resposta a ser pisada ou agarrada, mas geralmente evita conflitos. Tamb\u00e9m \u00e9 defensiva na guarda do seu ninho e pode ser agressiva perto de fontes de alimento.&lt;br&gt;\n\nPor isso, o fot\u00f3grafo teve alguns cuidados para a n\u00e3o importunar!\" data-attachment-id=\"4582\" data-type=\"image\" class=\"fg-thumb\"><span class=\"fg-image-wrap\"><img fetchpriority=\"high\" decoding=\"async\" title=\"VESPA\" height=\"300\" width=\"451\" class=\"skip-lazy fg-image\" data-src-fg=\"https:\/\/momentosdenatureza.web.ua.pt\/wp-content\/uploads\/cache\/2022\/02\/vespa\/850145267.jpg\" src=\"data:image\/svg+xml,%3Csvg%20xmlns%3D%22http%3A%2F%2Fwww.w3.org%2F2000%2Fsvg%22%20width%3D%22451%22%20height%3D%22300%22%20viewBox%3D%220%200%20451%20300%22%3E%3C%2Fsvg%3E\" loading=\"eager\"><\/span><span class=\"fg-image-overlay\"><\/span><\/a><figcaption class=\"fg-caption\"><div class=\"fg-caption-inner\"><div class=\"fg-caption-title\">VESPA<\/div><\/div><\/figcaption><\/figure><div class=\"fg-loader\"><\/div><\/div><div class=\"fg-item fg-type-image fg-idle\"><figure class=\"fg-item-inner\"><a href=\"https:\/\/momentosdenatureza.web.ua.pt\/wp-content\/uploads\/2022\/02\/percevejo.jpg\" data-caption-title=\"PERCEVEJO\" data-caption-desc=\"Trata-se de um percevejo com 10 a 12,5 mm de comprimento, de cor vari\u00e1vel, tendencialmente roxo-avermelhado, pubescente. Sugador de tecidos vegetais, pol\u00edfago (no mundo dos insetos, se refere usualmente aos que se alimentam de plantas pertencentes a diferentes fam\u00edlias). Exibe comportamento de agrega\u00e7\u00e3o (feromonas de agrega\u00e7\u00e3o identificadas). Passa o Inverno no est\u00e1dio adulto, pelo que \u00e9 observ\u00e1vel durante todo o ano.&lt;br&gt;\n\nNeste organismo o que mais fascinou o fotografo foram os seus padr\u00f5es e as v\u00e1rias cores que possui, brilhantes e met\u00e1licas.\" data-attachment-id=\"4579\" data-type=\"image\" class=\"fg-thumb\"><span class=\"fg-image-wrap\"><img decoding=\"async\" title=\"PERCEVEJO\" height=\"300\" width=\"450\" class=\"skip-lazy fg-image\" data-src-fg=\"https:\/\/momentosdenatureza.web.ua.pt\/wp-content\/uploads\/cache\/2022\/02\/percevejo\/3475393747.jpg\" src=\"data:image\/svg+xml,%3Csvg%20xmlns%3D%22http%3A%2F%2Fwww.w3.org%2F2000%2Fsvg%22%20width%3D%22450%22%20height%3D%22300%22%20viewBox%3D%220%200%20450%20300%22%3E%3C%2Fsvg%3E\" loading=\"eager\"><\/span><span class=\"fg-image-overlay\"><\/span><\/a><figcaption class=\"fg-caption\"><div class=\"fg-caption-inner\"><div class=\"fg-caption-title\">PERCEVEJO<\/div><\/div><\/figcaption><\/figure><div class=\"fg-loader\"><\/div><\/div><div class=\"fg-item fg-type-image fg-idle\"><figure class=\"fg-item-inner\"><a href=\"https:\/\/momentosdenatureza.web.ua.pt\/wp-content\/uploads\/2022\/02\/mosca.jpg\" data-caption-title=\"MOSCA OU VESPA?\" data-caption-desc=\"\u00c9, sem d\u00favida, uma mosca-grande-das-flores.&lt;br&gt;\n\nA sua apar\u00eancia evoluiu ao longo dos tempos e a isso chama-se de \u201cmimetismo\u201d que \u00e9 um mecanismo no qual algumas esp\u00e9cies apresentam caracter\u00edsticas de uma outra esp\u00e9cie \u2013 como cor, padr\u00e3o, forma e comportamento \u2013 de modo a promover uma vantagem para a sua sobreviv\u00eancia. Neste caso, trata-se de um animal inofensivo que imita as caracter\u00edsticas de um outro animal parecido e que tem fama de ser muito perigoso.&lt;br&gt;\n\nPor isso, o fot\u00f3grafo consultou o seu guia antes de partir para a foto!\" data-attachment-id=\"4576\" data-type=\"image\" class=\"fg-thumb\"><span class=\"fg-image-wrap\"><img decoding=\"async\" title=\"MOSCA OU VESPA?\" height=\"300\" width=\"447\" class=\"skip-lazy fg-image\" data-src-fg=\"https:\/\/momentosdenatureza.web.ua.pt\/wp-content\/uploads\/cache\/2022\/02\/mosca\/444875384.jpg\" src=\"data:image\/svg+xml,%3Csvg%20xmlns%3D%22http%3A%2F%2Fwww.w3.org%2F2000%2Fsvg%22%20width%3D%22447%22%20height%3D%22300%22%20viewBox%3D%220%200%20447%20300%22%3E%3C%2Fsvg%3E\" loading=\"eager\"><\/span><span class=\"fg-image-overlay\"><\/span><\/a><figcaption class=\"fg-caption\"><div class=\"fg-caption-inner\"><div class=\"fg-caption-title\">MOSCA OU VESPA?<\/div><\/div><\/figcaption><\/figure><div class=\"fg-loader\"><\/div><\/div><div class=\"fg-item fg-type-image fg-idle\"><figure class=\"fg-item-inner\"><a href=\"https:\/\/momentosdenatureza.web.ua.pt\/wp-content\/uploads\/2022\/02\/larva.jpg\" data-caption-title=\"LARVA DE JOANINHA\" data-caption-desc=\"Percebe-se que as larvas de joaninha em nada lembram as joaninhas adultas.&lt;br&gt;\n\nNesta fase de larva, ela \u00e9 bastante ativa e \u201cesfomeada\u201d, tem corpo achatado e longo, com tub\u00e9rculos ou espinhos e faixas coloridas que se espalham pelo corpo. Possui duas antenas que servem para sentir o cheiro e o gosto. Na fase adulta, as joaninhas s\u00e3o excelentes predadores, alimentando-se de ovos e larvas de outros insetos e influindo de forma direta no ecossistema.&lt;br&gt;\n\nPor isso devemos estar atentos para n\u00e3o a confundir com uma lagarta indesej\u00e1vel!\" data-attachment-id=\"4573\" data-type=\"image\" class=\"fg-thumb\"><span class=\"fg-image-wrap\"><img decoding=\"async\" title=\"LARVA DE JOANINHA\" height=\"300\" width=\"450\" class=\"skip-lazy fg-image\" data-src-fg=\"https:\/\/momentosdenatureza.web.ua.pt\/wp-content\/uploads\/cache\/2022\/02\/larva\/3170599773.jpg\" src=\"data:image\/svg+xml,%3Csvg%20xmlns%3D%22http%3A%2F%2Fwww.w3.org%2F2000%2Fsvg%22%20width%3D%22450%22%20height%3D%22300%22%20viewBox%3D%220%200%20450%20300%22%3E%3C%2Fsvg%3E\" loading=\"eager\"><\/span><span class=\"fg-image-overlay\"><\/span><\/a><figcaption class=\"fg-caption\"><div class=\"fg-caption-inner\"><div class=\"fg-caption-title\">LARVA DE JOANINHA<\/div><\/div><\/figcaption><\/figure><div class=\"fg-loader\"><\/div><\/div><div class=\"fg-item fg-type-image fg-idle\"><figure class=\"fg-item-inner\"><a href=\"https:\/\/momentosdenatureza.web.ua.pt\/wp-content\/uploads\/2022\/02\/gafanhoto.jpg\" data-caption-title=\"GAFANHOTO\" data-caption-desc=\"A camuflagem \u00e9 o conjunto de t\u00e9cnicas e m\u00e9todos que permitem a um dado organismo ou objeto permanecer indistinto do ambiente que o cerca. Entre os insetos, esta t\u00e9cnica \u00e9 usada por diversas esp\u00e9cies para atrair presas ou para escapar de poss\u00edveis perigos, como \u00e9 caso deste gafanhoto. Este organismo desenvolveu ao longo dos tempos capacidades estrat\u00e9gicas de se fundir com o ambiente, utilizando as suas cores.&lt;br&gt;\n\nComo fotografo notei que se sentem muito seguros e muito confort\u00e1veis nesta situa\u00e7\u00e3o!\" data-attachment-id=\"4570\" data-type=\"image\" class=\"fg-thumb\"><span class=\"fg-image-wrap\"><img decoding=\"async\" title=\"GAFANHOTO\" height=\"300\" width=\"450\" class=\"skip-lazy fg-image\" data-src-fg=\"https:\/\/momentosdenatureza.web.ua.pt\/wp-content\/uploads\/cache\/2022\/02\/gafanhoto\/1081032900.jpg\" src=\"data:image\/svg+xml,%3Csvg%20xmlns%3D%22http%3A%2F%2Fwww.w3.org%2F2000%2Fsvg%22%20width%3D%22450%22%20height%3D%22300%22%20viewBox%3D%220%200%20450%20300%22%3E%3C%2Fsvg%3E\" loading=\"eager\"><\/span><span class=\"fg-image-overlay\"><\/span><\/a><figcaption class=\"fg-caption\"><div class=\"fg-caption-inner\"><div class=\"fg-caption-title\">GAFANHOTO<\/div><\/div><\/figcaption><\/figure><div class=\"fg-loader\"><\/div><\/div><div class=\"fg-item fg-type-image fg-idle\"><figure class=\"fg-item-inner\"><a href=\"https:\/\/momentosdenatureza.web.ua.pt\/wp-content\/uploads\/2022\/02\/escorpiao.jpg\" data-caption-title=\"MOSCA-ESCORPI\u00c3O\" data-caption-desc=\"A mosca-escorpi\u00e3o, \u00e9 principalmente conhecida pela sua apar\u00eancia, com o abd\u00f4men do macho a terminar numa estrutura similar ao ferr\u00e3o de um escorpi\u00e3o, que \u00e9 diretamente respons\u00e1vel pelo seu nome, mas que na verdade configura a genit\u00e1lia masculina, n\u00e3o sendo, portanto, capaz de inocular veneno. Possui um rostro ventral alongado formado pelas pe\u00e7as bucais mastigadoras, o que confere \u00e0 cabe\u00e7a um formato peculiar caracter\u00edstico desta ordem.&lt;br&gt;\n\nO fotografo confidenciou que tem um grande fasc\u00ednio por este tipo de organismos!\" data-attachment-id=\"4567\" data-type=\"image\" class=\"fg-thumb\"><span class=\"fg-image-wrap\"><img decoding=\"async\" title=\"MOSCA-ESCORPI\u00c3O\" height=\"300\" width=\"452\" class=\"skip-lazy fg-image\" data-src-fg=\"https:\/\/momentosdenatureza.web.ua.pt\/wp-content\/uploads\/cache\/2022\/02\/escorpiao\/1821418195.jpg\" src=\"data:image\/svg+xml,%3Csvg%20xmlns%3D%22http%3A%2F%2Fwww.w3.org%2F2000%2Fsvg%22%20width%3D%22452%22%20height%3D%22300%22%20viewBox%3D%220%200%20452%20300%22%3E%3C%2Fsvg%3E\" loading=\"eager\"><\/span><span class=\"fg-image-overlay\"><\/span><\/a><figcaption class=\"fg-caption\"><div class=\"fg-caption-inner\"><div class=\"fg-caption-title\">MOSCA-ESCORPI\u00c3O<\/div><\/div><\/figcaption><\/figure><div class=\"fg-loader\"><\/div><\/div><div class=\"fg-item fg-type-image fg-idle\"><figure class=\"fg-item-inner\"><a href=\"https:\/\/momentosdenatureza.web.ua.pt\/wp-content\/uploads\/2022\/02\/grilo.jpg\" data-caption-title=\"GRILO\" data-caption-desc=\"Existem cerca de 900 esp\u00e9cies de grilos em todo o mundo. Muitas vezes acabam por ser confundidos com os gafanhotos, dada a sua estrutura corporal ser semelhante, contudo, s\u00e3o bem diferentes. S\u00e3o mais pequenos, tem longas antenas e tendem a ser ativos durante a noite.\n\nSomente os grilos machos produzem sons e o fazem-no para atrair as f\u00eameas para a reprodu\u00e7\u00e3o. Para tanto, os machos possuem uma s\u00e9rie de pelos nas bordas de suas asas, alinhados como pentes, e produzem os sons ro\u00e7ando uma asa contra a outra. Assim cada esp\u00e9cie produz um canto peculiar que varia com a \u00e9poca do ano, e que \u00e9 mais intenso para atrair a f\u00eamea e mais suave quando ela j\u00e1 est\u00e1 presente e se inicia a fase do cortejo.&lt;br&gt;\n\nAo contr\u00e1rio dos gafanhotos, os grilos s\u00e3o inofensivos e considerados nalgumas regi\u00f5es como sinais de boa sorte.&lt;br&gt;\n\nO fotografo localizou este grilo no alto duma planta e que parecia estar muito aflito, se calhar, por saber que teria de saltar l\u00e1 para baixo mais tarde ou mais cedo!\" data-attachment-id=\"4600\" data-type=\"image\" class=\"fg-thumb\"><span class=\"fg-image-wrap\"><img decoding=\"async\" title=\"GRILO\" height=\"300\" width=\"202\" class=\"skip-lazy fg-image\" data-src-fg=\"https:\/\/momentosdenatureza.web.ua.pt\/wp-content\/uploads\/cache\/2022\/02\/grilo\/2050349998.jpg\" src=\"data:image\/svg+xml,%3Csvg%20xmlns%3D%22http%3A%2F%2Fwww.w3.org%2F2000%2Fsvg%22%20width%3D%22202%22%20height%3D%22300%22%20viewBox%3D%220%200%20202%20300%22%3E%3C%2Fsvg%3E\" loading=\"eager\"><\/span><span class=\"fg-image-overlay\"><\/span><\/a><figcaption class=\"fg-caption\"><div class=\"fg-caption-inner\"><div class=\"fg-caption-title\">GRILO<\/div><\/div><\/figcaption><\/figure><div class=\"fg-loader\"><\/div><\/div><div class=\"fg-item fg-type-image fg-idle\"><figure class=\"fg-item-inner\"><a href=\"https:\/\/momentosdenatureza.web.ua.pt\/wp-content\/uploads\/2022\/05\/IMGP9283.ok_.40x30.jpg\" data-caption-title=\"Papilio machaon\nBORBOLETA CAUDA-DE-ANDORINHA\" data-caption-desc=\"Esta borboleta distribui-se pela Europa, \u00c1sia e Norte de \u00c1frica e no nosso pa\u00eds \u00e9 bastante comum.\nEm Portugal podemos encontrar tr\u00eas esp\u00e9cies de borboletas da fam\u00edlia Papilionidae, sendo esta uma delas e considerada por muitos como uma das mais belas. Chega a medir 8 cm de envergadura, o que a torna uma das maiores borboletas encontradas em Portugal.\nUm jardim florido e com muita diversidade de plantas, \u00e9 meio caminho andado para podermos observar perto de casa esta e muitas outras esp\u00e9cies de borboletas que se alimentar\u00e3o do n\u00e9ctar das flores. No entanto tamb\u00e9m h\u00e1 que ter alguma paci\u00eancia ao vermos lagartas a comer as folhas de diversas plantas. N\u00e3o nos podemos esquecer que esta \u00e9 uma das fases (ovo, lagarta, cris\u00e1lida, borboleta) que passa at\u00e9 chegar ao ser incrivelmente belo que \u00e9 esta borboleta.\" data-attachment-id=\"5374\" data-type=\"image\" class=\"fg-thumb\"><span class=\"fg-image-wrap\"><img decoding=\"async\" title=\"Papilio machaon\nBORBOLETA CAUDA-DE-ANDORINHA\" height=\"300\" width=\"400\" class=\"skip-lazy fg-image\" data-src-fg=\"https:\/\/momentosdenatureza.web.ua.pt\/wp-content\/uploads\/cache\/2022\/05\/IMGP9283_ok__40x30\/527135853.jpg\" src=\"data:image\/svg+xml,%3Csvg%20xmlns%3D%22http%3A%2F%2Fwww.w3.org%2F2000%2Fsvg%22%20width%3D%22400%22%20height%3D%22300%22%20viewBox%3D%220%200%20400%20300%22%3E%3C%2Fsvg%3E\" loading=\"eager\"><\/span><span class=\"fg-image-overlay\"><\/span><\/a><figcaption class=\"fg-caption\"><div class=\"fg-caption-inner\"><div class=\"fg-caption-title\">Papilio machaon\nBORBOLETA CAUDA-DE-ANDORINHA<\/div><\/div><\/figcaption><\/figure><div class=\"fg-loader\"><\/div><\/div><\/div>\n\n<hr>\n<table>\n<tr>\n<td>\n<b>QUEM SOU:<\/b><br \/>\n<b>Nome<\/b>: Aldiro Bastos Pereira<br \/>\n<b>Morada<\/b>: S. Marcos &#8211; Albergaria-a-Velha<br \/>\n<b>Data de Nascimento:<\/b> 18 de Setembro de 1956<br \/>\n<b>Profiss\u00e3o:<\/b> Funcion\u00e1rio no Departamento de Biologia da Universidade de Aveiro<br \/>\n<b>Contacto e-mail:<\/b> <a href=\"mailto:aldiro@ua.pt\">aldiro@ua.pt<\/a>\n<\/td>\n<td>\n<img loading=\"lazy\" decoding=\"async\" src=\"http:\/\/momentosdenatureza.web.ua.pt\/wp-content\/uploads\/2018\/04\/Imgp2345-199x300.jpg\" alt=\"\" width=\"199\" height=\"300\" class=\"alignnone size-medium wp-image-1067\" srcset=\"https:\/\/momentosdenatureza.web.ua.pt\/wp-content\/uploads\/2018\/04\/Imgp2345-199x300.jpg 199w, https:\/\/momentosdenatureza.web.ua.pt\/wp-content\/uploads\/2018\/04\/Imgp2345-768x1155.jpg 768w, https:\/\/momentosdenatureza.web.ua.pt\/wp-content\/uploads\/2018\/04\/Imgp2345-681x1024.jpg 681w, https:\/\/momentosdenatureza.web.ua.pt\/wp-content\/uploads\/2018\/04\/Imgp2345-180x270.jpg 180w, https:\/\/momentosdenatureza.web.ua.pt\/wp-content\/uploads\/2018\/04\/Imgp2345.jpg 2000w\" sizes=\"auto, (max-width: 199px) 100vw, 199px\" \/>\n<\/td>\n<\/tr>\n<\/table>\n<p><b>Apresenta\u00e7\u00e3o: <\/b><br \/>\nComecei desde muito jovem, tal como muitos de n\u00f3s, a fotografar de tudo um pouco. Naturalmente que as fotos de cenas familiares e paisagem eram as mais privilegiadas. As cr\u00edticas j\u00e1 nessa altura eram encorajadoras do tipo, afinal n\u00e3o cortastes nada, afinal tens algum jeito. \u00c9 claro que esses coment\u00e1rios ao longo dos tempos contribu\u00edram, de algum modo, para me influenciar a investir um pouco mais em termos de equipamento e acabaram tamb\u00e9m por me incutir ainda mais o gosto pela fotografia.<br \/>\nAtualmente, os motivos que procuro para as minhas fotografias, est\u00e3o bem definidos, e admito que foram influenciados pela \u00e1rea profissional que exer\u00e7o no Departamento de Biologia da Universidade de Aveiro. De facto, foi aqui neste Departamento que fiquei, por assim dizer, cativado pelos motivos que a natureza nos oferece, especialmente fotografia de pormenor (macro) que nunca mais parei de fazer at\u00e9 hoje.<br \/>\nUm dos meus grandes objetivos \u00e9 mostrar aquilo que poucos de n\u00f3s consegue ver e tentar explicar de uma forma que todos percebam.<br \/>\nNaturalmente que n\u00e3o tenho a m\u00ednima inten\u00e7\u00e3o de querer \u201cimpor\u201d imagens de grandes atributos cient\u00edficos e muito menos art\u00edsticos, a op\u00e7\u00e3o \u00e9 mostrar algumas imagens que podem ser agrad\u00e1veis aos nossos olhos, tendo apenas como pretens\u00e3o tentar uma sensibiliza\u00e7\u00e3o coletiva para &#8220;um olhar mais atento&#8221; ao meio ambiente que nos rodeia, talvez, com uma outra atitude. Quem sabe, talvez com a pretens\u00e3o de poder contribuir para alterar a nossa posi\u00e7\u00e3o face ao delicado equil\u00edbrio que nos rodeia, e sobretudo, para que palavras como protec\u00e7\u00e3o e preserva\u00e7\u00e3o n\u00e3o continuem a ser apenas palavras. <br \/>\nQuem sabe&#8230;<\/p>\n","protected":false},"excerpt":{"rendered":"<p>QUEM SOU: Nome: Aldiro Bastos Pereira Morada: S. Marcos &#8211; Albergaria-a-Velha Data de Nascimento: 18 de Setembro de 1956 Profiss\u00e3o: Funcion\u00e1rio no Departamento de Biologia [&#8230;]<\/p>\n","protected":false},"author":3,"featured_media":0,"parent":0,"menu_order":0,"comment_status":"closed","ping_status":"closed","template":"","meta":{"footnotes":""},"class_list":["post-5299","page","type-page","status-publish","hentry"],"post_mailing_queue_ids":[],"_links":{"self":[{"href":"https:\/\/momentosdenatureza.web.ua.pt\/index.php\/wp-json\/wp\/v2\/pages\/5299","targetHints":{"allow":["GET"]}}],"collection":[{"href":"https:\/\/momentosdenatureza.web.ua.pt\/index.php\/wp-json\/wp\/v2\/pages"}],"about":[{"href":"https:\/\/momentosdenatureza.web.ua.pt\/index.php\/wp-json\/wp\/v2\/types\/page"}],"author":[{"embeddable":true,"href":"https:\/\/momentosdenatureza.web.ua.pt\/index.php\/wp-json\/wp\/v2\/users\/3"}],"replies":[{"embeddable":true,"href":"https:\/\/momentosdenatureza.web.ua.pt\/index.php\/wp-json\/wp\/v2\/comments?post=5299"}],"version-history":[{"count":2,"href":"https:\/\/momentosdenatureza.web.ua.pt\/index.php\/wp-json\/wp\/v2\/pages\/5299\/revisions"}],"predecessor-version":[{"id":5305,"href":"https:\/\/momentosdenatureza.web.ua.pt\/index.php\/wp-json\/wp\/v2\/pages\/5299\/revisions\/5305"}],"wp:attachment":[{"href":"https:\/\/momentosdenatureza.web.ua.pt\/index.php\/wp-json\/wp\/v2\/media?parent=5299"}],"curies":[{"name":"wp","href":"https:\/\/api.w.org\/{rel}","templated":true}]}}