{"id":5323,"date":"2022-05-11T20:17:31","date_gmt":"2022-05-11T20:17:31","guid":{"rendered":"https:\/\/momentosdenatureza.web.ua.pt\/?page_id=5323"},"modified":"2022-05-11T20:17:31","modified_gmt":"2022-05-11T20:17:31","slug":"bio-cliques-pedro-g-prata-2022","status":"publish","type":"page","link":"https:\/\/momentosdenatureza.web.ua.pt\/index.php\/bio-cliques-pedro-g-prata-2022\/","title":{"rendered":"bio cliques :: Pedro G. Prata :: 2022"},"content":{"rendered":"<style type=\"text\/css\">\n#foogallery-gallery-4699.fg-masonry .fg-item { width: 250px; }\n#foogallery-gallery-4699.fg-masonry { --fg-gutter: 10px; }<\/style>\n\t\t\t<div class=\"foogallery foogallery-container foogallery-masonry foogallery-lightbox-foobox fg-center fg-masonry fg-ready fg-dark fg-border-thin fg-shadow-small fg-loading-default fg-loaded-fade-in fg-captions-bottom fg-hover-fade fg-hover-plus fg-fixed\" id=\"foogallery-gallery-4699\" data-foogallery=\"{&quot;item&quot;:{&quot;showCaptionTitle&quot;:true,&quot;showCaptionDescription&quot;:true},&quot;lazy&quot;:true,&quot;template&quot;:{&quot;columnWidth&quot;:250,&quot;gutter&quot;:10}}\" style=\"--fg-title-line-clamp: 0; --fg-description-line-clamp: 0;\" >\n\t\t<div class=\"fg-item fg-type-image fg-idle\"><figure class=\"fg-item-inner\"><a href=\"https:\/\/momentosdenatureza.web.ua.pt\/wp-content\/uploads\/2022\/03\/DSC_3277_DxO.jpg\" data-caption-title=\"A companhia das manh\u00e3s\" data-caption-desc=\"Ao longo da ria, n\u00e3o \u00e9 invulgar olhar para o lado e ver este\r\ncompanheiro dif\u00edcil de confundir: o cartaxo-comum. No momento certo,\r\ntamb\u00e9m \u00e9 alvo da objetiva.\" data-attachment-id=\"4696\" data-type=\"image\" class=\"fg-thumb\"><span class=\"fg-image-wrap\"><img fetchpriority=\"high\" decoding=\"async\" title=\"A companhia das manh\u00e3s\" width=\"250\" height=\"375\" class=\"skip-lazy fg-image\" data-src-fg=\"https:\/\/momentosdenatureza.web.ua.pt\/wp-content\/uploads\/cache\/2022\/03\/DSC_3277_DxO\/4260748001.jpg\" src=\"data:image\/svg+xml,%3Csvg%20xmlns%3D%22http%3A%2F%2Fwww.w3.org%2F2000%2Fsvg%22%20width%3D%22250%22%20height%3D%22375%22%20viewBox%3D%220%200%20250%20375%22%3E%3C%2Fsvg%3E\" loading=\"eager\"><\/span><span class=\"fg-image-overlay\"><\/span><\/a><figcaption class=\"fg-caption\"><div class=\"fg-caption-inner\"><div class=\"fg-caption-title\">A companhia das manh\u00e3s<\/div><div class=\"fg-caption-desc\">Ao longo da ria, n\u00e3o \u00e9 invulgar olhar para o lado e ver este\r\ncompanheiro dif\u00edcil de confundir: o cartaxo-comum. No momento certo,\r\ntamb\u00e9m \u00e9 alvo da objetiva.<\/div><\/div><\/figcaption><\/figure><div class=\"fg-loader\"><\/div><\/div><div class=\"fg-item fg-type-image fg-idle\"><figure class=\"fg-item-inner\"><a href=\"https:\/\/momentosdenatureza.web.ua.pt\/wp-content\/uploads\/2022\/03\/PGP9335.jpg\" data-caption-title=\"Fogo na floresta?\" data-caption-desc=\"Felizmente n\u00e3o \u00e9 o caso, apenas uma daquelas tardes em que as pr\u00f3prias nuvens assumem o papel principal.\" data-attachment-id=\"4693\" data-type=\"image\" class=\"fg-thumb\"><span class=\"fg-image-wrap\"><img decoding=\"async\" title=\"Fogo na floresta?\" width=\"250\" height=\"350\" class=\"skip-lazy fg-image\" data-src-fg=\"https:\/\/momentosdenatureza.web.ua.pt\/wp-content\/uploads\/cache\/2022\/03\/PGP9335\/3823485333.jpg\" src=\"data:image\/svg+xml,%3Csvg%20xmlns%3D%22http%3A%2F%2Fwww.w3.org%2F2000%2Fsvg%22%20width%3D%22250%22%20height%3D%22350%22%20viewBox%3D%220%200%20250%20350%22%3E%3C%2Fsvg%3E\" loading=\"eager\"><\/span><span class=\"fg-image-overlay\"><\/span><\/a><figcaption class=\"fg-caption\"><div class=\"fg-caption-inner\"><div class=\"fg-caption-title\">Fogo na floresta?<\/div><div class=\"fg-caption-desc\">Felizmente n\u00e3o \u00e9 o caso, apenas uma daquelas tardes em que as pr\u00f3prias nuvens assumem o papel principal.<\/div><\/div><\/figcaption><\/figure><div class=\"fg-loader\"><\/div><\/div><div class=\"fg-item fg-type-image fg-idle\"><figure class=\"fg-item-inner\"><a href=\"https:\/\/momentosdenatureza.web.ua.pt\/wp-content\/uploads\/2022\/03\/PGP8862.jpg\" data-caption-title=\"Camuflagem\" data-caption-desc=\"F\u00e1cil de ouvir, mas dif\u00edcil de encontrar.\" data-attachment-id=\"4690\" data-type=\"image\" class=\"fg-thumb\"><span class=\"fg-image-wrap\"><img decoding=\"async\" title=\"Camuflagem\" width=\"250\" height=\"167\" class=\"skip-lazy fg-image\" data-src-fg=\"https:\/\/momentosdenatureza.web.ua.pt\/wp-content\/uploads\/cache\/2022\/03\/PGP8862\/824340289.jpg\" src=\"data:image\/svg+xml,%3Csvg%20xmlns%3D%22http%3A%2F%2Fwww.w3.org%2F2000%2Fsvg%22%20width%3D%22250%22%20height%3D%22167%22%20viewBox%3D%220%200%20250%20167%22%3E%3C%2Fsvg%3E\" loading=\"eager\"><\/span><span class=\"fg-image-overlay\"><\/span><\/a><figcaption class=\"fg-caption\"><div class=\"fg-caption-inner\"><div class=\"fg-caption-title\">Camuflagem<\/div><div class=\"fg-caption-desc\">F\u00e1cil de ouvir, mas dif\u00edcil de encontrar.<\/div><\/div><\/figcaption><\/figure><div class=\"fg-loader\"><\/div><\/div><div class=\"fg-item fg-type-image fg-idle\"><figure class=\"fg-item-inner\"><a href=\"https:\/\/momentosdenatureza.web.ua.pt\/wp-content\/uploads\/2022\/03\/PGP3193-Enhanced-Edit.jpg\" data-caption-title=\"Contraste de sabor amargo\" data-caption-desc=\"Se visualmente o azul \/ violeta da flor da chic\u00f3ria-brava contrasta bem com o fundo verde, j\u00e1 o seu sabor tem sido usado por muitos anos como recorda\u00e7\u00e3o dos amargos momentos na vida. Cada manh\u00e3, ao parar o carro, esta bela flor marca a sua presen\u00e7a.\" data-attachment-id=\"4687\" data-type=\"image\" class=\"fg-thumb\"><span class=\"fg-image-wrap\"><img decoding=\"async\" title=\"Contraste de sabor amargo\" width=\"250\" height=\"166\" class=\"skip-lazy fg-image\" data-src-fg=\"https:\/\/momentosdenatureza.web.ua.pt\/wp-content\/uploads\/cache\/2022\/03\/PGP3193-Enhanced-Edit\/3646548719.jpg\" src=\"data:image\/svg+xml,%3Csvg%20xmlns%3D%22http%3A%2F%2Fwww.w3.org%2F2000%2Fsvg%22%20width%3D%22250%22%20height%3D%22166%22%20viewBox%3D%220%200%20250%20166%22%3E%3C%2Fsvg%3E\" loading=\"eager\"><\/span><span class=\"fg-image-overlay\"><\/span><\/a><figcaption class=\"fg-caption\"><div class=\"fg-caption-inner\"><div class=\"fg-caption-title\">Contraste de sabor amargo<\/div><div class=\"fg-caption-desc\">Se visualmente o azul \/ violeta da flor da chic\u00f3ria-brava contrasta bem com o fundo verde, j\u00e1 o seu sabor tem sido usado por muitos anos como recorda\u00e7\u00e3o dos amargos momentos na vida. Cada manh\u00e3, ao parar o carro, esta bela flor marca a sua presen\u00e7a.<\/div><\/div><\/figcaption><\/figure><div class=\"fg-loader\"><\/div><\/div><div class=\"fg-item fg-type-image fg-idle\"><figure class=\"fg-item-inner\"><a href=\"https:\/\/momentosdenatureza.web.ua.pt\/wp-content\/uploads\/2022\/03\/PGP3031.jpg\" data-caption-title=\"Pequena pausa?\" data-caption-desc=\"Os melros n\u00e3o uma companhia inconfund\u00edvel no nosso Campus. \u00c9 dif\u00edcil n\u00e3o nos cruzarmos com eles v\u00e1rias vezes ao longo do dia. Neste caso, foi ele que se cruzou com a objetiva.\" data-attachment-id=\"4684\" data-type=\"image\" class=\"fg-thumb\"><span class=\"fg-image-wrap\"><img decoding=\"async\" title=\"Pequena pausa?\" width=\"250\" height=\"167\" class=\"skip-lazy fg-image\" data-src-fg=\"https:\/\/momentosdenatureza.web.ua.pt\/wp-content\/uploads\/cache\/2022\/03\/PGP3031\/3984100883.jpg\" src=\"data:image\/svg+xml,%3Csvg%20xmlns%3D%22http%3A%2F%2Fwww.w3.org%2F2000%2Fsvg%22%20width%3D%22250%22%20height%3D%22167%22%20viewBox%3D%220%200%20250%20167%22%3E%3C%2Fsvg%3E\" loading=\"eager\"><\/span><span class=\"fg-image-overlay\"><\/span><\/a><figcaption class=\"fg-caption\"><div class=\"fg-caption-inner\"><div class=\"fg-caption-title\">Pequena pausa?<\/div><div class=\"fg-caption-desc\">Os melros n\u00e3o uma companhia inconfund\u00edvel no nosso Campus. \u00c9 dif\u00edcil n\u00e3o nos cruzarmos com eles v\u00e1rias vezes ao longo do dia. Neste caso, foi ele que se cruzou com a objetiva.<\/div><\/div><\/figcaption><\/figure><div class=\"fg-loader\"><\/div><\/div><div class=\"fg-item fg-type-image fg-idle\"><figure class=\"fg-item-inner\"><a href=\"https:\/\/momentosdenatureza.web.ua.pt\/wp-content\/uploads\/2022\/03\/PGP1150.jpg\" data-caption-title=\"Espet\u00e1culo matutino\" data-caption-desc=\"Pode estar uma manh\u00e3 fria, e a vontade de sair de casa n\u00e3o ser muita, mas assim que a luz come\u00e7a a pintar as nuvens, tudo isso \u00e9 substitu\u00eddo por momentos inesquec\u00edveis.\" data-attachment-id=\"4678\" data-type=\"image\" class=\"fg-thumb\"><span class=\"fg-image-wrap\"><img decoding=\"async\" title=\"Espet\u00e1culo matutino\" width=\"250\" height=\"167\" class=\"skip-lazy fg-image\" data-src-fg=\"https:\/\/momentosdenatureza.web.ua.pt\/wp-content\/uploads\/cache\/2022\/03\/PGP1150\/531329277.jpg\" src=\"data:image\/svg+xml,%3Csvg%20xmlns%3D%22http%3A%2F%2Fwww.w3.org%2F2000%2Fsvg%22%20width%3D%22250%22%20height%3D%22167%22%20viewBox%3D%220%200%20250%20167%22%3E%3C%2Fsvg%3E\" loading=\"eager\"><\/span><span class=\"fg-image-overlay\"><\/span><\/a><figcaption class=\"fg-caption\"><div class=\"fg-caption-inner\"><div class=\"fg-caption-title\">Espet\u00e1culo matutino<\/div><div class=\"fg-caption-desc\">Pode estar uma manh\u00e3 fria, e a vontade de sair de casa n\u00e3o ser muita, mas assim que a luz come\u00e7a a pintar as nuvens, tudo isso \u00e9 substitu\u00eddo por momentos inesquec\u00edveis.<\/div><\/div><\/figcaption><\/figure><div class=\"fg-loader\"><\/div><\/div><div class=\"fg-item fg-type-image fg-idle\"><figure class=\"fg-item-inner\"><a href=\"https:\/\/momentosdenatureza.web.ua.pt\/wp-content\/uploads\/2022\/03\/PGP0854-Enhanced.jpg\" data-caption-title=\"Ainda a\u00ed est\u00e1s?\" data-caption-desc=\"H\u00e1 momentos em que parece que andamos simplesmente a jogar \u00e0s escondidas. Mas desta vez, o fot\u00f3grafo foi mais r\u00e1pido.\" data-attachment-id=\"4675\" data-type=\"image\" class=\"fg-thumb\"><span class=\"fg-image-wrap\"><img decoding=\"async\" title=\"Ainda a\u00ed est\u00e1s?\" width=\"250\" height=\"374\" class=\"skip-lazy fg-image\" data-src-fg=\"https:\/\/momentosdenatureza.web.ua.pt\/wp-content\/uploads\/cache\/2022\/03\/PGP0854-Enhanced\/2365750510.jpg\" src=\"data:image\/svg+xml,%3Csvg%20xmlns%3D%22http%3A%2F%2Fwww.w3.org%2F2000%2Fsvg%22%20width%3D%22250%22%20height%3D%22374%22%20viewBox%3D%220%200%20250%20374%22%3E%3C%2Fsvg%3E\" loading=\"eager\"><\/span><span class=\"fg-image-overlay\"><\/span><\/a><figcaption class=\"fg-caption\"><div class=\"fg-caption-inner\"><div class=\"fg-caption-title\">Ainda a\u00ed est\u00e1s?<\/div><div class=\"fg-caption-desc\">H\u00e1 momentos em que parece que andamos simplesmente a jogar \u00e0s escondidas. Mas desta vez, o fot\u00f3grafo foi mais r\u00e1pido.<\/div><\/div><\/figcaption><\/figure><div class=\"fg-loader\"><\/div><\/div><div class=\"fg-item fg-type-image fg-idle\"><figure class=\"fg-item-inner\"><a href=\"https:\/\/momentosdenatureza.web.ua.pt\/wp-content\/uploads\/2022\/05\/PGP1163-scaled.jpg\" data-caption-title=\"A invasora\" data-caption-desc=\"Fotografada no rio Vez, esta tartaruga macho a apanhar banhos de sol \u00e9 sin\u00f3nimo dos desafios cada vez maiores que as esp\u00e9cies aut\u00f3ctones enfrentam.\" data-attachment-id=\"5359\" data-type=\"image\" class=\"fg-thumb\"><span class=\"fg-image-wrap\"><img decoding=\"async\" title=\"A invasora\" width=\"250\" height=\"167\" class=\"skip-lazy fg-image\" data-src-fg=\"https:\/\/momentosdenatureza.web.ua.pt\/wp-content\/uploads\/cache\/2022\/05\/PGP1163-scaled\/719360180.jpg\" src=\"data:image\/svg+xml,%3Csvg%20xmlns%3D%22http%3A%2F%2Fwww.w3.org%2F2000%2Fsvg%22%20width%3D%22250%22%20height%3D%22167%22%20viewBox%3D%220%200%20250%20167%22%3E%3C%2Fsvg%3E\" loading=\"eager\"><\/span><span class=\"fg-image-overlay\"><\/span><\/a><figcaption class=\"fg-caption\"><div class=\"fg-caption-inner\"><div class=\"fg-caption-title\">A invasora<\/div><div class=\"fg-caption-desc\">Fotografada no rio Vez, esta tartaruga macho a apanhar banhos de sol \u00e9 sin\u00f3nimo dos desafios cada vez maiores que as esp\u00e9cies aut\u00f3ctones enfrentam.<\/div><\/div><\/figcaption><\/figure><div class=\"fg-loader\"><\/div><\/div><\/div>\n<hr>\n<p><strong>PEDRO G. PRATA<\/strong><br \/>\n<span><br \/>\nCresci em Seia, e desde bem jovem, v\u00e1rias paisagens serranas ficaram gravadas na minha mente. Algumas delas alegravam-me o olhar quando as avistava apenas da janela de tr\u00e1s do carro dos meus pais.<br \/>\nCom o passar dos anos, o apre\u00e7o e fasc\u00ednio pela beleza da cria\u00e7\u00e3o foi aumentando. J\u00e1 como funcion\u00e1rio da Universidade de Aveiro, a minha primeira m\u00e1quina fotogr\u00e1fica permitiu-me registar em filme o que anteriormente ficava apenas na minha mente.<br \/>\nQuer os pequenos detalhes da natureza, quer as paisagens mais arrebatadoras, ajudam-me a entender a sabedoria e o poder que est\u00e3o \u00e0 frente dos meus olhos. No fundo, eu apenas registo estes breves momentos.<br \/>\n<\/span><\/p>\n","protected":false},"excerpt":{"rendered":"<p>PEDRO G. PRATA Cresci em Seia, e desde bem jovem, v\u00e1rias paisagens serranas ficaram gravadas na minha mente. Algumas delas alegravam-me o olhar quando as [&#8230;]<\/p>\n","protected":false},"author":3,"featured_media":0,"parent":0,"menu_order":0,"comment_status":"closed","ping_status":"closed","template":"","meta":{"footnotes":""},"class_list":["post-5323","page","type-page","status-publish","hentry"],"post_mailing_queue_ids":[],"_links":{"self":[{"href":"https:\/\/momentosdenatureza.web.ua.pt\/index.php\/wp-json\/wp\/v2\/pages\/5323","targetHints":{"allow":["GET"]}}],"collection":[{"href":"https:\/\/momentosdenatureza.web.ua.pt\/index.php\/wp-json\/wp\/v2\/pages"}],"about":[{"href":"https:\/\/momentosdenatureza.web.ua.pt\/index.php\/wp-json\/wp\/v2\/types\/page"}],"author":[{"embeddable":true,"href":"https:\/\/momentosdenatureza.web.ua.pt\/index.php\/wp-json\/wp\/v2\/users\/3"}],"replies":[{"embeddable":true,"href":"https:\/\/momentosdenatureza.web.ua.pt\/index.php\/wp-json\/wp\/v2\/comments?post=5323"}],"version-history":[{"count":1,"href":"https:\/\/momentosdenatureza.web.ua.pt\/index.php\/wp-json\/wp\/v2\/pages\/5323\/revisions"}],"predecessor-version":[{"id":5326,"href":"https:\/\/momentosdenatureza.web.ua.pt\/index.php\/wp-json\/wp\/v2\/pages\/5323\/revisions\/5326"}],"wp:attachment":[{"href":"https:\/\/momentosdenatureza.web.ua.pt\/index.php\/wp-json\/wp\/v2\/media?parent=5323"}],"curies":[{"name":"wp","href":"https:\/\/api.w.org\/{rel}","templated":true}]}}