{"id":5329,"date":"2022-05-11T20:19:57","date_gmt":"2022-05-11T20:19:57","guid":{"rendered":"https:\/\/momentosdenatureza.web.ua.pt\/?page_id=5329"},"modified":"2022-05-11T21:07:43","modified_gmt":"2022-05-11T21:07:43","slug":"bio-cliques-helder-caixinha-2022","status":"publish","type":"page","link":"https:\/\/momentosdenatureza.web.ua.pt\/index.php\/bio-cliques-helder-caixinha-2022\/","title":{"rendered":"bio cliques :: H\u00e9lder Caixinha :: 2022"},"content":{"rendered":"<style type=\"text\/css\">\n#foogallery-gallery-4555.fg-justified .fg-item { margin-right: 2px; margin-bottom: 2px; }\n#foogallery-gallery-4555.fg-justified .fg-image { height: 200px; }<\/style>\n\t\t\t<div class=\"foogallery foogallery-container foogallery-justified foogallery-lightbox-foobox fg-justified fg-ready fg-light fg-shadow-outline fg-loading-default fg-loaded-fade-in fg-caption-always fg-hover-fade fg-hover-zoom2\" id=\"foogallery-gallery-4555\" data-foogallery=\"{&quot;item&quot;:{&quot;showCaptionTitle&quot;:true,&quot;showCaptionDescription&quot;:false},&quot;lazy&quot;:true,&quot;template&quot;:{&quot;rowHeight&quot;:200,&quot;maxRowHeight&quot;:300,&quot;margins&quot;:2,&quot;align&quot;:&quot;left&quot;,&quot;lastRow&quot;:&quot;smart&quot;}}\" style=\"--fg-title-line-clamp: 0; --fg-description-line-clamp: 0;\" >\n\t<div class=\"fg-item fg-type-image fg-idle\"><figure class=\"fg-item-inner\"><a href=\"https:\/\/momentosdenatureza.web.ua.pt\/wp-content\/uploads\/2022\/02\/selecao_mdn_v1-4.jpg\" data-caption-title=\"Pombo Coroado (Goura victoria)\" data-attachment-id=\"4552\" data-type=\"image\" class=\"fg-thumb\"><span class=\"fg-image-wrap\"><img fetchpriority=\"high\" decoding=\"async\" title=\"Pombo Coroado (Goura victoria)\" height=\"300\" width=\"450\" class=\"skip-lazy fg-image\" data-src-fg=\"https:\/\/momentosdenatureza.web.ua.pt\/wp-content\/uploads\/cache\/2022\/02\/selecao_mdn_v1-4\/61482795.jpg\" src=\"data:image\/svg+xml,%3Csvg%20xmlns%3D%22http%3A%2F%2Fwww.w3.org%2F2000%2Fsvg%22%20width%3D%22450%22%20height%3D%22300%22%20viewBox%3D%220%200%20450%20300%22%3E%3C%2Fsvg%3E\" loading=\"eager\"><\/span><span class=\"fg-image-overlay\"><\/span><\/a><figcaption class=\"fg-caption\"><div class=\"fg-caption-inner\"><div class=\"fg-caption-title\">Pombo Coroado (Goura victoria)<\/div><\/div><\/figcaption><\/figure><div class=\"fg-loader\"><\/div><\/div><div class=\"fg-item fg-type-image fg-idle\"><figure class=\"fg-item-inner\"><a href=\"https:\/\/momentosdenatureza.web.ua.pt\/wp-content\/uploads\/2022\/02\/selecao_mdn_v1-5.jpg\" data-caption-title=\"Casuar (Casuarius casuarius)\" data-attachment-id=\"4549\" data-type=\"image\" class=\"fg-thumb\"><span class=\"fg-image-wrap\"><img decoding=\"async\" title=\"Casuar (Casuarius casuarius)\" height=\"300\" width=\"450\" class=\"skip-lazy fg-image\" data-src-fg=\"https:\/\/momentosdenatureza.web.ua.pt\/wp-content\/uploads\/cache\/2022\/02\/selecao_mdn_v1-5\/3663651478.jpg\" src=\"data:image\/svg+xml,%3Csvg%20xmlns%3D%22http%3A%2F%2Fwww.w3.org%2F2000%2Fsvg%22%20width%3D%22450%22%20height%3D%22300%22%20viewBox%3D%220%200%20450%20300%22%3E%3C%2Fsvg%3E\" loading=\"eager\"><\/span><span class=\"fg-image-overlay\"><\/span><\/a><figcaption class=\"fg-caption\"><div class=\"fg-caption-inner\"><div class=\"fg-caption-title\">Casuar (Casuarius casuarius)<\/div><\/div><\/figcaption><\/figure><div class=\"fg-loader\"><\/div><\/div><div class=\"fg-item fg-type-image fg-idle\"><figure class=\"fg-item-inner\"><a href=\"https:\/\/momentosdenatureza.web.ua.pt\/wp-content\/uploads\/2022\/02\/selecao_mdn_v1-6.jpg\" data-caption-title=\"Avestruz (Struthio camelus)\" data-attachment-id=\"4546\" data-type=\"image\" class=\"fg-thumb\"><span class=\"fg-image-wrap\"><img decoding=\"async\" title=\"Avestruz (Struthio camelus)\" height=\"300\" width=\"450\" class=\"skip-lazy fg-image\" data-src-fg=\"https:\/\/momentosdenatureza.web.ua.pt\/wp-content\/uploads\/cache\/2022\/02\/selecao_mdn_v1-6\/1018935914.jpg\" src=\"data:image\/svg+xml,%3Csvg%20xmlns%3D%22http%3A%2F%2Fwww.w3.org%2F2000%2Fsvg%22%20width%3D%22450%22%20height%3D%22300%22%20viewBox%3D%220%200%20450%20300%22%3E%3C%2Fsvg%3E\" loading=\"eager\"><\/span><span class=\"fg-image-overlay\"><\/span><\/a><figcaption class=\"fg-caption\"><div class=\"fg-caption-inner\"><div class=\"fg-caption-title\">Avestruz (Struthio camelus)<\/div><\/div><\/figcaption><\/figure><div class=\"fg-loader\"><\/div><\/div><div class=\"fg-item fg-type-image fg-idle\"><figure class=\"fg-item-inner\"><a href=\"https:\/\/momentosdenatureza.web.ua.pt\/wp-content\/uploads\/2022\/02\/selecao_mdn_v1-7.jpg\" data-caption-title=\"Leopardo (Panthera Pardus)\" data-attachment-id=\"4543\" data-type=\"image\" class=\"fg-thumb\"><span class=\"fg-image-wrap\"><img decoding=\"async\" title=\"Leopardo (Panthera Pardus)\" height=\"300\" width=\"451\" class=\"skip-lazy fg-image\" data-src-fg=\"https:\/\/momentosdenatureza.web.ua.pt\/wp-content\/uploads\/cache\/2022\/02\/selecao_mdn_v1-7\/3620237313.jpg\" src=\"data:image\/svg+xml,%3Csvg%20xmlns%3D%22http%3A%2F%2Fwww.w3.org%2F2000%2Fsvg%22%20width%3D%22451%22%20height%3D%22300%22%20viewBox%3D%220%200%20451%20300%22%3E%3C%2Fsvg%3E\" loading=\"eager\"><\/span><span class=\"fg-image-overlay\"><\/span><\/a><figcaption class=\"fg-caption\"><div class=\"fg-caption-inner\"><div class=\"fg-caption-title\">Leopardo (Panthera Pardus)<\/div><\/div><\/figcaption><\/figure><div class=\"fg-loader\"><\/div><\/div><div class=\"fg-item fg-type-image fg-idle\"><figure class=\"fg-item-inner\"><a href=\"https:\/\/momentosdenatureza.web.ua.pt\/wp-content\/uploads\/2022\/02\/selecao_mdn_v1-9.jpg\" data-caption-title=\"Calau de Bico Amarelo (Tockus leucomelas)\" data-attachment-id=\"4537\" data-type=\"image\" class=\"fg-thumb\"><span class=\"fg-image-wrap\"><img decoding=\"async\" title=\"Calau de Bico Amarelo (Tockus leucomelas)\" height=\"300\" width=\"448\" class=\"skip-lazy fg-image\" data-src-fg=\"https:\/\/momentosdenatureza.web.ua.pt\/wp-content\/uploads\/cache\/2022\/02\/selecao_mdn_v1-9\/908694113.jpg\" src=\"data:image\/svg+xml,%3Csvg%20xmlns%3D%22http%3A%2F%2Fwww.w3.org%2F2000%2Fsvg%22%20width%3D%22448%22%20height%3D%22300%22%20viewBox%3D%220%200%20448%20300%22%3E%3C%2Fsvg%3E\" loading=\"eager\"><\/span><span class=\"fg-image-overlay\"><\/span><\/a><figcaption class=\"fg-caption\"><div class=\"fg-caption-inner\"><div class=\"fg-caption-title\">Calau de Bico Amarelo (Tockus leucomelas)<\/div><\/div><\/figcaption><\/figure><div class=\"fg-loader\"><\/div><\/div><div class=\"fg-item fg-type-image fg-idle\"><figure class=\"fg-item-inner\"><a href=\"https:\/\/momentosdenatureza.web.ua.pt\/wp-content\/uploads\/2022\/02\/selecao_mdn_v1-10.jpg\" data-caption-title=\"Elefante Africano (Loxodonta africana)\" data-attachment-id=\"4534\" data-type=\"image\" class=\"fg-thumb\"><span class=\"fg-image-wrap\"><img decoding=\"async\" title=\"Elefante Africano (Loxodonta africana)\" height=\"300\" width=\"448\" class=\"skip-lazy fg-image\" data-src-fg=\"https:\/\/momentosdenatureza.web.ua.pt\/wp-content\/uploads\/cache\/2022\/02\/selecao_mdn_v1-10\/3412723963.jpg\" src=\"data:image\/svg+xml,%3Csvg%20xmlns%3D%22http%3A%2F%2Fwww.w3.org%2F2000%2Fsvg%22%20width%3D%22448%22%20height%3D%22300%22%20viewBox%3D%220%200%20448%20300%22%3E%3C%2Fsvg%3E\" loading=\"eager\"><\/span><span class=\"fg-image-overlay\"><\/span><\/a><figcaption class=\"fg-caption\"><div class=\"fg-caption-inner\"><div class=\"fg-caption-title\">Elefante Africano (Loxodonta africana)<\/div><\/div><\/figcaption><\/figure><div class=\"fg-loader\"><\/div><\/div><div class=\"fg-item fg-type-image fg-idle\"><figure class=\"fg-item-inner\"><a href=\"https:\/\/momentosdenatureza.web.ua.pt\/wp-content\/uploads\/2022\/02\/selecao_mdn_v1-3.jpg\" data-caption-title=\"Flamingo (Phoenicopterus roseus)\" data-attachment-id=\"4531\" data-type=\"image\" class=\"fg-thumb\"><span class=\"fg-image-wrap\"><img decoding=\"async\" title=\"Flamingo (Phoenicopterus roseus)\" height=\"300\" width=\"450\" class=\"skip-lazy fg-image\" data-src-fg=\"https:\/\/momentosdenatureza.web.ua.pt\/wp-content\/uploads\/cache\/2022\/02\/selecao_mdn_v1-3\/732430384.jpg\" src=\"data:image\/svg+xml,%3Csvg%20xmlns%3D%22http%3A%2F%2Fwww.w3.org%2F2000%2Fsvg%22%20width%3D%22450%22%20height%3D%22300%22%20viewBox%3D%220%200%20450%20300%22%3E%3C%2Fsvg%3E\" loading=\"eager\"><\/span><span class=\"fg-image-overlay\"><\/span><\/a><figcaption class=\"fg-caption\"><div class=\"fg-caption-inner\"><div class=\"fg-caption-title\">Flamingo (Phoenicopterus roseus)<\/div><\/div><\/figcaption><\/figure><div class=\"fg-loader\"><\/div><\/div><div class=\"fg-item fg-type-image fg-idle\"><figure class=\"fg-item-inner\"><a href=\"https:\/\/momentosdenatureza.web.ua.pt\/wp-content\/uploads\/2022\/05\/selecao_mdn_v1-8.jpg\" data-caption-desc=\"Hipop\u00f3tamo (Hippopotamus amphibius)\" data-attachment-id=\"5356\" data-type=\"image\" class=\"fg-thumb\"><span class=\"fg-image-wrap\"><img decoding=\"async\" height=\"300\" width=\"448\" class=\"skip-lazy fg-image\" data-src-fg=\"https:\/\/momentosdenatureza.web.ua.pt\/wp-content\/uploads\/cache\/2022\/05\/selecao_mdn_v1-8\/3730028447.jpg\" src=\"data:image\/svg+xml,%3Csvg%20xmlns%3D%22http%3A%2F%2Fwww.w3.org%2F2000%2Fsvg%22%20width%3D%22448%22%20height%3D%22300%22%20viewBox%3D%220%200%20448%20300%22%3E%3C%2Fsvg%3E\" loading=\"eager\"><\/span><span class=\"fg-image-overlay\"><\/span><\/a><\/figure><div class=\"fg-loader\"><\/div><\/div><\/div>\n\n<hr \/>\n<p><b>H\u00e9lder Caixinha<\/b><\/p>\n<p>Iniciou o seu percurso fotogr\u00e1fico, em meados da d\u00e9cada de 80, explorando tem\u00e1ticas como a fotografia de paisagem e de viagem. O preto e branco e, principalmente, os diapositivos a cores, foram as pel\u00edculas de elei\u00e7\u00e3o, para esta viagem anal\u00f3gica, onde procurava registar as paisagens naturais e urbanas que visitava.<\/p>\n<p>Em 1994, enquanto bolseiro de um projeto de investiga\u00e7\u00e3o na \u00e1rea do multim\u00e9dia, descobre a fotografia digital e a edi\u00e7\u00e3o com o Adobe Photoshop. Esta atra\u00e7\u00e3o pelo digital seria plenamente concretizada em 2004, com o abandono da fotografia anal\u00f3gica e a aquisi\u00e7\u00e3o da sua primeira c\u00e2mara digital.<\/p>\n<p>A partir de 2000, as viagens tornaram-se mais frequentes e a fotografia de viagem assumia uma maior import\u00e2ncia no seu portef\u00f3lio. Nos \u00faltimos anos, o quotidiano das gentes que encontra nessas viagens tem merecido a sua aten\u00e7\u00e3o e a fotografia de rua tornou-se a tem\u00e1tica central do seu trabalho. Em paralelo e desde 2018, colabora com a Academia de Vela do SCA\/AAUAV e a sec\u00e7\u00e3o de Canoagem do SCA, na cobertura fotogr\u00e1fica de eventos e provas, regionais e nacionais, de vela e de canoagem. <\/p>\n<p>\u00c9 Professor Auxiliar no Departamento de Comunica\u00e7\u00e3o e Arte da Universidade de Aveiro e Vice-Diretor do Mestrado em Comunica\u00e7\u00e3o Audiovisual para Novos M\u00e9dia. Leciona unidades curriculares nas \u00e1reas da fotografia e do v\u00eddeo e organiza anualmente a exposi\u00e7\u00e3o UA.Unfiltered, onde s\u00e3o mostrados os melhores trabalhos fotogr\u00e1ficos dos seus alunos.  O seu portef\u00f3lio pode ser visitado no Instagram, na \u00e1rea do utilizador &#8211; @hlittlebox.<\/p>\n","protected":false},"excerpt":{"rendered":"<p>H\u00e9lder Caixinha Iniciou o seu percurso fotogr\u00e1fico, em meados da d\u00e9cada de 80, explorando tem\u00e1ticas como a fotografia de paisagem e de viagem. O preto [&#8230;]<\/p>\n","protected":false},"author":3,"featured_media":0,"parent":0,"menu_order":0,"comment_status":"closed","ping_status":"closed","template":"","meta":{"footnotes":""},"class_list":["post-5329","page","type-page","status-publish","hentry"],"post_mailing_queue_ids":[],"_links":{"self":[{"href":"https:\/\/momentosdenatureza.web.ua.pt\/index.php\/wp-json\/wp\/v2\/pages\/5329","targetHints":{"allow":["GET"]}}],"collection":[{"href":"https:\/\/momentosdenatureza.web.ua.pt\/index.php\/wp-json\/wp\/v2\/pages"}],"about":[{"href":"https:\/\/momentosdenatureza.web.ua.pt\/index.php\/wp-json\/wp\/v2\/types\/page"}],"author":[{"embeddable":true,"href":"https:\/\/momentosdenatureza.web.ua.pt\/index.php\/wp-json\/wp\/v2\/users\/3"}],"replies":[{"embeddable":true,"href":"https:\/\/momentosdenatureza.web.ua.pt\/index.php\/wp-json\/wp\/v2\/comments?post=5329"}],"version-history":[{"count":2,"href":"https:\/\/momentosdenatureza.web.ua.pt\/index.php\/wp-json\/wp\/v2\/pages\/5329\/revisions"}],"predecessor-version":[{"id":5368,"href":"https:\/\/momentosdenatureza.web.ua.pt\/index.php\/wp-json\/wp\/v2\/pages\/5329\/revisions\/5368"}],"wp:attachment":[{"href":"https:\/\/momentosdenatureza.web.ua.pt\/index.php\/wp-json\/wp\/v2\/media?parent=5329"}],"curies":[{"name":"wp","href":"https:\/\/api.w.org\/{rel}","templated":true}]}}