{"id":5564,"date":"2023-05-20T10:09:06","date_gmt":"2023-05-20T10:09:06","guid":{"rendered":"https:\/\/momentosdenatureza.web.ua.pt\/?page_id=5564"},"modified":"2023-05-25T05:51:49","modified_gmt":"2023-05-25T05:51:49","slug":"bio-imagens-to-vieira-2023","status":"publish","type":"page","link":"https:\/\/momentosdenatureza.web.ua.pt\/index.php\/bio-imagens-to-vieira-2023\/","title":{"rendered":"Bio Imagens &#8211; To Vieira &#8211; 2023"},"content":{"rendered":"<p><center> <img decoding=\"async\" src=\"https:\/\/momentosdenatureza.web.ua.pt\/wp-content\/uploads\/2022\/02\/tovieira_photo_logo.png\" alt=\"\" width=\"200\"  class=\"size-medium wp-image-1771\" \/> <\/center><\/p>\n<p>Nasci em abril de 1957 na vila de Oliveirinha da cidade de Aveiro.<br \/>\nAs minhas fotografias representam o meu olhar pelas paisagens que visito, os animais e plantas que observo no seu ambiente natural,  assim como momentos e pormenores \u00fanicos aos quais tento dar a minha vis\u00e3o art\u00edstica.<br \/>\nUltimamente tenho-me dedicado tamb\u00e9m \u00e0 fotografia impressionista tentando, atrav\u00e9s do olhar diferenciado, captar as impress\u00f5es percetivas de luminosidade, cor e sombra das paisagens.<\/p>\n<hr>\n<p>Tema da exposi\u00e7\u00e3o<br \/>\n<strong>Natureza Alterada<\/strong><\/p>\n<p>Neste conjunto de 12 imagens pretendo confinar as impress\u00f5es sensoriais de cor, luz, som e movimento, utilizando cores claras e brilhantes. Por isso, algumas imagens n\u00e3o possuem contornos n\u00edtidos e tentam suscitar emo\u00e7\u00f5es em todos os que as observam (impressionismo).<br \/>\nTamb\u00e9m tento reconstruir a realidade usando a fotografia como meio de express\u00e3o criativa e assim expressar uma ideia, uma mensagem e\/ou uma emo\u00e7\u00e3o (fineart).<\/p>\n<p><a href=\"http:\/\/www.tovieira.com\" taget=\"_blank\">www.tovieira.com<\/a><\/p>\n<hr>\n<p> BIO IMAGENS <\/p>\n<hr>\n<figure>\n<a data-caption-title=\"Dedaleira\"\ndata-caption-desc=\"Fine Art - 3 fotos\nTravass\u00f4\n03\/2020\"\nhref=\"https:\/\/momentosdenatureza.web.ua.pt\/wp-content\/uploads\/2023\/05\/B01.jpg\" class=\"foobox\" rel=\"Bio Imagens - ToVieira - 2023\"><img decoding=\"async\" src=\"https:\/\/momentosdenatureza.web.ua.pt\/wp-content\/uploads\/2023\/05\/B01.jpg\" alt=\"\" width=\"739\" class=\"alignnone size-full wp-image-5513\" \/><\/a><figcaption>\n<div align=\"center\"> <b>Dedaleira<\/b> <br \/>Fine Art &#8211; 3 fotos <br \/>Travass\u00f4 03\/2020 <\/div>\n<\/figcaption><\/figure>\n<figure>\n<a data-caption-title=\"fetos\"\ndata-caption-desc=\"Fine Art - 3 fotos\nrio UIMA 06\/2020\"\nhref=\"https:\/\/momentosdenatureza.web.ua.pt\/wp-content\/uploads\/2023\/05\/b02.jpg\" class=\"foobox\" rel=\"Bio Imagens - ToVieira - 2023\"><img loading=\"lazy\" decoding=\"async\" src=\"https:\/\/momentosdenatureza.web.ua.pt\/wp-content\/uploads\/2023\/05\/b02.jpg\" alt=\"\" width=\"739\" height=\"495\" class=\"alignnone size-full wp-image-5513\" \/><\/a><figcaption>\n<div align=\"center\"><b>fetos<\/b> <br \/>Fine Art &#8211; 3 fotos <br \/>rio UIMA 06\/2020 <\/div>\n<\/figcaption><\/figure>\n<figure>\n<a data-caption-title=\"Hort\u00eansia\"\ndata-caption-desc=\"Fine Art - 3 fotos\nrio UIMA 06\/2020\"\nhref=\"https:\/\/momentosdenatureza.web.ua.pt\/wp-content\/uploads\/2023\/05\/b03.jpg\" class=\"foobox\" rel=\"Bio Imagens - ToVieira - 2023\"><img loading=\"lazy\" decoding=\"async\" src=\"https:\/\/momentosdenatureza.web.ua.pt\/wp-content\/uploads\/2023\/05\/b03.jpg\" alt=\"\" width=\"739\" height=\"495\" class=\"alignnone size-full wp-image-5513\" \/><\/a><figcaption>\n<div align=\"center\"><b>Hort\u00eansia<\/b> <br \/>Fine Art &#8211; 3 fotos <br \/>rio UIMA 06\/2020 <\/div>\n<\/figcaption><\/figure>\n<figure>\n<a data-caption-title=\"Trevo\"\ndata-caption-desc=\"Fine Art - 2 fotos \/ espelho \/ Invertida\nrio UIMA \n06\/2020\"\nhref=\"https:\/\/momentosdenatureza.web.ua.pt\/wp-content\/uploads\/2023\/05\/b04.jpg\" class=\"foobox\" rel=\"Bio Imagens - ToVieira - 2023\"><img loading=\"lazy\" decoding=\"async\" src=\"https:\/\/momentosdenatureza.web.ua.pt\/wp-content\/uploads\/2023\/05\/b04.jpg\" alt=\"\" width=\"739\" height=\"496\" class=\"alignnone size-full wp-image-5486\" \/><\/a><figcaption>\n<div align=\"center\"><b>Trevo<\/b> <br \/>Fine Art &#8211; 2 fotos \/ espelho \/ Invertida <br \/>rio UIMA 06\/2020 <\/div>\n<\/figcaption><\/figure>\n<figure>\n<a data-caption-title=\"Planta com pelos\"\ndata-caption-desc=\"Fine Art - 2 fotos \nrio UIMA \n06\/2020\"\nhref=\"https:\/\/momentosdenatureza.web.ua.pt\/wp-content\/uploads\/2023\/05\/b05.jpg\" class=\"foobox\"><img loading=\"lazy\" decoding=\"async\" src=\"https:\/\/momentosdenatureza.web.ua.pt\/wp-content\/uploads\/2023\/05\/b05.jpg\" alt=\"\" width=\"749\" height=\"503\" class=\"alignnone size-full wp-image-5489\" \/><\/a><figcaption>\n<div align=\"center\"><b>Planta com pelos<\/b> <br \/>Fine Art &#8211; 2 fotos <br \/>rio UIMA 06\/2020 <\/div>\n<\/figcaption><\/figure>\n<figure>\n<a data-caption-title=\"Cardo - the invader\"\ndata-caption-desc=\"Fine Art - 2 fotos\nrequeixo 10\/2021\"\nhref=\"https:\/\/momentosdenatureza.web.ua.pt\/wp-content\/uploads\/2023\/05\/b06.jpg\" class=\"foobox\" rel=\"Bio Imagens - ToVieira - 2023\"><img loading=\"lazy\" decoding=\"async\" src=\"https:\/\/momentosdenatureza.web.ua.pt\/wp-content\/uploads\/2023\/05\/b06.jpg\" alt=\"\" width=\"739\" height=\"496\" class=\"alignnone size-full wp-image-5483\" \/><\/a><figcaption>\n<div align=\"center\"><b>Cardo &#8211; the invader<\/b> <br \/>Fine Art &#8211; 2 fotos <br \/>requeixo 10\/2021 <\/div>\n<\/figcaption><\/figure>\n<figure>\n<a data-caption-title=\"living nature\"\ndata-caption-desc=\"Fine Art - 2 fotos\nOliveira do Bairro 06\/2022\"\nhref=\"https:\/\/momentosdenatureza.web.ua.pt\/wp-content\/uploads\/2023\/05\/b07.jpg\" class=\"foobox\" rel=\"Bio Imagens - ToVieira - 2023\"><img loading=\"lazy\" decoding=\"async\" src=\"https:\/\/momentosdenatureza.web.ua.pt\/wp-content\/uploads\/2023\/05\/b07.jpg\" alt=\"\" width=\"739\" height=\"498\" class=\"alignnone size-full wp-image-5492\" \/><\/a><figcaption>\n<div align=\"center\"> <b>living nature<\/b> <br \/>Fine Art &#8211; 2 fotos <br \/>Oliveira do Bairro 06\/2022 <\/div>\n<\/figcaption><\/figure>\n<p><\/p>\n<figure>\n<a data-caption-title=\"a landscape is a state of mind\"\ndata-caption-desc=\"Fine Art - 4 fotos\nTaboeira 10\/2022\"\nhref=\"https:\/\/momentosdenatureza.web.ua.pt\/wp-content\/uploads\/2023\/05\/b09.jpg\" class=\"foobox\" rel=\"Bio Imagens - ToVieira - 2023\"><img loading=\"lazy\" decoding=\"async\" src=\"https:\/\/momentosdenatureza.web.ua.pt\/wp-content\/uploads\/2023\/05\/b09.jpg\" alt=\"\" width=\"739\" height=\"498\" class=\"alignnone size-full wp-image-5492\" \/><\/a><figcaption>\n<div align=\"center\"> <b>a landscape is a state of mind<\/b> <br \/>Fine Art &#8211; 4 fotos <br \/>Taboeira 10\/2022 <\/div>\n<\/figcaption><\/figure>\n<figure>\n<a data-caption-title=\"Cardo\"\ndata-caption-desc=\"Fine Art - 3 fotos\nCanelas 09\/2022\"\nhref=\"https:\/\/momentosdenatureza.web.ua.pt\/wp-content\/uploads\/2023\/05\/b08.jpg\" class=\"foobox\" rel=\"Bio Imagens - ToVieira - 2023\"><img loading=\"lazy\" decoding=\"async\" src=\"https:\/\/momentosdenatureza.web.ua.pt\/wp-content\/uploads\/2023\/05\/b08.jpg\" alt=\"\" width=\"739\" height=\"498\" class=\"alignnone size-full wp-image-5492\" \/><\/a><figcaption>\n<div align=\"center\"><b>Cardo<\/b> <br \/>Fine Art &#8211; 3 fotos <br \/>Canelas 09\/2022 <\/div>\n<\/figcaption><\/figure>\n<figure>\n<a data-caption-title=\"cani\u00e7ais \/ reeds\"\ndata-caption-desc=\"Fine Art - 3 fotos\nCanelas 09\/2022\"\nhref=\"https:\/\/momentosdenatureza.web.ua.pt\/wp-content\/uploads\/2023\/05\/b10.jpg\" class=\"foobox\" rel=\"Bio Imagens - ToVieira - 2023\"><img loading=\"lazy\" decoding=\"async\" src=\"https:\/\/momentosdenatureza.web.ua.pt\/wp-content\/uploads\/2023\/05\/b10.jpg\" alt=\"\" width=\"739\" height=\"498\" class=\"alignnone size-full wp-image-5492\" \/><\/a><figcaption>\n<div align=\"center\"> <b>cani\u00e7ais \/ reeds<\/b> <br \/>Fine Art &#8211; 3 fotos <br \/>Canelas 09\/2022 <\/div>\n<\/figcaption><\/figure>\n<figure>\n<a data-caption-title=\"My home garder\"\ndata-caption-desc=\"Fine Art - 2 fotos\nOliveirinha 10\/2022\"\nhref=\"https:\/\/momentosdenatureza.web.ua.pt\/wp-content\/uploads\/2023\/05\/b11.jpg\" class=\"foobox\" rel=\"Bio Imagens - ToVieira - 2023\"><img loading=\"lazy\" decoding=\"async\" src=\"https:\/\/momentosdenatureza.web.ua.pt\/wp-content\/uploads\/2023\/05\/b11.jpg\" alt=\"\" width=\"739\" height=\"498\" class=\"alignnone size-full wp-image-5492\" \/><\/a><figcaption>\n<div align=\"center\"> <b>My home garder<\/b> <br \/>Fine Art &#8211; 2 fotos <br \/>Oliveirinha 10\/2022 <\/div>\n<\/figcaption><\/figure>\n<figure>\n<a data-caption-title=\"caminhos imagin\u00e1rios\"\ndata-caption-desc=\"Fine Art - 3 fotos\nRua da Pega 02\/2022\"\nhref=\"https:\/\/momentosdenatureza.web.ua.pt\/wp-content\/uploads\/2023\/05\/b12.jpg\" class=\"foobox\" rel=\"Bio Imagens - ToVieira - 2023\"><img loading=\"lazy\" decoding=\"async\" src=\"https:\/\/momentosdenatureza.web.ua.pt\/wp-content\/uploads\/2023\/05\/b12.jpg\" alt=\"\" width=\"739\" height=\"498\" class=\"alignnone size-full wp-image-5492\" \/><\/a><figcaption>\n<div align=\"center\"> <b>caminhos imagin\u00e1rios<\/b> <br \/>Fine Art &#8211; 3 fotos <br \/>Rua da Pega 02\/2022 <\/div>\n<\/figcaption><\/figure>\n","protected":false},"excerpt":{"rendered":"<p>Nasci em abril de 1957 na vila de Oliveirinha da cidade de Aveiro. As minhas fotografias representam o meu olhar pelas paisagens que visito, os [&#8230;]<\/p>\n","protected":false},"author":3,"featured_media":0,"parent":0,"menu_order":0,"comment_status":"closed","ping_status":"closed","template":"","meta":{"footnotes":""},"class_list":["post-5564","page","type-page","status-publish","hentry"],"post_mailing_queue_ids":[],"_links":{"self":[{"href":"https:\/\/momentosdenatureza.web.ua.pt\/index.php\/wp-json\/wp\/v2\/pages\/5564","targetHints":{"allow":["GET"]}}],"collection":[{"href":"https:\/\/momentosdenatureza.web.ua.pt\/index.php\/wp-json\/wp\/v2\/pages"}],"about":[{"href":"https:\/\/momentosdenatureza.web.ua.pt\/index.php\/wp-json\/wp\/v2\/types\/page"}],"author":[{"embeddable":true,"href":"https:\/\/momentosdenatureza.web.ua.pt\/index.php\/wp-json\/wp\/v2\/users\/3"}],"replies":[{"embeddable":true,"href":"https:\/\/momentosdenatureza.web.ua.pt\/index.php\/wp-json\/wp\/v2\/comments?post=5564"}],"version-history":[{"count":16,"href":"https:\/\/momentosdenatureza.web.ua.pt\/index.php\/wp-json\/wp\/v2\/pages\/5564\/revisions"}],"predecessor-version":[{"id":5796,"href":"https:\/\/momentosdenatureza.web.ua.pt\/index.php\/wp-json\/wp\/v2\/pages\/5564\/revisions\/5796"}],"wp:attachment":[{"href":"https:\/\/momentosdenatureza.web.ua.pt\/index.php\/wp-json\/wp\/v2\/media?parent=5564"}],"curies":[{"name":"wp","href":"https:\/\/api.w.org\/{rel}","templated":true}]}}