{"id":5616,"date":"2023-05-20T11:01:35","date_gmt":"2023-05-20T11:01:35","guid":{"rendered":"https:\/\/momentosdenatureza.web.ua.pt\/?page_id=5616"},"modified":"2023-05-27T08:04:31","modified_gmt":"2023-05-27T08:04:31","slug":"bio-imagens-2023","status":"publish","type":"page","link":"https:\/\/momentosdenatureza.web.ua.pt\/index.php\/bio-imagens-2023\/","title":{"rendered":"Bio Imagens 2023"},"content":{"rendered":"<p><em><strong>Exposi\u00e7\u00e3o coletiva<\/strong><\/em><br \/>\n<em>data<\/em>: <strong>de 17 de maio 2023 a 15\u00a0de junho de 2023<\/strong><br \/>\n<em>local<\/em>: <strong>Nicho Expositivo DBIO<\/strong><br \/>\n<img loading=\"lazy\" decoding=\"async\" src=\"https:\/\/momentosdenatureza.web.ua.pt\/wp-content\/uploads\/2023\/05\/Imagem1-1.jpg\" alt=\"\" width=\"714\" height=\"402\" class=\"alignnone size-full wp-image-5468\" srcset=\"https:\/\/momentosdenatureza.web.ua.pt\/wp-content\/uploads\/2023\/05\/Imagem1-1.jpg 714w, https:\/\/momentosdenatureza.web.ua.pt\/wp-content\/uploads\/2023\/05\/Imagem1-1-300x169.jpg 300w\" sizes=\"auto, (max-width: 714px) 100vw, 714px\" \/><\/p>\n<p><em><strong>Fot\u00f3grafos:<\/strong><\/em><\/p>\n<table cellspacing=\"0\" >\n<tr>\n<td>\n             <a href=\"https:\/\/momentosdenatureza.web.ua.pt\/index.php\/bio-imagems-aldiro-pereira-2023\/\" target=\"_blank\" rel=\"noopener\"> Aldiro Pereira <\/a>\n          <\/td>\n<td>\n             <a href=\"https:\/\/momentosdenatureza.web.ua.pt\/index.php\/bio-imagens-to-vieira-2023\/\" target=\"_blank\" rel=\"noopener\"> Ant\u00f3nio Vieira <\/a>\n          <\/td>\n<td>\n             <a href=\"https:\/\/momentosdenatureza.web.ua.pt\/index.php\/bio-imagens-joao-quintela-2023\/\" target=\"_blank\" rel=\"noopener\"> Jo\u00e3o Quintela <\/a>\n          <\/td>\n<td>\n             <a href=\"https:\/\/momentosdenatureza.web.ua.pt\/index.php\/bio-imagens-pedro-g-prata-2023\/\" target=\"_blank\" rel=\"noopener\"> Pedro G. Prata <\/a>\n       <\/td>\n<\/tr>\n<\/table>\n","protected":false},"excerpt":{"rendered":"<p>Exposi\u00e7\u00e3o coletiva data: de 17 de maio 2023 a 15\u00a0de junho de 2023 local: Nicho Expositivo DBIO Fot\u00f3grafos: Aldiro Pereira Ant\u00f3nio Vieira Jo\u00e3o Quintela Pedro [&#8230;]<\/p>\n","protected":false},"author":3,"featured_media":0,"parent":0,"menu_order":0,"comment_status":"closed","ping_status":"closed","template":"","meta":{"footnotes":""},"class_list":["post-5616","page","type-page","status-publish","hentry"],"post_mailing_queue_ids":[],"_links":{"self":[{"href":"https:\/\/momentosdenatureza.web.ua.pt\/index.php\/wp-json\/wp\/v2\/pages\/5616","targetHints":{"allow":["GET"]}}],"collection":[{"href":"https:\/\/momentosdenatureza.web.ua.pt\/index.php\/wp-json\/wp\/v2\/pages"}],"about":[{"href":"https:\/\/momentosdenatureza.web.ua.pt\/index.php\/wp-json\/wp\/v2\/types\/page"}],"author":[{"embeddable":true,"href":"https:\/\/momentosdenatureza.web.ua.pt\/index.php\/wp-json\/wp\/v2\/users\/3"}],"replies":[{"embeddable":true,"href":"https:\/\/momentosdenatureza.web.ua.pt\/index.php\/wp-json\/wp\/v2\/comments?post=5616"}],"version-history":[{"count":7,"href":"https:\/\/momentosdenatureza.web.ua.pt\/index.php\/wp-json\/wp\/v2\/pages\/5616\/revisions"}],"predecessor-version":[{"id":5934,"href":"https:\/\/momentosdenatureza.web.ua.pt\/index.php\/wp-json\/wp\/v2\/pages\/5616\/revisions\/5934"}],"wp:attachment":[{"href":"https:\/\/momentosdenatureza.web.ua.pt\/index.php\/wp-json\/wp\/v2\/media?parent=5616"}],"curies":[{"name":"wp","href":"https:\/\/api.w.org\/{rel}","templated":true}]}}