{"id":5624,"date":"2023-05-20T11:05:58","date_gmt":"2023-05-20T11:05:58","guid":{"rendered":"https:\/\/momentosdenatureza.web.ua.pt\/?page_id=5624"},"modified":"2023-05-25T05:46:46","modified_gmt":"2023-05-25T05:46:46","slug":"bio-imagens-joao-quintela-2023","status":"publish","type":"page","link":"https:\/\/momentosdenatureza.web.ua.pt\/index.php\/bio-imagens-joao-quintela-2023\/","title":{"rendered":"Bio Imagens &#8211; Jo\u00e3o Quintela &#8211; 2023"},"content":{"rendered":"<p><b>Jo\u00e3o Quintela<\/b><br \/>\nNasci em Lisboa em mar\u00e7o de 1969.<br \/>\nDesde muito novo me interessei pela fotografia, com especial incid\u00eancia na Fotografia de Natureza.<br \/>\nFrequentei a escola AR. CO em 1994\/5 onde frequentei o Curso de Fotografia \u2013 apenas terminei a fase de inicia\u00e7\u00e3o.<br \/>\nDesde h\u00e1 bastante tempo que me tenho dedicado em exclusivo \u00e0 fotografia de paisagem, quer na sua vertente \u201ctradicional\u201d, ampla, quer numa vis\u00e3o mais minimalista, intimista.<\/p>\n<p><a href=\"http:\/\/www.facebook.com\/joaoquintelafotografia\" target=\"_blanc\" rel=\"noopener\">www.facebook.com\/joaoquintelafotografia <\/a><\/p>\n<p><a href=\"https:\/\/joaoquintela.wixsite.com\/fotografia\" target=\"_blanc\" rel=\"noopener\">https:\/\/joaoquintela.wixsite.com\/fotografia <\/a><\/p>\n<hr>\n<p> BIO IMAGENS <\/p>\n<hr>\n<figure>\n<a data-caption-title=\"De volta ao ch\u00e3o\" data-caption-desc=\"Reserva BioRia\nabril 2023\n\n2023\u00a9 Jo\u00e3o Quintela\nwww.joaoquintela.wixsite\/fotografia \" href=\"https:\/\/momentosdenatureza.web.ua.pt\/wp-content\/uploads\/2023\/05\/1.png\" class=\"foobox\" rel=\"Bio Imagens - Jo\u00e3o Quintela - 2023\"><br \/>\n<img decoding=\"async\" src=\"https:\/\/momentosdenatureza.web.ua.pt\/wp-content\/uploads\/2023\/05\/1.png\" alt=\"\" width=\"750\" class=\"alignnone size-full wp-image-5640\" srcset=\"https:\/\/momentosdenatureza.web.ua.pt\/wp-content\/uploads\/2023\/05\/1.png 1332w, https:\/\/momentosdenatureza.web.ua.pt\/wp-content\/uploads\/2023\/05\/1-300x208.png 300w, https:\/\/momentosdenatureza.web.ua.pt\/wp-content\/uploads\/2023\/05\/1-1024x710.png 1024w, https:\/\/momentosdenatureza.web.ua.pt\/wp-content\/uploads\/2023\/05\/1-768x533.png 768w\" sizes=\"(max-width: 1332px) 100vw, 1332px\" \/><\/a><figcaption>\n<div align=\"center\"><b>De volta ao ch\u00e3o<\/b> <br \/>Reserva BioRia <br \/>abril 2023 <\/p>\n<div><\/figcaption><\/figure>\n<figure>\n<a data-caption-title=\"Espreitei-te\" data-caption-desc=\"Quinta do Picado\nfevereiro 2022\n\n2023\u00a9 Jo\u00e3o Quintela\nwww.joaoquintela.wixsite\/fotografia\" href=\"https:\/\/momentosdenatureza.web.ua.pt\/wp-content\/uploads\/2023\/05\/2.png\" class=\"foobox\" rel=\"Bio Imagens - Jo\u00e3o Quintela - 2023\"><br \/>\n<img decoding=\"async\" src=\"https:\/\/momentosdenatureza.web.ua.pt\/wp-content\/uploads\/2023\/05\/2.png\" alt=\"\" width=\"750\" class=\"alignnone size-full wp-image-5640\" \/><\/a><figcaption>\n<div align=\"center\"><b>Espreitei-te<\/b> <br \/>Quinta do Picado <br \/>fevereiro 2022 <\/div>\n<\/figcaption><\/figure>\n<figure>\n<a data-caption-title=\"Um esp\u00e9cie de Bosque #2\" data-caption-desc=\"Pateira de Requeixo\nAbril 2022\n\n2023\u00a9 Jo\u00e3o Quintela\nwww.joaoquintela.wixsite\/fotografia\" href=\"https:\/\/momentosdenatureza.web.ua.pt\/wp-content\/uploads\/2023\/05\/3.png\" class=\"foobox\" rel=\"Bio Imagens - Jo\u00e3o Quintela - 2023\"><br \/>\n<img decoding=\"async\" src=\"https:\/\/momentosdenatureza.web.ua.pt\/wp-content\/uploads\/2023\/05\/3.png\" alt=\"\" width=\"750\" class=\"alignnone size-full wp-image-5640\" \/><\/a><figcaption>\n<div align=\"center\"><b>Um esp\u00e9cie de Bosque #2<\/b> <br \/>Pateira de Requeixo <br \/>Abril 2022 <\/div>\n<\/figcaption><\/figure>\n<figure>\n<a data-caption-title=\"At\u00e9 \u00e0 luz\" data-caption-desc=\"Quinta do Picado\nabril 2022\n\n2023\u00a9 Jo\u00e3o Quintela\nwww.joaoquintela.wixsite\/fotografia\" href=\"https:\/\/momentosdenatureza.web.ua.pt\/wp-content\/uploads\/2023\/05\/4.png\" class=\"foobox\" rel=\"Bio Imagens - Jo\u00e3o Quintela - 2023\"><br \/>\n<img decoding=\"async\" src=\"https:\/\/momentosdenatureza.web.ua.pt\/wp-content\/uploads\/2023\/05\/4.png\" alt=\"\" width=\"750\" class=\"alignnone size-full wp-image-5640\" \/><\/a><figcaption>\n<div align=\"center\"> <b>At\u00e9 \u00e0 luz<\/b> <br \/>Quinta do Picado <br \/>Abril 2022 <\/div>\n<\/figcaption><\/figure>\n<figure>\n<a data-caption-title=\"Salgueiro\" data-caption-desc=\"Ribeira da Palha\nmaio 2022\n\n2023\u00a9 Jo\u00e3o Quintela\nwww.joaoquintela.wixsite\/fotografia\" href=\"https:\/\/momentosdenatureza.web.ua.pt\/wp-content\/uploads\/2023\/05\/5.png\" class=\"foobox\" rel=\"Bio Imagens - Jo\u00e3o Quintela - 2023\"><br \/>\n<img decoding=\"async\" src=\"https:\/\/momentosdenatureza.web.ua.pt\/wp-content\/uploads\/2023\/05\/5.png\" alt=\"\" width=\"750\" class=\"alignnone size-full wp-image-5640\" \/><\/a><figcaption>\n<div align=\"center\"><b>Salgueiro<\/b> <br \/>Ribeira da Palha <br \/>maio 2022 <\/div>\n<\/figcaption><\/figure>\n<figure>\n<a data-caption-title=\"Mata do Bussaco\" data-caption-desc=\"Mata do Bussaco\nmaio 2022\n\n2023\u00a9 Jo\u00e3o Quintela\nwww.joaoquintela.wixsite\/fotografia\" href=\"https:\/\/momentosdenatureza.web.ua.pt\/wp-content\/uploads\/2023\/05\/6.png\" class=\"foobox\" rel=\"Bio Imagens - Jo\u00e3o Quintela - 2023\"><br \/>\n<img decoding=\"async\" src=\"https:\/\/momentosdenatureza.web.ua.pt\/wp-content\/uploads\/2023\/05\/6.png\" alt=\"\" width=\"750\" class=\"alignnone size-full wp-image-5640\" \/><\/a><figcaption>\n<div align=\"center\"> <b>Mata do Bussaco<\/b> <br \/>Mata do Bussaco <br \/>maio 2022 <\/div>\n<\/figcaption><\/figure>\n<figure>\n<a data-caption-title=\"O Encontro\" data-caption-desc=\"Praia de S. Sebasti\u00e3o, Ericeira\nsetembro 2022\n\n2023\u00a9 Jo\u00e3o Quintela\nwww.joaoquintela.wixsite\/fotografia\" href=\"https:\/\/momentosdenatureza.web.ua.pt\/wp-content\/uploads\/2023\/05\/7.png\" class=\"foobox\" rel=\"Bio Imagens - Jo\u00e3o Quintela - 2023\"><br \/>\n<img decoding=\"async\" src=\"https:\/\/momentosdenatureza.web.ua.pt\/wp-content\/uploads\/2023\/05\/7.png\" alt=\"\" width=\"750\" class=\"alignnone size-full wp-image-5640\" \/><\/a><figcaption>\n<div align=\"center\"><b>O Encontro<\/b> <br \/>Praia de S. Sebasti\u00e3o, Ericeira <br \/>setembro 2022 <\/div>\n<\/figcaption><\/figure>\n<figure>\n<a data-caption-title=\"Reflex\u00f5es sobre o reflexo\" data-caption-desc=\"Ribeira da palha\noutubro 2022\n\n2023\u00a9 Jo\u00e3o Quintela\nwww.joaoquintela.wixsite\/fotografia\" href=\"https:\/\/momentosdenatureza.web.ua.pt\/wp-content\/uploads\/2023\/05\/8.png\" class=\"foobox\" rel=\"Bio Imagens - Jo\u00e3o Quintela - 2023\"><br \/>\n<img decoding=\"async\" src=\"https:\/\/momentosdenatureza.web.ua.pt\/wp-content\/uploads\/2023\/05\/8.png\" alt=\"\" width=\"750\" class=\"alignnone size-full wp-image-5640\" \/><\/a><figcaption>\n<div align=\"center\"><b>Reflex\u00f5es sobre o reflexo<\/b> <br \/>Ribeira da palha <br \/>outubro 2022 <\/div>\n<\/figcaption><\/figure>\n<figure>\n<a data-caption-title=\"Linha da Sorte, Amor ou Fortuna\" data-caption-desc=\"Ria de Aveiro\noutubro 2022\n\n2023\u00a9 Jo\u00e3o Quintela\nwww.joaoquintela.wixsite\/fotografia\" href=\"https:\/\/momentosdenatureza.web.ua.pt\/wp-content\/uploads\/2023\/05\/9.png\" class=\"foobox\" rel=\"Bio Imagens - Jo\u00e3o Quintela - 2023\"><br \/>\n<img decoding=\"async\" src=\"https:\/\/momentosdenatureza.web.ua.pt\/wp-content\/uploads\/2023\/05\/9.png\" alt=\"\" width=\"750\" class=\"alignnone size-full wp-image-5640\" \/><\/a><figcaption>\n<div align=\"center\"><b>Linha da Sorte, Amor ou Fortuna<\/b> <br \/>Ria de Aveiro <br \/>outubro 2022 <\/div>\n<\/figcaption><\/figure>\n<figure>\n<a data-caption-title=\"Nascer do dia com n\u00e9voa na Pateira de Frossos\" data-caption-desc=\"Pateira de Frossos\nOutubro  2022\n\n2023\u00a9 Jo\u00e3o Quintela\nwww.joaoquintela.wixsite\/fotografia\" href=\"https:\/\/momentosdenatureza.web.ua.pt\/wp-content\/uploads\/2023\/05\/10.png\" class=\"foobox\" rel=\"Bio Imagens - Jo\u00e3o Quintela - 2023\"><br \/>\n<img decoding=\"async\" src=\"https:\/\/momentosdenatureza.web.ua.pt\/wp-content\/uploads\/2023\/05\/10.png\" alt=\"\" width=\"750\" class=\"alignnone size-full wp-image-5640\" \/><\/a><figcaption>\n<div align=\"center\"><b>Nascer do dia com n\u00e9voa na Pateira de Frossos<\/b> <br \/>Pateira de Frossos <br \/>outubro 2022 <\/div>\n<\/figcaption><\/figure>\n<figure>\n<a data-caption-title=\"O v\u00e9u\" data-caption-desc=\"Cabreia, Silva Escura\nfevereiro 2023\n\n2023\u00a9 Jo\u00e3o Quintela\nwww.joaoquintela.wixsite\/fotografia\" href=\"https:\/\/momentosdenatureza.web.ua.pt\/wp-content\/uploads\/2023\/05\/11.png\" class=\"foobox\" rel=\"Bio Imagens - Jo\u00e3o Quintela - 2023\"><br \/>\n<img decoding=\"async\" src=\"https:\/\/momentosdenatureza.web.ua.pt\/wp-content\/uploads\/2023\/05\/11.png\" alt=\"\" width=\"750\" class=\"alignnone size-full wp-image-5640\" \/><\/a><figcaption>\n<div align=\"center\"><b>O v\u00e9u<\/b> <br \/>Cabreia, Silva Escura <br \/>fevereiro 2023 <\/p>\n<div><\/figcaption><\/figure>\n<figure>\n<a data-caption-title=\"Concha em mar revolto\" data-caption-desc=\"Praia do Are\u00e3o\nfevereiro 2023\n\n2023\u00a9 Jo\u00e3o Quintela\nwww.joaoquintela.wixsite\/fotografia\" href=\"https:\/\/momentosdenatureza.web.ua.pt\/wp-content\/uploads\/2023\/05\/12.png\" class=\"foobox\" rel=\"Bio Imagens - Jo\u00e3o Quintela - 2023\"><br \/>\n<img decoding=\"async\" src=\"https:\/\/momentosdenatureza.web.ua.pt\/wp-content\/uploads\/2023\/05\/12.png\" alt=\"\" width=\"750\" class=\"alignnone size-full wp-image-5640\" \/><\/a><figcaption>\n<div align=\"center\"> <b>Concha em mar revolto<\/b> <br \/>Praia do Are\u00e3o <br \/>fevereiro 2023<\/div>\n<\/figcaption><\/figure>\n<figure>\n<a data-caption-title=\"O suporte\" data-caption-desc=\"Pateira de Fermentelos\nmar\u00e7o 2023\n\n2023\u00a9 Jo\u00e3o Quintela\nwww.joaoquintela.wixsite\/fotografia\" href=\"https:\/\/momentosdenatureza.web.ua.pt\/wp-content\/uploads\/2023\/05\/13.png\" class=\"foobox\" rel=\"Bio Imagens - Jo\u00e3o Quintela - 2023\"><br \/>\n<img decoding=\"async\" src=\"https:\/\/momentosdenatureza.web.ua.pt\/wp-content\/uploads\/2023\/05\/13.png\" alt=\"\" width=\"750\" class=\"alignnone size-full wp-image-5640\" \/><\/a><figcaption>\n<div align=\"center\"><b>O suporte<\/b> <br \/>Pateira de Fermentelos <br \/>mar\u00e7o 2023 <\/div>\n<\/figcaption><\/figure>\n","protected":false},"excerpt":{"rendered":"<p>Jo\u00e3o Quintela Nasci em Lisboa em mar\u00e7o de 1969. Desde muito novo me interessei pela fotografia, com especial incid\u00eancia na Fotografia de Natureza. Frequentei a [&#8230;]<\/p>\n","protected":false},"author":3,"featured_media":0,"parent":0,"menu_order":0,"comment_status":"closed","ping_status":"closed","template":"","meta":{"footnotes":""},"class_list":["post-5624","page","type-page","status-publish","hentry"],"post_mailing_queue_ids":[],"_links":{"self":[{"href":"https:\/\/momentosdenatureza.web.ua.pt\/index.php\/wp-json\/wp\/v2\/pages\/5624","targetHints":{"allow":["GET"]}}],"collection":[{"href":"https:\/\/momentosdenatureza.web.ua.pt\/index.php\/wp-json\/wp\/v2\/pages"}],"about":[{"href":"https:\/\/momentosdenatureza.web.ua.pt\/index.php\/wp-json\/wp\/v2\/types\/page"}],"author":[{"embeddable":true,"href":"https:\/\/momentosdenatureza.web.ua.pt\/index.php\/wp-json\/wp\/v2\/users\/3"}],"replies":[{"embeddable":true,"href":"https:\/\/momentosdenatureza.web.ua.pt\/index.php\/wp-json\/wp\/v2\/comments?post=5624"}],"version-history":[{"count":20,"href":"https:\/\/momentosdenatureza.web.ua.pt\/index.php\/wp-json\/wp\/v2\/pages\/5624\/revisions"}],"predecessor-version":[{"id":5787,"href":"https:\/\/momentosdenatureza.web.ua.pt\/index.php\/wp-json\/wp\/v2\/pages\/5624\/revisions\/5787"}],"wp:attachment":[{"href":"https:\/\/momentosdenatureza.web.ua.pt\/index.php\/wp-json\/wp\/v2\/media?parent=5624"}],"curies":[{"name":"wp","href":"https:\/\/api.w.org\/{rel}","templated":true}]}}