{"id":5630,"date":"2023-05-20T11:08:07","date_gmt":"2023-05-20T11:08:07","guid":{"rendered":"https:\/\/momentosdenatureza.web.ua.pt\/?page_id=5630"},"modified":"2023-05-26T21:22:42","modified_gmt":"2023-05-26T21:22:42","slug":"bio-imagens-pedro-g-prata-2023","status":"publish","type":"page","link":"https:\/\/momentosdenatureza.web.ua.pt\/index.php\/bio-imagens-pedro-g-prata-2023\/","title":{"rendered":"Bio Imagens &#8211; Pedro G. Prata &#8211; 2023"},"content":{"rendered":"<p><strong>PEDRO G. PRATA<\/strong><br \/>\n<span><br \/>\nCresci em Seia, e desde bem jovem, v\u00e1rias paisagens serranas ficaram gravadas na minha mente. Algumas delas alegravam-me o olhar quando as avistava apenas da janela de tr\u00e1s do carro dos meus pais.<br \/>\nCom o passar dos anos, o apre\u00e7o e fasc\u00ednio pela beleza da cria\u00e7\u00e3o foi aumentando. J\u00e1 como funcion\u00e1rio da Universidade de Aveiro, a minha primeira m\u00e1quina fotogr\u00e1fica permitiu-me registar em filme o que anteriormente ficava apenas na minha mente.<br \/>\nQuer os pequenos detalhes da natureza, quer as paisagens mais arrebatadoras, ajudam-me a entender a sabedoria e o poder que est\u00e3o \u00e0 frente dos meus olhos. No fundo, eu apenas registo estes breves momentos.<br \/>\n<\/span><\/p>\n<hr>\n<p> BIO IMAGENS <\/p>\n<hr>\n<div align=\"center\">\n<figure>\n<a data-caption-title=\"Papilio machaon\"\ndata-caption-desc=\"Vimioso\"\nhref=\"https:\/\/momentosdenatureza.web.ua.pt\/wp-content\/uploads\/2023\/05\/Papilio-machaon.jpg\" class=\"foobox\" rel=\"Bio Imagens - Pedro G. Prata - 2023\"><img decoding=\"async\" src=\"https:\/\/momentosdenatureza.web.ua.pt\/wp-content\/uploads\/2023\/05\/Papilio-machaon.jpg\" alt=\"\" width=\"739\" class=\"alignnone size-full wp-image-5513\" \/><\/a><figcaption>\n<div align=\"center\"> <b>Papilio machaon<\/b> <br \/>Vimioso<\/div>\n<\/figcaption><\/figure>\n<p><\/p>\n<figure>\n<a data-caption-title=\"Madrugada de Inverno\"\ndata-caption-desc=\"Pateira do Carregal\"\nhref=\"https:\/\/momentosdenatureza.web.ua.pt\/wp-content\/uploads\/2023\/05\/Madrugada-de-Inverno.jpg\" class=\"foobox\" rel=\"Bio Imagens - Pedro G. Prata - 2023\"><img decoding=\"async\" src=\"https:\/\/momentosdenatureza.web.ua.pt\/wp-content\/uploads\/2023\/05\/Madrugada-de-Inverno.jpg\" alt=\"\" width=\"533\" class=\"alignnone size-full wp-image-5817\" srcset=\"https:\/\/momentosdenatureza.web.ua.pt\/wp-content\/uploads\/2023\/05\/Madrugada-de-Inverno.jpg 533w, https:\/\/momentosdenatureza.web.ua.pt\/wp-content\/uploads\/2023\/05\/Madrugada-de-Inverno-200x300.jpg 200w\" sizes=\"(max-width: 533px) 100vw, 533px\" \/><\/a><figcaption>\n<div align=\"center\"> <b>Madrugada de Inverno<\/b> <br \/>Pateira do Carregal<\/div>\n<\/figcaption><\/figure>\n<p><\/p>\n<figure>\n<a data-caption-title=\"Detalhes\"\ndata-caption-desc=\"Fragoso\"\nhref=\"https:\/\/momentosdenatureza.web.ua.pt\/wp-content\/uploads\/2023\/05\/detalhes.jpg\" class=\"foobox\" rel=\"Bio Imagens - Pedro G. Prata - 2023\"><img decoding=\"async\" src=\"https:\/\/momentosdenatureza.web.ua.pt\/wp-content\/uploads\/2023\/05\/detalhes.jpg\" alt=\"\" width=\"533\" class=\"alignnone size-full wp-image-5817\" \/><\/a><figcaption>\n<div align=\"center\"> <b>Detalhes<\/b> <br \/>Fragoso<\/div>\n<\/figcaption><\/figure>\n<p><\/p>\n<figure>\n<a data-caption-title=\"Bokeh\"\ndata-caption-desc=\"Fragoso\"\nhref=\"https:\/\/momentosdenatureza.web.ua.pt\/wp-content\/uploads\/2023\/05\/Bokeh.jpg\" class=\"foobox\" rel=\"Bio Imagens - Pedro G. Prata - 2023\"><img decoding=\"async\" src=\"https:\/\/momentosdenatureza.web.ua.pt\/wp-content\/uploads\/2023\/05\/Bokeh.jpg\" alt=\"\" width=\"533\" class=\"alignnone size-full wp-image-5817\" \/><\/a><figcaption>\n<div align=\"center\"> <b>Bokeh<\/b> <br \/>Fragoso<\/div>\n<\/figcaption><\/figure>\n<p><\/p>\n<figure>\n<a data-caption-title=\"Invasora silenciosa\"\ndata-caption-desc=\"Universidade de Aveiro\"\nhref=\"https:\/\/momentosdenatureza.web.ua.pt\/wp-content\/uploads\/2023\/05\/Invasora-silenciosa.jpg\" class=\"foobox\" rel=\"Bio Imagens - Pedro G. Prata - 2023\"><img decoding=\"async\" src=\"https:\/\/momentosdenatureza.web.ua.pt\/wp-content\/uploads\/2023\/05\/Invasora-silenciosa.jpg\" alt=\"\" width=\"533\" class=\"alignnone size-full wp-image-5817\" \/><\/a><figcaption>\n<div align=\"center\"> <b>Invasora silenciosa<\/b> <br \/>Universidade de Aveiro<\/div>\n<\/figcaption><\/figure>\n<p><\/p>\n<figure>\n<a data-caption-title=\"De frente para a queda\"\ndata-caption-desc=\"Sanfins\"\nhref=\"https:\/\/momentosdenatureza.web.ua.pt\/wp-content\/uploads\/2023\/05\/De-frente-para-a-queda.jpg\" class=\"foobox\" rel=\"Bio Imagens - Pedro G. Prata - 2023\"><img decoding=\"async\" src=\"https:\/\/momentosdenatureza.web.ua.pt\/wp-content\/uploads\/2023\/05\/De-frente-para-a-queda.jpg\" alt=\"\" width=\"533\" class=\"alignnone size-full wp-image-5817\" \/><\/a><figcaption>\n<div align=\"center\"> <b>De frente para a queda<\/b> <br \/>Sanfins<\/div>\n<\/figcaption><\/figure>\n<p><\/p>\n<figure>\n<a data-caption-title=\"Um recanto da Arga\"\ndata-caption-desc=\"Serra de Arga\"\nhref=\"https:\/\/momentosdenatureza.web.ua.pt\/wp-content\/uploads\/2023\/05\/Um-recanto-da-Arga.jpg\" class=\"foobox\" rel=\"Bio Imagens - Pedro G. Prata - 2023\"><img decoding=\"async\" src=\"https:\/\/momentosdenatureza.web.ua.pt\/wp-content\/uploads\/2023\/05\/Um-recanto-da-Arga.jpg\" alt=\"\" width=\"533\" class=\"alignnone size-full wp-image-5817\" \/><\/a><figcaption>\n<div align=\"center\"> <b>Um recanto da Arga<\/b> <br \/>Serra de Arga<\/div>\n<\/figcaption><\/figure>\n<p><\/p>\n<figure>\n<a data-caption-title=\"T\u00edmido visitante\"\ndata-caption-desc=\"Marinhas de Aveiro\"\nhref=\"https:\/\/momentosdenatureza.web.ua.pt\/wp-content\/uploads\/2023\/05\/Timido-visitante.jpg\" class=\"foobox\" rel=\"Bio Imagens - Pedro G. Prata - 2023\"><img decoding=\"async\" src=\"https:\/\/momentosdenatureza.web.ua.pt\/wp-content\/uploads\/2023\/05\/Timido-visitante.jpg\" alt=\"\" width=\"533\" class=\"alignnone size-full wp-image-5817\" \/><\/a><figcaption>\n<div align=\"center\"> <b>T\u00edmido visitante<\/b> <br \/>Marinhas de Aveiro<\/div>\n<\/figcaption><\/figure>\n<p><\/p>\n<figure>\n<a data-caption-title=\"Contrastes\"\ndata-caption-desc=\"Peneda-Ger\u00eas\"\nhref=\"https:\/\/momentosdenatureza.web.ua.pt\/wp-content\/uploads\/2023\/05\/Contrastes.jpg\" class=\"foobox\" rel=\"Bio Imagens - Pedro G. Prata - 2023\"><img decoding=\"async\" src=\"https:\/\/momentosdenatureza.web.ua.pt\/wp-content\/uploads\/2023\/05\/Contrastes.jpg\" alt=\"\" width=\"533\" class=\"alignnone size-full wp-image-5817\" \/><\/a><figcaption>\n<div align=\"center\"> <b>Contrastes<\/b> <br \/>Peneda-Ger\u00eas<\/div>\n<\/figcaption><\/figure>\n<p><\/p>\n<\/div>\n","protected":false},"excerpt":{"rendered":"<p>PEDRO G. PRATA Cresci em Seia, e desde bem jovem, v\u00e1rias paisagens serranas ficaram gravadas na minha mente. Algumas delas alegravam-me o olhar quando as [&#8230;]<\/p>\n","protected":false},"author":3,"featured_media":0,"parent":0,"menu_order":0,"comment_status":"closed","ping_status":"closed","template":"","meta":{"footnotes":""},"class_list":["post-5630","page","type-page","status-publish","hentry"],"post_mailing_queue_ids":[],"_links":{"self":[{"href":"https:\/\/momentosdenatureza.web.ua.pt\/index.php\/wp-json\/wp\/v2\/pages\/5630","targetHints":{"allow":["GET"]}}],"collection":[{"href":"https:\/\/momentosdenatureza.web.ua.pt\/index.php\/wp-json\/wp\/v2\/pages"}],"about":[{"href":"https:\/\/momentosdenatureza.web.ua.pt\/index.php\/wp-json\/wp\/v2\/types\/page"}],"author":[{"embeddable":true,"href":"https:\/\/momentosdenatureza.web.ua.pt\/index.php\/wp-json\/wp\/v2\/users\/3"}],"replies":[{"embeddable":true,"href":"https:\/\/momentosdenatureza.web.ua.pt\/index.php\/wp-json\/wp\/v2\/comments?post=5630"}],"version-history":[{"count":13,"href":"https:\/\/momentosdenatureza.web.ua.pt\/index.php\/wp-json\/wp\/v2\/pages\/5630\/revisions"}],"predecessor-version":[{"id":5832,"href":"https:\/\/momentosdenatureza.web.ua.pt\/index.php\/wp-json\/wp\/v2\/pages\/5630\/revisions\/5832"}],"wp:attachment":[{"href":"https:\/\/momentosdenatureza.web.ua.pt\/index.php\/wp-json\/wp\/v2\/media?parent=5630"}],"curies":[{"name":"wp","href":"https:\/\/api.w.org\/{rel}","templated":true}]}}