{"id":594,"date":"2018-03-12T18:37:05","date_gmt":"2018-03-12T18:37:05","guid":{"rendered":"http:\/\/momentosdenatureza.web.ua.pt\/?page_id=594"},"modified":"2018-03-13T08:40:12","modified_gmt":"2018-03-13T08:40:12","slug":"tovieira-a-poesia-da-cor","status":"publish","type":"page","link":"https:\/\/momentosdenatureza.web.ua.pt\/index.php\/tovieira-a-poesia-da-cor\/","title":{"rendered":"T\u00f3Vieira"},"content":{"rendered":"<p><span style=\"margin: 0px; line-height: 107%; font-size: 12pt; font-family: 'Gill Sans', 'Gill Sans MT', Calibri, 'Trebuchet MS', sans-serif; font-weight: 500;;text-transform:uppercase\">A minha fotografia \u00e9 muito abrangente, mas tem como tema principal a natureza. As minhas fotografias representam o meu olhar pelas paisagens que visito, os pequenos animais e plantas no seu ambiente natural,\u00a0 assim como momentos e pormenores \u00fanicos.<\/span><br \/>\n<span style=\"margin: 0px; line-height: 107%; font-size: 12pt; font-family: 'Gill Sans', 'Gill Sans MT', Calibri, 'Trebuchet MS', sans-serif; font-weight: 500;;text-transform:uppercase\">Conto com cerca de uma dezena de distin\u00e7\u00f5es em alguns concursos de fotografia de natureza, mas continuo o meu percurso de aprendizagem e descoberta de novas t\u00e9cnicas.<\/span><br \/>\n<a href=\"http:\/\/www.tovieira.com\" target=\"_blank\" rel=\"noopener\">http:\/\/www.tovieira.com<\/a><br \/>\n<em>Tema da exposi\u00e7\u00e3o<\/em>: <strong>A poesia da cor<\/strong><br \/>\n<span style=\"margin: 0px; line-height: 107%; font-size: 12pt;\">Na observa\u00e7\u00e3o da fotografia existe um estado emocional que define a aprecia\u00e7\u00e3o da mesma!<br \/>\nEste conjunto de fotografias retratam momentos de natureza, onde se enquadra o tema principal, com a alegria das cores, criando espa\u00e7os vibrantes e harm\u00f3nicos de autentica poesia.<br \/>\n<\/span><\/p>\n<hr\/>\n\r\n    <style>\r\n        #weblizar_570 .wrgf-header-label {\r\n            color: #FFFFFF !important;\r\n        }\r\n\r\n        #weblizar_570 .wrgf-footer-label {\r\n            color: #000000 !important;\r\n            font-size: 16px;\r\n            margin-bottom: 5px;\r\n            margin-top: 5px;\r\n            text-align: center;\r\n            font-weight: normal;\r\n        }\r\n\r\n        #weblizar_570 .b-link-stroke .b-top-line {\r\n            background: rgba(10, 194, 210, 0.5);\r\n        }\r\n\r\n        #weblizar_570 .b-link-stroke .b-bottom-line {\r\n            background: rgba(10, 194, 210, 0.5);\r\n        }\r\n\r\n        #weblizar_570 .b-wrapper {\r\n            font-family: Arial;\r\n        \/ \/ real name pass here\r\n        }\r\n\r\n        #weblizar_570 .wrgf-header-label {\r\n            font-family: Arial !important;\r\n        \/ \/ real name pass here\r\n        }\r\n\r\n        #weblizar_570 .wrgf-footer-label {\r\n            font-family: Arial !important;\r\n        \/ \/ real name pass here\r\n        }\r\n\r\n        @media (min-width: 992px) {\r\n            .col-md-6 {\r\n                width: 48% !important;\r\n                padding-right: 5px;\r\n                padding-left: 5px;\r\n                float: left;\r\n            }\r\n\r\n            .col-md-4 {\r\n                width: 33.30% !important;\r\n                padding-right: 10px;\r\n                padding-left: 10px;\r\n            }\r\n\r\n            .col-md-3 {\r\n                width: 24.90% !important;\r\n                padding-right: 10px;\r\n                padding-left: 10px;\r\n            }\r\n        }\r\n\r\n                @media (max-width: 992px) {\r\n            #weblizar_570 .wrgf-header-label {\r\n                display: none;\r\n            }\r\n        }\r\n\r\n        @media (min-width: 993px) {\r\n            #weblizar_570 .wrgf-footer-label {\r\n                display: none;\r\n            }\r\n        }\r\n\r\n                #weblizar_570 a {\r\n            border-bottom: none;\r\n            overflow: hidden;\r\n            float: left;\r\n            margin-right: 0px;\r\n            padding-left: 0px;\r\n        }        \r\n\r\n            <\/style>\r\n\r\n\t    <div class=\"gal-container\">\r\n\t\t            <!--get the post id-->\r\n\t\t\t\r\n\t\t\t                <!-- gallery title -->\r\n                <div style=\"font-weight: bolder; padding-bottom:10px; border-bottom:2px solid #cccccc; margin-bottom:20px; font-size:24px; font-family: Arial\">\r\n\t\t\t\t\t2017 &#8211; a poesia da cor                <\/div>\r\n\t\t\t\r\n            <div class=\"gallery1\" id=\"weblizar_570\">\r\n\t\t\t\t                    <div class=\"col-md-6 col-sm-6 wl-gallery\">\r\n                        <div class=\"b-link-stroke b-animate-go\">\r\n\r\n\t\t\t\t\t\t\t                            <a alt=\"poupa a meus olhos e poupa os floreados\" class=\"swipebox\" href=\"http:\/\/momentosdenatureza.web.ua.pt\/wp-content\/uploads\/2018\/03\/DSC3369-Editar.jpg\"\r\n                               title=\"poupa a meus olhos e poupa os floreados\">\r\n                                <img decoding=\"async\" src=\"http:\/\/momentosdenatureza.web.ua.pt\/wp-content\/uploads\/2018\/03\/DSC3369-Editar-500x500.jpg\" class=\"gall-img-responsive\"\r\n                                     alt=\"poupa a meus olhos e poupa os floreados\">\r\n                                <div class=\"b-wrapper\">\r\n\t\t\t\t\t\t\t\t\t\t\t\t\t\t\t\t\t\t\t                                            <h2 class=\"b-from-left b-animate b-delay03 wrgf-header-label\">poupa a meus olhos e poupa os floreados <\/h2>\r\n\t\t\t\t\t\t\t\t\t\t\t\t\t\t\t\t\t\t\t                                <\/div>\r\n                            <\/a>\r\n\t\t\t\t\t\t\t                        <\/div>\r\n\t\t\t\t\t\t                            <h4 class=\"wrgf-footer-label\">poupa a meus olhos e poupa os floreados<\/h4>\r\n\t\t\t\t\t\t                    <\/div>\r\n\t\t\t\t\t                    <div class=\"col-md-6 col-sm-6 wl-gallery\">\r\n                        <div class=\"b-link-stroke b-animate-go\">\r\n\r\n\t\t\t\t\t\t\t                            <a alt=\"verde, azul ou transparente\" class=\"swipebox\" href=\"http:\/\/momentosdenatureza.web.ua.pt\/wp-content\/uploads\/2018\/03\/DSC1847.jpg\"\r\n                               title=\"verde, azul ou transparente\">\r\n                                <img decoding=\"async\" src=\"http:\/\/momentosdenatureza.web.ua.pt\/wp-content\/uploads\/2018\/03\/DSC1847-500x500.jpg\" class=\"gall-img-responsive\"\r\n                                     alt=\"verde, azul ou transparente\">\r\n                                <div class=\"b-wrapper\">\r\n\t\t\t\t\t\t\t\t\t\t\t\t\t\t\t\t\t\t\t                                            <h2 class=\"b-from-left b-animate b-delay03 wrgf-header-label\">verde, azul ou transparente <\/h2>\r\n\t\t\t\t\t\t\t\t\t\t\t\t\t\t\t\t\t\t\t                                <\/div>\r\n                            <\/a>\r\n\t\t\t\t\t\t\t                        <\/div>\r\n\t\t\t\t\t\t                            <h4 class=\"wrgf-footer-label\">verde, azul ou transparente<\/h4>\r\n\t\t\t\t\t\t                    <\/div>\r\n\t\t\t\t\t                    <div class=\"col-md-6 col-sm-6 wl-gallery\">\r\n                        <div class=\"b-link-stroke b-animate-go\">\r\n\r\n\t\t\t\t\t\t\t                            <a alt=\"sonhos de todos os tamanhos\" class=\"swipebox\" href=\"http:\/\/momentosdenatureza.web.ua.pt\/wp-content\/uploads\/2018\/03\/DSC2974.jpg\"\r\n                               title=\"sonhos de todos os tamanhos\">\r\n                                <img decoding=\"async\" src=\"http:\/\/momentosdenatureza.web.ua.pt\/wp-content\/uploads\/2018\/03\/DSC2974-500x500.jpg\" class=\"gall-img-responsive\"\r\n                                     alt=\"sonhos de todos os tamanhos\">\r\n                                <div class=\"b-wrapper\">\r\n\t\t\t\t\t\t\t\t\t\t\t\t\t\t\t\t\t\t\t                                            <h2 class=\"b-from-left b-animate b-delay03 wrgf-header-label\">sonhos de todos os tamanhos <\/h2>\r\n\t\t\t\t\t\t\t\t\t\t\t\t\t\t\t\t\t\t\t                                <\/div>\r\n                            <\/a>\r\n\t\t\t\t\t\t\t                        <\/div>\r\n\t\t\t\t\t\t                            <h4 class=\"wrgf-footer-label\">sonhos de todos os tamanhos<\/h4>\r\n\t\t\t\t\t\t                    <\/div>\r\n\t\t\t\t\t                    <div class=\"col-md-6 col-sm-6 wl-gallery\">\r\n                        <div class=\"b-link-stroke b-animate-go\">\r\n\r\n\t\t\t\t\t\t\t                            <a alt=\"o encanto da natureza\" class=\"swipebox\" href=\"http:\/\/momentosdenatureza.web.ua.pt\/wp-content\/uploads\/2018\/03\/DSC3932.jpg\"\r\n                               title=\"o encanto da natureza\">\r\n                                <img decoding=\"async\" src=\"http:\/\/momentosdenatureza.web.ua.pt\/wp-content\/uploads\/2018\/03\/DSC3932-500x500.jpg\" class=\"gall-img-responsive\"\r\n                                     alt=\"o encanto da natureza\">\r\n                                <div class=\"b-wrapper\">\r\n\t\t\t\t\t\t\t\t\t\t\t\t\t\t\t\t\t\t\t                                            <h2 class=\"b-from-left b-animate b-delay03 wrgf-header-label\">o encanto da natureza <\/h2>\r\n\t\t\t\t\t\t\t\t\t\t\t\t\t\t\t\t\t\t\t                                <\/div>\r\n                            <\/a>\r\n\t\t\t\t\t\t\t                        <\/div>\r\n\t\t\t\t\t\t                            <h4 class=\"wrgf-footer-label\">o encanto da natureza<\/h4>\r\n\t\t\t\t\t\t                    <\/div>\r\n\t\t\t\t\t                    <div class=\"col-md-6 col-sm-6 wl-gallery\">\r\n                        <div class=\"b-link-stroke b-animate-go\">\r\n\r\n\t\t\t\t\t\t\t                            <a alt=\"as cores da natureza seduzem os olhos\" class=\"swipebox\" href=\"http:\/\/momentosdenatureza.web.ua.pt\/wp-content\/uploads\/2018\/03\/DSC3471.jpg\"\r\n                               title=\"as cores da natureza seduzem os olhos\">\r\n                                <img decoding=\"async\" src=\"http:\/\/momentosdenatureza.web.ua.pt\/wp-content\/uploads\/2018\/03\/DSC3471-500x500.jpg\" class=\"gall-img-responsive\"\r\n                                     alt=\"as cores da natureza seduzem os olhos\">\r\n                                <div class=\"b-wrapper\">\r\n\t\t\t\t\t\t\t\t\t\t\t\t\t\t\t\t\t\t\t                                            <h2 class=\"b-from-left b-animate b-delay03 wrgf-header-label\">as cores da natureza seduzem os olhos <\/h2>\r\n\t\t\t\t\t\t\t\t\t\t\t\t\t\t\t\t\t\t\t                                <\/div>\r\n                            <\/a>\r\n\t\t\t\t\t\t\t                        <\/div>\r\n\t\t\t\t\t\t                            <h4 class=\"wrgf-footer-label\">as cores da natureza seduzem os olhos<\/h4>\r\n\t\t\t\t\t\t                    <\/div>\r\n\t\t\t\t\t                    <div class=\"col-md-6 col-sm-6 wl-gallery\">\r\n                        <div class=\"b-link-stroke b-animate-go\">\r\n\r\n\t\t\t\t\t\t\t                            <a alt=\"ondas de azul molhado escorrem cor pelas pedras\" class=\"swipebox\" href=\"http:\/\/momentosdenatureza.web.ua.pt\/wp-content\/uploads\/2018\/03\/DSC0606.jpg\"\r\n                               title=\"ondas de azul molhado escorrem cor pelas pedras\">\r\n                                <img decoding=\"async\" src=\"http:\/\/momentosdenatureza.web.ua.pt\/wp-content\/uploads\/2018\/03\/DSC0606-500x500.jpg\" class=\"gall-img-responsive\"\r\n                                     alt=\"ondas de azul molhado escorrem cor pelas pedras\">\r\n                                <div class=\"b-wrapper\">\r\n\t\t\t\t\t\t\t\t\t\t\t\t\t\t\t\t\t\t\t                                            <h2 class=\"b-from-left b-animate b-delay03 wrgf-header-label\">ondas de azul molhado escorrem cor pelas pedras <\/h2>\r\n\t\t\t\t\t\t\t\t\t\t\t\t\t\t\t\t\t\t\t                                <\/div>\r\n                            <\/a>\r\n\t\t\t\t\t\t\t                        <\/div>\r\n\t\t\t\t\t\t                            <h4 class=\"wrgf-footer-label\">ondas de azul molhado escorrem cor pelas pedras<\/h4>\r\n\t\t\t\t\t\t                    <\/div>\r\n\t\t\t\t\t                    <div class=\"col-md-6 col-sm-6 wl-gallery\">\r\n                        <div class=\"b-link-stroke b-animate-go\">\r\n\r\n\t\t\t\t\t\t\t                            <a alt=\"cores de meia-cor pairam na natureza e envolvem a borboleta\" class=\"swipebox\" href=\"http:\/\/momentosdenatureza.web.ua.pt\/wp-content\/uploads\/2018\/03\/DSC9000.jpg\"\r\n                               title=\"cores de meia-cor pairam na natureza e envolvem a borboleta\">\r\n                                <img decoding=\"async\" src=\"http:\/\/momentosdenatureza.web.ua.pt\/wp-content\/uploads\/2018\/03\/DSC9000-500x500.jpg\" class=\"gall-img-responsive\"\r\n                                     alt=\"cores de meia-cor pairam na natureza e envolvem a borboleta\">\r\n                                <div class=\"b-wrapper\">\r\n\t\t\t\t\t\t\t\t\t\t\t\t\t\t\t\t\t\t\t                                            <h2 class=\"b-from-left b-animate b-delay03 wrgf-header-label\">cores de meia-cor pairam na natureza e envolvem a borboleta <\/h2>\r\n\t\t\t\t\t\t\t\t\t\t\t\t\t\t\t\t\t\t\t                                <\/div>\r\n                            <\/a>\r\n\t\t\t\t\t\t\t                        <\/div>\r\n\t\t\t\t\t\t                            <h4 class=\"wrgf-footer-label\">cores de meia-cor pairam na natureza e envolvem a borboleta<\/h4>\r\n\t\t\t\t\t\t                    <\/div>\r\n\t\t\t\t\t            <\/div>\r\n\t\t    <\/div>\r\n\r\n    <!-- swipe box-->\r\n    <script type=\"text\/javascript\">\r\n      (function (jQuery) {\r\n\t\t\tjQuery(window).imagesLoaded(function () {\r\n\t\t\tjQuery( window ).load(function() {\r\n   \t\t\tjQuery('.gallery1').masonry({\r\n                itemSelector: '.wl-gallery',\r\n                isAnimated: true,\r\n                isFitWidth: true\r\n            });\r\n\t\t}); });\r\n\t\t\t\/\/ jQuery('.gallery1').imagesLoaded(function () {\r\n   \/\/          jQuery('.gallery1').masonry({\r\n   \/\/              itemSelector: '.wl-gallery',\r\n   \/\/              isAnimated: true,\r\n   \/\/              isFitWidth: true\r\n   \/\/          });\r\n   \/\/      });\r\n        \tjQuery('.swipebox').imagesLoaded(function () {\r\n            jQuery('.swipebox').swipebox({\r\n                hideBarsDelay: 0,\r\n                hideCloseButtonOnMobile: false,\r\n            });\r\n             });\r\n\/\/         \t     jQuery('.gallery1').imagesLoaded(function () {\r\n\/\/             jQuery('.gallery1').masonry({\r\n\/\/                 itemSelector: '.wl-gallery',\r\n\/\/                 isAnimated: true,\r\n\/\/                 isFitWidth: true\r\n\/\/             });\r\n\/\/         });\r\n        })(jQuery);\r\n\r\n        \/\/ jQuery('.gallery1').imagesLoaded(function () {\r\n        \/\/     jQuery('.gallery1').masonry({\r\n        \/\/         itemSelector: '.wl-gallery',\r\n        \/\/         isAnimated: true,\r\n        \/\/         isFitWidth: true\r\n        \/\/     });\r\n        \/\/ });\r\n    <\/script> \r\n   <!--  <script type=\"text\/javascript\">\r\n        ;(function (jQuery) {\r\n            jQuery('.swipebox').swipebox({\r\n                hideBarsDelay: 0,\r\n                hideCloseButtonOnMobile: false,\r\n            });\r\n        })(jQuery);\r\n\r\n        jQuery('.gallery1').imagesLoaded(function () {\r\n            jQuery('.gallery1').masonry({\r\n                itemSelector: '.wl-gallery',\r\n                isAnimated: true,\r\n                isFitWidth: true\r\n            });\r\n        });\r\n    <\/script> -->\r\n\r\n\t\n","protected":false},"excerpt":{"rendered":"<p>A minha fotografia \u00e9 muito abrangente, mas tem como tema principal a natureza. As minhas fotografias representam o meu olhar pelas paisagens que visito, os [&#8230;]<\/p>\n","protected":false},"author":3,"featured_media":0,"parent":0,"menu_order":0,"comment_status":"closed","ping_status":"closed","template":"","meta":{"footnotes":""},"class_list":["post-594","page","type-page","status-publish","hentry"],"post_mailing_queue_ids":[],"_links":{"self":[{"href":"https:\/\/momentosdenatureza.web.ua.pt\/index.php\/wp-json\/wp\/v2\/pages\/594","targetHints":{"allow":["GET"]}}],"collection":[{"href":"https:\/\/momentosdenatureza.web.ua.pt\/index.php\/wp-json\/wp\/v2\/pages"}],"about":[{"href":"https:\/\/momentosdenatureza.web.ua.pt\/index.php\/wp-json\/wp\/v2\/types\/page"}],"author":[{"embeddable":true,"href":"https:\/\/momentosdenatureza.web.ua.pt\/index.php\/wp-json\/wp\/v2\/users\/3"}],"replies":[{"embeddable":true,"href":"https:\/\/momentosdenatureza.web.ua.pt\/index.php\/wp-json\/wp\/v2\/comments?post=594"}],"version-history":[{"count":9,"href":"https:\/\/momentosdenatureza.web.ua.pt\/index.php\/wp-json\/wp\/v2\/pages\/594\/revisions"}],"predecessor-version":[{"id":663,"href":"https:\/\/momentosdenatureza.web.ua.pt\/index.php\/wp-json\/wp\/v2\/pages\/594\/revisions\/663"}],"wp:attachment":[{"href":"https:\/\/momentosdenatureza.web.ua.pt\/index.php\/wp-json\/wp\/v2\/media?parent=594"}],"curies":[{"name":"wp","href":"https:\/\/api.w.org\/{rel}","templated":true}]}}