{"id":6,"date":"2018-03-08T14:43:22","date_gmt":"2018-03-08T14:43:22","guid":{"rendered":"http:\/\/momentosdenatureza.web.ua.pt\/?page_id=2"},"modified":"2019-11-05T20:21:06","modified_gmt":"2019-11-05T20:21:06","slug":"projeto","status":"publish","type":"page","link":"https:\/\/momentosdenatureza.web.ua.pt\/index.php\/momentos-de-natureza\/projeto\/","title":{"rendered":"o projeto"},"content":{"rendered":"<p>O projeto\u00a0&#8220;Momentos da Natureza&#8221; \u00e9\u00a0da autoria de cinco fot\u00f3grafos amadores e funcion\u00e1rios da UA:\u00a0 Aldiro Pereira \u00a0(dBIO), T\u00f3 Vieira\u00a0 (sTIC), H\u00e9lder Bernardo\u00a0 (sTIC), Jo\u00e3o Quintela\u00a0 (SAS) e Pedro G. Prata\u00a0 (sTIC).<\/p>\n<p>Estes cinco fot\u00f3grafos com percursos diferenciados, t\u00eam em comum a mesma dedica\u00e7\u00e3o \u00e0 arte fotografia.<br \/>\nPretendem com este projeto fomentar atividades que promovam a fotografia, enquanto forma de express\u00e3o art\u00edstica.<\/p>\n<p>contacto: <a href=\"mailto:momentosdenatureza@gmail.com\" target=\"_top\">momentosdenatureza@gmail.com<\/a><\/p>\n","protected":false},"excerpt":{"rendered":"<p>O projeto\u00a0&#8220;Momentos da Natureza&#8221; \u00e9\u00a0da autoria de cinco fot\u00f3grafos amadores e funcion\u00e1rios da UA:\u00a0 Aldiro Pereira \u00a0(dBIO), T\u00f3 Vieira\u00a0 (sTIC), H\u00e9lder Bernardo\u00a0 (sTIC), Jo\u00e3o Quintela\u00a0 [&#8230;]<\/p>\n","protected":false},"author":3,"featured_media":0,"parent":261,"menu_order":1,"comment_status":"closed","ping_status":"open","template":"","meta":{"footnotes":""},"class_list":["post-6","page","type-page","status-publish","hentry"],"post_mailing_queue_ids":[],"_links":{"self":[{"href":"https:\/\/momentosdenatureza.web.ua.pt\/index.php\/wp-json\/wp\/v2\/pages\/6","targetHints":{"allow":["GET"]}}],"collection":[{"href":"https:\/\/momentosdenatureza.web.ua.pt\/index.php\/wp-json\/wp\/v2\/pages"}],"about":[{"href":"https:\/\/momentosdenatureza.web.ua.pt\/index.php\/wp-json\/wp\/v2\/types\/page"}],"author":[{"embeddable":true,"href":"https:\/\/momentosdenatureza.web.ua.pt\/index.php\/wp-json\/wp\/v2\/users\/3"}],"replies":[{"embeddable":true,"href":"https:\/\/momentosdenatureza.web.ua.pt\/index.php\/wp-json\/wp\/v2\/comments?post=6"}],"version-history":[{"count":8,"href":"https:\/\/momentosdenatureza.web.ua.pt\/index.php\/wp-json\/wp\/v2\/pages\/6\/revisions"}],"predecessor-version":[{"id":2295,"href":"https:\/\/momentosdenatureza.web.ua.pt\/index.php\/wp-json\/wp\/v2\/pages\/6\/revisions\/2295"}],"up":[{"embeddable":true,"href":"https:\/\/momentosdenatureza.web.ua.pt\/index.php\/wp-json\/wp\/v2\/pages\/261"}],"wp:attachment":[{"href":"https:\/\/momentosdenatureza.web.ua.pt\/index.php\/wp-json\/wp\/v2\/media?parent=6"}],"curies":[{"name":"wp","href":"https:\/\/api.w.org\/{rel}","templated":true}]}}