{"id":6031,"date":"2025-06-28T21:09:51","date_gmt":"2025-06-28T21:09:51","guid":{"rendered":"https:\/\/momentosdenatureza.web.ua.pt\/?page_id=6031"},"modified":"2025-07-26T23:44:10","modified_gmt":"2025-07-26T23:44:10","slug":"to-vieira-2025","status":"publish","type":"page","link":"https:\/\/momentosdenatureza.web.ua.pt\/index.php\/to-vieira-2025\/","title":{"rendered":"T\u00f3 Vieira 2025"},"content":{"rendered":"<p><em>T\u00edtulo da Exposi\u00e7\u00e3o:<\/em><br \/>\n\u201c<strong>Caminhos Silenciosos: Fragmentos de uma Natureza Interior<\/strong>\u201d<br \/>\n<em>Conceito Curatorial:<\/em><\/p>\n<p>Nesta exposi\u00e7\u00e3o convido o visitante a um percurso \u00edntimo pela paisagem, n\u00e3o apenas enquanto cen\u00e1rio natural, mas enquanto espelho da nossa interioridade.<br \/>\nAtrav\u00e9s de uma s\u00e9rie de momentos captados em diferentes esta\u00e7\u00f5es e tonalidades de luz, as imagens revelam a delicadeza do instante e a presen\u00e7a do invis\u00edvel: o som das folhas no vento, a textura da pedra molhada, a \u00e1rvore solit\u00e1ria que testemunha o passar das eras.<br \/>\nN\u00e3o se trata apenas de contemplar o mundo natural, mas de escut\u00e1-lo e talvez reencontrar, no sil\u00eancio das \u00e1rvores e na luz entre as sombras, um reflexo daquilo que somos quando o mundo abranda.<br \/>\nCada fotografia \u00e9 um fragmento de um di\u00e1rio visual onde se cruzam o ef\u00e9mero e o eterno, o vis\u00edvel e o pressentido. O visitante percorre este espa\u00e7o como quem atravessa uma floresta: com passos cautelosos, olhos atentos e cora\u00e7\u00e3o dispon\u00edvel.<\/p>\n<hr \/>\n<style type=\"text\/css\">\n#foogallery-gallery-6076.fg-masonry .fg-item { width: 250px; }\n#foogallery-gallery-6076.fg-masonry { --fg-gutter: 10px; }<\/style>\n\t\t\t<div class=\"foogallery foogallery-container foogallery-masonry foogallery-lightbox-foogallery fg-center fg-masonry fg-ready fg-dark fg-border-thin fg-shadow-small fg-loading-default fg-loaded-fade-in fg-captions-bottom fg-hover-fade fg-hover-plus fg-fixed\" id=\"foogallery-gallery-6076\" data-foogallery=\"{&quot;item&quot;:{&quot;showCaptionTitle&quot;:true,&quot;showCaptionDescription&quot;:true},&quot;lazy&quot;:true,&quot;template&quot;:{&quot;columnWidth&quot;:250,&quot;gutter&quot;:10}}\" data-foogallery-lightbox=\"{&quot;thumbs&quot;:&quot;none&quot;,&quot;info&quot;:&quot;bottom&quot;,&quot;infoVisible&quot;:true,&quot;infoOverlay&quot;:true,&quot;infoAlign&quot;:&quot;center&quot;,&quot;transition&quot;:&quot;fade&quot;,&quot;hoverButtons&quot;:false,&quot;fitMedia&quot;:false,&quot;noScrollbars&quot;:true,&quot;preserveButtonSpace&quot;:true,&quot;buttons&quot;:{&quot;fullscreen&quot;:true,&quot;info&quot;:true,&quot;thumbs&quot;:false},&quot;video&quot;:{&quot;autoPlay&quot;:true}}\" style=\"--fg-title-line-clamp: 0; --fg-description-line-clamp: 0;\" >\n\t\t<div class=\"fg-item fg-type-image fg-idle\"><figure class=\"fg-item-inner\"><a href=\"https:\/\/momentosdenatureza.web.ua.pt\/wp-content\/uploads\/2025\/06\/DSC8314-scaled.jpg\" data-caption-title=\"Floresta adormecida sob v\u00e9us de ouro.\" data-caption-desc=\"onde a luz e o caminho se entrela\u00e7am com a quietude da floresta\r\n&lt;br \/&gt;&lt;em&gt;dupla exposi\u00e7\u00e3o&lt;\/em&gt;&lt;br \/&gt;&lt;br \/&gt;\r\nPenoita - Vouzela - jan 2016&lt;br \/&gt;\r\nISO 100 - 1\/60s f\/8 105mm&lt;br \/&gt;\r\nNikon D600 - Sigma 105 mm&lt;br \/&gt;\r\nTrip\u00e9\" data-attachment-id=\"6046\" data-type=\"image\" class=\"fg-thumb\"><span class=\"fg-image-wrap\"><img decoding=\"async\" alt=\"Floresta adormecida sob v\u00e9us de ouro.\" title=\"Floresta adormecida sob v\u00e9us de ouro.\" width=\"250\" height=\"167\" class=\"skip-lazy fg-image\" data-src-fg=\"https:\/\/momentosdenatureza.web.ua.pt\/wp-content\/uploads\/cache\/2025\/06\/DSC8314-scaled\/331270312.jpg\" src=\"data:image\/svg+xml,%3Csvg%20xmlns%3D%22http%3A%2F%2Fwww.w3.org%2F2000%2Fsvg%22%20width%3D%22250%22%20height%3D%22167%22%20viewBox%3D%220%200%20250%20167%22%3E%3C%2Fsvg%3E\" loading=\"eager\"><\/span><span class=\"fg-image-overlay\"><\/span><\/a><figcaption class=\"fg-caption\"><div class=\"fg-caption-inner\"><div class=\"fg-caption-title\">Floresta adormecida sob v\u00e9us de ouro.<\/div><div class=\"fg-caption-desc\">onde a luz e o caminho se entrela\u00e7am com a quietude da floresta\r\n<br \/><em>dupla exposi\u00e7\u00e3o<\/em><br \/><br \/>\r\nPenoita - Vouzela - jan 2016<br \/>\r\nISO 100 - 1\/60s f\/8 105mm<br \/>\r\nNikon D600 - Sigma 105 mm<br \/>\r\nTrip\u00e9<\/div><\/div><\/figcaption><\/figure><div class=\"fg-loader\"><\/div><\/div><div class=\"fg-item fg-type-image fg-idle\"><figure class=\"fg-item-inner\"><a href=\"https:\/\/momentosdenatureza.web.ua.pt\/wp-content\/uploads\/2025\/06\/DSC0017-Editar-scaled.jpg\" data-caption-title=\"Ra\u00edzes na Terra, sonhos no c\u00e9u.\" data-caption-desc=\"a \u00e1rvore parece tocar o c\u00e9u com a sua eleg\u00e2ncia natural\n&lt;br \/&gt; &lt;em&gt;dupla exposi\u00e7\u00e3o&lt;\/em&gt;&lt;br \/&gt;&lt;br \/&gt;\nCarvalhal de Vermilhas - Caramulo - dez 2016&lt;br \/&gt;\nISO 200 1\/60s f\/5.0 16mm&lt;br \/&gt;\nNikon D600 - Tamron 16-26 f\/2.8&lt;br \/&gt;\nTrip\u00e9\" data-attachment-id=\"6070\" data-type=\"image\" class=\"fg-thumb\"><span class=\"fg-image-wrap\"><img decoding=\"async\" alt=\"Ra\u00edzes na Terra, sonhos no c\u00e9u.\" title=\"Ra\u00edzes na Terra, sonhos no c\u00e9u.\" width=\"250\" height=\"167\" class=\"skip-lazy fg-image\" data-src-fg=\"https:\/\/momentosdenatureza.web.ua.pt\/wp-content\/uploads\/cache\/2025\/06\/DSC0017-Editar-scaled\/2385732545.jpg\" src=\"data:image\/svg+xml,%3Csvg%20xmlns%3D%22http%3A%2F%2Fwww.w3.org%2F2000%2Fsvg%22%20width%3D%22250%22%20height%3D%22167%22%20viewBox%3D%220%200%20250%20167%22%3E%3C%2Fsvg%3E\" loading=\"eager\"><\/span><span class=\"fg-image-overlay\"><\/span><\/a><figcaption class=\"fg-caption\"><div class=\"fg-caption-inner\"><div class=\"fg-caption-title\">Ra\u00edzes na Terra, sonhos no c\u00e9u.<\/div><div class=\"fg-caption-desc\">a \u00e1rvore parece tocar o c\u00e9u com a sua eleg\u00e2ncia natural\n<br \/> <em>dupla exposi\u00e7\u00e3o<\/em><br \/><br \/>\nCarvalhal de Vermilhas - Caramulo - dez 2016<br \/>\nISO 200 1\/60s f\/5.0 16mm<br \/>\nNikon D600 - Tamron 16-26 f\/2.8<br \/>\nTrip\u00e9<\/div><\/div><\/figcaption><\/figure><div class=\"fg-loader\"><\/div><\/div><div class=\"fg-item fg-type-image fg-idle\"><figure class=\"fg-item-inner\"><a href=\"https:\/\/momentosdenatureza.web.ua.pt\/wp-content\/uploads\/2025\/06\/TVZ1920-scaled.jpg\" data-caption-title=\"Onde o tempo repousa \u00e0 sombra das folhas.\" data-caption-desc=\"\u00e1rvore envolta numa luz suave que parece conter um instante de eternidade\r\n&lt;br \/&gt;&lt;em&gt;dupla exposi\u00e7\u00e3o&lt;\/em&gt;&lt;br \/&gt;&lt;br \/&gt;\r\nRibeira de Carrazedo, Sever do Vouga - nov 2024&lt;br \/&gt;\r\nISO 100 - 1\/50s - f\/4.5 33mm&lt;br \/&gt;\r\nNikon Z - NIKKOR Z 24-70 f\/4&lt;br \/&gt;\r\nTrip\u00e9\" data-attachment-id=\"6052\" data-type=\"image\" class=\"fg-thumb\"><span class=\"fg-image-wrap\"><img decoding=\"async\" alt=\"Onde o tempo repousa \u00e0 sombra das folhas.\" title=\"Onde o tempo repousa \u00e0 sombra das folhas.\" width=\"250\" height=\"167\" class=\"skip-lazy fg-image\" data-src-fg=\"https:\/\/momentosdenatureza.web.ua.pt\/wp-content\/uploads\/cache\/2025\/06\/TVZ1920-scaled\/3504001220.jpg\" src=\"data:image\/svg+xml,%3Csvg%20xmlns%3D%22http%3A%2F%2Fwww.w3.org%2F2000%2Fsvg%22%20width%3D%22250%22%20height%3D%22167%22%20viewBox%3D%220%200%20250%20167%22%3E%3C%2Fsvg%3E\" loading=\"eager\"><\/span><span class=\"fg-image-overlay\"><\/span><\/a><figcaption class=\"fg-caption\"><div class=\"fg-caption-inner\"><div class=\"fg-caption-title\">Onde o tempo repousa \u00e0 sombra das folhas.<\/div><div class=\"fg-caption-desc\">\u00e1rvore envolta numa luz suave que parece conter um instante de eternidade\r\n<br \/><em>dupla exposi\u00e7\u00e3o<\/em><br \/><br \/>\r\nRibeira de Carrazedo, Sever do Vouga - nov 2024<br \/>\r\nISO 100 - 1\/50s - f\/4.5 33mm<br \/>\r\nNikon Z - NIKKOR Z 24-70 f\/4<br \/>\r\nTrip\u00e9<\/div><\/div><\/figcaption><\/figure><div class=\"fg-loader\"><\/div><\/div><div class=\"fg-item fg-type-image fg-idle\"><figure class=\"fg-item-inner\"><a href=\"https:\/\/momentosdenatureza.web.ua.pt\/wp-content\/uploads\/2025\/06\/600_1514-scaled.jpg\" data-caption-title=\"A natureza respira devagar entre luz e relevo.\" data-caption-desc=\"uma cena quase cinematogr\u00e1fica de quietude e contempla\u00e7\u00e3o&lt;br \/&gt;\n&lt;br \/&gt;\nPortal do Inferno, Serra da Arada, Covas do Rio, S. Pedro do Sul - out 2018&lt;br \/&gt;\nISO 100 - 1\/20s - f\/13 - 105mm&lt;br \/&gt;\nNikon D600 - SIGMA 105mm\/2.8\" data-attachment-id=\"6064\" data-type=\"image\" class=\"fg-thumb\"><span class=\"fg-image-wrap\"><img decoding=\"async\" alt=\"A natureza respira devagar entre luz e relevo.\" title=\"A natureza respira devagar entre luz e relevo.\" width=\"250\" height=\"167\" class=\"skip-lazy fg-image\" data-src-fg=\"https:\/\/momentosdenatureza.web.ua.pt\/wp-content\/uploads\/cache\/2025\/06\/600_1514-scaled\/2036324160.jpg\" src=\"data:image\/svg+xml,%3Csvg%20xmlns%3D%22http%3A%2F%2Fwww.w3.org%2F2000%2Fsvg%22%20width%3D%22250%22%20height%3D%22167%22%20viewBox%3D%220%200%20250%20167%22%3E%3C%2Fsvg%3E\" loading=\"eager\"><\/span><span class=\"fg-image-overlay\"><\/span><\/a><figcaption class=\"fg-caption\"><div class=\"fg-caption-inner\"><div class=\"fg-caption-title\">A natureza respira devagar entre luz e relevo.<\/div><div class=\"fg-caption-desc\">uma cena quase cinematogr\u00e1fica de quietude e contempla\u00e7\u00e3o<br \/>\n<br \/>\nPortal do Inferno, Serra da Arada, Covas do Rio, S. Pedro do Sul - out 2018<br \/>\nISO 100 - 1\/20s - f\/13 - 105mm<br \/>\nNikon D600 - SIGMA 105mm\/2.8<\/div><\/div><\/figcaption><\/figure><div class=\"fg-loader\"><\/div><\/div><div class=\"fg-item fg-type-image fg-idle\"><figure class=\"fg-item-inner\"><a href=\"https:\/\/momentosdenatureza.web.ua.pt\/wp-content\/uploads\/2025\/06\/TVZ0796-scaled.jpg\" data-caption-title=\"Por entre muros de musgo, o tempo caminha devagar.\" data-caption-desc=\"onde o caminho molhado serpenteia por entre muros e verdejantes sil\u00eancios&lt;br \/&gt;&lt;br \/&gt;\r\nPR1 - Meandros do C\u00f4a, Sabugal - abr 2024&lt;br \/&gt;\r\nISO 200 - 1\/40s - f\/11 - 105mm&lt;br \/&gt;\r\nNikon Z - NIKKOR Z MC 105mm f\/2.8\" data-attachment-id=\"6049\" data-type=\"image\" class=\"fg-thumb\"><span class=\"fg-image-wrap\"><img decoding=\"async\" alt=\"Por entre muros de musgo, o tempo caminha devagar.\" title=\"Por entre muros de musgo, o tempo caminha devagar.\" width=\"250\" height=\"167\" class=\"skip-lazy fg-image\" data-src-fg=\"https:\/\/momentosdenatureza.web.ua.pt\/wp-content\/uploads\/cache\/2025\/06\/TVZ0796-scaled\/1353114351.jpg\" src=\"data:image\/svg+xml,%3Csvg%20xmlns%3D%22http%3A%2F%2Fwww.w3.org%2F2000%2Fsvg%22%20width%3D%22250%22%20height%3D%22167%22%20viewBox%3D%220%200%20250%20167%22%3E%3C%2Fsvg%3E\" loading=\"eager\"><\/span><span class=\"fg-image-overlay\"><\/span><\/a><figcaption class=\"fg-caption\"><div class=\"fg-caption-inner\"><div class=\"fg-caption-title\">Por entre muros de musgo, o tempo caminha devagar.<\/div><div class=\"fg-caption-desc\">onde o caminho molhado serpenteia por entre muros e verdejantes sil\u00eancios<br \/><br \/>\r\nPR1 - Meandros do C\u00f4a, Sabugal - abr 2024<br \/>\r\nISO 200 - 1\/40s - f\/11 - 105mm<br \/>\r\nNikon Z - NIKKOR Z MC 105mm f\/2.8<\/div><\/div><\/figcaption><\/figure><div class=\"fg-loader\"><\/div><\/div><div class=\"fg-item fg-type-image fg-idle\"><figure class=\"fg-item-inner\"><a href=\"https:\/\/momentosdenatureza.web.ua.pt\/wp-content\/uploads\/2025\/06\/TVZ9060-Editar-scaled.jpg\" data-caption-title=\"Caminho solit\u00e1rio entre os \u00faltimos sussurros do outono e a promessa do inverno.\" data-caption-desc=\"a figura solit\u00e1ria que caminha entre \u00e1rvores despidas, parece quase surgir de um sonho de inverno&lt;br \/&gt;&lt;br \/&gt;\r\nLas M\u00e9dulas, Le\u00f3n, Espanha - mar 2024&lt;br \/&gt;\r\nISO 180 - 1\/250s f\/5.6 16mm&lt;br \/&gt;\r\nNikon Z7 - NIKKOR Z 16.50mm f\/3.5-6.3\" data-attachment-id=\"6061\" data-type=\"image\" class=\"fg-thumb\"><span class=\"fg-image-wrap\"><img fetchpriority=\"high\" decoding=\"async\" alt=\"Caminho solit\u00e1rio entre os \u00faltimos sussurros do outono e a promessa do inverno.\" title=\"Caminho solit\u00e1rio entre os \u00faltimos sussurros do outono e a promessa do inverno.\" width=\"250\" height=\"376\" class=\"skip-lazy fg-image\" data-src-fg=\"https:\/\/momentosdenatureza.web.ua.pt\/wp-content\/uploads\/cache\/2025\/06\/TVZ9060-Editar-scaled\/1408042277.jpg\" src=\"data:image\/svg+xml,%3Csvg%20xmlns%3D%22http%3A%2F%2Fwww.w3.org%2F2000%2Fsvg%22%20width%3D%22250%22%20height%3D%22376%22%20viewBox%3D%220%200%20250%20376%22%3E%3C%2Fsvg%3E\" loading=\"eager\"><\/span><span class=\"fg-image-overlay\"><\/span><\/a><figcaption class=\"fg-caption\"><div class=\"fg-caption-inner\"><div class=\"fg-caption-title\">Caminho solit\u00e1rio entre os \u00faltimos sussurros do outono e a promessa do inverno.<\/div><div class=\"fg-caption-desc\">a figura solit\u00e1ria que caminha entre \u00e1rvores despidas, parece quase surgir de um sonho de inverno<br \/><br \/>\r\nLas M\u00e9dulas, Le\u00f3n, Espanha - mar 2024<br \/>\r\nISO 180 - 1\/250s f\/5.6 16mm<br \/>\r\nNikon Z7 - NIKKOR Z 16.50mm f\/3.5-6.3<\/div><\/div><\/figcaption><\/figure><div class=\"fg-loader\"><\/div><\/div><div class=\"fg-item fg-type-image fg-idle\"><figure class=\"fg-item-inner\"><a href=\"https:\/\/momentosdenatureza.web.ua.pt\/wp-content\/uploads\/2025\/06\/camuflagem01-scaled.jpg\" data-caption-title=\"Olhos atentos revelam aquilo que a floresta esconde.\" data-caption-desc=\"o invis\u00edvel que est\u00e1 mesmo \u00e0 frente dos nossos olhos&lt;br \/&gt;\ncamuflagem&lt;br \/&gt;&lt;br \/&gt;\nCIGARRA&lt;br \/&gt;\nSerra da Boa Viagem - jul 2016&lt;br \/&gt;\nLIBELINHA&lt;br \/&gt;\nISO 400 1\/160s f\/16 105mm&lt;br \/&gt;\nVouzela&lt;br \/&gt;\nISO 250 - 0,8s -  f\/16 - 105mm&lt;br \/&gt;\nNikon D600 - SIGMA 106mm f\/2.8\" data-attachment-id=\"6067\" data-type=\"image\" class=\"fg-thumb\"><span class=\"fg-image-wrap\"><img decoding=\"async\" alt=\"Olhos atentos revelam aquilo que a floresta esconde.\" title=\"Olhos atentos revelam aquilo que a floresta esconde.\" width=\"250\" height=\"177\" class=\"skip-lazy fg-image\" data-src-fg=\"https:\/\/momentosdenatureza.web.ua.pt\/wp-content\/uploads\/cache\/2025\/06\/camuflagem01-scaled\/3596837807.jpg\" src=\"data:image\/svg+xml,%3Csvg%20xmlns%3D%22http%3A%2F%2Fwww.w3.org%2F2000%2Fsvg%22%20width%3D%22250%22%20height%3D%22177%22%20viewBox%3D%220%200%20250%20177%22%3E%3C%2Fsvg%3E\" loading=\"eager\"><\/span><span class=\"fg-image-overlay\"><\/span><\/a><figcaption class=\"fg-caption\"><div class=\"fg-caption-inner\"><div class=\"fg-caption-title\">Olhos atentos revelam aquilo que a floresta esconde.<\/div><div class=\"fg-caption-desc\">o invis\u00edvel que est\u00e1 mesmo \u00e0 frente dos nossos olhos<br \/>\ncamuflagem<br \/><br \/>\nCIGARRA<br \/>\nSerra da Boa Viagem - jul 2016<br \/>\nLIBELINHA<br \/>\nISO 400 1\/160s f\/16 105mm<br \/>\nVouzela<br \/>\nISO 250 - 0,8s -  f\/16 - 105mm<br \/>\nNikon D600 - SIGMA 106mm f\/2.8<\/div><\/div><\/figcaption><\/figure><div class=\"fg-loader\"><\/div><\/div><div class=\"fg-item fg-type-image fg-idle\"><figure class=\"fg-item-inner\"><a href=\"https:\/\/momentosdenatureza.web.ua.pt\/wp-content\/uploads\/2025\/06\/TVZ2575-scaled.jpg\" data-caption-title=\"Ramos despidos contam segredos ao musgo que sobe devagar.\" data-caption-desc=\"outono com um tom melanc\u00f3lico e po\u00e9tico muito subtil&lt;br \/&gt;&lt;br \/&gt;\r\nEcovia do Vez - jan 2025&lt;br \/&gt;\r\nISO 250 1\/250s - f\/4.5 - 27.5mm&lt;br \/&gt;\r\nNikon Z 7 - NIKKOR Z 15-50 f\/3.5-6.3\" data-attachment-id=\"6055\" data-type=\"image\" class=\"fg-thumb\"><span class=\"fg-image-wrap\"><img decoding=\"async\" alt=\"Ramos despidos contam segredos ao musgo que sobe devagar.\" title=\"Ramos despidos contam segredos ao musgo que sobe devagar.\" width=\"250\" height=\"166\" class=\"skip-lazy fg-image\" data-src-fg=\"https:\/\/momentosdenatureza.web.ua.pt\/wp-content\/uploads\/cache\/2025\/06\/TVZ2575-scaled\/2139086907.jpg\" src=\"data:image\/svg+xml,%3Csvg%20xmlns%3D%22http%3A%2F%2Fwww.w3.org%2F2000%2Fsvg%22%20width%3D%22250%22%20height%3D%22166%22%20viewBox%3D%220%200%20250%20166%22%3E%3C%2Fsvg%3E\" loading=\"eager\"><\/span><span class=\"fg-image-overlay\"><\/span><\/a><figcaption class=\"fg-caption\"><div class=\"fg-caption-inner\"><div class=\"fg-caption-title\">Ramos despidos contam segredos ao musgo que sobe devagar.<\/div><div class=\"fg-caption-desc\">outono com um tom melanc\u00f3lico e po\u00e9tico muito subtil<br \/><br \/>\r\nEcovia do Vez - jan 2025<br \/>\r\nISO 250 1\/250s - f\/4.5 - 27.5mm<br \/>\r\nNikon Z 7 - NIKKOR Z 15-50 f\/3.5-6.3<\/div><\/div><\/figcaption><\/figure><div class=\"fg-loader\"><\/div><\/div><div class=\"fg-item fg-type-image fg-idle\"><figure class=\"fg-item-inner\"><a href=\"https:\/\/momentosdenatureza.web.ua.pt\/wp-content\/uploads\/2025\/06\/DSC8300-scaled.jpg\" data-caption-title=\"Onde o sol se perde em sombras verdes.\" data-caption-desc=\"t\u00e3o envolvente e cheia de atmosfera &lt;br \/&gt;&lt;em&gt;dupla exposi\u00e7\u00e3o&lt;\/em&gt;&lt;br \/&gt;&lt;br \/&gt;\nPenoita, Vouzela - dez 2015&lt;br \/&gt;\nISO 160 - 1\/15s - f\/8.0 - 105mm&lt;br \/&gt;\nNikon D600 - SIGMA 106mm f\/2.8&lt;br \/&gt;\nTrip\u00e9\" data-attachment-id=\"6043\" data-type=\"image\" class=\"fg-thumb\"><span class=\"fg-image-wrap\"><img decoding=\"async\" alt=\"Onde o sol se perde em sombras verdes.\" title=\"Onde o sol se perde em sombras verdes.\" width=\"250\" height=\"167\" class=\"skip-lazy fg-image\" data-src-fg=\"https:\/\/momentosdenatureza.web.ua.pt\/wp-content\/uploads\/cache\/2025\/06\/DSC8300-scaled\/121412464.jpg\" src=\"data:image\/svg+xml,%3Csvg%20xmlns%3D%22http%3A%2F%2Fwww.w3.org%2F2000%2Fsvg%22%20width%3D%22250%22%20height%3D%22167%22%20viewBox%3D%220%200%20250%20167%22%3E%3C%2Fsvg%3E\" loading=\"eager\"><\/span><span class=\"fg-image-overlay\"><\/span><\/a><figcaption class=\"fg-caption\"><div class=\"fg-caption-inner\"><div class=\"fg-caption-title\">Onde o sol se perde em sombras verdes.<\/div><div class=\"fg-caption-desc\">t\u00e3o envolvente e cheia de atmosfera <br \/><em>dupla exposi\u00e7\u00e3o<\/em><br \/><br \/>\nPenoita, Vouzela - dez 2015<br \/>\nISO 160 - 1\/15s - f\/8.0 - 105mm<br \/>\nNikon D600 - SIGMA 106mm f\/2.8<br \/>\nTrip\u00e9<\/div><\/div><\/figcaption><\/figure><div class=\"fg-loader\"><\/div><\/div><div class=\"fg-item fg-type-image fg-idle\"><figure class=\"fg-item-inner\"><a href=\"https:\/\/momentosdenatureza.web.ua.pt\/wp-content\/uploads\/2025\/06\/TVZ4021-2-scaled.jpg\" data-caption-title=\"Dupla vis\u00e3o do sossego: a \u00e1rvore e o seu eco de luz.\" data-caption-desc=\"uma harmonia entre o c\u00e9u tranquilo, a \u00e1rvore solit\u00e1ria e os tons suaves da paisagem envolvente&lt;br \/&gt;\r\n&lt;br \/&gt;&lt;em&gt;dupla exposi\u00e7\u00e3o&lt;\/em&gt;&lt;br \/&gt;\r\nRibeira de fr\u00e1guas, Albergaria-a-velha, jun 2025&lt;br \/&gt;\r\nISO 125 - 1\/8s f\/6.3 31mm&lt;br \/&gt;\r\nNikon Z7 - NIKKOR Z 24-70 f\/4&lt;br \/&gt;\r\nTrip\u00e9\" data-attachment-id=\"6058\" data-type=\"image\" class=\"fg-thumb\"><span class=\"fg-image-wrap\"><img decoding=\"async\" alt=\"Dupla vis\u00e3o do sossego: a \u00e1rvore e o seu eco de luz.\" title=\"Dupla vis\u00e3o do sossego: a \u00e1rvore e o seu eco de luz.\" width=\"250\" height=\"375\" class=\"skip-lazy fg-image\" data-src-fg=\"https:\/\/momentosdenatureza.web.ua.pt\/wp-content\/uploads\/cache\/2025\/06\/TVZ4021-2-scaled\/2294525549.jpg\" src=\"data:image\/svg+xml,%3Csvg%20xmlns%3D%22http%3A%2F%2Fwww.w3.org%2F2000%2Fsvg%22%20width%3D%22250%22%20height%3D%22375%22%20viewBox%3D%220%200%20250%20375%22%3E%3C%2Fsvg%3E\" loading=\"eager\"><\/span><span class=\"fg-image-overlay\"><\/span><\/a><figcaption class=\"fg-caption\"><div class=\"fg-caption-inner\"><div class=\"fg-caption-title\">Dupla vis\u00e3o do sossego: a \u00e1rvore e o seu eco de luz.<\/div><div class=\"fg-caption-desc\">uma harmonia entre o c\u00e9u tranquilo, a \u00e1rvore solit\u00e1ria e os tons suaves da paisagem envolvente<br \/>\r\n<br \/><em>dupla exposi\u00e7\u00e3o<\/em><br \/>\r\nRibeira de fr\u00e1guas, Albergaria-a-velha, jun 2025<br \/>\r\nISO 125 - 1\/8s f\/6.3 31mm<br \/>\r\nNikon Z7 - NIKKOR Z 24-70 f\/4<br \/>\r\nTrip\u00e9<\/div><\/div><\/figcaption><\/figure><div class=\"fg-loader\"><\/div><\/div><\/div>\n<hr \/>\n","protected":false},"excerpt":{"rendered":"<p>T\u00edtulo da Exposi\u00e7\u00e3o: \u201cCaminhos Silenciosos: Fragmentos de uma Natureza Interior\u201d Conceito Curatorial: Nesta exposi\u00e7\u00e3o convido o visitante a um percurso \u00edntimo pela paisagem, n\u00e3o apenas [&#8230;]<\/p>\n","protected":false},"author":3,"featured_media":0,"parent":0,"menu_order":0,"comment_status":"closed","ping_status":"closed","template":"","meta":{"footnotes":""},"class_list":["post-6031","page","type-page","status-publish","hentry"],"post_mailing_queue_ids":[],"_links":{"self":[{"href":"https:\/\/momentosdenatureza.web.ua.pt\/index.php\/wp-json\/wp\/v2\/pages\/6031","targetHints":{"allow":["GET"]}}],"collection":[{"href":"https:\/\/momentosdenatureza.web.ua.pt\/index.php\/wp-json\/wp\/v2\/pages"}],"about":[{"href":"https:\/\/momentosdenatureza.web.ua.pt\/index.php\/wp-json\/wp\/v2\/types\/page"}],"author":[{"embeddable":true,"href":"https:\/\/momentosdenatureza.web.ua.pt\/index.php\/wp-json\/wp\/v2\/users\/3"}],"replies":[{"embeddable":true,"href":"https:\/\/momentosdenatureza.web.ua.pt\/index.php\/wp-json\/wp\/v2\/comments?post=6031"}],"version-history":[{"count":10,"href":"https:\/\/momentosdenatureza.web.ua.pt\/index.php\/wp-json\/wp\/v2\/pages\/6031\/revisions"}],"predecessor-version":[{"id":6611,"href":"https:\/\/momentosdenatureza.web.ua.pt\/index.php\/wp-json\/wp\/v2\/pages\/6031\/revisions\/6611"}],"wp:attachment":[{"href":"https:\/\/momentosdenatureza.web.ua.pt\/index.php\/wp-json\/wp\/v2\/media?parent=6031"}],"curies":[{"name":"wp","href":"https:\/\/api.w.org\/{rel}","templated":true}]}}