{"id":6133,"date":"2025-06-29T11:03:58","date_gmt":"2025-06-29T11:03:58","guid":{"rendered":"https:\/\/momentosdenatureza.web.ua.pt\/?page_id=6133"},"modified":"2025-07-16T13:47:22","modified_gmt":"2025-07-16T13:47:22","slug":"helder-bernardo-2025","status":"publish","type":"page","link":"https:\/\/momentosdenatureza.web.ua.pt\/index.php\/helder-bernardo-2025\/","title":{"rendered":"H\u00e9lder Bernardo 2025"},"content":{"rendered":"<p><span style=\"margin: 0px; line-height: 107%; font-size: 12pt; font-family: 'Gill Sans', 'Gill Sans MT', Calibri, 'Trebuchet MS', sans-serif; font-weight: 500; ;text-transform: uppercase;\"><strong>Olhar de Cima<\/strong><\/span><\/p>\n<p><span style=\"margin: 0px; line-height: 107%; font-size: 12pt;\">Caminhamos pelo campus todos os dias.<br \/>\nSempre no mesmo plano, sempre ao r\u00e9s do ch\u00e3o.<br \/>\nVemos sem ver.<br \/>\nCruzamos \u00e1rvores, p\u00e1tios e sil\u00eancios com o olhar domesticado pela rotina.<br \/>\nA paisagem j\u00e1 n\u00e3o nos espanta, encaixa-se no nosso \u00e2ngulo, previs\u00edvel e horizontal.<br \/>\nMas\u2026 e se olh\u00e1ssemos de cima?<br \/>\nSe, por um instante, suspend\u00eassemos a gravidade dos dias?<br \/>\nEstas fotografias foram feitas com um drone, sim, mas mais do que tecnologia, s\u00e3o um convite \u00e0 desorienta\u00e7\u00e3o saud\u00e1vel.<br \/>\nMostram peda\u00e7os de natureza quase invis\u00edvel, lugares perdidos no tempo e no espa\u00e7o,bem aqui, no cora\u00e7\u00e3o do campus da Universidade de Aveiro.<br \/>\nAlguns reconhecer\u00e1s de imediato.<br \/>\nOutros talvez te surpreendam.<br \/>\nTodos pedem o mesmo: que desaprendas a ver<br \/>\ncomo sempre viste.<\/p>\n<p><a href=\"http:\/\/www.helderbernardo.com\" target=\"_blank\" rel=\"noopener\">www.helderbernardo.com<\/a><br \/>\n<\/span><\/p>\n<hr>\n<style type=\"text\/css\">\n#foogallery-gallery-6458 .fg-image { width: 150px; }\n#foogallery-gallery-6458 { --fg-gutter: 10px; }<\/style>\n\t\t\t<div class=\"foogallery foogallery-container foogallery-default foogallery-lightbox-foogallery fg-center fg-default fg-ready fg-light fg-border-thin fg-shadow-outline fg-loading-default fg-loaded-fade-in fg-caption-hover fg-hover-fade fg-hover-zoom\" id=\"foogallery-gallery-6458\" data-foogallery=\"{&quot;item&quot;:{&quot;showCaptionTitle&quot;:true,&quot;showCaptionDescription&quot;:true},&quot;lazy&quot;:true}\" data-foogallery-lightbox=\"{&quot;thumbs&quot;:&quot;bottom&quot;,&quot;thumbsCaptions&quot;:false,&quot;thumbsBestFit&quot;:false,&quot;thumbsSmall&quot;:false,&quot;thumbsCaptionsAlign&quot;:&quot;default&quot;,&quot;info&quot;:&quot;bottom&quot;,&quot;infoVisible&quot;:true,&quot;infoOverlay&quot;:true,&quot;infoAlign&quot;:&quot;default&quot;,&quot;transition&quot;:&quot;fade&quot;,&quot;hoverButtons&quot;:false,&quot;fitMedia&quot;:false,&quot;noScrollbars&quot;:true,&quot;preserveButtonSpace&quot;:true,&quot;buttons&quot;:{&quot;fullscreen&quot;:true,&quot;info&quot;:true,&quot;thumbs&quot;:false},&quot;video&quot;:{&quot;autoPlay&quot;:true}}\" style=\"--fg-title-line-clamp: 0; --fg-description-line-clamp: 0;\" >\n\t<div class=\"fg-item fg-type-image fg-idle\"><figure class=\"fg-item-inner\"><a href=\"https:\/\/momentosdenatureza.web.ua.pt\/wp-content\/uploads\/2025\/07\/DJI_0167-Aprimorado-NR-scaled.jpg\" data-caption-title=\"O SEU A SEU DONO\" data-caption-desc=\"Quando a Natureza vem reivindicar aquilo que j\u00e1 foi seu.\" data-attachment-id=\"6461\" data-type=\"image\" class=\"fg-thumb\"><span class=\"fg-image-wrap\"><img decoding=\"async\" alt=\"O SEU A SEU DONO\" title=\"O SEU A SEU DONO\" width=\"150\" height=\"150\" class=\"skip-lazy fg-image\" data-src-fg=\"https:\/\/momentosdenatureza.web.ua.pt\/wp-content\/uploads\/cache\/2025\/07\/DJI_0167-Aprimorado-NR-scaled\/1252826141.jpg\" src=\"data:image\/svg+xml,%3Csvg%20xmlns%3D%22http%3A%2F%2Fwww.w3.org%2F2000%2Fsvg%22%20width%3D%22150%22%20height%3D%22150%22%20viewBox%3D%220%200%20150%20150%22%3E%3C%2Fsvg%3E\" loading=\"eager\"><\/span><span class=\"fg-image-overlay\"><\/span><\/a><figcaption class=\"fg-caption\"><div class=\"fg-caption-inner\"><div class=\"fg-caption-title\">O SEU A SEU DONO<\/div><div class=\"fg-caption-desc\">Quando a Natureza vem reivindicar aquilo que j\u00e1 foi seu.<\/div><\/div><\/figcaption><\/figure><div class=\"fg-loader\"><\/div><\/div><div class=\"fg-item fg-type-image fg-idle\"><figure class=\"fg-item-inner\"><a href=\"https:\/\/momentosdenatureza.web.ua.pt\/wp-content\/uploads\/2025\/07\/DJI_0170-Aprimorado-NR-scaled.jpg\" data-caption-title=\"PIC-NIC AR\" data-caption-desc=\"Quando o Campus se permite a estas coisas. Quando o prazer de pic-nic ar se v\u00ea pelo ar.\" data-attachment-id=\"6464\" data-type=\"image\" class=\"fg-thumb\"><span class=\"fg-image-wrap\"><img decoding=\"async\" alt=\"PIC-NIC AR\" title=\"PIC-NIC AR\" width=\"150\" height=\"150\" class=\"skip-lazy fg-image\" data-src-fg=\"https:\/\/momentosdenatureza.web.ua.pt\/wp-content\/uploads\/cache\/2025\/07\/DJI_0170-Aprimorado-NR-scaled\/538903505.jpg\" src=\"data:image\/svg+xml,%3Csvg%20xmlns%3D%22http%3A%2F%2Fwww.w3.org%2F2000%2Fsvg%22%20width%3D%22150%22%20height%3D%22150%22%20viewBox%3D%220%200%20150%20150%22%3E%3C%2Fsvg%3E\" loading=\"eager\"><\/span><span class=\"fg-image-overlay\"><\/span><\/a><figcaption class=\"fg-caption\"><div class=\"fg-caption-inner\"><div class=\"fg-caption-title\">PIC-NIC AR<\/div><div class=\"fg-caption-desc\">Quando o Campus se permite a estas coisas. Quando o prazer de pic-nic ar se v\u00ea pelo ar.<\/div><\/div><\/figcaption><\/figure><div class=\"fg-loader\"><\/div><\/div><div class=\"fg-item fg-type-image fg-idle\"><figure class=\"fg-item-inner\"><a href=\"https:\/\/momentosdenatureza.web.ua.pt\/wp-content\/uploads\/2025\/07\/DJI_0211-Aprimorado-NR-scaled.jpg\" data-caption-title=\"SALINA\" data-caption-desc=\"A Biblioteca j\u00e1 tem a sua SALINA inteligente. \nMas antes da IA j\u00e1 muita gente IA \u00e0 SALINA da  UA\" data-attachment-id=\"6467\" data-type=\"image\" class=\"fg-thumb\"><span class=\"fg-image-wrap\"><img decoding=\"async\" alt=\"SALINA\" title=\"SALINA\" width=\"150\" height=\"150\" class=\"skip-lazy fg-image\" data-src-fg=\"https:\/\/momentosdenatureza.web.ua.pt\/wp-content\/uploads\/cache\/2025\/07\/DJI_0211-Aprimorado-NR-scaled\/3135341921.jpg\" src=\"data:image\/svg+xml,%3Csvg%20xmlns%3D%22http%3A%2F%2Fwww.w3.org%2F2000%2Fsvg%22%20width%3D%22150%22%20height%3D%22150%22%20viewBox%3D%220%200%20150%20150%22%3E%3C%2Fsvg%3E\" loading=\"eager\"><\/span><span class=\"fg-image-overlay\"><\/span><\/a><figcaption class=\"fg-caption\"><div class=\"fg-caption-inner\"><div class=\"fg-caption-title\">SALINA<\/div><div class=\"fg-caption-desc\">A Biblioteca j\u00e1 tem a sua SALINA inteligente. \nMas antes da IA j\u00e1 muita gente IA \u00e0 SALINA da  UA<\/div><\/div><\/figcaption><\/figure><div class=\"fg-loader\"><\/div><\/div><div class=\"fg-item fg-type-image fg-idle\"><figure class=\"fg-item-inner\"><a href=\"https:\/\/momentosdenatureza.web.ua.pt\/wp-content\/uploads\/2025\/07\/DJI_0225-scaled.jpg\" data-caption-title=\"PUZZLE P\u2019RA PATOS\" data-caption-desc=\"Um pato, dois patos, tr\u00eas patos... centenas de patos, o dobro das patas!\nConfus\u00e3o emplumada num Tetris de lagos.\" data-attachment-id=\"6470\" data-type=\"image\" class=\"fg-thumb\"><span class=\"fg-image-wrap\"><img decoding=\"async\" alt=\"PUZZLE P\u2019RA PATOS\" title=\"PUZZLE P\u2019RA PATOS\" width=\"150\" height=\"150\" class=\"skip-lazy fg-image\" data-src-fg=\"https:\/\/momentosdenatureza.web.ua.pt\/wp-content\/uploads\/cache\/2025\/07\/DJI_0225-scaled\/2266339076.jpg\" src=\"data:image\/svg+xml,%3Csvg%20xmlns%3D%22http%3A%2F%2Fwww.w3.org%2F2000%2Fsvg%22%20width%3D%22150%22%20height%3D%22150%22%20viewBox%3D%220%200%20150%20150%22%3E%3C%2Fsvg%3E\" loading=\"eager\"><\/span><span class=\"fg-image-overlay\"><\/span><\/a><figcaption class=\"fg-caption\"><div class=\"fg-caption-inner\"><div class=\"fg-caption-title\">PUZZLE P\u2019RA PATOS<\/div><div class=\"fg-caption-desc\">Um pato, dois patos, tr\u00eas patos... centenas de patos, o dobro das patas!\nConfus\u00e3o emplumada num Tetris de lagos.<\/div><\/div><\/figcaption><\/figure><div class=\"fg-loader\"><\/div><\/div><div class=\"fg-item fg-type-image fg-idle\"><figure class=\"fg-item-inner\"><a href=\"https:\/\/momentosdenatureza.web.ua.pt\/wp-content\/uploads\/2025\/07\/DJI_0255-scaled.jpg\" data-caption-title=\"FAZER A PONTE\" data-caption-desc=\"Liga\u00e7\u00e3o estrat\u00e9gica entre campus.Ou como a UA te ensina que at\u00e9 para ir de um lado ao outro \u00e9 preciso planear... e torcer para n\u00e3o chover.\" data-attachment-id=\"6473\" data-type=\"image\" class=\"fg-thumb\"><span class=\"fg-image-wrap\"><img decoding=\"async\" alt=\"FAZER A PONTE\" title=\"FAZER A PONTE\" width=\"150\" height=\"150\" class=\"skip-lazy fg-image\" data-src-fg=\"https:\/\/momentosdenatureza.web.ua.pt\/wp-content\/uploads\/cache\/2025\/07\/DJI_0255-scaled\/865426014.jpg\" src=\"data:image\/svg+xml,%3Csvg%20xmlns%3D%22http%3A%2F%2Fwww.w3.org%2F2000%2Fsvg%22%20width%3D%22150%22%20height%3D%22150%22%20viewBox%3D%220%200%20150%20150%22%3E%3C%2Fsvg%3E\" loading=\"eager\"><\/span><span class=\"fg-image-overlay\"><\/span><\/a><figcaption class=\"fg-caption\"><div class=\"fg-caption-inner\"><div class=\"fg-caption-title\">FAZER A PONTE<\/div><div class=\"fg-caption-desc\">Liga\u00e7\u00e3o estrat\u00e9gica entre campus.Ou como a UA te ensina que at\u00e9 para ir de um lado ao outro \u00e9 preciso planear... e torcer para n\u00e3o chover.<\/div><\/div><\/figcaption><\/figure><div class=\"fg-loader\"><\/div><\/div><\/div>\n\n","protected":false},"excerpt":{"rendered":"<p>Olhar de Cima Caminhamos pelo campus todos os dias. Sempre no mesmo plano, sempre ao r\u00e9s do ch\u00e3o. Vemos sem ver. Cruzamos \u00e1rvores, p\u00e1tios e [&#8230;]<\/p>\n","protected":false},"author":3,"featured_media":0,"parent":0,"menu_order":0,"comment_status":"closed","ping_status":"closed","template":"","meta":{"footnotes":""},"class_list":["post-6133","page","type-page","status-publish","hentry"],"post_mailing_queue_ids":[],"_links":{"self":[{"href":"https:\/\/momentosdenatureza.web.ua.pt\/index.php\/wp-json\/wp\/v2\/pages\/6133","targetHints":{"allow":["GET"]}}],"collection":[{"href":"https:\/\/momentosdenatureza.web.ua.pt\/index.php\/wp-json\/wp\/v2\/pages"}],"about":[{"href":"https:\/\/momentosdenatureza.web.ua.pt\/index.php\/wp-json\/wp\/v2\/types\/page"}],"author":[{"embeddable":true,"href":"https:\/\/momentosdenatureza.web.ua.pt\/index.php\/wp-json\/wp\/v2\/users\/3"}],"replies":[{"embeddable":true,"href":"https:\/\/momentosdenatureza.web.ua.pt\/index.php\/wp-json\/wp\/v2\/comments?post=6133"}],"version-history":[{"count":8,"href":"https:\/\/momentosdenatureza.web.ua.pt\/index.php\/wp-json\/wp\/v2\/pages\/6133\/revisions"}],"predecessor-version":[{"id":6476,"href":"https:\/\/momentosdenatureza.web.ua.pt\/index.php\/wp-json\/wp\/v2\/pages\/6133\/revisions\/6476"}],"wp:attachment":[{"href":"https:\/\/momentosdenatureza.web.ua.pt\/index.php\/wp-json\/wp\/v2\/media?parent=6133"}],"curies":[{"name":"wp","href":"https:\/\/api.w.org\/{rel}","templated":true}]}}