{"id":744,"date":"2018-03-13T15:29:40","date_gmt":"2018-03-13T15:29:40","guid":{"rendered":"http:\/\/momentosdenatureza.web.ua.pt\/?page_id=744"},"modified":"2018-04-06T13:42:47","modified_gmt":"2018-04-06T13:42:47","slug":"joao-quintela","status":"publish","type":"page","link":"https:\/\/momentosdenatureza.web.ua.pt\/index.php\/joao-quintela\/","title":{"rendered":"Jo\u00e3o Quintela"},"content":{"rendered":"<p><span style=\"margin: 0px; line-height: 107%; font-size: 12pt; font-family: 'Gill Sans', 'Gill Sans MT', Calibri, 'Trebuchet MS', sans-serif; font-weight: 500;;text-transform:uppercase\">Nasci em Lisboa em mar\u00e7o de 1969.<br \/>\nDesde muito novo me interessei pela fotografia, com especial incid\u00eancia na Fotografia de Natureza.<br \/>\nFrequentei a escola AR. CO em 1994\/5 onde frequentei o Curso de Fotografia \u2013 apenas terminei a fase de inicia\u00e7\u00e3o.<br \/>\nDesde h\u00e1 bastante tempo que me tenho dedicado em exclusivo \u00e0 fotografia de paisagem, quer na sua vertente \u201ctradicional\u201d, ampla, quer numa vis\u00e3o mais minimalista, intimista.<br \/>\n<a href=\"https:\/\/www.facebook.com\/joaoquintelafotografia\" target=\"_blank\" rel=\"noopener\">www.facebook.com\/joaoquintelafotografia<\/a><br \/>\n<a href=\"https:\/\/joaoquintela.wixsite.com\/fotografia\" target=\"_blank\" rel=\"noopener\">https:\/\/joaoquintela.wixsite.com\/fotografia<\/a><br \/>\n<\/span><br \/>\n<hr\\>\n\r\n    <style>\r\n        #weblizar_720 .wrgf-header-label {\r\n            color: #FFFFFF !important;\r\n        }\r\n\r\n        #weblizar_720 .wrgf-footer-label {\r\n            color: #000000 !important;\r\n            font-size: 16px;\r\n            margin-bottom: 5px;\r\n            margin-top: 5px;\r\n            text-align: center;\r\n            font-weight: normal;\r\n        }\r\n\r\n        #weblizar_720 .b-link-stroke .b-top-line {\r\n            background: rgba(10, 194, 210, 0.5);\r\n        }\r\n\r\n        #weblizar_720 .b-link-stroke .b-bottom-line {\r\n            background: rgba(10, 194, 210, 0.5);\r\n        }\r\n\r\n        #weblizar_720 .b-wrapper {\r\n            font-family: Arial;\r\n        \/ \/ real name pass here\r\n        }\r\n\r\n        #weblizar_720 .wrgf-header-label {\r\n            font-family: Arial !important;\r\n        \/ \/ real name pass here\r\n        }\r\n\r\n        #weblizar_720 .wrgf-footer-label {\r\n            font-family: Arial !important;\r\n        \/ \/ real name pass here\r\n        }\r\n\r\n        @media (min-width: 992px) {\r\n            .col-md-6 {\r\n                width: 48% !important;\r\n                padding-right: 5px;\r\n                padding-left: 5px;\r\n                float: left;\r\n            }\r\n\r\n            .col-md-4 {\r\n                width: 33.30% !important;\r\n                padding-right: 10px;\r\n                padding-left: 10px;\r\n            }\r\n\r\n            .col-md-3 {\r\n                width: 24.90% !important;\r\n                padding-right: 10px;\r\n                padding-left: 10px;\r\n            }\r\n        }\r\n\r\n                @media (max-width: 992px) {\r\n            #weblizar_720 .wrgf-header-label {\r\n                display: none;\r\n            }\r\n        }\r\n\r\n        @media (min-width: 993px) {\r\n            #weblizar_720 .wrgf-footer-label {\r\n                display: none;\r\n            }\r\n        }\r\n\r\n                #weblizar_720 a {\r\n            border-bottom: none;\r\n            overflow: hidden;\r\n            float: left;\r\n            margin-right: 0px;\r\n            padding-left: 0px;\r\n        }        \r\n\r\n            <\/style>\r\n\r\n\t    <div class=\"gal-container\">\r\n\t\t            <!--get the post id-->\r\n\t\t\t\r\n\t\t\t                <!-- gallery title -->\r\n                <div style=\"font-weight: bolder; padding-bottom:10px; border-bottom:2px solid #cccccc; margin-bottom:20px; font-size:24px; font-family: Arial\">\r\n\t\t\t\t\tjq 2017                <\/div>\r\n\t\t\t\r\n            <div class=\"gallery1\" id=\"weblizar_720\">\r\n\t\t\t\t                    <div class=\"col-md-6 col-sm-6 wl-gallery\">\r\n                        <div class=\"b-link-stroke b-animate-go\">\r\n\r\n\t\t\t\t\t\t\t                            <a alt=\"pateira de Requeixo\" class=\"swipebox\" href=\"http:\/\/momentosdenatureza.web.ua.pt\/wp-content\/uploads\/2018\/03\/JQ_170430.jpg\"\r\n                               title=\"pateira de Requeixo\">\r\n                                <img decoding=\"async\" src=\"http:\/\/momentosdenatureza.web.ua.pt\/wp-content\/uploads\/2018\/03\/JQ_170430-500x500.jpg\" class=\"gall-img-responsive\"\r\n                                     alt=\"pateira de Requeixo\">\r\n                                <div class=\"b-wrapper\">\r\n\t\t\t\t\t\t\t\t\t\t\t\t\t\t\t\t\t\t\t                                            <h2 class=\"b-from-left b-animate b-delay03 wrgf-header-label\">pateira de Requeixo <\/h2>\r\n\t\t\t\t\t\t\t\t\t\t\t\t\t\t\t\t\t\t\t                                <\/div>\r\n                            <\/a>\r\n\t\t\t\t\t\t\t                        <\/div>\r\n\t\t\t\t\t\t                            <h4 class=\"wrgf-footer-label\">pateira de Requeixo<\/h4>\r\n\t\t\t\t\t\t                    <\/div>\r\n\t\t\t\t\t                    <div class=\"col-md-6 col-sm-6 wl-gallery\">\r\n                        <div class=\"b-link-stroke b-animate-go\">\r\n\r\n\t\t\t\t\t\t\t                            <a alt=\"salinas#1 \u2013 o infinito\" class=\"swipebox\" href=\"http:\/\/momentosdenatureza.web.ua.pt\/wp-content\/uploads\/2018\/03\/JQ_151113.jpg\"\r\n                               title=\"salinas#1 \u2013 o infinito\">\r\n                                <img decoding=\"async\" src=\"http:\/\/momentosdenatureza.web.ua.pt\/wp-content\/uploads\/2018\/03\/JQ_151113-500x500.jpg\" class=\"gall-img-responsive\"\r\n                                     alt=\"salinas#1 \u2013 o infinito\">\r\n                                <div class=\"b-wrapper\">\r\n\t\t\t\t\t\t\t\t\t\t\t\t\t\t\t\t\t\t\t                                            <h2 class=\"b-from-left b-animate b-delay03 wrgf-header-label\">salinas#1 \u2013 o infinito <\/h2>\r\n\t\t\t\t\t\t\t\t\t\t\t\t\t\t\t\t\t\t\t                                <\/div>\r\n                            <\/a>\r\n\t\t\t\t\t\t\t                        <\/div>\r\n\t\t\t\t\t\t                            <h4 class=\"wrgf-footer-label\">salinas#1 \u2013 o infinito<\/h4>\r\n\t\t\t\t\t\t                    <\/div>\r\n\t\t\t\t\t                    <div class=\"col-md-6 col-sm-6 wl-gallery\">\r\n                        <div class=\"b-link-stroke b-animate-go\">\r\n\r\n\t\t\t\t\t\t\t                            <a alt=\"salinas#2 \u2013 o tempo\" class=\"swipebox\" href=\"http:\/\/momentosdenatureza.web.ua.pt\/wp-content\/uploads\/2018\/03\/JQ_160330.jpg\"\r\n                               title=\"salinas#2 \u2013 o tempo\">\r\n                                <img decoding=\"async\" src=\"http:\/\/momentosdenatureza.web.ua.pt\/wp-content\/uploads\/2018\/03\/JQ_160330-500x500.jpg\" class=\"gall-img-responsive\"\r\n                                     alt=\"salinas#2 \u2013 o tempo\">\r\n                                <div class=\"b-wrapper\">\r\n\t\t\t\t\t\t\t\t\t\t\t\t\t\t\t\t\t\t\t                                            <h2 class=\"b-from-left b-animate b-delay03 wrgf-header-label\">salinas#2 \u2013 o tempo <\/h2>\r\n\t\t\t\t\t\t\t\t\t\t\t\t\t\t\t\t\t\t\t                                <\/div>\r\n                            <\/a>\r\n\t\t\t\t\t\t\t                        <\/div>\r\n\t\t\t\t\t\t                            <h4 class=\"wrgf-footer-label\">salinas#2 \u2013 o tempo<\/h4>\r\n\t\t\t\t\t\t                    <\/div>\r\n\t\t\t\t\t                    <div class=\"col-md-6 col-sm-6 wl-gallery\">\r\n                        <div class=\"b-link-stroke b-animate-go\">\r\n\r\n\t\t\t\t\t\t\t                            <a alt=\"ribeira da palha\" class=\"swipebox\" href=\"http:\/\/momentosdenatureza.web.ua.pt\/wp-content\/uploads\/2018\/03\/JQ_161207.jpg\"\r\n                               title=\"ribeira da palha\">\r\n                                <img decoding=\"async\" src=\"http:\/\/momentosdenatureza.web.ua.pt\/wp-content\/uploads\/2018\/03\/JQ_161207-500x500.jpg\" class=\"gall-img-responsive\"\r\n                                     alt=\"ribeira da palha\">\r\n                                <div class=\"b-wrapper\">\r\n\t\t\t\t\t\t\t\t\t\t\t\t\t\t\t\t\t\t\t                                            <h2 class=\"b-from-left b-animate b-delay03 wrgf-header-label\">ribeira da palha <\/h2>\r\n\t\t\t\t\t\t\t\t\t\t\t\t\t\t\t\t\t\t\t                                <\/div>\r\n                            <\/a>\r\n\t\t\t\t\t\t\t                        <\/div>\r\n\t\t\t\t\t\t                            <h4 class=\"wrgf-footer-label\">ribeira da palha<\/h4>\r\n\t\t\t\t\t\t                    <\/div>\r\n\t\t\t\t\t                    <div class=\"col-md-6 col-sm-6 wl-gallery\">\r\n                        <div class=\"b-link-stroke b-animate-go\">\r\n\r\n\t\t\t\t\t\t\t                            <a alt=\"ondula\u00e7\u00e3o ao crep\u00fasculo\" class=\"swipebox\" href=\"http:\/\/momentosdenatureza.web.ua.pt\/wp-content\/uploads\/2018\/03\/JQ_161227.jpg\"\r\n                               title=\"ondula\u00e7\u00e3o ao crep\u00fasculo\">\r\n                                <img decoding=\"async\" src=\"http:\/\/momentosdenatureza.web.ua.pt\/wp-content\/uploads\/2018\/03\/JQ_161227-500x500.jpg\" class=\"gall-img-responsive\"\r\n                                     alt=\"ondula\u00e7\u00e3o ao crep\u00fasculo\">\r\n                                <div class=\"b-wrapper\">\r\n\t\t\t\t\t\t\t\t\t\t\t\t\t\t\t\t\t\t\t                                            <h2 class=\"b-from-left b-animate b-delay03 wrgf-header-label\">ondula\u00e7\u00e3o ao crep\u00fasculo <\/h2>\r\n\t\t\t\t\t\t\t\t\t\t\t\t\t\t\t\t\t\t\t                                <\/div>\r\n                            <\/a>\r\n\t\t\t\t\t\t\t                        <\/div>\r\n\t\t\t\t\t\t                            <h4 class=\"wrgf-footer-label\">ondula\u00e7\u00e3o ao crep\u00fasculo<\/h4>\r\n\t\t\t\t\t\t                    <\/div>\r\n\t\t\t\t\t                    <div class=\"col-md-6 col-sm-6 wl-gallery\">\r\n                        <div class=\"b-link-stroke b-animate-go\">\r\n\r\n\t\t\t\t\t\t\t                            <a alt=\"calhaus rolados ao entardecer\" class=\"swipebox\" href=\"http:\/\/momentosdenatureza.web.ua.pt\/wp-content\/uploads\/2018\/03\/JQ_161229.jpg\"\r\n                               title=\"calhaus rolados ao entardecer\">\r\n                                <img decoding=\"async\" src=\"http:\/\/momentosdenatureza.web.ua.pt\/wp-content\/uploads\/2018\/03\/JQ_161229-500x500.jpg\" class=\"gall-img-responsive\"\r\n                                     alt=\"calhaus rolados ao entardecer\">\r\n                                <div class=\"b-wrapper\">\r\n\t\t\t\t\t\t\t\t\t\t\t\t\t\t\t\t\t\t\t                                            <h2 class=\"b-from-left b-animate b-delay03 wrgf-header-label\">calhaus rolados ao entardecer <\/h2>\r\n\t\t\t\t\t\t\t\t\t\t\t\t\t\t\t\t\t\t\t                                <\/div>\r\n                            <\/a>\r\n\t\t\t\t\t\t\t                        <\/div>\r\n\t\t\t\t\t\t                            <h4 class=\"wrgf-footer-label\">calhaus rolados ao entardecer<\/h4>\r\n\t\t\t\t\t\t                    <\/div>\r\n\t\t\t\t\t                    <div class=\"col-md-6 col-sm-6 wl-gallery\">\r\n                        <div class=\"b-link-stroke b-animate-go\">\r\n\r\n\t\t\t\t\t\t\t                            <a alt=\"praia da vagueira\" class=\"swipebox\" href=\"http:\/\/momentosdenatureza.web.ua.pt\/wp-content\/uploads\/2018\/03\/JQ_170505.jpg\"\r\n                               title=\"praia da vagueira\">\r\n                                <img decoding=\"async\" src=\"http:\/\/momentosdenatureza.web.ua.pt\/wp-content\/uploads\/2018\/03\/JQ_170505-500x500.jpg\" class=\"gall-img-responsive\"\r\n                                     alt=\"praia da vagueira\">\r\n                                <div class=\"b-wrapper\">\r\n\t\t\t\t\t\t\t\t\t\t\t\t\t\t\t\t\t\t\t                                            <h2 class=\"b-from-left b-animate b-delay03 wrgf-header-label\">praia da vagueira <\/h2>\r\n\t\t\t\t\t\t\t\t\t\t\t\t\t\t\t\t\t\t\t                                <\/div>\r\n                            <\/a>\r\n\t\t\t\t\t\t\t                        <\/div>\r\n\t\t\t\t\t\t                            <h4 class=\"wrgf-footer-label\">praia da vagueira<\/h4>\r\n\t\t\t\t\t\t                    <\/div>\r\n\t\t\t\t\t            <\/div>\r\n\t\t    <\/div>\r\n\r\n    <!-- swipe box-->\r\n    <script type=\"text\/javascript\">\r\n      (function (jQuery) {\r\n\t\t\tjQuery(window).imagesLoaded(function () {\r\n\t\t\tjQuery( window ).load(function() {\r\n   \t\t\tjQuery('.gallery1').masonry({\r\n                itemSelector: '.wl-gallery',\r\n                isAnimated: true,\r\n                isFitWidth: true\r\n            });\r\n\t\t}); });\r\n\t\t\t\/\/ jQuery('.gallery1').imagesLoaded(function () {\r\n   \/\/          jQuery('.gallery1').masonry({\r\n   \/\/              itemSelector: '.wl-gallery',\r\n   \/\/              isAnimated: true,\r\n   \/\/              isFitWidth: true\r\n   \/\/          });\r\n   \/\/      });\r\n        \tjQuery('.swipebox').imagesLoaded(function () {\r\n            jQuery('.swipebox').swipebox({\r\n                hideBarsDelay: 0,\r\n                hideCloseButtonOnMobile: false,\r\n            });\r\n             });\r\n\/\/         \t     jQuery('.gallery1').imagesLoaded(function () {\r\n\/\/             jQuery('.gallery1').masonry({\r\n\/\/                 itemSelector: '.wl-gallery',\r\n\/\/                 isAnimated: true,\r\n\/\/                 isFitWidth: true\r\n\/\/             });\r\n\/\/         });\r\n        })(jQuery);\r\n\r\n        \/\/ jQuery('.gallery1').imagesLoaded(function () {\r\n        \/\/     jQuery('.gallery1').masonry({\r\n        \/\/         itemSelector: '.wl-gallery',\r\n        \/\/         isAnimated: true,\r\n        \/\/         isFitWidth: true\r\n        \/\/     });\r\n        \/\/ });\r\n    <\/script> \r\n   <!--  <script type=\"text\/javascript\">\r\n        ;(function (jQuery) {\r\n            jQuery('.swipebox').swipebox({\r\n                hideBarsDelay: 0,\r\n                hideCloseButtonOnMobile: false,\r\n            });\r\n        })(jQuery);\r\n\r\n        jQuery('.gallery1').imagesLoaded(function () {\r\n            jQuery('.gallery1').masonry({\r\n                itemSelector: '.wl-gallery',\r\n                isAnimated: true,\r\n                isFitWidth: true\r\n            });\r\n        });\r\n    <\/script> -->\r\n\r\n\t\n","protected":false},"excerpt":{"rendered":"<p>Nasci em Lisboa em mar\u00e7o de 1969. Desde muito novo me interessei pela fotografia, com especial incid\u00eancia na Fotografia de Natureza. Frequentei a escola AR. [&#8230;]<\/p>\n","protected":false},"author":3,"featured_media":0,"parent":0,"menu_order":0,"comment_status":"closed","ping_status":"closed","template":"","meta":{"footnotes":""},"class_list":["post-744","page","type-page","status-publish","hentry"],"post_mailing_queue_ids":[],"_links":{"self":[{"href":"https:\/\/momentosdenatureza.web.ua.pt\/index.php\/wp-json\/wp\/v2\/pages\/744","targetHints":{"allow":["GET"]}}],"collection":[{"href":"https:\/\/momentosdenatureza.web.ua.pt\/index.php\/wp-json\/wp\/v2\/pages"}],"about":[{"href":"https:\/\/momentosdenatureza.web.ua.pt\/index.php\/wp-json\/wp\/v2\/types\/page"}],"author":[{"embeddable":true,"href":"https:\/\/momentosdenatureza.web.ua.pt\/index.php\/wp-json\/wp\/v2\/users\/3"}],"replies":[{"embeddable":true,"href":"https:\/\/momentosdenatureza.web.ua.pt\/index.php\/wp-json\/wp\/v2\/comments?post=744"}],"version-history":[{"count":8,"href":"https:\/\/momentosdenatureza.web.ua.pt\/index.php\/wp-json\/wp\/v2\/pages\/744\/revisions"}],"predecessor-version":[{"id":917,"href":"https:\/\/momentosdenatureza.web.ua.pt\/index.php\/wp-json\/wp\/v2\/pages\/744\/revisions\/917"}],"wp:attachment":[{"href":"https:\/\/momentosdenatureza.web.ua.pt\/index.php\/wp-json\/wp\/v2\/media?parent=744"}],"curies":[{"name":"wp","href":"https:\/\/api.w.org\/{rel}","templated":true}]}}